{"id":997,"date":"2024-03-20T21:03:13","date_gmt":"2024-03-20T20:03:13","guid":{"rendered":"https:\/\/renebote.de\/?page_id=997"},"modified":"2024-03-20T21:03:13","modified_gmt":"2024-03-20T20:03:13","slug":"11-laufen-trotzdem-auf-artikel-im-stadtanzeiger","status":"publish","type":"page","link":"https:\/\/renebote.de\/?page_id=997","title":{"rendered":"11 laufen trotzdem auf &#8211; Artikel im Stadtanzeiger"},"content":{"rendered":"\n<table style=\"width:100%;\">\n    <tr>\n        <td colspan=\"2\">\n            <div style=\"width=100%;background-color:#FF8000;text-align:center;color:white;\">\n                <font size=\"12\">Stadtanzeiger<\/font>\n            <\/div>\n        <\/td>\n    <\/tr>\n\n    <tr>\n        <td colspan=\"2\" style=\"text-align:center;\">\n            <div style=\"height:3px;width=100%;background-color:#FF8000;margin-top:3px;margin-bottom:3px;\">\n            <\/div>\n            <font style=\"color:#FF8000;\">Lokalsport<\/font>\n            <div style=\"height:3px;width=100%;background-color:#FF8000;margin-top:3px;margin-bottom:8px;\">\n            <\/div>\n\n            <h2>\n                B-Juniorinnen: Ballfreunde 2:1 gegen FC\n            <\/h2>\n\n            <h3>\n                Ballfreundinnen gewinnen Finale ohne Trainer\n            <\/h3>\n            <br\/>\n\n            <div style=\"text-align:justify;\">\n                <b>In Abwesenheit ihrer erkrankten Trainerin Elena K\u00f6hler und ohne sechs Stammspielerinnen setzten sich die B-Juniorinnen der Ballfreunde im Finale der Stadtmeisterschaft mit 2:1\n                gegen den FC durch. Kapit\u00e4nin Sophie Abel trommelte heimlich die Mannschaft zusammen und f\u00fchrte die stark ersatzgeschw\u00e4chte Elf zum Stadtmeistertitel.<\/b>\n            <\/div>\n        <\/td>\n    <\/tr>\n\n    <tr>\n        <td style=\"width:30%;text-align:justify;vertical-align:top;\">\n            <img decoding=\"async\" src=\"https:\/\/renebote.de\/wp-content\/uploads\/2024\/03\/11-laufen-trotzdem-auf-Bild-zum-Zeitungsartikel.webp\" oncontextmenu=\"return false;\" width=\"100%\"\/> Der Eindruck t\u00e4uscht: Auch wenn FC-St\u00fcrmerin Nelia Costa (r.) hier das Kopfballduell gewinnt &#8211; am Ende setzten sich die Ballfreundinnen um Martha Szubiak (l.) mit 2:1\n            durch.<br\/>\n            <br\/>\n            <u>Das Spiel in K\u00fcrze:<\/u><br\/>\n            Ballfreunde: Elin Weisel &#8211; Josefa Lechner, Sophie Abel, Martha Szubiak, Anna Falk &#8211; Paulina Pohl, Joana Brinkm\u00f6ller, Jaqueline H\u00f6fer, Katharina W\u00fcnsche &#8211; Verena B\u00fcrk, Jennifer\n            Buzanski<br\/>\n            FC: Alice Brinkmann &#8211; Lena Sch\u00f6pf, Ruth Schneider, Patricia L\u00f6chter (72. Felicitas Fr\u00f6hlich), Ayse Cakir &#8211; Mareike Gruber, Lotta Schwelik (41. Nora Kobura), Nadine Simpelmann, Franziska\n            Eidam &#8211; Finja Schr\u00f6er (50. Mia Bode), Nelia Costa<br\/>\n            <br\/>\n            Schiedsrichter: Mirko Maravalenta<br\/>\n            <br\/>\n            Tore: 0:1 (1.) Finja Schr\u00f6er, 1:1 (72.) Jennifer Buzanski, 2:1 (78.) Verena B\u00fcrk\n        <\/td>\n        <td style=\"text-align:justify;padding-left:15px;\">\n            Trainerin Elena K\u00f6hler wollte das Finale schon absagen, nachdem f\u00fcnf Stammspielerinnen krank von ihrer Klassenfahrt zur\u00fcckgekommen waren. \u201eDie eine oder andere Verletzte noch\n            dazugerechnet, w\u00e4ren wir nur noch auf neun einsatzf\u00e4hige Spielerinnen gekommen\u201c, sagte sie gegen\u00fcber dem Stadtanzeiger. \u201eAu\u00dferdem h\u00e4tte ich so kurzfristig auch niemanden mehr gefunden,\n            der die M\u00e4dchen betreut.\u201c<br\/>\n            Spielf\u00fchrerin Sophie Abel (14) war eine der wenigen Gesunden und wollte trotz der vielen Ausf\u00e4lle unbedingt antreten. \u201eWir haben so darum gek\u00e4mpft, dass wir ins Finale kommen\u201c, erkl\u00e4rte\n            sie. Es ging nicht ohne einige L\u00fcgen, gibt sie zu, immer wieder musste sie so tun, als w\u00fcrde sie im Auftrag ihrer Trainerin handeln, wenn sie die Trikots aus dem Vereinsheim holte und den\n            Spielbericht ausf\u00fcllte. Auch die Eltern zweier Spielerinnen aus der E- und F-Jugend, die sie mitnahm, um nicht in Unterzahl antreten zu m\u00fcssen, ahnten nicht, dass die M\u00e4dchen auf eigene\n            Faust zum Finale fuhren.<br\/>\n            Unter diesen Umst\u00e4nden gegen den FC, gegen den sie in der Liga beide Spiele verloren, klarer Au\u00dfenseiter, lagen die Ballfreundinnen, bei denen Mittelfeldspielerin Elin Weisel f\u00fcr die an\n            der Hand verletzte und deshalb nur im Feld einsatzf\u00e4hige Torh\u00fcterin Martha Szubiak zwischen die Pfosten r\u00fcckte, fast schon folgerichtig bereits nach weniger als einer Minute hinten. Nach\n            einer Flanke von Franziska Eidam sprang Finja Schr\u00f6er h\u00f6her als Martha Szubiak und k\u00f6pfte zum 1:0 ein.<br\/>\n            Anschlie\u00dfend vers\u00e4umten es die FC-M\u00e4dchen jedoch, ihre \u00dcberlegenheit in weitere Tore umzum\u00fcnzen, und die Ballfreundinnen erinnerten immer wieder mit kleinen Spitzen daran, dass sie noch\n            l\u00e4ngst nicht geschlagen waren.<br\/>\n            Acht Minuten vor dem Ende wusste FC-Verteidigerin Ruth Schneider sich nach einem lange Pass von Sophie Abel gegen die erst achtj\u00e4hrige Verena B\u00fcrk nur mit einem Trikotzupfer zu helfen,\n            und nachdem Sophie Abels Freisto\u00df zun\u00e4chst noch von Patricia L\u00f6chter leicht abgef\u00e4lscht worden war, dr\u00fcckte Jennifer Buzanski den Ball mit dem Kopf \u00fcber die Linie.<br\/>\n            Den im Vorfeld nicht f\u00fcr m\u00f6glich gehaltenen Siegtreffer zwei Minuten vor dem Ende der Partie leitete Lena Sch\u00f6pf mit einem Katastrophen-R\u00fcckpass ein, der ihre Torh\u00fcterin Alice Brinkmann\n            zwang, den Einwurf f\u00fcr die Ballfreundinnen herzugeben. Nach der Hereingabe von Paulina Pohl konnten Ruth Schneider und Alice Brinkmann trotz deutlicher k\u00f6rperlicher \u00dcberlegenheit nicht\n            verhindern, dass Verena B\u00fcrk im Fallen den Ball mit sich \u00fcber die Torlinie nahm.<br\/>\n            \u201eEs war ein Sieg des Willens\u201c, konstatierte FC-Trainer Frank Bauer nach der Finalniederlage. \u201eMeine M\u00e4dchen habe ihre Gegnerinnen untersch\u00e4tzt, und vor dem, was die Ballfreunde heute\n            geleistet haben, kann man nur den Hut ziehen.\u201c<br\/>\n            Konsequenzen f\u00fcr ihr eigenm\u00e4chtiges Handeln hat Sophie Abel \u00fcbrigens nicht zu bef\u00fcrchten. \u201eEigentlich m\u00fcsste ich ihr den Kopf abrei\u00dfen\u201c, sagt ihre Trainerin lachend. \u201eAber wer so\n            Stadtmeister wird, der hat alles richtig gemacht.\u201c Dem schlie\u00dfen wir uns voll und ganz an. Chapeau!<br\/>\n        <\/td>\n    <\/tr>\n<\/table>\n<div style=\"position:center;background-color:#D8D8D8;margin-top:20px;text-align:justify;padding:8px;line-height:1.0em; font-size: 0.8em;\">\n    Auch wenn es sich bei einem Roman eigentlich von selbst versteht, muss ich darauf hinweisen, dass der Zeitungsartikel nat\u00fcrlich fiktiv ist. Die beiden M\u00e4dchen auf dem Foto sind\n    <b>Models<\/b>, hei\u00dfen in Wahrheit ganz anders und <b>stehen in keinerlei Beziehung zum Titel und Inhalt des Romans<\/b> <i>11 laufen trotzdem auf<\/i> und dem zugeh\u00f6rigen fiktiven Zeitungsartikel.\n    Das Copyright f\u00fcr das Foto liegt bei <a href=\"http:\/\/iStock.com\/IPGGutenbergUKLtd\" target=\"blank\" rel=\"noopener\">iStock.com\/IPGGutenbergUKLtd<\/a>.\n<\/div>\n","protected":false},"excerpt":{"rendered":"<p>Stadtanzeiger Lokalsport B-Juniorinnen: Ballfreunde 2:1 gegen FC Ballfreundinnen gewinnen Finale ohne Trainer In Abwesenheit ihrer erkrankten Trainerin Elena K\u00f6hler und ohne sechs Stammspielerinnen setzten sich die B-Juniorinnen der Ballfreunde im Finale der Stadtmeisterschaft mit 2:1 gegen den FC durch. Kapit\u00e4nin Sophie Abel trommelte heimlich die Mannschaft zusammen und f\u00fchrte die stark ersatzgeschw\u00e4chte Elf zum Stadtmeistertitel. [&hellip;]<\/p>\n","protected":false},"author":1,"featured_media":0,"parent":0,"menu_order":0,"comment_status":"closed","ping_status":"closed","template":"","meta":{"footnotes":""},"class_list":["post-997","page","type-page","status-publish","hentry"],"_links":{"self":[{"href":"https:\/\/renebote.de\/index.php?rest_route=\/wp\/v2\/pages\/997","targetHints":{"allow":["GET"]}}],"collection":[{"href":"https:\/\/renebote.de\/index.php?rest_route=\/wp\/v2\/pages"}],"about":[{"href":"https:\/\/renebote.de\/index.php?rest_route=\/wp\/v2\/types\/page"}],"author":[{"embeddable":true,"href":"https:\/\/renebote.de\/index.php?rest_route=\/wp\/v2\/users\/1"}],"replies":[{"embeddable":true,"href":"https:\/\/renebote.de\/index.php?rest_route=%2Fwp%2Fv2%2Fcomments&post=997"}],"version-history":[{"count":1,"href":"https:\/\/renebote.de\/index.php?rest_route=\/wp\/v2\/pages\/997\/revisions"}],"predecessor-version":[{"id":998,"href":"https:\/\/renebote.de\/index.php?rest_route=\/wp\/v2\/pages\/997\/revisions\/998"}],"wp:attachment":[{"href":"https:\/\/renebote.de\/index.php?rest_route=%2Fwp%2Fv2%2Fmedia&parent=997"}],"curies":[{"name":"wp","href":"https:\/\/api.w.org\/{rel}","templated":true}]}}