{"id":951,"date":"2024-03-15T17:14:52","date_gmt":"2024-03-15T16:14:52","guid":{"rendered":"https:\/\/renebote.de\/?page_id=951"},"modified":"2024-03-15T17:14:52","modified_gmt":"2024-03-15T16:14:52","slug":"nachtwache-sag-nichts","status":"publish","type":"page","link":"https:\/\/renebote.de\/?page_id=951","title":{"rendered":"Nachtwache: Sag nichts!"},"content":{"rendered":"\n<dialog id=\"imgFull\" class=\"coverFullsizeDialog\" style=\"display: none;\" onclick=\"hideFullsizeCoverDialog();\" >\n\t<img decoding=\"async\" id=\"coverFullsize\" src=\"\" alt=\"Cover des Buchs Nachtwache: Sag nichts!\" \/>\n<\/dialog>\n\n\n\n<div class=\"wp-block-columns is-layout-flex wp-container-core-columns-is-layout-28f84493 wp-block-columns-is-layout-flex\">\n<div class=\"wp-block-column is-layout-flow wp-block-column-is-layout-flow\" style=\"flex-basis:40%\">\n<img decoding=\"async\" id=\"coverPreview\" class=\"coverPreviewBook\" src=\"https:\/\/renebote.de\/wp-content\/uploads\/2024\/02\/Cover-Nachtwache-Sag-nichts.webp\" onclick=\"showFullsizeCoverDialog();\" alt=\"Cover des Buchs Nachtwache: Sag nichts!\" \/>\n<div class=\"bookPageGeneralInfoContainer\">\n    <div class=\"bookPageEditionsContainer\">\n\t\t\t\t<img decoding=\"async\" src=\"https:\/\/renebote.de\/wp-content\/uploads\/2024\/02\/Ebook.webp\" style=\"width: 100%;\" title=\"Erh\u00e4ltlich als E-Book\" \/>\n    <\/div>\n    <div class=\"bookPageInfoRowsContainer\">\n\t\t<div class=\"bookPageInfoRow\">\n            <img decoding=\"async\" src=\"https:\/\/renebote.de\/wp-content\/uploads\/2024\/02\/Erscheinungstermin.webp\" class=\"bookPageInfoIcon\" title=\"Erscheinungsdatum\" \/>5. Mai 2023\n        <\/div>\n\t\t<div class=\"bookPageInfoRow\">\n            <img decoding=\"async\" src=\"https:\/\/renebote.de\/wp-content\/uploads\/2024\/02\/Seiten.webp\" class=\"bookPageInfoIcon\" title=\"Seiten\" \/>35\n        <\/div>\n\t\t<div class=\"bookPageInfoRow\">\n            <img decoding=\"async\" src=\"https:\/\/renebote.de\/wp-content\/uploads\/2024\/02\/ISBN.webp\" class=\"bookPageInfoIcon\" title=\"ISBN\" \/>978-3756828333\n        <\/div>\n\t\t<div class=\"bookPageInfoRow\">\n            <img decoding=\"async\" src=\"https:\/\/renebote.de\/wp-content\/uploads\/2024\/02\/Verlag.webp\" class=\"bookPageInfoIcon\" title=\"Ver\u00f6ffentlicht bei\" \/>Books on Demand\n        <\/div>\n    <\/div>\n<\/div>\n<div class=\"justifyText marginTop\">\n\t<p>Im gro\u00dfen Pfad&shy;finder-Sommer&shy;lager benehmen sich einige von Piets Kamera&shy;den \u00e4u\u00dferst merk&shy;w\u00fcrdig. Beson&shy;ders Connor, der immer und \u00fcberall der An&shy;f\u00fchrer sein will, hat es auf Piet abge&shy;sehen, und Piet hat keine Ahnung, warum. Es muss mit der Nacht&shy;wache mit Alva zu&shy;sammen&shy;h\u00e4ngen, das ist das Einzige, was er sich zu&shy;sammen&shy;reimen kann. Irgend&shy;was kommt da noch auf ihn zu, das sp\u00fcrt er, aber solange er nicht wei\u00df\u009f, wie alles zu&shy;sammen&shy;h\u00e4ngt, kann er sich auch nicht wappnen. Die Lage ist ver&shy;trackt, und Piet kann nur abwar&shy;ten &#8230;<\/p>\n\n<\/div>\n<div class=\"fullWidthRow marginTop\">\n\t<b>E-Book \u20ac0,99<\/b>\n<\/div>\n<div class=\"fullWidthRow noBlockStartMargin\">\n\t<div style=\"width: 30%\";>\n\t\t<a href=\"https:\/\/books.apple.com\/de\/book\/nachtwache-sag-nichts\/id6448542903\">\n\t\t\t<img decoding=\"async\" src=\"https:\/\/renebote.de\/wp-content\/uploads\/2024\/02\/Shop-Icon-iBooks.webp\" style=\"width: 100%; cursor: pointer;\" title=\"Link zum iBooks-Shop (Apple)\"\/>\n\t\t<\/a>\n\t<\/div>\t<div style=\"width: 30%\";>\n\t\t<a href=\"https:\/\/www.ebook.de\/de\/product\/45931280\/rene_bote_nachtwache_sag_nichts.html\">\n\t\t\t<img decoding=\"async\" src=\"https:\/\/renebote.de\/wp-content\/uploads\/2024\/02\/Shop-Icon-Ebook_de.webp\" style=\"width: 100%; cursor: pointer;\" title=\"Link zum Shop von ebook.de\"\/>\n\t\t<\/a>\n\t<\/div>\t<div style=\"width: 30%\";>\n\t\t<a href=\"https:\/\/www.bod.de\/buchshop\/nachtwache-sag-nichts-rene-bote-9783756828333\">\n\t\t\t<img decoding=\"async\" src=\"https:\/\/renebote.de\/wp-content\/uploads\/2024\/02\/Shop-Icon-BoD.webp\" style=\"width: 100%; cursor: pointer;\" title=\"Link zum Shop von BoD\"\/>\n\t\t<\/a>\n\t<\/div>\n<\/div>\n\n<div class=\"justifyText\"><p><b>Autorenplauderei: Pfad&shy;finder<\/b><\/p><p>Es gibt in Deutsch&shy;land ver&shy;schie&shy;dene Pfad&shy;finder&shy;ver&shy;b\u00e4nde, die sich in ihrer Organi&shy;sation und Aus&shy;rich&shy;tung leicht unter&shy;schei&shy;den. Ich habe mich in der Ge&shy;schichte am gr\u00f6\u00dften deut&shy;schen Verband, der Deut&shy;schen Pfad&shy;finder&shy;schaft St. Georg (DPSG) orien&shy;tiert. Sie k\u00f6nnte aber genauso gut in einem Lager jedes anderen Ver&shy;bands spielen.<\/p>\n<\/div>\n<\/div>\n\n\n\n<div class=\"wp-block-column is-layout-flow wp-block-column-is-layout-flow\" style=\"flex-basis:66.66%\">\n<div class=\"justifyText\">\n<p style=\"margin-top: -5px;\">Unter den fast siebzig Pfadfindern und Pfadfinderinnen, die vor dem Tor eines einfachen Zeltplatzes aus dem Doppeldecker-Bus quollen, durfte Piet sich zu den erfahrensten z\u00e4hlen. Er hatte sein erstes Sommerlager mit sieben mitgemacht, eigentlich w\u00e4re er damit noch zu jung gewesen, aber seine Cousine Leni, damals sechzehn, hatte versprochen, auf ihn aufzupassen. Inzwischen war Piet selbst f\u00fcnfzehn, und es war sein f\u00fcnftes gro\u00dfes Sommerlager. Die fanden wegen des gro\u00dfen Aufwands f\u00fcr die, die alles organisierten, nur alle zwei Jahre statt, dazwischen gab es aber auch noch kleinere Fahrten. Wenn ihn jemand gefragt h\u00e4tte, wie oft er schon mit den Pfadfindern auf Tour gewesen war, dann h\u00e4tte er erst einmal nachz\u00e4hlen m\u00fcssen.<\/p>\n<p>In diesem Jahr hatten die Leiter \u2013 darunter Leni, die aber gerade mitten im Umzug steckte und deshalb nicht mitgefahren war \u2013 einen Platz im M\u00fcnsterland ausgesucht. Ausgestattet war er nur mit dem N\u00f6tigsten, auch das geh\u00f6rte beim Sommerlager dazu. Es gab einen Holzbau mit Toiletten, Waschgelegenheiten und Duschen, um alles andere mussten die Pfadfinder sich selbst k\u00fcmmern.<\/p>\n<p>Ein Teil der Leiterinnen und Leiter war mit PKW und einem Kleinbus vorausgefahren, die meisten von ihnen schon am Vortag. Sie hatten Zelte und Ausr\u00fcstung mitgebracht und ein paar Dinge vorbereitet, damit es nach der Ankunft der anderen kein Chaos gab. Die Zelte lagen, allerdings noch verpackt, dort, wo sie aufgebaut werden sollten, und neben jedem Zeltsack ausreichend Heringe, Erdn\u00e4gel und ein Gummihammer.<\/p>\n<p>Die Leiterinnen und Leiter sorgten daf\u00fcr, dass ihre Sch\u00fctzlinge sich in der Mitte des Platzes sammelten. Sie bildeten einen gro\u00dfen Kreis, und Till, 1. Vorsitzender des Stammes, hielt eine kurze Begr\u00fc\u00dfungsrede. Haupts\u00e4chlich ging es darum, dass jeder und jede wusste, wie es weiterging; f\u00fcr die alten Hasen wie Piet war das ein alter Hut, aber auch sie mussten nat\u00fcrlich wissen, welches Zelt wem zugedacht war. Alle Zelte waren Sechserzelte, getrennt nat\u00fcrlich nach Jungen und M\u00e4dchen und zus\u00e4tzlich nach Altersstufen. Piet geh\u00f6rte zu den \u201ePfadis\u201c, das waren die Vierzehn- bis Sechzehnj\u00e4hrigen, darunter gab es noch die W\u00f6lflinge und Jungpfadfinder, kurz \u201eJuffis\u201c dar\u00fcber die Rover als \u00c4lteste.<\/p>\n<p>F\u00fcr die Pfadis waren drei Zelte vorgesehen, zwei f\u00fcr die Jungen und eins f\u00fcr die M\u00e4dchen, die in dieser Altersstufe in der Unterzahl waren. \u00dcber Platzmangel konnten die Jugendlichen sich nicht beklagen, die M\u00e4dchen waren zu f\u00fcnft, die Jungen zu neunt. Eigentlich h\u00e4tten es zehn sein sollen, aber ausgerechnet Matti, Piets bester Freund, hatte sich zwei Tage zuvor das Bein gebrochen und deshalb nicht mitfahren k\u00f6nnen. Die Verteilung auf die beiden Zelte ergab sich von allein: Connor, der f\u00fcr sich in Anspruch nahm, immer vorwegzugehen, sammelte seinen Getreuen um sich, dem Rest blieb das zweite Zelt. Piet war das gar nicht so unrecht, denn er kam mit Connor allenfalls leidlich aus, und mehr Platz bekam er so noch gratis dazu. Connors Kreis bestand, ihn selbst eingerechnet, aus f\u00fcnf Jungen, blieben also vier f\u00fcr das zweite Zelt. Mit Oliver, Hannes und Nick war er auch nicht unbedingt eng befreundet, kam aber gut mit ihnen aus. Als Zeltgemeinschaft w\u00fcrden sie auf jeden Fall keine Probleme haben.<\/p>\n<p>Der Aufbau des Zeltes ging Piet und seinen Kameraden schnell von der Hand. Alle vier machten das l\u00e4ngst nicht zum ersten Mal, sie kannten die erforderlichen Handgriffe in- und auswendig. Hilfe von ihren Gruppenleitern ben\u00f6tigten sie nicht, aber das Leitungstrio musste sich vergewissern, dass sie alles richtig gemacht hatten. Kilian, der einzige Mann im Team, hatte keinen Zweifel, dass das Zelt sicher stand, aber wenn doch etwas passierte und er hatte nicht nachgeguckt, dann war er dran. Zu beanstanden hatte er nichts, der Mast stand gerade und war ordentlich abgespannt. Piet und die anderen hatten auch an die Kleinigkeiten gedacht und zum Beispiel vor dem Abspannen den Eingang verschlossen. Mit offenem Eingang abzuspannen, war ein beliebter Fehler, der mit etwas Pech dazu f\u00fchrte, dass sich der Eingang dann nicht mehr schlie\u00dfen lie\u00df, wenn das Zelt stand.<\/p>\n<\/div>\n<\/div>\n<\/div>\n","protected":false},"excerpt":{"rendered":"<p>5. Mai 2023 35 978-3756828333 Books on Demand Im gro\u00dfen Pfad&shy;finder-Sommer&shy;lager benehmen sich einige von Piets Kamera&shy;den \u00e4u\u00dferst merk&shy;w\u00fcrdig. Beson&shy;ders Connor, der immer und \u00fcberall der An&shy;f\u00fchrer sein will, hat es auf Piet abge&shy;sehen, und Piet hat keine Ahnung, warum. Es muss mit der Nacht&shy;wache mit Alva zu&shy;sammen&shy;h\u00e4ngen, das ist das Einzige, was er sich [&hellip;]<\/p>\n","protected":false},"author":1,"featured_media":0,"parent":0,"menu_order":0,"comment_status":"closed","ping_status":"closed","template":"","meta":{"footnotes":""},"class_list":["post-951","page","type-page","status-publish","hentry"],"_links":{"self":[{"href":"https:\/\/renebote.de\/index.php?rest_route=\/wp\/v2\/pages\/951","targetHints":{"allow":["GET"]}}],"collection":[{"href":"https:\/\/renebote.de\/index.php?rest_route=\/wp\/v2\/pages"}],"about":[{"href":"https:\/\/renebote.de\/index.php?rest_route=\/wp\/v2\/types\/page"}],"author":[{"embeddable":true,"href":"https:\/\/renebote.de\/index.php?rest_route=\/wp\/v2\/users\/1"}],"replies":[{"embeddable":true,"href":"https:\/\/renebote.de\/index.php?rest_route=%2Fwp%2Fv2%2Fcomments&post=951"}],"version-history":[{"count":2,"href":"https:\/\/renebote.de\/index.php?rest_route=\/wp\/v2\/pages\/951\/revisions"}],"predecessor-version":[{"id":953,"href":"https:\/\/renebote.de\/index.php?rest_route=\/wp\/v2\/pages\/951\/revisions\/953"}],"wp:attachment":[{"href":"https:\/\/renebote.de\/index.php?rest_route=%2Fwp%2Fv2%2Fmedia&parent=951"}],"curies":[{"name":"wp","href":"https:\/\/api.w.org\/{rel}","templated":true}]}}