{"id":928,"date":"2024-03-15T16:13:39","date_gmt":"2024-03-15T15:13:39","guid":{"rendered":"https:\/\/renebote.de\/?page_id=928"},"modified":"2024-03-15T16:13:39","modified_gmt":"2024-03-15T15:13:39","slug":"marnie-und-das-zweite-kind","status":"publish","type":"page","link":"https:\/\/renebote.de\/?page_id=928","title":{"rendered":"Marnie und das zweite Kind"},"content":{"rendered":"\n<dialog id=\"imgFull\" class=\"coverFullsizeDialog\" style=\"display: none;\" onclick=\"hideFullsizeCoverDialog();\" >\n\t<img decoding=\"async\" id=\"coverFullsize\" src=\"\" alt=\"Cover des Buchs Marnie und das zweite Kind\" \/>\n<\/dialog>\n\n\n\n<div class=\"wp-block-columns is-layout-flex wp-container-core-columns-is-layout-28f84493 wp-block-columns-is-layout-flex\">\n<div class=\"wp-block-column is-layout-flow wp-block-column-is-layout-flow\" style=\"flex-basis:40%\">\n<img decoding=\"async\" id=\"coverPreview\" class=\"coverPreviewBook\" src=\"https:\/\/renebote.de\/wp-content\/uploads\/2024\/02\/Cover-Marnie-und-das-zweite-Kind.webp\" onclick=\"showFullsizeCoverDialog();\" alt=\"Cover des Buchs Marnie und das zweite Kind\" \/>\n<div class=\"bookPageGeneralInfoContainer\">\n    <div class=\"bookPageEditionsContainer\">\n\t\t\t\t<img decoding=\"async\" src=\"https:\/\/renebote.de\/wp-content\/uploads\/2024\/02\/Ebook.webp\" style=\"width: 100%;\" title=\"Erh\u00e4ltlich als E-Book\" \/>\n    <\/div>\n    <div class=\"bookPageInfoRowsContainer\">\n\t\t<div class=\"bookPageInfoRow\">\n            <img decoding=\"async\" src=\"https:\/\/renebote.de\/wp-content\/uploads\/2024\/02\/Erscheinungstermin.webp\" class=\"bookPageInfoIcon\" title=\"Erscheinungsdatum\" \/>17. Dezember 2022\n        <\/div>\n\t\t<div class=\"bookPageInfoRow\">\n            <img decoding=\"async\" src=\"https:\/\/renebote.de\/wp-content\/uploads\/2024\/02\/Seiten.webp\" class=\"bookPageInfoIcon\" title=\"Seiten\" \/>28\n        <\/div>\n\t\t<div class=\"bookPageInfoRow\">\n            <img decoding=\"async\" src=\"https:\/\/renebote.de\/wp-content\/uploads\/2024\/02\/ISBN.webp\" class=\"bookPageInfoIcon\" title=\"ISBN\" \/>978-3756879625\n        <\/div>\n\t\t<div class=\"bookPageInfoRow\">\n            <img decoding=\"async\" src=\"https:\/\/renebote.de\/wp-content\/uploads\/2024\/02\/Verlag.webp\" class=\"bookPageInfoIcon\" title=\"Ver\u00f6ffentlicht bei\" \/>Books on Demand\n        <\/div>\n    <\/div>\n<\/div>\n<div class=\"justifyText marginTop\">\n\t<p>Rein zuf\u00e4l&shy;lig schaut Marnie ihrem Vater \u00fcber einen Moment \u00fcber die Schul&shy;ter, als er alte Fotos sor&shy;tiert. Doch dieser Moment k\u00f6nnte ihr Leben auf den Kopf stellen. Zusam&shy;men mit ihrer besten Freun&shy;din Liliana macht sie sich auf, viel&shy;leicht ihre Fami&shy;lien&shy;ge&shy;schichte neu zu schrei&shy;ben.<\/p>\n\n<\/div>\n<div class=\"fullWidthRow marginTop\">\n\t<b>E-Book \u20ac0,99<\/b>\n<\/div>\n<div class=\"fullWidthRow noBlockStartMargin\">\n\t<div style=\"width: 30%\";>\n\t\t<a href=\"https:\/\/books.apple.com\/de\/book\/marnie-und-das-zweite-kind\/id6445040883\">\n\t\t\t<img decoding=\"async\" src=\"https:\/\/renebote.de\/wp-content\/uploads\/2024\/02\/Shop-Icon-iBooks.webp\" style=\"width: 100%; cursor: pointer;\" title=\"Link zum iBooks-Shop (Apple)\"\/>\n\t\t<\/a>\n\t<\/div>\t<div style=\"width: 30%\";>\n\t\t<a href=\"https:\/\/www.ebook.de\/de\/product\/45142877\/rene_bote_marnie_und_das_zweite_kind.html\">\n\t\t\t<img decoding=\"async\" src=\"https:\/\/renebote.de\/wp-content\/uploads\/2024\/02\/Shop-Icon-Ebook_de.webp\" style=\"width: 100%; cursor: pointer;\" title=\"Link zum Shop von ebook.de\"\/>\n\t\t<\/a>\n\t<\/div>\t<div style=\"width: 30%\";>\n\t\t<a href=\"https:\/\/www.bod.de\/buchshop\/marnie-und-das-zweite-kind-rene-bote-9783756879625\">\n\t\t\t<img decoding=\"async\" src=\"https:\/\/renebote.de\/wp-content\/uploads\/2024\/02\/Shop-Icon-BoD.webp\" style=\"width: 100%; cursor: pointer;\" title=\"Link zum Shop von BoD\"\/>\n\t\t<\/a>\n\t<\/div>\n<\/div>\n\n<div class=\"justifyText\"><p><b>Autorenplauderei: Mehr Eigen&shy;bau<\/b><\/p><p>Wer dieses Buch mit meinen fr\u00fche&shy;ren Ver&shy;\u00f6ffent&shy;lichun&shy;gen ver&shy;gleicht, wird Unter&shy;schiede in der Text&shy;gestal&shy;tung fest&shy;stellen. Das ist kein Zufall, sondern bedingt durch den Wechsel des Werk&shy;zeugs, mit dem das Buch er&shy;stellt wurde. Bislang bot BoD, der Dienst&shy;leister, \u00fcber den ich meine B\u00fccher in den Handel bringe, einen Online-Editor an, mit dem E-Books gestal&shy;tet werden konnten, und ich habe dieses Angebot gern genutzt, weil ich zu Anfang nicht viel Ahnung davon hatte, wie ein E-Book zu&shy;sammen&shy;gesetzt ist. Dieser Editor wird nun jedoch einge&shy;stellt, ich muss also auf andere Edi&shy;toren zur\u00fcck&shy;greifen, um die E-Books zu erstel&shy;len. Mittler&shy;weile schreckt mich das jedoch nicht mehr, weil ich inzwi&shy;schen wei\u00df, dass \u201eunter der Haube\u201c alte Be&shy;kannte stecken, vor allem HTML, mit dem ich gut umgehen kann. Inso&shy;fern ist die Umstel&shy;lung f\u00fcr mich kein Problem, zumal ich mit <a href=\"https:\/\/renebote.de\/?page_id=904\"><i>Klassen&shy;fahrt? &ndash; Wir machen das!<\/i><\/a> ja bereits ein Buch mit unge&shy;w\u00f6hn&shy;licher Gestal&shy;tung au\u00dfer&shy;halb des BoD-Editors er&shy;stellt habe. <\/p>\n<p>Tech&shy;nisch w\u00e4re es ein Kinder&shy;spiel, das be&shy;kannte Layout zu \u00fcber&shy;nehmen. Aller&shy;dings steht dem das Copy&shy;right ent&shy;gegen, das BoD auf diesen Entwurf hat, und ganz ehrlich, wenn ich das E-Book schon ander&shy;weitig ge&shy;stalte, dann m\u00f6chte ich auch kom&shy;plett mein eigenes Ding machen. Da wird sich sicher&shy;lich im Lauf der Zeit einiges ent&shy;wickeln, und auch wenn mich die Nach&shy;richt von der Abschaf&shy;fung des Online-Editors zu&shy;n\u00e4chst unan&shy;genehm \u00fcber&shy;rascht hat, freue ich mich irgend&shy;wie auch, dass ich so einen Anlass habe, mehr Experi&shy;mente zu wagen. Leid tut es mir aller&shy;dings f\u00fcr jene Autoren, die sich weniger gut in den n\u00f6tigen Tech&shy;niken aus&shy;kennen, denn gerade f\u00fcr die war der Editor von BoD sicher&shy;lich eine wert&shy;volle Hilfe.<\/p>\n<\/div>\n<\/div>\n\n\n\n<div class=\"wp-block-column is-layout-flow wp-block-column-is-layout-flow\" style=\"flex-basis:66.66%\">\n<div class=\"justifyText\">\n<p style=\"margin-top: -5px;\">Eigentlich war Marnie auf dem Weg in die K\u00fcche, doch als ihr Blick durch die offene T\u00fcr ins Schlafzimmer fiel, stutzte sie. Dass ihr Vater am Computer sa\u00df, wunderte sie nicht, er arbeitete \u00f6fter von zu Hause aus und hatte sich daf\u00fcr extra die kleine B\u00fcroecke eingerichtet. Allerdings hatte er dann irgendwelche Excel-Dateien und Dokumente auf dem Bildschirm, keine Fotos, die noch dazu ziemlich irre aussahen. Die obere H\u00e4lfte des Bilds war ein ganz normales Urlaubsfoto, irgendwo am Strand, aber das Meer in der unteren H\u00e4lfte war knall-lila mit einem quietschgr\u00fcnen Rand.<\/p>\n<p>\u201eWas ist das denn?\u201c, fragte sie. \u201eHast du Urlaub in einem Spiel gemacht, oder was?\u201c Ihr Vater schaute auf und grinste verlegen. \u201eSch\u00f6n w\u00e4r\u2019s!\u201c, sagte er. \u201eDann h\u00e4tte ich jetzt weniger Arbeit. Nein, das ist ein Programm, das gel\u00f6schte Dateien wieder herstellen kann. Ich war zu schnell mit dem L\u00f6schen und hab nicht gemerkt, dass ich Dateien markiert hab, die ich noch brauche.\u201c \u201eSortierst du Bilder?\u201c, folgerte Marnie, doch ihr Vater sch\u00fcttelte den Kopf. \u201eNein, alte Steuerunterlagen. Ich will im Januar direkt mit der Steuererkl\u00e4rung anfangen, und ich dachte, ich l\u00f6sche mal den ganzen Kram, den wir wirklich nicht mehr aufzuheben brauchen. Uralte Handwerkerrechnungen und so. Aber das Programm sucht ziemlich gr\u00fcndlich, das findet auch Sachen, die schon vor Jahren gel\u00f6scht wurden. Das Foto ist zum Teil \u00fcberschrieben worden, deshalb das ganze Lila und Gr\u00fcn.\u201c<\/p>\n<p>Marnie schaute genauer hin, aber sie interessierte weniger das, was offenbar nicht mehr lesbar war, als vielmehr der unbesch\u00e4digte Teil. Dort war ihr Vater zu sehen, ein gutes St\u00fcck j\u00fcnger noch, und im Arm hielt er eine Frau. \u201eWer ist denn das?\u201c, fragte Marnie neugierig. F\u00fcr einen kurzen Augenblick hatte sie Angst, dass ihr Vater eine Geliebte hatte, aber das war Unsinn. Erstens war sie sicher, dass er nur ihre Mutter liebte, und zweitens w\u00e4re er bestimmt nicht so gelassen gewesen, wenn sie dabei gewesen w\u00e4re, einen Seitensprung aufzudecken.<\/p>\n<\/div>\n<\/div>\n<\/div>\n","protected":false},"excerpt":{"rendered":"<p>17. Dezember 2022 28 978-3756879625 Books on Demand Rein zuf\u00e4l&shy;lig schaut Marnie ihrem Vater \u00fcber einen Moment \u00fcber die Schul&shy;ter, als er alte Fotos sor&shy;tiert. Doch dieser Moment k\u00f6nnte ihr Leben auf den Kopf stellen. Zusam&shy;men mit ihrer besten Freun&shy;din Liliana macht sie sich auf, viel&shy;leicht ihre Fami&shy;lien&shy;ge&shy;schichte neu zu schrei&shy;ben. E-Book \u20ac0,99 Autorenplauderei: Mehr [&hellip;]<\/p>\n","protected":false},"author":1,"featured_media":0,"parent":0,"menu_order":0,"comment_status":"closed","ping_status":"closed","template":"","meta":{"footnotes":""},"class_list":["post-928","page","type-page","status-publish","hentry"],"_links":{"self":[{"href":"https:\/\/renebote.de\/index.php?rest_route=\/wp\/v2\/pages\/928","targetHints":{"allow":["GET"]}}],"collection":[{"href":"https:\/\/renebote.de\/index.php?rest_route=\/wp\/v2\/pages"}],"about":[{"href":"https:\/\/renebote.de\/index.php?rest_route=\/wp\/v2\/types\/page"}],"author":[{"embeddable":true,"href":"https:\/\/renebote.de\/index.php?rest_route=\/wp\/v2\/users\/1"}],"replies":[{"embeddable":true,"href":"https:\/\/renebote.de\/index.php?rest_route=%2Fwp%2Fv2%2Fcomments&post=928"}],"version-history":[{"count":7,"href":"https:\/\/renebote.de\/index.php?rest_route=\/wp\/v2\/pages\/928\/revisions"}],"predecessor-version":[{"id":935,"href":"https:\/\/renebote.de\/index.php?rest_route=\/wp\/v2\/pages\/928\/revisions\/935"}],"wp:attachment":[{"href":"https:\/\/renebote.de\/index.php?rest_route=%2Fwp%2Fv2%2Fmedia&parent=928"}],"curies":[{"name":"wp","href":"https:\/\/api.w.org\/{rel}","templated":true}]}}