{"id":898,"date":"2024-03-13T21:18:41","date_gmt":"2024-03-13T20:18:41","guid":{"rendered":"https:\/\/renebote.de\/?page_id=898"},"modified":"2024-03-13T21:18:41","modified_gmt":"2024-03-13T20:18:41","slug":"die-falle-am-hexenhof","status":"publish","type":"page","link":"https:\/\/renebote.de\/?page_id=898","title":{"rendered":"Die Falle am Hexenhof"},"content":{"rendered":"\n<dialog id=\"imgFull\" class=\"coverFullsizeDialog\" style=\"display: none;\" onclick=\"hideFullsizeCoverDialog();\" >\n\t<img decoding=\"async\" id=\"coverFullsize\" src=\"\" alt=\"Cover des Buchs Die Falle am Hexenhof\" \/>\n<\/dialog>\n\n\n\n<div class=\"wp-block-columns is-layout-flex wp-container-core-columns-is-layout-28f84493 wp-block-columns-is-layout-flex\">\n<div class=\"wp-block-column is-layout-flow wp-block-column-is-layout-flow\" style=\"flex-basis:40%\">\n<img decoding=\"async\" id=\"coverPreview\" class=\"coverPreviewBook\" src=\"https:\/\/renebote.de\/wp-content\/uploads\/2024\/02\/Cover-Die-Falle-am-Hexenhof.webp\" onclick=\"showFullsizeCoverDialog();\" alt=\"Cover des Buchs Die Falle am Hexenhof\" \/>\n<div class=\"bookPageGeneralInfoContainer\">\n    <div class=\"bookPageEditionsContainer\">\n\t\t\t\t<img decoding=\"async\" src=\"https:\/\/renebote.de\/wp-content\/uploads\/2024\/02\/Ebook.webp\" style=\"width: 100%;\" title=\"Erh\u00e4ltlich als E-Book\" \/>\n    <\/div>\n    <div class=\"bookPageInfoRowsContainer\">\n\t\t<div class=\"bookPageInfoRow\">\n            <img decoding=\"async\" src=\"https:\/\/renebote.de\/wp-content\/uploads\/2024\/02\/Erscheinungstermin.webp\" class=\"bookPageInfoIcon\" title=\"Erscheinungsdatum\" \/>15. Oktober 2021\n        <\/div>\n\t\t<div class=\"bookPageInfoRow\">\n            <img decoding=\"async\" src=\"https:\/\/renebote.de\/wp-content\/uploads\/2024\/02\/Seiten.webp\" class=\"bookPageInfoIcon\" title=\"Seiten\" \/>62\n        <\/div>\n\t\t<div class=\"bookPageInfoRow\">\n            <img decoding=\"async\" src=\"https:\/\/renebote.de\/wp-content\/uploads\/2024\/02\/ISBN.webp\" class=\"bookPageInfoIcon\" title=\"ISBN\" \/>978-3754373910\n        <\/div>\n\t\t<div class=\"bookPageInfoRow\">\n            <img decoding=\"async\" src=\"https:\/\/renebote.de\/wp-content\/uploads\/2024\/02\/Verlag.webp\" class=\"bookPageInfoIcon\" title=\"Ver\u00f6ffentlicht bei\" \/>Books on Demand\n        <\/div>\n    <\/div>\n<\/div>\n<div class=\"justifyText marginTop\">\n\t<p>Angst? Den Vorwurf k\u00f6nnen Maya und Serena nicht auf sich sitzen lassen. Nat\u00fcr&shy;lich trauen sie sich zum Hexen&shy;hof, dem alten Bauern&shy;hof am Orts&shy;rand, der selbst bei strah&shy;lendem Sonnen&shy;schein d\u00fcster wirkt. Ein altes Haus und eine alte Frau, die nicht mehr gut laufen kann und deshalb kaum noch raus&shy;geht &ndash; was soll schon passie&shy;ren? Das denkt zumin&shy;dest Malina, die auf ihre Schwes&shy;ter und deren Freun&shy;din auf&shy;passen soll, wenn sie an Hallo&shy;ween ver&shy;kleidet durch die Sied&shy;lung ziehen. Aber die Stille tr\u00fcgt, und Malina merkt zu sp\u00e4t, was alles passie&shy;ren kann, wenn jemand mit genug Fanta&shy;sie die Finger im Spiel hat.<\/p>\n\n<\/div>\n<div class=\"fullWidthRow marginTop\">\n\t<b>E-Book \u20ac0,99<\/b>\n<\/div>\n<div class=\"fullWidthRow noBlockStartMargin\">\n\t<div style=\"width: 30%\";>\n\t\t<a href=\"https:\/\/books.apple.com\/de\/book\/die-falle-am-hexenhof\/id1588082304\">\n\t\t\t<img decoding=\"async\" src=\"https:\/\/renebote.de\/wp-content\/uploads\/2024\/02\/Shop-Icon-iBooks.webp\" style=\"width: 100%; cursor: pointer;\" title=\"Link zum iBooks-Shop (Apple)\"\/>\n\t\t<\/a>\n\t<\/div>\t<div style=\"width: 30%\";>\n\t\t<a href=\"https:\/\/www.ebook.de\/de\/product\/41644972\/rene_bote_die_falle_am_hexenhof.html\">\n\t\t\t<img decoding=\"async\" src=\"https:\/\/renebote.de\/wp-content\/uploads\/2024\/02\/Shop-Icon-Ebook_de.webp\" style=\"width: 100%; cursor: pointer;\" title=\"Link zum Shop von ebook.de\"\/>\n\t\t<\/a>\n\t<\/div>\t<div style=\"width: 30%\";>\n\t\t<a href=\"https:\/\/www.bod.de\/buchshop\/die-falle-am-hexenhof-rene-bote-9783754373910\">\n\t\t\t<img decoding=\"async\" src=\"https:\/\/renebote.de\/wp-content\/uploads\/2024\/02\/Shop-Icon-BoD.webp\" style=\"width: 100%; cursor: pointer;\" title=\"Link zum Shop von BoD\"\/>\n\t\t<\/a>\n\t<\/div>\n<\/div>\n<\/div>\n\n\n\n<div class=\"wp-block-column is-layout-flow wp-block-column-is-layout-flow\" style=\"flex-basis:66.66%\">\n<div class=\"justifyText\">\n<p style=\"margin-top: -5px; font-weight: 600;\">16:48 Uhr:<\/p><p>Ich h\u00e4tte nicht gedacht, dass ich noch mal durch unsere Siedlung ziehen und \u201eTrick or Treat!\u201c rufen w\u00fcrde. Fr\u00fcher hab ich mich immer schon wochenlang darauf gefreut: die ganze Stimmung, wild kost\u00fcmiert durch die Gegend laufen, bei Dunkelheit noch dazu, und nat\u00fcrlich Berge von S\u00fc\u00dfigkeiten. Doch jetzt, mit vierzehn, reizt mich das schon lange nicht mehr, und meine Freundinnen haben auch kein Lust mehr darauf.<\/p>\n<p>Aber meiner Schwester zuliebe putze ich mich doch noch mal gruselig raus, mit schwarzen Klamotten und wei\u00dfer Schminke im Gesicht. Allein mit ihrer besten Freundin darf Maya nicht gehen, Mama hat Angst, dass sie dann \u00fcberfallen werden. Letztes Jahr hat\u2019s das wohl gegeben, da sollen zwei \u00e4ltere Jungs den Kleinen die S\u00fc\u00dfigkeiten geklaut haben. Ich bin mir nicht mal sicher, ob\u2019s denen wirklich um die S\u00fc\u00dfigkeiten ging, oder um den Kick, die Kleinen einzusch\u00fcchtern. Einen Sprung an der Sch\u00fcssel haben sie f\u00fcr mich so oder so.<\/p>\n<p>W\u00e4hrend ich mich fertigmache, werden Maya und ihre Freundin Serena nebenan von Mama geschminkt. Wie ich Mama kenne, l\u00e4sst sie sich da richtig was einfallen, sie kann das echt gut. So gut kriege ich das bestimmt nicht hin, aber wenn zwei echte Gruselwesen von einem normalen Menschen begleitet werden, s\u00e4he das auch bl\u00f6d aus. Zum Gl\u00fcck reichen ein paar Handgriffe schon, dass ich mir selbst nicht mehr \u00e4hnlich sehe, Leichenwei\u00df als Grundton, die Lippen und Augenh\u00f6hlen schwarz wie Kohle. Den Rest erledigt die Dunkelheit, sie l\u00e4sst auch meine braunen Haare schwarz wirken, passend zu den Augen.<\/p>\n<p style=\"font-weight: 600;\">17:12 Uhr:<\/p><p>Maya und Serena sind fertig geschminkt, es kann also losgehen. Wie erwartet hat Mama ganze Arbeit geleistet, ich sch\u00e4tze, der eine oder andere Nachbar wird nachfragen m\u00fcssen, wer unter der Maske steckt. Mayas Gesicht wirkt wie aus Glas, das gerade zersplittert, selbst im hellen Flurlicht sieht es schon ziemlich echt aus. Aus Serena ist eine Spinne geworden, Mama hat ihr eine feine Haarstruktur ins Gesicht geschminkt, den Mund zu einem gr\u00e4sslichen Maul umgestaltet und zus\u00e4tzliche Augen auf beide Wangen geklebt. Wow! Die beiden sind echt happy damit, und ich mache auch erst mal ein paar Fotos.<\/p>\n<p>Wir wohnen in einer Siedlung am Stadtrand. Sie ist noch ziemlich neu, wir sind eingezogen, als ich in den Kindergarten gekommen bin, und da waren sie noch dabei, die letzten Wege zu pflastern. Fast 50 Einfamilienh\u00e4user in mehreren Reihen, jedes mit einem kleinen Garten, die Stra\u00dfen dazwischen sind als Spielstra\u00dfen ausgewiesen. Man kennt sich, und an den meisten T\u00fcren werden Maya und Serena eine Kleinigkeit bekommen. Nat\u00fcrlich gibt\u2019s bei so vielen Leuten auch ein paar, mit denen man nicht so gut zurechtkommt, aber da muss man dann ja nicht klingeln.<\/p>\n<p>Nachdem Papa, er ist gerade erst wieder von der Arbeit zu Hause, Mayas und Serenas Kost\u00fcmierung auch noch bewundert hat, ziehen wir los. Bei den Nachbarn zur Rechten angefangen, klingeln Maya und Serena, sagen ihr Spr\u00fcchlein auf und sacken mehr oder weniger gro\u00dfe Gaben ein. Ich halte mich im Hintergrund, ich soll ja nur da sein f\u00fcr den Fall, dass jemand versucht, sie auszurauben. Ich glaube aber nicht, dass da was passiert, sch\u00e4tze, das war eine einmalige Sache letztes Jahr.<\/p>\n<p style=\"font-weight: 600;\">19:34 Uhr:<\/p><p>Maya und Serena haben schon ordentlich Beute gemacht. Selbst wenn viele nur eine einzelne Tafel Schokolade geben oder etwas in der Art \u2013 an jeder Haust\u00fcr ein bisschen, das l\u00e4ppert sich zusammen. Hoffentlich denkt Mama dran, die Sachen sofort in Verwahrung zu nehmen! Falls nicht, sind Bauchschmerzen vorprogrammiert, und ich darf morgen noch vor dem Fr\u00fchst\u00fcck zur Apotheke tappen. Serena wird nachher bei uns schlafen, m\u00f6chte nicht wissen, was sie und Maya f\u00fcr eine Fressorgie unter der Bettdecke veranstalten, wenn wir nicht aufpassen.<\/p>\n<p>Aber bis es so weit ist, wird es sowieso noch eine Weile dauern. Die beiden haben immer noch Lust, und ausnahmsweise hat Mama erlaubt, dass sie bis neun Uhr drau\u00dfen bleiben d\u00fcrfen. Wir werden gleich mal einen kurzen Abstecher nach Hause machen, Maya muss mal, und wir brauchen auch nicht alles, was sie bis jetzt bekommen haben, die ganze Zeit mitzuschleppen. Aber dann geht\u2019s weiter, ein paar H\u00e4user in der Siedlung haben wir noch nicht abgeklappert, und ein paar angrenzende Stra\u00dfen d\u00fcrfen wir auch noch mitnehmen, wenn noch Zeit ist und Maya und Serena nicht vorher die Lust verlieren. Danach sieht\u2019s im Moment aber nicht aus, die haben immer noch Spa\u00df. Ich glaube auch nicht, dass das nur die S\u00fc\u00dfigkeiten sind, auch wenn sie sich dar\u00fcber nat\u00fcrlich freuen. Sie sind neun, beide gerade erst geworden, da d\u00fcrfen sie normalerweise nach Einbruch der Dunkelheit nicht mehr alleine drau\u00dfen rumlaufen, und dann noch kost\u00fcmiert und alles\u2026<\/p>\n<p>F\u00fcr mich ist das bis jetzt mehr oder weniger ein ausgedehnter Abendspaziergang. Maya und Serena merken kaum, dass ich dabei bin, und gro\u00dfartig um sie zu k\u00fcmmern brauche ich mich nicht. Sie laufen von Haus zu Haus, klingeln und sagen ihr kleines Spr\u00fcchlein auf, das sie selbst gedichtet haben; \u201eS\u00fc\u00dfes oder Saures!\u201c findet Mama nicht gut, deshalb mussten sie sich etwas anderes \u00fcberlegen. Scheint gut anzukommen bei den Leuten, die meisten l\u00e4cheln, und b\u00f6se \u00fcber die St\u00f6rung ist keiner. Liegt vielleicht auch daran, dass die beiden nicht betteln oder sogar pampig werden, wenn sie mal nichts bekommen. Dass sie den Nachbarn nicht wirklich Saures geben, wenn\u2019s nichts S\u00fc\u00dfes gibt, versteht sich von selbst.<\/p>\n<\/div>\n<\/div>\n<\/div>\n","protected":false},"excerpt":{"rendered":"<p>15. Oktober 2021 62 978-3754373910 Books on Demand Angst? Den Vorwurf k\u00f6nnen Maya und Serena nicht auf sich sitzen lassen. Nat\u00fcr&shy;lich trauen sie sich zum Hexen&shy;hof, dem alten Bauern&shy;hof am Orts&shy;rand, der selbst bei strah&shy;lendem Sonnen&shy;schein d\u00fcster wirkt. Ein altes Haus und eine alte Frau, die nicht mehr gut laufen kann und deshalb kaum noch [&hellip;]<\/p>\n","protected":false},"author":1,"featured_media":0,"parent":0,"menu_order":0,"comment_status":"closed","ping_status":"closed","template":"","meta":{"footnotes":""},"class_list":["post-898","page","type-page","status-publish","hentry"],"_links":{"self":[{"href":"https:\/\/renebote.de\/index.php?rest_route=\/wp\/v2\/pages\/898","targetHints":{"allow":["GET"]}}],"collection":[{"href":"https:\/\/renebote.de\/index.php?rest_route=\/wp\/v2\/pages"}],"about":[{"href":"https:\/\/renebote.de\/index.php?rest_route=\/wp\/v2\/types\/page"}],"author":[{"embeddable":true,"href":"https:\/\/renebote.de\/index.php?rest_route=\/wp\/v2\/users\/1"}],"replies":[{"embeddable":true,"href":"https:\/\/renebote.de\/index.php?rest_route=%2Fwp%2Fv2%2Fcomments&post=898"}],"version-history":[{"count":1,"href":"https:\/\/renebote.de\/index.php?rest_route=\/wp\/v2\/pages\/898\/revisions"}],"predecessor-version":[{"id":899,"href":"https:\/\/renebote.de\/index.php?rest_route=\/wp\/v2\/pages\/898\/revisions\/899"}],"wp:attachment":[{"href":"https:\/\/renebote.de\/index.php?rest_route=%2Fwp%2Fv2%2Fmedia&parent=898"}],"curies":[{"name":"wp","href":"https:\/\/api.w.org\/{rel}","templated":true}]}}