{"id":877,"date":"2024-03-13T20:27:31","date_gmt":"2024-03-13T19:27:31","guid":{"rendered":"https:\/\/renebote.de\/?page_id=877"},"modified":"2024-03-13T20:28:04","modified_gmt":"2024-03-13T19:28:04","slug":"kein-herz-auf-dem-gips-aber","status":"publish","type":"page","link":"https:\/\/renebote.de\/?page_id=877","title":{"rendered":"Kein Herz auf dem Gips, aber &#8230;"},"content":{"rendered":"\n<dialog id=\"imgFull\" class=\"coverFullsizeDialog\" style=\"display: none;\" onclick=\"hideFullsizeCoverDialog();\" >\n\t<img decoding=\"async\" id=\"coverFullsize\" src=\"\" alt=\"Cover des Buchs Kein Herz auf dem Gips, aber\u2026\" \/>\n<\/dialog>\n\n\n\n<div class=\"wp-block-columns is-layout-flex wp-container-core-columns-is-layout-28f84493 wp-block-columns-is-layout-flex\">\n<div class=\"wp-block-column is-layout-flow wp-block-column-is-layout-flow\" style=\"flex-basis:40%\">\n<img decoding=\"async\" id=\"coverPreview\" class=\"coverPreviewBook\" src=\"https:\/\/renebote.de\/wp-content\/uploads\/2024\/02\/Cover-Kein-Herz-auf-dem-Gips-aber.webp\" onclick=\"showFullsizeCoverDialog();\" alt=\"Cover des Buchs Kein Herz auf dem Gips, aber\u2026\" \/>\n<div class=\"bookPageGeneralInfoContainer\">\n    <div class=\"bookPageEditionsContainer\">\n\t\t\t\t<img decoding=\"async\" src=\"https:\/\/renebote.de\/wp-content\/uploads\/2024\/02\/Ebook.webp\" style=\"width: 100%;\" title=\"Erh\u00e4ltlich als E-Book\" \/>\n    <\/div>\n    <div class=\"bookPageInfoRowsContainer\">\n\t\t<div class=\"bookPageInfoRow\">\n            <img decoding=\"async\" src=\"https:\/\/renebote.de\/wp-content\/uploads\/2024\/02\/Erscheinungstermin.webp\" class=\"bookPageInfoIcon\" title=\"Erscheinungsdatum\" \/>25. Januar 2021\n        <\/div>\n\t\t<div class=\"bookPageInfoRow\">\n            <img decoding=\"async\" src=\"https:\/\/renebote.de\/wp-content\/uploads\/2024\/02\/Seiten.webp\" class=\"bookPageInfoIcon\" title=\"Seiten\" \/>30\n        <\/div>\n\t\t<div class=\"bookPageInfoRow\">\n            <img decoding=\"async\" src=\"https:\/\/renebote.de\/wp-content\/uploads\/2024\/02\/ISBN.webp\" class=\"bookPageInfoIcon\" title=\"ISBN\" \/>978-3753403816 \n        <\/div>\n\t\t<div class=\"bookPageInfoRow\">\n            <img decoding=\"async\" src=\"https:\/\/renebote.de\/wp-content\/uploads\/2024\/02\/Verlag.webp\" class=\"bookPageInfoIcon\" title=\"Ver\u00f6ffentlicht bei\" \/>Books on Demand\n        <\/div>\n    <\/div>\n<\/div>\n<div class=\"justifyText marginTop\">\n\t<p>Ein&shy;kaufen f\u00fcr ihre Tante, die sich das Bein gebro&shy;chen hat, und ein biss&shy;chen auf&shy;r\u00e4umen: Das h\u00e4tte Lina locker allein ge&shy;schafft. Und klar, Tante Babette meint es nur gut, dass sie ihr das nicht kom&shy;plett auf&shy;dr\u00fccken will. Aber muss es ausge&shy;rechnet Jannis sein? Lina war eigent&shy;lich bisher sehr einver&shy;standen damit, dass sie nur fl\u00fcch&shy;tig mit ihm zu tun hatte &#8230;<\/p>\n\n<\/div>\n<div class=\"fullWidthRow marginTop\">\n\t<b>E-Book \u20ac0,99<\/b>\n<\/div>\n<div class=\"fullWidthRow noBlockStartMargin\">\n\t<div style=\"width: 30%\";>\n\t\t<a href=\"https:\/\/books.apple.com\/de\/book\/kein-herz-auf-dem-gips-aber\/id1550621171\">\n\t\t\t<img decoding=\"async\" src=\"https:\/\/renebote.de\/wp-content\/uploads\/2024\/02\/Shop-Icon-iBooks.webp\" style=\"width: 100%; cursor: pointer;\" title=\"Link zum iBooks-Shop (Apple)\"\/>\n\t\t<\/a>\n\t<\/div>\t<div style=\"width: 30%\";>\n\t\t<a href=\"https:\/\/www.ebook.de\/de\/product\/40224203\/rene_bote_kein_herz_auf_dem_gips_aber.html\">\n\t\t\t<img decoding=\"async\" src=\"https:\/\/renebote.de\/wp-content\/uploads\/2024\/02\/Shop-Icon-Ebook_de.webp\" style=\"width: 100%; cursor: pointer;\" title=\"Link zum Shop von ebook.de\"\/>\n\t\t<\/a>\n\t<\/div>\t<div style=\"width: 30%\";>\n\t\t<a href=\"https:\/\/www.bod.de\/buchshop\/kein-herz-auf-dem-gips-aber-rene-bote-9783753403816\">\n\t\t\t<img decoding=\"async\" src=\"https:\/\/renebote.de\/wp-content\/uploads\/2024\/02\/Shop-Icon-BoD.webp\" style=\"width: 100%; cursor: pointer;\" title=\"Link zum Shop von BoD\"\/>\n\t\t<\/a>\n\t<\/div>\n<\/div>\n\n<div class=\"justifyText\"><p><b>Autorenplauderei: Vorur&shy;teile<\/b><\/p><p>Vorur&shy;teile sind so alt wie die Mensch&shy;heit, und sie waren \u00fcber&shy;lebens&shy;wichtig. Wer in der Stein&shy;zeit einem Raub&shy;tier begeg&shy;nete, der tat gut daran, erst mal davon auszu&shy;gehen, dass das Tier Hunger hat. Wenn nicht, dann blieb hinter&shy;her keine Zeit mehr, den Irrtum zu bereuen. Dass schon die ersten Augen&shy;blicke das Bild pr\u00e4gen, das wir von einem anderen Menschen haben, ist also nat\u00fcr&shy;lich. Wichtig ist, dass wir uns dieser Tat&shy;sache bewusst und bereit sind, unser Bild auch zu revi&shy;dieren.<\/p>\n<\/div>\n<\/div>\n\n\n\n<div class=\"wp-block-column is-layout-flow wp-block-column-is-layout-flow\" style=\"flex-basis:66.66%\">\n<div class=\"justifyText\">\n<p style=\"margin-top: -5px;\">Au\u00dfer Atem hetzte Lina die Stra\u00dfe entlang, bog um die Ecke und sprintete weiter. Das dritte Haus auf der linken Seite war ihr Ziel, sie erreichte den Eingang und bremste den Schwung mit einer Hand an der Wand. Nach der richtigen Klingel brauchte sie nicht lange zu suchen, sie presste den Daumen darauf und richtete sich auf eine Wartezeit ein.<\/p>\n<p>Selbst wenn ihre Tante Babette wollte, sie konnte sich nicht beeilen, und das war genau der Grund, warum Lina hier war. Ihre Tante \u2013 eigentlich Gro\u00dftante, aber so wurde sie nicht angeredet \u2013 hatte sich vor ein paar Tagen das Bein gebrochen und war jetzt auf Hilfe angewiesen. Sie wohnte allein, und ihren Sohn aus einer Ehe, die schon vor Linas Geburt geschieden worden war, hatte es beruflich nach S\u00fcddeutschland verschlagen. Auch sonst lebte die Verwandtschaft ziemlich verstreut, nur ihr Neffe, Linas Vater, war in der Stadt geblieben.<\/p>\n<p>Es lag also auf der Hand, wen Tante Babette um Unterst\u00fctzung bat, solange sie selbst au\u00dfer Gefecht gesetzt war. Allerdings musste Linas Vater arbeiten, und auch Linas Mutter konnte sich nicht freimachen. Deshalb hatten sie Lina gebeten, ihre Gro\u00dftante zu unterst\u00fctzen. Es war nicht so, dass Lina etwas dagegen gehabt h\u00e4tte, sie mochte Tante Babette, aber sie war f\u00fcr den Nachmittag auch schon verabredet gewesen. Daher hatte sie es eilig, sie hoffte, dass sie es noch zu ihrer Verabredung schaffte oder sie nur wenig verschieben musste.<\/p>\n<p>Zu ihrer \u00dcberraschung wurde der Summer fast sofort gedr\u00fcckt. So schnell konnte Tante Babette doch kaum auf die F\u00fc\u00dfe gekommen und auf ihren Kr\u00fccken zur T\u00fcr gehumpelt sein! War das Zufall, und sie war sowieso gerade in der N\u00e4he der T\u00fcr gewesen? Oder hatte sie sogar auf Lina gewartet, eben damit Lina nicht so lange vor dem Haus stehen musste?<\/p>\n<p>Lina dr\u00fcckte die T\u00fcr auf, st\u00fcrmte ins Haus und die Treppe hinauf. Den Fahrstuhl, den es gab, ignorierte sie, sie hatte keine Geduld, zu warten, bis er kam, obwohl Tante Babette im vierten Stock wohnte, direkt unter dem Dach.<\/p>\n<p>Keuchend nahm sie die letzten Stufen, immer zwei auf einmal, und erreichte den Treppenabsatz vor der Dachgeschosswohnung. Dann blieb sie stehen, als w\u00e4re sie vor eine unsichtbare Mauer gerannt, denn in der Wohnungst\u00fcr stand nicht etwa ihre Tante, sondern ein Junge, den sie hier bestimmt nicht zu sehen erwartet hatte.<\/p>\n<p>Jannis ging auf die gleiche Schule wie sie, war aber schon in der Neunten, also ein Jahr \u00fcber ihr. Au\u00dferdem spielte er Basketball im gleichen Verein, in dem sie turnte. Direkt miteinander zu tun hatten sie nicht, aber ab und an \u00fcber ein paar Ecken. Jannis war mit dem einen oder anderen Klassenkameraden von Lina befreundet, einer davon war auch in der gleichen Basketballmannschaft, und aus irgendwelchen Gr\u00fcnden war er auch da gewesen, als Linas Klassenkameradin und zweitbeste Freundin Mareike ihren letzten Geburtstag gefeiert hatte.<\/p>\n<p>Lina kannte ihn also nur fl\u00fcchtig, aber sie versp\u00fcrte auch kein Verlangen, ihn besser kennenzulernen. Ihr Eindruck von ihm war nicht gut, sie hielt ihn f\u00fcr ungehobelt und unzuverl\u00e4ssig. Warum sie das \u00fcber ihn dachte, h\u00e4tte sie selbst nicht sagen k\u00f6nnen; wenn sie ehrlich war, musste sie zugeben, dass sie das eigentlich gar nicht einsch\u00e4tzen konnte.<\/p>\n<\/div>\n<\/div>\n<\/div>\n","protected":false},"excerpt":{"rendered":"<p>25. Januar 2021 30 978-3753403816 Books on Demand Ein&shy;kaufen f\u00fcr ihre Tante, die sich das Bein gebro&shy;chen hat, und ein biss&shy;chen auf&shy;r\u00e4umen: Das h\u00e4tte Lina locker allein ge&shy;schafft. Und klar, Tante Babette meint es nur gut, dass sie ihr das nicht kom&shy;plett auf&shy;dr\u00fccken will. Aber muss es ausge&shy;rechnet Jannis sein? Lina war eigent&shy;lich bisher sehr [&hellip;]<\/p>\n","protected":false},"author":1,"featured_media":0,"parent":0,"menu_order":0,"comment_status":"closed","ping_status":"closed","template":"","meta":{"footnotes":""},"class_list":["post-877","page","type-page","status-publish","hentry"],"_links":{"self":[{"href":"https:\/\/renebote.de\/index.php?rest_route=\/wp\/v2\/pages\/877","targetHints":{"allow":["GET"]}}],"collection":[{"href":"https:\/\/renebote.de\/index.php?rest_route=\/wp\/v2\/pages"}],"about":[{"href":"https:\/\/renebote.de\/index.php?rest_route=\/wp\/v2\/types\/page"}],"author":[{"embeddable":true,"href":"https:\/\/renebote.de\/index.php?rest_route=\/wp\/v2\/users\/1"}],"replies":[{"embeddable":true,"href":"https:\/\/renebote.de\/index.php?rest_route=%2Fwp%2Fv2%2Fcomments&post=877"}],"version-history":[{"count":2,"href":"https:\/\/renebote.de\/index.php?rest_route=\/wp\/v2\/pages\/877\/revisions"}],"predecessor-version":[{"id":879,"href":"https:\/\/renebote.de\/index.php?rest_route=\/wp\/v2\/pages\/877\/revisions\/879"}],"wp:attachment":[{"href":"https:\/\/renebote.de\/index.php?rest_route=%2Fwp%2Fv2%2Fmedia&parent=877"}],"curies":[{"name":"wp","href":"https:\/\/api.w.org\/{rel}","templated":true}]}}