{"id":856,"date":"2024-03-11T19:53:01","date_gmt":"2024-03-11T18:53:01","guid":{"rendered":"https:\/\/renebote.de\/?page_id=856"},"modified":"2024-03-11T19:53:01","modified_gmt":"2024-03-11T18:53:01","slug":"johanna-und-der-gefangene-des-kleinen-koenigs","status":"publish","type":"page","link":"https:\/\/renebote.de\/?page_id=856","title":{"rendered":"Johanna und der Gefangene des kleinen K\u00f6nigs"},"content":{"rendered":"\n<dialog id=\"imgFull\" class=\"coverFullsizeDialog\" style=\"display: none;\" onclick=\"hideFullsizeCoverDialog();\" >\n\t<img decoding=\"async\" id=\"coverFullsize\" src=\"\" alt=\"Cover des Buchs Johanna und der Gefangene des kleinen K\u00f6nigs\" \/>\n<\/dialog>\n\n\n\n<div class=\"wp-block-columns is-layout-flex wp-container-core-columns-is-layout-28f84493 wp-block-columns-is-layout-flex\">\n<div class=\"wp-block-column is-layout-flow wp-block-column-is-layout-flow\" style=\"flex-basis:40%\">\n<img decoding=\"async\" id=\"coverPreview\" class=\"coverPreviewBook\" src=\"https:\/\/renebote.de\/wp-content\/uploads\/2024\/02\/Cover-Johanna-und-der-Gefangene-des-kleinen-Koenigs.webp\" onclick=\"showFullsizeCoverDialog();\" alt=\"Cover des Buchs Johanna und der Gefangene des kleinen K\u00f6nigs\" \/>\n<div class=\"bookPageGeneralInfoContainer\">\n    <div class=\"bookPageEditionsContainer\">\n\t\t\t\t<img decoding=\"async\" src=\"https:\/\/renebote.de\/wp-content\/uploads\/2024\/02\/Ebook.webp\" style=\"width: 100%;\" title=\"Erh\u00e4ltlich als E-Book\" \/>\n    <\/div>\n    <div class=\"bookPageInfoRowsContainer\">\n\t\t<div class=\"bookPageInfoRow\">\n            <img decoding=\"async\" src=\"https:\/\/renebote.de\/wp-content\/uploads\/2024\/02\/Erscheinungstermin.webp\" class=\"bookPageInfoIcon\" title=\"Erscheinungsdatum\" \/>2. September 2020\n        <\/div>\n\t\t<div class=\"bookPageInfoRow\">\n            <img decoding=\"async\" src=\"https:\/\/renebote.de\/wp-content\/uploads\/2024\/02\/Seiten.webp\" class=\"bookPageInfoIcon\" title=\"Seiten\" \/>41\n        <\/div>\n\t\t<div class=\"bookPageInfoRow\">\n            <img decoding=\"async\" src=\"https:\/\/renebote.de\/wp-content\/uploads\/2024\/02\/ISBN.webp\" class=\"bookPageInfoIcon\" title=\"ISBN\" \/>978-3751994064 \n        <\/div>\n\t\t<div class=\"bookPageInfoRow\">\n            <img decoding=\"async\" src=\"https:\/\/renebote.de\/wp-content\/uploads\/2024\/02\/Verlag.webp\" class=\"bookPageInfoIcon\" title=\"Ver\u00f6ffentlicht bei\" \/>Books on Demand\n        <\/div>\n    <\/div>\n<\/div>\n<div class=\"justifyText marginTop\">\n\t<p>\nAu\u00dfer dem Namen hat Johan&shy;nes nicht viel gemein mit Johan&shy;na: Er ist der Sohn eines Hand&shy;werkers, sie eine echte Kom&shy;tess, Toch&shy;ter des Grafen von Morgen&shy;roth. Warum schleicht sie sich zu ihm in den Kerker, in den ihn seine eigene Dumm&shy;heit ge&shy;bracht hat? Dass Johan&shy;na kein gutes Ver&shy;h\u00e4ltnis zu ihrem Vater hat, ist \u00fcber die Grenzen der Graf&shy;schaft hinaus be&shy;kannt, aber das er&shy;kl\u00e4rt noch lange nicht, warum sie sich so gar nicht wie eine Kom&shy;tess be&shy;nimmt. \u00dcber&shy;haupt macht sie nie das, womit man rechnet &#8230;\n<\/p>\n<\/div>\n<div class=\"fullWidthRow marginTop\">\n\t<b>E-Book \u20ac0,99<\/b>\n<\/div>\n<div class=\"fullWidthRow noBlockStartMargin\">\n\t<div style=\"width: 30%\";>\n\t\t<a href=\"https:\/\/books.apple.com\/de\/book\/johanna-und-der-gefangene-des-kleinen-k%C3%B6nigs\/id1529421417\">\n\t\t\t<img decoding=\"async\" src=\"https:\/\/renebote.de\/wp-content\/uploads\/2024\/02\/Shop-Icon-iBooks.webp\" style=\"width: 100%; cursor: pointer;\" title=\"Link zum iBooks-Shop (Apple)\"\/>\n\t\t<\/a>\n\t<\/div>\t<div style=\"width: 30%\";>\n\t\t<a href=\"https:\/\/www.ebook.de\/de\/product\/39540838\/rene_bote_johanna_und_der_gefangene_des_kleinen_koenigs.html\">\n\t\t\t<img decoding=\"async\" src=\"https:\/\/renebote.de\/wp-content\/uploads\/2024\/02\/Shop-Icon-Ebook_de.webp\" style=\"width: 100%; cursor: pointer;\" title=\"Link zum Shop von ebook.de\"\/>\n\t\t<\/a>\n\t<\/div>\t<div style=\"width: 30%\";>\n\t\t<a href=\"https:\/\/www.bod.de\/buchshop\/johanna-und-der-gefangene-des-kleinen-koenigs-rene-bote-9783751994064\">\n\t\t\t<img decoding=\"async\" src=\"https:\/\/renebote.de\/wp-content\/uploads\/2024\/02\/Shop-Icon-BoD.webp\" style=\"width: 100%; cursor: pointer;\" title=\"Link zum Shop von BoD\"\/>\n\t\t<\/a>\n\t<\/div>\n<\/div>\n\n<div class=\"justifyText\"><p><b>Autorenplauderei: Mittel&shy;alter f\u00fcr zwischen&shy;durch<\/b><\/p><p><i>Johan&shy;na und der Gefan&shy;gene des kleinen K\u00f6nigs<\/i> ist eine relativ spontan entstan&shy;dene Ge&shy;schichte. Ich hatte einfach Lust, ein St\u00fcck Fantasy oder was Mittel&shy;alter&shy;liches zu schrei&shy;ben, und es w\u00e4re okay gewesen, wenn das Ergeb&shy;nis am Ende in der Schub&shy;lade gelan&shy;det w\u00e4re. Als ich ange&shy;fangen habe, diese Ge&shy;schichte zu schrei&shy;ben, hatte ich nicht mehr als ein paar vage Versatz&shy;st\u00fccke, von denen ich selbst nicht wusste, ob sie sich alle zusammen&shy;f\u00fcgen lassen und wohin sie mich f\u00fchren w\u00fcrden. Aber irgend&shy;wie hat sich immer eins aus dem anderen ergeben, und aus den einzel&shy;nen Brocken war eine Ge&shy;schichte geworden. <\/p>\n<\/div>\n<\/div>\n\n\n\n<div class=\"wp-block-column is-layout-flow wp-block-column-is-layout-flow\" style=\"flex-basis:66.66%\">\n<div class=\"justifyText\">\n<p style=\"margin-top: -5px;\">Fast lautlos huschte Johanna durch die schwach beleuchteten G\u00e4nge der Burg. Ihr Ziel war die K\u00fcche, wo sie etwas zu essen aus der Vorratskammer holen wollte. Ihr Magen knurrte wie ein wildes Tier, sie hatte seit dem Fr\u00fchst\u00fcck nichts mehr gegessen, und jetzt war es schon Abend. Ob es sich ziemte f\u00fcr eine Komtess, heimlich die Vorr\u00e4te der v\u00e4terlichen Burg zu pl\u00fcndern, war ihr gleich \u2013 es ziemte sich auch nicht f\u00fcr einen Mann von Welt, f\u00fcr den ihr Vater sich immer ausgab, seine Tochter in ihr Zimmer sperren zu lassen, blo\u00df weil sie es wagte, etwas wissen zu wollen. Er hatte sie in die Bibliothek gehen sehen, und er hielt nichts davon, wenn M\u00e4dchen B\u00fccher lasen. Sie brauchten das nicht, behauptete er, und Johanna hatte ihm heftigst widersprochen. Was war daran falsch, wenn sie lesen wollte, was weit gereiste M\u00e4nner \u00fcber die fernen L\u00e4nder schrieben, die sie besucht hatten?<\/p>\n<p>Zu ihrem Gl\u00fcck hatte er sich nie die M\u00fche gemacht, die Burg, die schon sein Ur-Ur-Gro\u00dfvater erbaut hatte, in all ihrer Gr\u00f6\u00dfe zu erforschen. Deshalb wusste er auch nicht, dass es in ihrem Zimmer einen Geheimgang gab, durch den Johanna hinauskonnte, wann immer sie wollte.<\/p>\n<p>Sie musste direkt am gr\u00f6\u00dften Saal der Burg vorbei, dem Saal, in dem ihr Vater Feste feierte, aber auch Gericht hielt. Er verbrachte den gr\u00f6\u00dften Teil seiner Zeit dort, selbst wenn er nicht feierte oder Urteile f\u00e4llte, eigentlich verlie\u00df er den Saal nur, um zu schlafen oder um sich zu erleichtern. Er sagte, Boten mit wichtigen Nachrichten m\u00fcssten ihn finden k\u00f6nnen, und wenn die Burg angegriffen wurde, m\u00fcsste er sofort die Soldaten einteilen k\u00f6nnen. Johanna glaubte nicht, dass der eine wie der andere Fall jemals eintreten w\u00fcrde, denn auch wenn ihr Vater reich war und \u00fcber einen Landstrich herrschte, der sich \u00fcber drei Tagesritte erstreckte, waren die Grafen von Morgenroth doch nur unbedeutende Figuren im gro\u00dfen Spiel um die Macht. Das hatte Johanna in Schriften gelesen, die ihr Vater und vor ihm schon dessen Vater in der Bibliothek in die hintersten Regale verbannt hatte.<\/p>\n<p>Als sie am Durchgang vorbeihuschen wollte, der den Saal mit dem Gang zur K\u00fcche verband und nur von Dienstboten benutzt wurde, h\u00f6rte sie Stimmen aus dem Saal. \u201eErlaucht?\u201c Das war die zackige Stimme des Anf\u00fchrers der Wache, der nie auch nur ein Wort zu viel verlor. \u201eDen hier haben wir drau\u00dfen aufgegriffen. Er wollte sich einschleichen.\u201c \u201eKlauen, wie?\u201c Das war Johannas Vater, Walther Graf Morgenroth, und der Verdacht, den er \u00e4u\u00dferte, lag nahe.<\/p>\n<p>Johanna erwartete eine versch\u00fcchterte Abwehr, doch die Stimme, die dem Burgherren antwortete, war fest und keineswegs \u00e4ngstlich. \u201eNein, Herr.\u201c Sie klang auch recht jugendlich, ein erwachsener Mann war es nicht, den die Wachen aufgegriffen hatten. Johanna schlich sich an den Durchgang heran und sp\u00e4hte vorsichtig durch einen Spalt des Vorhangs, der den Durchgang vor den Blicken der Besucher verbarg und verhinderte, dass es gar zu sehr zog.<\/p>\n<p>\u201eIch wollte nicht stehlen\u201c, fuhr der Junge fort. \u201eIch wollte Euch sprechen, dringend, und da die Wachen mich abgewiesen haben&#8230;\u201c \u201eDas werden sie nicht grundlos getan haben\u201c, erwiderte Walther Graf Morgenroth k\u00fchl, aber Johanna sp\u00fcrte, dass ihr Vater verunsichert war. Er war es gewohnt, dass seine Untertanen sich \u2013 nun ja: untert\u00e4nig \u2013 zeigten, und dieser Junge trat so ganz anders auf, so, als w\u00fcsste er, dass er im Recht war. Dabei konnte er nicht viel \u00e4lter sein als Johanna, vielleicht ein Jahr, h\u00f6chstens zwei. Aber wenn er sagte, dass er den Grafen dringend sprechen musste \u2013 welche wichtige Botschaft vertraute man einem dreizehn- oder vierzehnj\u00e4hrigen Jungen an?<\/p>\n<p>\u201eWas glaubst du, wie viele Leute glauben, dass sie mich unbedingt sprechen m\u00fcssten?\u201c, fuhr der Graf fort, jetzt die Stimme voller Sarkasmus. \u201eIch bin ein viel besch\u00e4ftigter Mann, eine Grafschaft regiert sich nicht von allein. Gut, wo du schon einmal hier bist, sag, was du willst, aber fasse dich kurz!\u201c<\/p>\n<p>Der Junge nickte. \u201eIhr habt f\u00fcr morgen Abend ein gro\u00dfes Feuerwerk angek\u00fcndigt\u201c, sagte er. \u201eDas ist bestimmt eine gute Idee, die die Leute freuen wird. Aber k\u00f6nntet ihr nicht anstelle des Feuerwerks etwas zu essen geben? Die Ernte war nicht gut dieses Jahr, es w\u00e4re eine Erleichterung f\u00fcr die Menschen. Es wird nicht mehr lange dauern, bis den Ersten die Vorr\u00e4te ausgehen.\u201c<\/p>\n<p>Johanna biss sich auf die Lippen. Der Junge hatte recht, das wusste sie, selbst mit ihren gerade erst zw\u00f6lf Jahren bekam sie genug mit, um zu sehen, dass die Ernten schlecht gewesen waren. Trotzdem war es ein Fehler gewesen, sich um Hilfe an ihren Vater zu wenden, und noch dazu mit Verweis auf das Feuerwerk. F\u00fcr ihn war das gleichbedeutend damit, seine Weisheit und F\u00fcrsorge infrage zu stellen, und das war etwas, das er unter gar keinen Umst\u00e4nden hinnehmen w\u00fcrde.<\/p>\n<\/div>\n<\/div>\n<\/div>\n","protected":false},"excerpt":{"rendered":"<p>2. September 2020 41 978-3751994064 Books on Demand Au\u00dfer dem Namen hat Johan&shy;nes nicht viel gemein mit Johan&shy;na: Er ist der Sohn eines Hand&shy;werkers, sie eine echte Kom&shy;tess, Toch&shy;ter des Grafen von Morgen&shy;roth. Warum schleicht sie sich zu ihm in den Kerker, in den ihn seine eigene Dumm&shy;heit ge&shy;bracht hat? Dass Johan&shy;na kein gutes Ver&shy;h\u00e4ltnis [&hellip;]<\/p>\n","protected":false},"author":1,"featured_media":0,"parent":0,"menu_order":0,"comment_status":"closed","ping_status":"closed","template":"","meta":{"footnotes":""},"class_list":["post-856","page","type-page","status-publish","hentry"],"_links":{"self":[{"href":"https:\/\/renebote.de\/index.php?rest_route=\/wp\/v2\/pages\/856","targetHints":{"allow":["GET"]}}],"collection":[{"href":"https:\/\/renebote.de\/index.php?rest_route=\/wp\/v2\/pages"}],"about":[{"href":"https:\/\/renebote.de\/index.php?rest_route=\/wp\/v2\/types\/page"}],"author":[{"embeddable":true,"href":"https:\/\/renebote.de\/index.php?rest_route=\/wp\/v2\/users\/1"}],"replies":[{"embeddable":true,"href":"https:\/\/renebote.de\/index.php?rest_route=%2Fwp%2Fv2%2Fcomments&post=856"}],"version-history":[{"count":1,"href":"https:\/\/renebote.de\/index.php?rest_route=\/wp\/v2\/pages\/856\/revisions"}],"predecessor-version":[{"id":857,"href":"https:\/\/renebote.de\/index.php?rest_route=\/wp\/v2\/pages\/856\/revisions\/857"}],"wp:attachment":[{"href":"https:\/\/renebote.de\/index.php?rest_route=%2Fwp%2Fv2%2Fmedia&parent=856"}],"curies":[{"name":"wp","href":"https:\/\/api.w.org\/{rel}","templated":true}]}}