{"id":853,"date":"2024-03-11T19:46:41","date_gmt":"2024-03-11T18:46:41","guid":{"rendered":"https:\/\/renebote.de\/?page_id=853"},"modified":"2024-03-11T19:46:41","modified_gmt":"2024-03-11T18:46:41","slug":"gina-3d","status":"publish","type":"page","link":"https:\/\/renebote.de\/?page_id=853","title":{"rendered":"Gina 3D"},"content":{"rendered":"\n<dialog id=\"imgFull\" class=\"coverFullsizeDialog\" style=\"display: none;\" onclick=\"hideFullsizeCoverDialog();\" >\n\t<img decoding=\"async\" id=\"coverFullsize\" src=\"\" alt=\"Cover des Buchs Gina 3D\" \/>\n<\/dialog>\n\n\n\n<div class=\"wp-block-columns is-layout-flex wp-container-core-columns-is-layout-28f84493 wp-block-columns-is-layout-flex\">\n<div class=\"wp-block-column is-layout-flow wp-block-column-is-layout-flow\" style=\"flex-basis:40%\">\n<img decoding=\"async\" id=\"coverPreview\" class=\"coverPreviewBook\" src=\"https:\/\/renebote.de\/wp-content\/uploads\/2024\/02\/Cover-Gina-3D.webp\" onclick=\"showFullsizeCoverDialog();\" alt=\"Cover des Buchs Gina 3D\" \/>\n<div class=\"bookPageGeneralInfoContainer\">\n    <div class=\"bookPageEditionsContainer\">\n\t\t\t\t<img decoding=\"async\" src=\"https:\/\/renebote.de\/wp-content\/uploads\/2024\/02\/Ebook.webp\" style=\"width: 100%;\" title=\"Erh\u00e4ltlich als E-Book\" \/>\n\t\t<img decoding=\"async\" src=\"https:\/\/renebote.de\/wp-content\/uploads\/2024\/02\/Buch.webp\" style=\"width: 100%;\" title=\"Erh\u00e4ltlich als Taschenbuch\" \/>\n    <\/div>\n    <div class=\"bookPageInfoRowsContainer\">\n\t\t<div class=\"bookPageInfoRow\">\n            <img decoding=\"async\" src=\"https:\/\/renebote.de\/wp-content\/uploads\/2024\/02\/Erscheinungstermin.webp\" class=\"bookPageInfoIcon\" title=\"Erscheinungsdatum\" \/>29. August 2020\n        <\/div>\n\t\t<div class=\"bookPageInfoRow\">\n            <img decoding=\"async\" src=\"https:\/\/renebote.de\/wp-content\/uploads\/2024\/02\/Seiten.webp\" class=\"bookPageInfoIcon\" title=\"Seiten\" \/>72\n        <\/div>\n\t\t<div class=\"bookPageInfoRow\">\n            <img decoding=\"async\" src=\"https:\/\/renebote.de\/wp-content\/uploads\/2024\/02\/ISBN.webp\" class=\"bookPageInfoIcon\" title=\"ISBN\" \/>978-3751982054 \n        <\/div>\n\t\t<div class=\"bookPageInfoRow\">\n            <img decoding=\"async\" src=\"https:\/\/renebote.de\/wp-content\/uploads\/2024\/02\/Verlag.webp\" class=\"bookPageInfoIcon\" title=\"Ver\u00f6ffentlicht bei\" \/>Books on Demand\n        <\/div>\n    <\/div>\n<\/div>\n<div class=\"justifyText marginTop\">\n\t<p>Eigent&shy;lich wollte Bastian das neue Com&shy;puter&shy;spiel nur ein biss&shy;chen auf die Probe stellen. Kann man Gina, die Player-Figur, auch au\u00dfer&shy;halb der vorge&shy;sehenen Pfade durch die Spiel&shy;welt f\u00fchren? Dass pl\u00f6tz&shy;lich der Compu&shy;ter ab&shy;st\u00fcrzt und ein sech&shy;zehn&shy;j\u00e4hriges M\u00e4dchen in seiner Studen&shy;ten&shy;bude liegt, das behaup&shy;tet, aus dem Spiel in die &#8222;Au\u00dfen&shy;welt&#8220; gesprun&shy;gen zu sein, war jeden&shy;falls kein Bestand&shy;teil seines Plans.\n<\/p>\n<p>Von einem Moment auf den anderen hat Bastian zwei riesige Pro&shy;bleme am Hals. Da ist der Her&shy;steller des Spiels, der fieber&shy;haft nach dem Hacker sucht, der den Code f\u00fcr Gina aus allen Kopien des Spiels, sogar aus den Back-ups, ge&shy;l\u00f6scht hat. Und da ist das M\u00e4dchen, dessen Her&shy;kunft er nicht erkl\u00e4&shy;ren kann, ohne in die Psychia&shy;trie ge&shy;steckt zu werden. Dass Gina keine Ahnung hat, wie die Welt funk&shy;tioniert, in der sie gelan&shy;det ist, macht es auch nicht ein&shy;facher &#8230;<\/p>\n\n<\/div>\n<div class=\"fullWidthRow marginTop\">\n\t<b>E-Book \u20ac2,99<\/b>\n<\/div>\n<div class=\"fullWidthRow noBlockStartMargin\">\n\t<div style=\"width: 30%\";>\n\t\t<a href=\"https:\/\/books.apple.com\/de\/book\/gina-3d\/id1529542085\">\n\t\t\t<img decoding=\"async\" src=\"https:\/\/renebote.de\/wp-content\/uploads\/2024\/02\/Shop-Icon-iBooks.webp\" style=\"width: 100%; cursor: pointer;\" title=\"Link zum iBooks-Shop (Apple)\"\/>\n\t\t<\/a>\n\t<\/div>\t<div style=\"width: 30%\";>\n\t\t<a href=\"https:\/\/www.ebook.de\/de\/product\/39545717\/rene_bote_gina_3d.html\">\n\t\t\t<img decoding=\"async\" src=\"https:\/\/renebote.de\/wp-content\/uploads\/2024\/02\/Shop-Icon-Ebook_de.webp\" style=\"width: 100%; cursor: pointer;\" title=\"Link zum Shop von ebook.de\"\/>\n\t\t<\/a>\n\t<\/div>\t<div style=\"width: 30%\";>\n\t\t<a href=\"https:\/\/www.bod.de\/buchshop\/gina-3d-rene-bote-9783752632149\">\n\t\t\t<img decoding=\"async\" src=\"https:\/\/renebote.de\/wp-content\/uploads\/2024\/02\/Shop-Icon-BoD.webp\" style=\"width: 100%; cursor: pointer;\" title=\"Link zum Shop von BoD\"\/>\n\t\t<\/a>\n\t<\/div>\n<\/div>\n<div class=\"fullWidthRow marginTop\">\n\t<b>Taschenbuch \u20ac4,90<\/b>\n<\/div>\n<div class=\"fullWidthRow noBlockStartMargin\">\n    <div style=\"width: 30%\";>\n\t\t<a href=\"https:\/\/www.ebook.de\/de\/product\/39547602\/rene_bote_gina_3d.html\">\n            <img decoding=\"async\" src=\"https:\/\/renebote.de\/wp-content\/uploads\/2024\/02\/Shop-Icon-Ebook_de.webp\" style=\"width: 100%; cursor: pointer;\" title=\"Link zum Shop von ebook.de\"\/>\n        <\/a>\n    <\/div>    <div style=\"width: 30%\";>\n        <a href=\"https:\/\/www.bod.de\/buchshop\/gina-3d-rene-bote-9783751982054\">\n\t\t\t<img decoding=\"async\" src=\"https:\/\/renebote.de\/wp-content\/uploads\/2024\/02\/Shop-Icon-BoD.webp\" style=\"width: 100%; cursor: pointer;\" title=\"Link zum Shop von BoD\"\/>\n        <\/a>\n    <\/div>\n<\/div>\n<div class=\"justifyText\"><p><b>Autorenplauderei: Men&shy;schen, die pl\u00f6tz&shy;lich auf&shy;tauchen<\/b><\/p><p>In diesem Buch wird an einer Stelle der Somer&shy;ton-Mann erw\u00e4hnt. Er ist eines der wohl ber\u00fchm&shy;testen Bei&shy;spiele eines Men&shy;schen, der schein&shy;bar aus dem Nichts auf&shy;taucht und nicht identi&shy;fiziert werden kann. Er wurde an einem Abend im Novem&shy;ber 1948 erstmals an einem Strand in Ade&shy;laide im S\u00fcden Austra&shy;liens gesehen und am n\u00e4chsten Morgen etwa an der gleichen Stelle tot aufge&shy;funden. Seine Iden&shy;tit\u00e4t konnte nie gekl\u00e4rt werden. Wer mehr dazu lesen m\u00f6chte, findet <a href=\"https:\/\/de.wikipedia.org\/wiki\/Somerton-Mann\">hier<\/a> den Wiki&shy;pedia-Artikel dazu (Ach&shy;tung: Auf der Seite ist ein Bild des Toten zu sehen. Er ist zwar nicht irgend&shy;wie ent&shy;stellt, trotz&shy;dem solltest Du dem Link nicht folgen, wenn Du Dir nicht sicher bist, ob Du das sehen kannst und willst.).<\/p>\n<p>M\u00f6glich, dass es mit moder&shy;nen Metho&shy;den m\u00f6glich gewesen w\u00e4re, heraus&shy;zu&shy;finden, wer der Mann war. M\u00f6glich, dass es in Zeiten zuneh&shy;mender Daten&shy;erhebung nur eine kurze Abfrage daf\u00fcr ge&shy;braucht h\u00e4tte. Dennoch gibt es auch heute noch F\u00e4lle, in denen Men&shy;schen pl\u00f6tz&shy;lich auf der Bild&shy;fl\u00e4che erschei&shy;nen und erst nach wochen&shy;langen Ermitt&shy;lungen identi&shy;fiziert werden k\u00f6nnen. Ginas Bei&shy;spiel zeigt ein biss&shy;chen auf, welche M\u00f6glich&shy;keiten die Polizei heute hat, aber es zeigt auch, dass es manch&shy;mal trotz Allem noch Grenzen gibt.<\/p>\n<\/div>\n<\/div>\n\n\n\n<div class=\"wp-block-column is-layout-flow wp-block-column-is-layout-flow\" style=\"flex-basis:66.66%\">\n<div class=\"justifyText\">\n<p style=\"margin-top: -5px;\">Wochenende! Es war Freitagabend, und Bastian kam gerade vom Handball-Training. Jetzt hatte er bis zum Spiel am Sonntagnachmittag keine Verpflichtungen mehr, jedenfalls keine, bei denen er sich an eine bestimmte Uhrzeit halten musste. Das bedeutete: viel Zeit, um das neue Computerspiel anzuspielen, das er schon am Anfang der Woche runtergeladen hatte.<\/p>\n<p>Das Spiel hie\u00df <i>Black Mountain \u2013 Black Wizard<\/i> und spielte in einer Fantasy-Umgebung. Eine junge Heldin musste vom Spieler durch eine Bergwelt gef\u00fchrt werden, K\u00e4mpfe bestehen und F\u00e4higkeiten lernen, um am Ende einen b\u00f6sen Zauberer aufzuhalten, der wie die meisten Fieslinge seiner Art nicht weniger wollte, als die Welt zu beherrschen.<\/p>\n<p>Bastian machte sich etwas fertig, um nebenbei zu Abend zu essen, fuhr den Computer hoch und startete das Spiel. Das Startvideo \u00fcbersprang er, er war eher der Typ Spieler, der sich direkt ins Geschehen st\u00fcrzte. Was er wissen musste, um die Aufgaben zu meistern, erfuhr er so oder so, und die Intros waren doch alle irgendwie gleich, fand er.<\/p>\n<p>Auch die Einf\u00fchrung sparte er sich, ein Level, das nur dazu diente, unerfahrene Spieler mit dem Spielprinzip und der Steuerung vertraut zu machen. Er hing zwar nicht Tag und Nacht vor dem Computer, spielte aber mehrfach die Woche f\u00fcr ein oder zwei Stunden, und das seit sechs oder sieben Jahren. Da er ziemlich auf das Genre festgelegt war, kannte er die Mechanismen, nach denen die Charaktere im Lauf des Spiels besser wurden, und die Steuerung hatte er sowieso f\u00fcr sich angepasst. F\u00fcr ihn bestand die erste Herausforderung darin, die F\u00e4higkeiten seiner Figur richtig einsetzen zu lernen; mit welcher Taktik man die besten Wirkungstreffer erzielte und selbst m\u00f6glichst wenig einsteckte, das variierte von Spiel zu Spiel.<\/p>\n<p style=\"text-align: center;\">***<\/p>\n<p>\u201eNach rechts!\u201c, rief Gina in Gedanken. \u201eGeh nach rechts!\u201c Sie stand in einem Tal, das von hohen Bergen mit schroffen W\u00e4nden eingerahmt wurde. Durch die Talsohle schl\u00e4ngelte sich ein Fluss, begleitet von Wiesengel\u00e4nde und B\u00fcschen. Geradeaus schien es endlos weiterzugehen, und nichts deutete darauf hin, dass dort irgendwo eine Gefahr lauern k\u00f6nnte. Wer sollte also auf die Idee kommen, stattdessen nach einem Durchschlupf zwischen den Felsen zu suchen?<\/p>\n<p>Gina kannte jeden einzelnen Punkt in diesem Tal, und sie wusste, was passieren w\u00fcrde, wenn sie geradeaus weiterging. Aber sie hatte nicht das Sagen, und der, der bestimmte, wo es langging, war zum allerersten Mal hier. Sie wusste, dass er den versteckten Abzweig \u00fcbersehen w\u00fcrde, weil er nicht danach suchte, weil er nicht einmal ahnte, dass hier schon ein Abzweig sein k\u00f6nnte. Ein paar Augenblicke sp\u00e4ter trabte sie an der Stelle vorbei, an der sie h\u00e4tte abbiegen m\u00fcssen, und sie wusste, dass sie nicht umkehren w\u00fcrde, ehe es zu sp\u00e4t war.<\/p>\n<p>Eigentlich durfte sie das alles gar nicht wissen, und sie h\u00e4tte nicht einmal wissen d\u00fcrfen, dass sie es nicht wissen durfte. Aber das stand auf einem anderen Blatt, und niemand ahnte, dass in ihr mehr vorging, als vielleicht gut f\u00fcr sie war.<\/p>\n<p style=\"text-align: center;\">***<\/p>\n<p>Auf dem zweiten Bildschirm hatte Bastian eine Konsole laufen, in die er ab und an Befehle eintippte. Er war n\u00e4mlich nicht nur ein passabler Spieler, auch wenn er mit den Vollprofis wohl doch nicht mithalten konnte, sondern auch ein begabter Hacker. Bei jedem Spiel, das er spielte, suchte er nach Lecks, nach M\u00f6glichkeiten, sich die Spielewelt noch weiter zu erschlie\u00dfen, als ihre Entwickler vorgesehen hatten.<\/p>\n<p>Er wusste, dass das nicht ganz legal war, sagte sich aber, dass er keinen Schaden anrichtete. Er knackte den Code nicht, um ihn meistbietend zu verkaufen oder um damit selbst ein Spiel auf den Markt zu bringen, und er verschaffte sich nicht mal einen unsportlichen Vorteil, indem er seine Figuren schneller auflevelte, als das im normalen Spielgeschehen m\u00f6glich gewesen w\u00e4re. Ihn reizte es einfach, die M\u00f6glichkeiten auszuloten, aber egal, was er herausfand, er behielt es immer f\u00fcr sich.<\/p>\n<p style=\"text-align: center;\">***<\/p>\n<p>Gina hatte die Stelle, an der sie die Abzweigung wusste, schon ein gutes St\u00fcck hinter sich gelassen, als sie schr\u00e4g vor sich ein Loch im Boden entdeckte. Wie konnte das sein? Wie oft war sie diesen Weg schon gegangen, und nie hatte er sich auch nur um ein Jota ver\u00e4ndert. Und doch war da jetzt dieses Loch, das da eigentlich nicht sein durfte.<\/p>\n<p>Sie konnte nicht einfach stehenbleiben oder gar den Weg \u00e4ndern, aber aus den Augenwinkeln konnte sie hinschauen. Seltsam, offenbar war da nicht nur ein Loch in der Erde, irgendwas schien dahinter zu sein. Gina sah Licht, und als sie n\u00e4her kam die Ecken von M\u00f6beln. Ein Raum unter der Erde?<\/p>\n<p>Ohne es recht zu merken, \u00e4nderte Gina ihren Laufweg. Sie dachte nicht einmal daran, dass sie das eigentlich gar nicht konnte, wenn sie nicht ausdr\u00fccklich den Befehl dazu bekam. Sie h\u00e4tte ja nicht einmal dar\u00fcber nachdenken d\u00fcrfen, wohin sie laufen wollte.<\/p>\n<p>Ungl\u00e4ubig starrte sie in das Loch im Boden. Sie sah einen Tisch, an dem ein Junge sa\u00df, oder ein junger Mann, das konnte sie schwer einsch\u00e4tzen. Auf jeden Fall war er keine Arml\u00e4nge entfernt, aber er schien sie nicht zu bemerken. Hinter ihm hing etwas an der Decke des Raumes, es schien eine Lampe zu sein, aber anders als die Talglichter, die sie kannte. Auch die M\u00f6bel an der Wand im Hintergrund wirkten anders, glatter, gl\u00e4nzender.<\/p>\n<p>Pl\u00f6tzlich wusste sie, was sie vor sich hatte: die Au\u00dfenwelt! Die Welt, von der sie nichts h\u00e4tte ahnen d\u00fcrfen. Die Welt, von der sie wusste, dass sie jenseits ihrer Welt existierte. Die Welt, in der ihr nicht jeder Schritt vorgegeben werden w\u00fcrde? Ohne weiter dar\u00fcber nachzudenken, machte sie einen Schritt nach vorn und sprang in das Loch. Es ging abw\u00e4rts, sie sp\u00fcrte einen heftigen Schlag gegen den Kopf, und dann wusste sie nichts mehr.<\/p>\n<p style=\"text-align: center;\">***<\/p>\n<p>Irgendwas war passiert, aber Bastian wusste noch nicht genau, was. Er war in einem Forum, in dem Spiele-Hacker sich austauschten, auf einen Beitrag gesto\u00dfen, in dem ein anderer Hacker seinen vergeblichen Versuch beschrieb, die festgelegte Pfade in <i>Black Mountain \u2013 Black Wizard<\/i> zu ver\u00e4ndern. Als Informatik-Student war er zwar erst im zweiten Semester, aber er programmierte schon seit der 5. Klasse, und er hatte sofort gesehen, was der Hacker aus dem Forum falsch gemacht hatte. Er hatte die Befehle in die Konsole kopiert, korrigiert und die Enter-Taste gedr\u00fcckt, und jetzt schien das Spiel komplett aus dem Ruder zu laufen. Das M\u00e4dchen, das er durch die Gebirgswelt des Spiels steuerte, reagierte nicht mehr auf die Tastatureingaben, und in der Konsole ratterten kryptische Befehle und Statusnachrichten durch, viel zu schnell, als dass er sie h\u00e4tte mitlesen k\u00f6nnen.<\/p>\n<p>Wenige Augenblicke sp\u00e4ter begann der L\u00fcfter auf Hochtouren zu drehen, ein Zeichen, dass der Computer komplett ausgelastet war. Dabei war der PC eine moderne und \u00fcberaus gut ausgestattete Maschine, Bastian konnte sich das leisten, weil er neben dem Studium im Auftrag von Firmen spezielle Software entwickelte und gut daf\u00fcr bezahlt wurde. Er wollte die Auslastung pr\u00fcfen, schauen, welche Vorg\u00e4nge den Rechner so ins Schwitzen brachten, aber jetzt reagierte nicht nur das Spiel nicht mehr, sondern das gesamte System.<\/p>\n<p>Sorgen machte er sich deswegen nicht. Dass ein Spiel, das von Profis eines bekannten Herstellers entwickelt worden war, einen Fehler hatte, der gleich den ganzen Rechner lahmlegte, war zwar ungew\u00f6hnlich, kam aber ab und an vor, weil die Hersteller nicht jede denkbare Computer-Konfiguration testen konnten. Au\u00dferdem hatte er ja auch noch eingegriffen mit seinem Hack, vielleicht verkraftete die Engine das nicht. Aber davon w\u00fcrde der Rechner weder anfangen zu brennen, noch in die Luft fliegen; entweder bekrabbelte er sich wieder, oder er bekam einen harten Reset.<\/p>\n<p>Bastian beschloss, ein paar Minuten zu warten, ob sich das System wieder fing. Er wollte aufstehen, um in der Zwischenzeit schnell aufs Klo zu gehen, aber er war noch nicht ganz auf den F\u00fc\u00dfen, als es neben ihm einen lauten Schlag tat. Gleichzeitig wurde der Monitor schwarz, und die kleine Lampe in der Ecke ging aus.<\/p>\n<\/div>\n<\/div>\n<\/div>\n","protected":false},"excerpt":{"rendered":"<p>29. August 2020 72 978-3751982054 Books on Demand Eigent&shy;lich wollte Bastian das neue Com&shy;puter&shy;spiel nur ein biss&shy;chen auf die Probe stellen. Kann man Gina, die Player-Figur, auch au\u00dfer&shy;halb der vorge&shy;sehenen Pfade durch die Spiel&shy;welt f\u00fchren? Dass pl\u00f6tz&shy;lich der Compu&shy;ter ab&shy;st\u00fcrzt und ein sech&shy;zehn&shy;j\u00e4hriges M\u00e4dchen in seiner Studen&shy;ten&shy;bude liegt, das behaup&shy;tet, aus dem Spiel in die [&hellip;]<\/p>\n","protected":false},"author":1,"featured_media":0,"parent":0,"menu_order":0,"comment_status":"closed","ping_status":"closed","template":"","meta":{"footnotes":""},"class_list":["post-853","page","type-page","status-publish","hentry"],"_links":{"self":[{"href":"https:\/\/renebote.de\/index.php?rest_route=\/wp\/v2\/pages\/853","targetHints":{"allow":["GET"]}}],"collection":[{"href":"https:\/\/renebote.de\/index.php?rest_route=\/wp\/v2\/pages"}],"about":[{"href":"https:\/\/renebote.de\/index.php?rest_route=\/wp\/v2\/types\/page"}],"author":[{"embeddable":true,"href":"https:\/\/renebote.de\/index.php?rest_route=\/wp\/v2\/users\/1"}],"replies":[{"embeddable":true,"href":"https:\/\/renebote.de\/index.php?rest_route=%2Fwp%2Fv2%2Fcomments&post=853"}],"version-history":[{"count":1,"href":"https:\/\/renebote.de\/index.php?rest_route=\/wp\/v2\/pages\/853\/revisions"}],"predecessor-version":[{"id":854,"href":"https:\/\/renebote.de\/index.php?rest_route=\/wp\/v2\/pages\/853\/revisions\/854"}],"wp:attachment":[{"href":"https:\/\/renebote.de\/index.php?rest_route=%2Fwp%2Fv2%2Fmedia&parent=853"}],"curies":[{"name":"wp","href":"https:\/\/api.w.org\/{rel}","templated":true}]}}