{"id":847,"date":"2024-03-11T19:28:32","date_gmt":"2024-03-11T18:28:32","guid":{"rendered":"https:\/\/renebote.de\/?page_id=847"},"modified":"2024-03-11T19:28:32","modified_gmt":"2024-03-11T18:28:32","slug":"der-doppelte-felix","status":"publish","type":"page","link":"https:\/\/renebote.de\/?page_id=847","title":{"rendered":"Der doppelte Felix"},"content":{"rendered":"\n<dialog id=\"imgFull\" class=\"coverFullsizeDialog\" style=\"display: none;\" onclick=\"hideFullsizeCoverDialog();\" >\n\t<img decoding=\"async\" id=\"coverFullsize\" src=\"\" alt=\"Cover des Buchs Der doppelte Felix\" \/>\n<\/dialog>\n\n\n\n<div class=\"wp-block-columns is-layout-flex wp-container-core-columns-is-layout-28f84493 wp-block-columns-is-layout-flex\">\n<div class=\"wp-block-column is-layout-flow wp-block-column-is-layout-flow\" style=\"flex-basis:40%\">\n<img decoding=\"async\" id=\"coverPreview\" class=\"coverPreviewBook\" src=\"https:\/\/renebote.de\/wp-content\/uploads\/2024\/02\/Cover-Der-doppelte-Felix.webp\" onclick=\"showFullsizeCoverDialog();\" alt=\"Cover des Buchs Der doppelte Felix\" \/>\n<div class=\"bookPageGeneralInfoContainer\">\n    <div class=\"bookPageEditionsContainer\">\n\t\t\t\t<img decoding=\"async\" src=\"https:\/\/renebote.de\/wp-content\/uploads\/2024\/02\/Ebook.webp\" style=\"width: 100%;\" title=\"Erh\u00e4ltlich als E-Book\" \/>\n    <\/div>\n    <div class=\"bookPageInfoRowsContainer\">\n\t\t<div class=\"bookPageInfoRow\">\n            <img decoding=\"async\" src=\"https:\/\/renebote.de\/wp-content\/uploads\/2024\/02\/Erscheinungstermin.webp\" class=\"bookPageInfoIcon\" title=\"Erscheinungsdatum\" \/>1. Juli 2020\n        <\/div>\n\t\t<div class=\"bookPageInfoRow\">\n            <img decoding=\"async\" src=\"https:\/\/renebote.de\/wp-content\/uploads\/2024\/02\/Seiten.webp\" class=\"bookPageInfoIcon\" title=\"Seiten\" \/>39\n        <\/div>\n\t\t<div class=\"bookPageInfoRow\">\n            <img decoding=\"async\" src=\"https:\/\/renebote.de\/wp-content\/uploads\/2024\/02\/ISBN.webp\" class=\"bookPageInfoIcon\" title=\"ISBN\" \/>978-3751958189 \n        <\/div>\n\t\t<div class=\"bookPageInfoRow\">\n            <img decoding=\"async\" src=\"https:\/\/renebote.de\/wp-content\/uploads\/2024\/02\/Verlag.webp\" class=\"bookPageInfoIcon\" title=\"Ver\u00f6ffentlicht bei\" \/>Books on Demand\n        <\/div>\n    <\/div>\n<\/div>\n<div class=\"justifyText marginTop\">\n\t<p>Made&shy;leines Leben ist gerade ein einziges Chaos. Wer h\u00e4tte gedacht, dass das alles so kompli&shy;ziert w\u00e4re mit den Jungs? Und dann ist da ja auch noch Emily: die beste Freun&shy;din, die man sich w\u00fcnschen kann, aber eben auch total schusse&shy;lig. Wenn sie mit&shy;mischt, wei\u00df bald keiner mehr, was eigent&shy;lich los ist, und Made&shy;leine hat keinen Plan, wie sie das jemals ent&shy;wirren soll.<\/p>\n\n<\/div>\n<div class=\"fullWidthRow marginTop\">\n\t<b>E-Book \u20ac0,99<\/b>\n<\/div>\n<div class=\"fullWidthRow noBlockStartMargin\">\n\t<div style=\"width: 30%\";>\n\t\t<a href=\"https:\/\/books.apple.com\/de\/book\/der-doppelte-felix\/id1519467831\">\n\t\t\t<img decoding=\"async\" src=\"https:\/\/renebote.de\/wp-content\/uploads\/2024\/02\/Shop-Icon-iBooks.webp\" style=\"width: 100%; cursor: pointer;\" title=\"Link zum iBooks-Shop (Apple)\"\/>\n\t\t<\/a>\n\t<\/div>\t<div style=\"width: 30%\";>\n\t\t<a href=\"https:\/\/www.ebook.de\/de\/product\/39279696\/rene_bote_der_doppelte_felix.html\">\n\t\t\t<img decoding=\"async\" src=\"https:\/\/renebote.de\/wp-content\/uploads\/2024\/02\/Shop-Icon-Ebook_de.webp\" style=\"width: 100%; cursor: pointer;\" title=\"Link zum Shop von ebook.de\"\/>\n\t\t<\/a>\n\t<\/div>\t<div style=\"width: 30%\";>\n\t\t<a href=\"https:\/\/www.bod.de\/buchshop\/der-doppelte-felix-rene-bote-9783751958189\">\n\t\t\t<img decoding=\"async\" src=\"https:\/\/renebote.de\/wp-content\/uploads\/2024\/02\/Shop-Icon-BoD.webp\" style=\"width: 100%; cursor: pointer;\" title=\"Link zum Shop von BoD\"\/>\n\t\t<\/a>\n\t<\/div>\n<\/div>\n<\/div>\n\n\n\n<div class=\"wp-block-column is-layout-flow wp-block-column-is-layout-flow\" style=\"flex-basis:66.66%\">\n<div class=\"justifyText\">\n<p style=\"margin-top: -5px;\">Es war Dienstagvormittag, halb zw\u00f6lf, und viel Lust hatte Madeleine nicht auf die Doppelstunde Deutsch, die vor ihr lag. Madeleine, F\u00fcnftkl\u00e4sslerin und von so ziemlich allen, die sie kannten, Maddy genannt, mochte das Fach eigentlich ganz gerne, aber im Moment langweilte der Unterricht sie. Das lag nicht am Thema oder an Frau Kahlmann, der Lehrerin, sondern ganz allein an Madeleine selbst.<\/p>\n<p>Nachdem im ersten Halbjahr Grammatik-Themen durchgenommen worden waren, wurde jetzt zum ersten Mal eine Lekt\u00fcre gelesen und besprochen. Bei der Auswahl hatten die F\u00fcnftkl\u00e4ssler sogar mitbestimmen d\u00fcrfen, Frau Kahlmann hatte selbst mehrere B\u00fccher zur Wahl gestellt und war offen gewesen f\u00fcr weitere Vorschl\u00e4ge. Die B\u00fccher waren dann alle kurz vorgestellt worden, und zum Schluss hatte die Klasse abgestimmt. Geworden war es dann <i>In Lebensgefahr!<\/i> von einer schwedischen Autorin.<\/p>\n<p>Madeleine hatte f\u00fcr ein anderes Buch gestimmt, war deswegen aber nicht b\u00f6se. Sie las viel und vielf\u00e4ltig, und <i>In Lebensgefahr!<\/i> gefiel ihr gut, sogar besser, als es sich angeh\u00f6rt hatte nach der Vorstellung von Patrizia, die das Buch auch vorgeschlagen hatte.<\/p>\n<p>Allerdings war das Lesevergn\u00fcgen f\u00fcr sie nur von kurzer Dauer gewesen. Das Buch war nicht allzu dick, alles, was mehr als 200 Seiten hatte, hatte Frau Kahlmann direkt ausgeschlossen. Anders ging es nicht, denn es gab auch ein paar Lesemuffel in der Klasse, und Patrick und Silvia konnten einfach nicht so schnell lesen. Madeleine dagegen las unheimlich schnell; wenn sie genug Zeit zum Lesen hatte und eine Geschichte sie fesselte, dann waren auch schon mal an einem Tag 150 Seiten weg. Auch die aktuelle Schullekt\u00fcre hatte sie an zwei Nachmittagen durch gehabt, und inzwischen hatte sie sie noch einmal komplett gelesen. Jetzt war es f\u00fcr sie dann auch gut, Lust, die Geschichte gleich noch ein drittes Mal zu lesen, hatte sie nicht. Au\u00dferdem verlor irgendwie jedes Buch seinen Reiz, wenn man es abschnittsweise zerlegen und \u00fcber Fragen diskutieren musste, die nur einen \u00fcbereifrigen Deutschlehrer interessieren konnten. Ein bisschen war das eigene Dummheit, musste sie sich eingestehen, zumindest das zweite Mal Lesen h\u00e4tte sie sich besser verkniffen, aber das war jetzt nicht mehr zu \u00e4ndern.<\/p>\n<p>Heute war das Kapitel an der Reihe, in dem die beiden Protagonisten in die Misere gerieten, aus der wieder rauszukommen sie fast den ganzen Rest des Buchs besch\u00e4ftigen w\u00fcrde. Die Aufgabe, die Frau Kahlmann den F\u00fcnftkl\u00e4sslern dazu stellte, lautete, die Gr\u00fcnde zu analysieren, die zu dieser Misere f\u00fchrten. Auf der einen Seite sollten sie zusammenschreiben, was alles dazu beigetragen hatte, dass die Kinder im Buch so in Not geraten waren. Auf der anderen Seite sollten sie \u00fcberlegen, was die Kinder anders h\u00e4tten machen k\u00f6nnen, um eben nicht in diese Lage zu kommen.<\/p>\n<p>Madeleine trug genau zwei S\u00e4tze zur Diskussion bei. Mit dem ersten fasste sie zusammen, dass die Kinder im Buch die entscheidenden Sachen nur anders h\u00e4tten machen k\u00f6nnen, wenn sie zu dem Zeitpunkt bestimmte Dinge schon gewusst h\u00e4tten. Beim zweiten Mal antwortete sie auf eine Idee von Alicia, die einfach zu abwegig war.<\/p>\n<p>Danach schweiften ihre Gedanken ab, und sie nahm einen Glitzerstift aus ihrem Etui, um das Buch mit ein paar kleine Zeichnungen zu verzieren. Es waren nicht die ersten, und bis die Klasse mit dem Buch fertig war, w\u00fcrde ihr Exemplar wahrscheinlich quietschbunt sein. Wenn sie das Buch wieder h\u00e4tte zur\u00fcckgeben m\u00fcssen, dann h\u00e4tte es daf\u00fcr ordentlich \u00c4rger gegeben, aber die F\u00fcnftkl\u00e4ssler hatten es selbst kaufen m\u00fcssen, eben damit sie Textstellen markieren und Notizen machen konnten. Ihre Eltern w\u00fcrden nicht schimpfen, solange sie die Seiten nicht so bemalte, dass sie den Text nicht mehr lesen konnte, wenn sie ihn brauchte.<\/p>\n<\/div>\n<\/div>\n<\/div>\n","protected":false},"excerpt":{"rendered":"<p>1. Juli 2020 39 978-3751958189 Books on Demand Made&shy;leines Leben ist gerade ein einziges Chaos. Wer h\u00e4tte gedacht, dass das alles so kompli&shy;ziert w\u00e4re mit den Jungs? Und dann ist da ja auch noch Emily: die beste Freun&shy;din, die man sich w\u00fcnschen kann, aber eben auch total schusse&shy;lig. Wenn sie mit&shy;mischt, wei\u00df bald keiner mehr, [&hellip;]<\/p>\n","protected":false},"author":1,"featured_media":0,"parent":0,"menu_order":0,"comment_status":"closed","ping_status":"closed","template":"","meta":{"footnotes":""},"class_list":["post-847","page","type-page","status-publish","hentry"],"_links":{"self":[{"href":"https:\/\/renebote.de\/index.php?rest_route=\/wp\/v2\/pages\/847","targetHints":{"allow":["GET"]}}],"collection":[{"href":"https:\/\/renebote.de\/index.php?rest_route=\/wp\/v2\/pages"}],"about":[{"href":"https:\/\/renebote.de\/index.php?rest_route=\/wp\/v2\/types\/page"}],"author":[{"embeddable":true,"href":"https:\/\/renebote.de\/index.php?rest_route=\/wp\/v2\/users\/1"}],"replies":[{"embeddable":true,"href":"https:\/\/renebote.de\/index.php?rest_route=%2Fwp%2Fv2%2Fcomments&post=847"}],"version-history":[{"count":1,"href":"https:\/\/renebote.de\/index.php?rest_route=\/wp\/v2\/pages\/847\/revisions"}],"predecessor-version":[{"id":848,"href":"https:\/\/renebote.de\/index.php?rest_route=\/wp\/v2\/pages\/847\/revisions\/848"}],"wp:attachment":[{"href":"https:\/\/renebote.de\/index.php?rest_route=%2Fwp%2Fv2%2Fmedia&parent=847"}],"curies":[{"name":"wp","href":"https:\/\/api.w.org\/{rel}","templated":true}]}}