{"id":824,"date":"2024-03-10T20:04:14","date_gmt":"2024-03-10T19:04:14","guid":{"rendered":"https:\/\/renebote.de\/?page_id=824"},"modified":"2024-03-10T20:04:14","modified_gmt":"2024-03-10T19:04:14","slug":"ein-schluck-alles-hin","status":"publish","type":"page","link":"https:\/\/renebote.de\/?page_id=824","title":{"rendered":"Ein Schluck &#8211; alles hin?"},"content":{"rendered":"\n<dialog id=\"imgFull\" class=\"coverFullsizeDialog\" style=\"display: none;\" onclick=\"hideFullsizeCoverDialog();\" >\n\t<img decoding=\"async\" id=\"coverFullsize\" src=\"\" alt=\"Cover des Buchs Ein Schluck \u2013 alles hin?\" \/>\n<\/dialog>\n\n\n\n<div class=\"wp-block-columns is-layout-flex wp-container-core-columns-is-layout-28f84493 wp-block-columns-is-layout-flex\">\n<div class=\"wp-block-column is-layout-flow wp-block-column-is-layout-flow\" style=\"flex-basis:40%\">\n<img decoding=\"async\" id=\"coverPreview\" class=\"coverPreviewBook\" src=\"https:\/\/renebote.de\/wp-content\/uploads\/2024\/02\/Cover-Ein-Schluck-alles-hin.webp\" onclick=\"showFullsizeCoverDialog();\" alt=\"Cover des Buchs Ein Schluck \u2013 alles hin?\" \/>\n<div class=\"bookPageGeneralInfoContainer\">\n    <div class=\"bookPageEditionsContainer\">\n\t\t\t\t<img decoding=\"async\" src=\"https:\/\/renebote.de\/wp-content\/uploads\/2024\/02\/Ebook.webp\" style=\"width: 100%;\" title=\"Erh\u00e4ltlich als E-Book\" \/>\n    <\/div>\n    <div class=\"bookPageInfoRowsContainer\">\n\t\t<div class=\"bookPageInfoRow\">\n            <img decoding=\"async\" src=\"https:\/\/renebote.de\/wp-content\/uploads\/2024\/02\/Erscheinungstermin.webp\" class=\"bookPageInfoIcon\" title=\"Erscheinungsdatum\" \/>26. Oktober 2019\n        <\/div>\n\t\t<div class=\"bookPageInfoRow\">\n            <img decoding=\"async\" src=\"https:\/\/renebote.de\/wp-content\/uploads\/2024\/02\/Seiten.webp\" class=\"bookPageInfoIcon\" title=\"Seiten\" \/>20\n        <\/div>\n\t\t<div class=\"bookPageInfoRow\">\n            <img decoding=\"async\" src=\"https:\/\/renebote.de\/wp-content\/uploads\/2024\/02\/ISBN.webp\" class=\"bookPageInfoIcon\" title=\"ISBN\" \/>978-3750402669 \n        <\/div>\n\t\t<div class=\"bookPageInfoRow\">\n            <img decoding=\"async\" src=\"https:\/\/renebote.de\/wp-content\/uploads\/2024\/02\/Verlag.webp\" class=\"bookPageInfoIcon\" title=\"Ver\u00f6ffentlicht bei\" \/>Books on Demand\n        <\/div>\n    <\/div>\n<\/div>\n<div class=\"justifyText marginTop\">\n\t<p>\nArthur will bei der Party nicht im Abseits stehen, und mal ehrlich: Einen Schluck Bier, den sollte auch ein Anf\u00e4nger ver&shy;kraften. Doch dann haut es ihn richtig um, und als er wieder zu sich kommt, fehlt ihm nicht nur ein St\u00fcck vom Abend. Was zur H\u00f6lle ist passiert, und wie soll er die Sache je wieder in den Griff bekommen?\n<\/p>\n<\/div>\n<div class=\"fullWidthRow marginTop\">\n\t<b>E-Book \u20ac0,99<\/b>\n<\/div>\n<div class=\"fullWidthRow noBlockStartMargin\">\n\t<div style=\"width: 30%\";>\n\t\t<a href=\"https:\/\/books.apple.com\/de\/book\/ein-schluck-alles-hin\/id1482641598\">\n\t\t\t<img decoding=\"async\" src=\"https:\/\/renebote.de\/wp-content\/uploads\/2024\/02\/Shop-Icon-iBooks.webp\" style=\"width: 100%; cursor: pointer;\" title=\"Link zum iBooks-Shop (Apple)\"\/>\n\t\t<\/a>\n\t<\/div>\t<div style=\"width: 30%\";>\n\t\t<a href=\"https:\/\/www.ebook.de\/de\/product\/37974474\/rene_bote_ein_schluck_alles_hin.html\">\n\t\t\t<img decoding=\"async\" src=\"https:\/\/renebote.de\/wp-content\/uploads\/2024\/02\/Shop-Icon-Ebook_de.webp\" style=\"width: 100%; cursor: pointer;\" title=\"Link zum Shop von ebook.de\"\/>\n\t\t<\/a>\n\t<\/div>\t<div style=\"width: 30%\";>\n\t\t<a href=\"https:\/\/www.bod.de\/buchshop\/ein-schluck-alles-hino-rene-bote-9783750402669\">\n\t\t\t<img decoding=\"async\" src=\"https:\/\/renebote.de\/wp-content\/uploads\/2024\/02\/Shop-Icon-BoD.webp\" style=\"width: 100%; cursor: pointer;\" title=\"Link zum Shop von BoD\"\/>\n\t\t<\/a>\n\t<\/div>\n<\/div>\n<\/div>\n\n\n\n<div class=\"wp-block-column is-layout-flow wp-block-column-is-layout-flow\" style=\"flex-basis:66.66%\">\n<div class=\"justifyText\">\n<p style=\"margin-top: -5px;\">Es hatte Arthur viel M\u00fche gekostet, seinen Eltern die Erlaubnis abzuringen, zur Halloween-Party zu gehen. Mutter und Vater fanden, er w\u00e4re eigentlich noch zu jung f\u00fcr Partys, und eine besonders hohe Meinung vom Gastgeber hatten sie auch nicht. Arthur wollte auch nicht behaupten, dass Alex zu seinen besten Freunden z\u00e4hlte, in Wahrheit kannte er ihn eigentlich auch nur fl\u00fcchtig. Trotzdem war die Party ein Muss, schlie\u00dflich gingen alle hin, die er kannte. Alex machte es richtig gro\u00df, er hatte bestimmt 40 Leute eingeladen und erz\u00e4hlte allen, die es h\u00f6ren wollten, dass die Party der Hammer werden w\u00fcrde.<\/p>\n<p>Arthur und Alex kannten sich aus der Schule. Sie waren nicht in der gleichen Klasse, Arthur ging in die 10a, Alex in die 10b. Sie hatten aber zusammen Franz\u00f6sisch, und auch im gleichen Relikurs hatten sie gesessen, ehe Alex sich hatte befreien lassen. Eigentlich w\u00e4re Alex schon in der Elften gewesen, er hatte die achte Klasse wiederholen m\u00fcssen.<\/p>\n<p>Wenn er ehrlich war, dann war Arthur die Party eigentlich ziemlich egal. Aber er wusste, dass auch Lucy eingeladen war, und das war allemal ein Grund, hinzugehen. Arthur mochte sie schon lange, sie war h\u00fcbsch und gewitzt. Eigentlich schien sie unerreichbar, aber auf einer Party konnte viel passieren, und wenn sie gute Laune hatte und er cool genug r\u00fcberkam, dann w\u00fcrde sie vielleicht ja doch mal mit ihm tanzen.<\/p>\n<p>Alex Eltern hatten ein ziemlich gro\u00dfes Haus, fast schon eine Villa. Wenn Arthur es richtig mitbekommen hatte, dann machten sie in Immobilien. Da konnten sie ihrem Sohn leicht erlauben, so viele Leute einzuladen, zumal es hinter dem Haus auch noch einen gro\u00dfen Wintergarten und eine Terrasse gab. Um die ganze Zeit drau\u00dfen zu hocken, war es vielleicht ein wenig zu frisch, aber eine Weile konnte man es schon aushalten.<\/p>\n<p>Als Arthur die Adresse erreichte, konnte er schon auf der Stra\u00dfe die Musik h\u00f6ren. Drinnen \u00fcbert\u00f6nte der Sound offenbar alles, denn Arthur musste zweimal klingeln, ehe ihm ge\u00f6ffnet wurde. Es war Alex pers\u00f6nlich, der den Gast einlie\u00df. \u201eHi!\u201c, sagte er l\u00e4ssig. \u201eAuch schon da? Was zu trinken? Eine Cola f\u00fcr den Anfang? Dann links abbiegen.\u201c Dabei zwinkerte er in einer Art und Weise, die offenbar signalisieren sollte, dass es neben den \u201eoffiziellen\u201c Drinks, also alkoholfreien, auch noch Getr\u00e4nke unter der Hand gab, die die Jugendlichen eigentlich noch nicht trinken durften.<\/p>\n<\/div>\n<\/div>\n<\/div>\n","protected":false},"excerpt":{"rendered":"<p>26. Oktober 2019 20 978-3750402669 Books on Demand Arthur will bei der Party nicht im Abseits stehen, und mal ehrlich: Einen Schluck Bier, den sollte auch ein Anf\u00e4nger ver&shy;kraften. Doch dann haut es ihn richtig um, und als er wieder zu sich kommt, fehlt ihm nicht nur ein St\u00fcck vom Abend. Was zur H\u00f6lle ist [&hellip;]<\/p>\n","protected":false},"author":1,"featured_media":0,"parent":0,"menu_order":0,"comment_status":"closed","ping_status":"closed","template":"","meta":{"footnotes":""},"class_list":["post-824","page","type-page","status-publish","hentry"],"_links":{"self":[{"href":"https:\/\/renebote.de\/index.php?rest_route=\/wp\/v2\/pages\/824","targetHints":{"allow":["GET"]}}],"collection":[{"href":"https:\/\/renebote.de\/index.php?rest_route=\/wp\/v2\/pages"}],"about":[{"href":"https:\/\/renebote.de\/index.php?rest_route=\/wp\/v2\/types\/page"}],"author":[{"embeddable":true,"href":"https:\/\/renebote.de\/index.php?rest_route=\/wp\/v2\/users\/1"}],"replies":[{"embeddable":true,"href":"https:\/\/renebote.de\/index.php?rest_route=%2Fwp%2Fv2%2Fcomments&post=824"}],"version-history":[{"count":1,"href":"https:\/\/renebote.de\/index.php?rest_route=\/wp\/v2\/pages\/824\/revisions"}],"predecessor-version":[{"id":825,"href":"https:\/\/renebote.de\/index.php?rest_route=\/wp\/v2\/pages\/824\/revisions\/825"}],"wp:attachment":[{"href":"https:\/\/renebote.de\/index.php?rest_route=%2Fwp%2Fv2%2Fmedia&parent=824"}],"curies":[{"name":"wp","href":"https:\/\/api.w.org\/{rel}","templated":true}]}}