{"id":796,"date":"2024-03-09T16:00:39","date_gmt":"2024-03-09T15:00:39","guid":{"rendered":"https:\/\/renebote.de\/?page_id=796"},"modified":"2024-03-20T20:51:11","modified_gmt":"2024-03-20T19:51:11","slug":"11-lassen-keine-haengen","status":"publish","type":"page","link":"https:\/\/renebote.de\/?page_id=796","title":{"rendered":"11 lassen keine h\u00e4ngen"},"content":{"rendered":"\n<dialog id=\"imgFull\" class=\"coverFullsizeDialog\" style=\"display: none;\" onclick=\"hideFullsizeCoverDialog();\" >\n\t<img decoding=\"async\" id=\"coverFullsize\" src=\"\" alt=\"Cover des Buchs 11 lassen keine h\u00e4ngen\" \/>\n<\/dialog>\n\n\n\n<div class=\"wp-block-columns is-layout-flex wp-container-core-columns-is-layout-28f84493 wp-block-columns-is-layout-flex\">\n<div class=\"wp-block-column is-layout-flow wp-block-column-is-layout-flow\" style=\"flex-basis:40%\">\n<img decoding=\"async\" id=\"coverPreview\" class=\"coverPreviewBook\" src=\"https:\/\/renebote.de\/wp-content\/uploads\/2024\/02\/Cover-11-lassen-keine-haengen.webp\" onclick=\"showFullsizeCoverDialog();\" alt=\"Cover des Buchs 11 lassen keine h\u00e4ngen\" \/>\n<div class=\"bookPageGeneralInfoContainer\">\n    <div class=\"bookPageEditionsContainer\">\n\t\t\t\t<img decoding=\"async\" src=\"https:\/\/renebote.de\/wp-content\/uploads\/2024\/02\/Ebook.webp\" style=\"width: 100%;\" title=\"Erh\u00e4ltlich als E-Book\" \/>\n    <\/div>\n    <div class=\"bookPageInfoRowsContainer\">\n\t\t<div class=\"bookPageInfoRow\">\n            <img decoding=\"async\" src=\"https:\/\/renebote.de\/wp-content\/uploads\/2024\/02\/Erscheinungstermin.webp\" class=\"bookPageInfoIcon\" title=\"Erscheinungsdatum\" \/>26. November 2018\n        <\/div>\n\t\t<div class=\"bookPageInfoRow\">\n            <img decoding=\"async\" src=\"https:\/\/renebote.de\/wp-content\/uploads\/2024\/02\/Seiten.webp\" class=\"bookPageInfoIcon\" title=\"Seiten\" \/>68\n        <\/div>\n\t\t<div class=\"bookPageInfoRow\">\n            <img decoding=\"async\" src=\"https:\/\/renebote.de\/wp-content\/uploads\/2024\/02\/ISBN.webp\" class=\"bookPageInfoIcon\" title=\"ISBN\" \/>978-3748102625 \n        <\/div>\n\t\t<div class=\"bookPageInfoRow\">\n            <img decoding=\"async\" src=\"https:\/\/renebote.de\/wp-content\/uploads\/2024\/02\/Verlag.webp\" class=\"bookPageInfoIcon\" title=\"Ver\u00f6ffentlicht bei\" \/>Books on Demand\n        <\/div>\n    <\/div>\n<\/div>\n<div class=\"justifyText marginTop\">\n\t<p>\nDie Ball&shy;freunde-M\u00e4dchen k\u00f6nnen es nicht fassen: Rot f\u00fcr Kitty? Keine von ihnen hat je eine schlech&shy;tere Schwalbe gesehen als die von Kittys Gegen&shy;spiele&shy;rin. Aber die Schieds&shy;richterin beharrt darauf, dass Kitty mit dem Ell&shy;bogen zuge&shy;schlagen hat, und schreibt sogar einen Sonder&shy;bericht. Kitty muss sich vor der Spruch&shy;kammer verant&shy;worten, und die scheint alles andere als unvorein&shy;genommen zu sein&#8230;\n<\/p>\n\n<\/div>\n<div class=\"fullWidthRow marginTop\">\n\t<b>E-Book \u20ac1,99<\/b>\n<\/div>\n<div class=\"fullWidthRow noBlockStartMargin\">\n\t<div style=\"width: 30%\";>\n\t\t<a href=\"https:\/\/books.apple.com\/de\/book\/11-lassen-keine-h%C3%A4ngen\/id1444643653\">\n\t\t\t<img decoding=\"async\" src=\"https:\/\/renebote.de\/wp-content\/uploads\/2024\/02\/Shop-Icon-iBooks.webp\" style=\"width: 100%; cursor: pointer;\" title=\"Link zum iBooks-Shop (Apple)\"\/>\n\t\t<\/a>\n\t<\/div>\t<div style=\"width: 30%\";>\n\t\t<a href=\"https:\/\/www.ebook.de\/de\/product\/35053288\/rene_bote_11_lassen_keine_haengen.html\">\n\t\t\t<img decoding=\"async\" src=\"https:\/\/renebote.de\/wp-content\/uploads\/2024\/02\/Shop-Icon-Ebook_de.webp\" style=\"width: 100%; cursor: pointer;\" title=\"Link zum Shop von ebook.de\"\/>\n\t\t<\/a>\n\t<\/div>\t<div style=\"width: 30%\";>\n\t\t<a href=\"https:\/\/www.bod.de\/buchshop\/11-lassen-keine-haengen-rene-bote-9783748102625\">\n\t\t\t<img decoding=\"async\" src=\"https:\/\/renebote.de\/wp-content\/uploads\/2024\/02\/Shop-Icon-BoD.webp\" style=\"width: 100%; cursor: pointer;\" title=\"Link zum Shop von BoD\"\/>\n\t\t<\/a>\n\t<\/div>\n<\/div>\n\n<div style=\"width: 100%; min-height: 50px; display: flex; flex-direction: row; border: 2px solid red; border-radius: 8px; cursor: pointer;\" onclick=\"window.location.href='https:\/\/renebote.de\/?page_id=429';\">\n    <div style=\"width: 50px; height: 100%;\">\n        <img decoding=\"async\" src=\"https:\/\/renebote.de\/wp-content\/uploads\/2024\/03\/Serienlogo-Ballfreunde-Maedchen.webp\" style=\"width: 40px; height: 40px; margin: calc((100% - 40px) \/ 2) 5px calc((100% - 40px) \/ 2) 5px;\">\n    <\/div>\n\n    <div style=\"width: calc(100% - 50px;); height: 100%; display: flex; flex-direction: column; justify-content: center;\">\n        <div style=\"color: red\">\n            <b>Zur Serienseite<\/b>\n        <\/div>\n\n        <div style=\"color: red; font-size: 0.7em;\">\n            Das Buch geh\u00f6rt zur Serie <i>Die Ballfreunde-M\u00e4dchen<\/i>\n        <\/div>\n    <\/div>\n<\/div>\n\n<div class=\"justifyText\"><p><b>Autorenplauderei: Original ohne Happy End<\/b><\/p><p>Die Ge&shy;schichte klingt zu fantas&shy;tisch, um wahr zu sein? Sch\u00f6n w\u00e4r\u2019s! Ich wurde vor Jahren selbst Zeuge, wie ein Spieler f\u00fcr ein Ver&shy;gehen, das er nicht begangen hatte, noch deut&shy;lich l\u00e4nger gesperrt wurde als Kitty in der Ge&shy;schichte, obwohl es neben mehreren ent&shy;lastenden Zeugen&shy;aussagen reich&shy;lich nach&shy;pr\u00fcf&shy;bare Fakten gab, die die einzige belas&shy;tende Aussage, auf die sich schlie\u00df&shy;lich das Urteil st\u00fctzte, als L\u00fcge entlarv&shy;ten. Im Ver&shy;gleich zum dama&shy;ligen echten Gesche&shy;hen habe ich das in der Ge&shy;schichte sogar ent&shy;sch\u00e4rfen m\u00fcssen, denn sonst w\u00e4re ein gl\u00fcck&shy;liches Ende nicht m\u00f6glich gewesen. <\/p>\n<\/div>\n<\/div>\n\n\n\n<div class=\"wp-block-column is-layout-flow wp-block-column-is-layout-flow\" style=\"flex-basis:66.66%\">\n<div class=\"justifyText\">\n<p style=\"margin-top: -5px;\">Unser Meisterschaftsspiel bei der SG Vorw\u00e4rts ist gerade drei Minuten alt, als es schon den ersten Aufreger erlebt. Eingeleitet wird die Situation von Anna, die auf ihrer linken Abwehrseite den Ball erobert und steil die Linie lang spielt f\u00fcr Kitty. Die Rechtsau\u00dfen der SG, die vorher an Anna h\u00e4ngen geblieben ist, hat keine Chance, rechtzeitig hinterherzukommen.<\/p>\n<p>Trotzdem ist es nicht nur unn\u00f6tig, dass die Spielerin aus der defensiven Zentrale der Mittelfeldraute rausr\u00fcckt. Die Rechtsverteidigerin geht Kitty bereits entgegen, um sie zu stellen, und sie hat daf\u00fcr eindeutig die bessere Ausgangslage. Es ist sogar ziemlich unklug, was die Sechserin da macht, denn hinter sich hinterl\u00e4sst sie viel zu viel freien Raum. Wenn Kitty das sieht und im richtigen Moment in die Mitte spielt, dann kann Siobh\u00e1n den Ball im vollen Lauf mitnehmen und schie\u00dfen, ehe die Innenverteidigerinnen eingreifen k\u00f6nnen.<\/p>\n<p>Kitty sieht es, aber sie kommt nicht mehr dazu, unsere irisch-\u00f6sterreichische Spielmacherin in Szene zu setzen. Die Vorw\u00e4rts-Sechserin rammt sie einfach um, sie l\u00e4uft ungebremst von der Seite in Kitty rein. Ihr hochgerissener Fu\u00df schrammt \u00fcber Kittys Knie und rei\u00dft ihr mit den Stollen die Pelle ab, und Kitty fliegt meterweit \u00fcber die Seitenlinie. Die Landung ist brutal, und dabei hat sie noch Gl\u00fcck, dass sie nur auf die flachen, abgerundeten Kantensteine am Rand des Kunstrasens knallt; viel h\u00e4tte nicht gefehlt, dass sie einen Pfosten der Bande mitnimmt.<\/p>\n<p>Das war mindestens mal grob \u00fcbermotiviert, da so reinzugehen, aber ich sehe keine Spur von Bedauern bei der Vorw\u00e4rts-Spielerin. Im Gegenteil, sie wirft Kitty nur einen ver\u00e4chtlichen Blick zu, ehe sie sich den Ball schnappt, der von der untersten Stufe der Stehtrib\u00fcne zur\u00fcckprallt. <\/p>\n<p>Zu meiner Entgeisterung wird sie mit ihrem Einwurf nicht zur\u00fcckgepfiffen. Die Schiedsrichterin l\u00e4sst das tats\u00e4chlich laufen! Dabei war das ein klares und offensichtliches Foul, und ich finde, es gibt auch wenig Argumente, bei so einem Einsteigen die gelbe Karte noch mal stecken zu lassen. Und selbst wenn sie es durchgehen l\u00e4sst, das Mindeste w\u00e4re, dass sie kurz unterbricht und nach Kitty schaut. Darum muss sich die Bank k\u00fcmmern, wir auf dem Feld haben genug damit zu tun, uns schnell genug zu sammeln, um den unversch\u00e4mten Konter abzuwehren.<\/p>\n<p>Die Flanke k\u00f6nnen wir nicht verhindern, aber Martha ist da, bevor eine der Vorw\u00e4rts-St\u00fcrmerinnen an den Ball kommen kann. Dass der Ball anschlie\u00dfend beim Abschlag so weit zur Seite geht, dass er glatt \u00fcber den Zaun fliegt, ist Absicht. Die SG-Betreuer werden davon so \u00fcberrascht, dass sekundenlang keiner dran denkt, sich um den Ersatzball zu k\u00fcmmern.<\/p>\n<p>Das gibt mir Gelegenheit, zur Schiedsrichterin zu laufen und mal vorsichtig nachzufragen, ob ich ihren Blindenhund streicheln darf. So dr\u00fccke ich es nat\u00fcrlich nicht aus, es w\u00e4re dumm, wegen Schiedsrichterbeleidigung vom Platz zu fliegen. Aber als Spielf\u00fchrerin darf ich sie doch darauf hinweisen, dass sie die Meinung, der Angriff auf Kitty w\u00e4re regelkonform gewesen, ziemlich exklusiv f\u00fcr sich hat. \u00c4ndern wird es nichts mehr, denn sobald das Spiel fortgesetzt wurde, kann die Schiedsrichterin ihre Entscheidung gar nicht mehr zur\u00fccknehmen, selbst wenn sie wollte. Mir geht\u2019s darum, dass sie sich das f\u00fcrs n\u00e4chste Mal merkt und dann nicht wieder so gro\u00dfz\u00fcgig laufen l\u00e4sst. Sie d\u00fcrfte nicht viel \u00e4lter sein als ich, 16 oder 17, vielleicht orientiert sie sich an der Bundesliga, weil sie selbst noch keine Erfahrung hat. Allerdings w\u00e4re so ein Rammsto\u00df selbst in der englischen Premier League abgepfiffen worden, und die gilt nun wirklich nicht als Terrain f\u00fcr Warmduscher.<\/p>\n<p style=\"text-align: center;\">***<\/p>\n<p>Wir m\u00fcssen ein paar Minuten in Unterzahl spielen, denn Elena will Kitty nicht zur\u00fcck aufs Feld lassen, ohne sich zu vergewissern, dass sie wirklich wieder o. k. ist. Sie wickelt einen Verband um das aufgeschrammte Knie, tastet die Schulter ab, mit der Kitty haupts\u00e4chlich aufgekommen ist, und l\u00e4sst Kitty mit ein paar Turn\u00fcbungen die Beweglichkeit der Schulter testen. Kitty hat noch Schmerzen, aber sie kann weiterspielen.<\/p>\n<p>\u201eAlles o. k.?\u201c, frage ich sie bei n\u00e4chster Gelegenheit. Sie nickt. \u201eAber das hat die dumme Nuss mit Absicht gemacht!\u201c Eine Feststellung, so, wie sie das sagt, keine Vermutung, aber aus der Luft gegriffen ist der Verdacht bestimmt nicht. Wie die Vorw\u00e4rts-Sechserin in sie reingerannt ist, ungebremst und ohne R\u00fccksicht auf Verluste, das sah echt nicht wie ein Versehen aus. Eigentlich h\u00e4tte sie sehen m\u00fcssen, dass sie so kaum den Ball erwischen kann, und dass Kitty sich bei der Aktion mit etwas Pech \u00fcbel verletzt, hat sie billigend in Kauf genommen.<\/p>\n<p>Es gibt ja Spieler, die so was mit Absicht machen, um \u201eein Zeichen zu setzen\u201c. Wenn das der Plan hinter der Attacke war, dann hat die Sechserin sich allerdings verrechnet, denn Kitty steckt kein St\u00fcck zur\u00fcck. Sie macht weiter Druck nach vorne, geht ins Eins-gegen-eins, wenn das die beste Option ist, und nimmt die Zweik\u00e4mpfe an, wenn sie nach hinten arbeiten muss.<\/p>\n<p>Vielleicht fordert sie damit das Schicksal heraus, zumindest aber die Sechserin der SG Vorw\u00e4rts. Das erste Foul liegt erst ein paar Minuten zur\u00fcck, als sie Kitty diesmal in die Hacken steigt. Kitty zieht mit dem Ball am Fu\u00df in die Mitte und wird kurz vor dem Strafraum gef\u00e4llt.<\/p>\n<p>Sie macht einen Bauchfletscher, und diesmal ist das Foul so offensichtlich, dass die Schiedsrichterin den Freisto\u00df geben muss. Sie steht direkt daneben, mit freier Sicht aufs Geschehen, und es kann keinen Zweifel geben, dass die Sechserin der SG Kitty voll und den Ball \u00fcberhaupt nicht trifft. Die Karte bleibt allerdings wieder aus, obwohl sowohl das r\u00fccksichtslose Einsteigen von hinten als auch die Spielsituation, die das Foul unterbindet, jeweils Grund genug f\u00fcr eine Verwarnung ist. Allm\u00e4hlich m\u00fcsste da wirklich mal was passieren, schon zu Kittys Schutz.<\/p>\n<\/div>\n<\/div>\n<\/div>\n","protected":false},"excerpt":{"rendered":"<p>26. November 2018 68 978-3748102625 Books on Demand Die Ball&shy;freunde-M\u00e4dchen k\u00f6nnen es nicht fassen: Rot f\u00fcr Kitty? Keine von ihnen hat je eine schlech&shy;tere Schwalbe gesehen als die von Kittys Gegen&shy;spiele&shy;rin. Aber die Schieds&shy;richterin beharrt darauf, dass Kitty mit dem Ell&shy;bogen zuge&shy;schlagen hat, und schreibt sogar einen Sonder&shy;bericht. Kitty muss sich vor der Spruch&shy;kammer verant&shy;worten, [&hellip;]<\/p>\n","protected":false},"author":1,"featured_media":0,"parent":0,"menu_order":0,"comment_status":"closed","ping_status":"closed","template":"","meta":{"footnotes":""},"class_list":["post-796","page","type-page","status-publish","hentry"],"_links":{"self":[{"href":"https:\/\/renebote.de\/index.php?rest_route=\/wp\/v2\/pages\/796","targetHints":{"allow":["GET"]}}],"collection":[{"href":"https:\/\/renebote.de\/index.php?rest_route=\/wp\/v2\/pages"}],"about":[{"href":"https:\/\/renebote.de\/index.php?rest_route=\/wp\/v2\/types\/page"}],"author":[{"embeddable":true,"href":"https:\/\/renebote.de\/index.php?rest_route=\/wp\/v2\/users\/1"}],"replies":[{"embeddable":true,"href":"https:\/\/renebote.de\/index.php?rest_route=%2Fwp%2Fv2%2Fcomments&post=796"}],"version-history":[{"count":2,"href":"https:\/\/renebote.de\/index.php?rest_route=\/wp\/v2\/pages\/796\/revisions"}],"predecessor-version":[{"id":993,"href":"https:\/\/renebote.de\/index.php?rest_route=\/wp\/v2\/pages\/796\/revisions\/993"}],"wp:attachment":[{"href":"https:\/\/renebote.de\/index.php?rest_route=%2Fwp%2Fv2%2Fmedia&parent=796"}],"curies":[{"name":"wp","href":"https:\/\/api.w.org\/{rel}","templated":true}]}}