{"id":793,"date":"2024-03-09T15:42:39","date_gmt":"2024-03-09T14:42:39","guid":{"rendered":"https:\/\/renebote.de\/?page_id=793"},"modified":"2024-03-25T16:52:04","modified_gmt":"2024-03-25T15:52:04","slug":"lonelyleos-neues-leben","status":"publish","type":"page","link":"https:\/\/renebote.de\/?page_id=793","title":{"rendered":"@LonelyLeo&#8217;s neues Leben"},"content":{"rendered":"\n<dialog id=\"imgFull\" class=\"coverFullsizeDialog\" style=\"display: none;\" onclick=\"hideFullsizeCoverDialog();\" >\n\t<img decoding=\"async\" id=\"coverFullsize\" src=\"\" alt=\"Cover des Buchs @LonelyLeo's neues Leben\" \/>\n<\/dialog>\n\n\n\n<div class=\"wp-block-columns is-layout-flex wp-container-core-columns-is-layout-28f84493 wp-block-columns-is-layout-flex\">\n<div class=\"wp-block-column is-layout-flow wp-block-column-is-layout-flow\" style=\"flex-basis:40%\">\n<img decoding=\"async\" id=\"coverPreview\" class=\"coverPreviewBook\" src=\"https:\/\/renebote.de\/wp-content\/uploads\/2024\/02\/Cover-LonelyLeos-neues-Leben.webp\" onclick=\"showFullsizeCoverDialog();\" alt=\"Cover des Buchs @LonelyLeo's neues Leben\" \/>\n<div class=\"bookPageGeneralInfoContainer\">\n    <div class=\"bookPageEditionsContainer\">\n\t\t\t\t<img decoding=\"async\" src=\"https:\/\/renebote.de\/wp-content\/uploads\/2024\/02\/Ebook.webp\" style=\"width: 100%;\" title=\"Erh\u00e4ltlich als E-Book\" \/>\n\t\t<img decoding=\"async\" src=\"https:\/\/renebote.de\/wp-content\/uploads\/2024\/02\/Buch.webp\" style=\"width: 100%;\" title=\"Erh\u00e4ltlich als Taschenbuch\" \/>\n    <\/div>\n    <div class=\"bookPageInfoRowsContainer\">\n\t\t<div class=\"bookPageInfoRow\">\n            <img decoding=\"async\" src=\"https:\/\/renebote.de\/wp-content\/uploads\/2024\/02\/Erscheinungstermin.webp\" class=\"bookPageInfoIcon\" title=\"Erscheinungsdatum\" \/>15. Oktober 2018\n        <\/div>\n\t\t<div class=\"bookPageInfoRow\">\n            <img decoding=\"async\" src=\"https:\/\/renebote.de\/wp-content\/uploads\/2024\/02\/Seiten.webp\" class=\"bookPageInfoIcon\" title=\"Seiten\" \/>92\n        <\/div>\n\t\t<div class=\"bookPageInfoRow\">\n            <img decoding=\"async\" src=\"https:\/\/renebote.de\/wp-content\/uploads\/2024\/02\/ISBN.webp\" class=\"bookPageInfoIcon\" title=\"ISBN\" \/>978-3748133353 \n        <\/div>\n\t\t<div class=\"bookPageInfoRow\">\n            <img decoding=\"async\" src=\"https:\/\/renebote.de\/wp-content\/uploads\/2024\/02\/Verlag.webp\" class=\"bookPageInfoIcon\" title=\"Ver\u00f6ffentlicht bei\" \/>Books on Demand\n        <\/div>\n    <\/div>\n<\/div>\n<div class=\"justifyText marginTop\">\n\t<p>Neuer Job f\u00fcr den Vater &ndash; neue Stadt: M\u00fclheim, weit weg von der alten Heimat im Ruhr&shy;gebiet. Leonie, 14, f\u00e4ngt komplett neu an, zwangs&shy;l\u00e4ufig. Keine Ahnung von nichts, v\u00f6lli&shy;ges Neuland. Viel&shy;leicht gibt es Hilfe beim Jugend-Pot&shy;pourri, dem Forum f\u00fcr Kinder und Jugend&shy;liche? Als <i>Lonely&shy;Leo<\/i> meldet sie sich an und ver&shy;sucht, Kon&shy;takte zu kn\u00fcpfen. Aber halten die Wasser&shy;hexe und Ritzel im wahren Leben, was sie im Forum ver&shy;sprechen?<\/p>\n<p>Eine Ge&shy;schichte, erz\u00e4hlt in 156 Foren-Bei&shy;tr\u00e4gen.<\/p>\n\n<\/div>\n<div class=\"fullWidthRow marginTop\">\n\t<b>E-Book \u20ac2,49<\/b>\n<\/div>\n<div class=\"fullWidthRow noBlockStartMargin\">\n\t<div style=\"width: 30%\";>\n\t\t<a href=\"https:\/\/books.apple.com\/de\/book\/lonelyleos-neues-leben\/id1442287980\">\n\t\t\t<img decoding=\"async\" src=\"https:\/\/renebote.de\/wp-content\/uploads\/2024\/02\/Shop-Icon-iBooks.webp\" style=\"width: 100%; cursor: pointer;\" title=\"Link zum iBooks-Shop (Apple)\"\/>\n\t\t<\/a>\n\t<\/div>\t<div style=\"width: 30%\";>\n\t\t<a href=\"https:\/\/www.ebook.de\/de\/product\/34873229\/rene_bote_lonelyleo_s_neues_leben.html\">\n\t\t\t<img decoding=\"async\" src=\"https:\/\/renebote.de\/wp-content\/uploads\/2024\/02\/Shop-Icon-Ebook_de.webp\" style=\"width: 100%; cursor: pointer;\" title=\"Link zum Shop von ebook.de\"\/>\n\t\t<\/a>\n\t<\/div>\t<div style=\"width: 30%\";>\n\t\t<a href=\"https:\/\/www.bod.de\/buchshop\/lonelyleos-neues-leben-rene-bote-9783748114390\">\n\t\t\t<img decoding=\"async\" src=\"https:\/\/renebote.de\/wp-content\/uploads\/2024\/02\/Shop-Icon-BoD.webp\" style=\"width: 100%; cursor: pointer;\" title=\"Link zum Shop von BoD\"\/>\n\t\t<\/a>\n\t<\/div>\n<\/div>\n<div class=\"fullWidthRow marginTop\">\n\t<b>Taschenbuch \u20ac4,90<\/b>\n<\/div>\n<div class=\"fullWidthRow noBlockStartMargin\">\n    <div style=\"width: 30%\";>\n\t\t<a href=\"https:\/\/www.ebook.de\/de\/product\/34668884\/rene_bote_lonelyleo_s_neues_leben.html\">\n            <img decoding=\"async\" src=\"https:\/\/renebote.de\/wp-content\/uploads\/2024\/02\/Shop-Icon-Ebook_de.webp\" style=\"width: 100%; cursor: pointer;\" title=\"Link zum Shop von ebook.de\"\/>\n        <\/a>\n    <\/div>    <div style=\"width: 30%\";>\n        <a href=\"https:\/\/www.bod.de\/buchshop\/lonelyleos-neues-leben-rene-bote-9783748133353\">\n\t\t\t<img decoding=\"async\" src=\"https:\/\/renebote.de\/wp-content\/uploads\/2024\/02\/Shop-Icon-BoD.webp\" style=\"width: 100%; cursor: pointer;\" title=\"Link zum Shop von BoD\"\/>\n        <\/a>\n    <\/div>\n<\/div>\n<div class=\"justifyText\"><p><b>Autorenplauderei: Dar&shy;stel&shy;lung eines Forums<\/b><\/p><p>Die Ge&shy;schichte wird aus&shy;schlie\u00df&shy;lich in Form von Bei&shy;tr\u00e4gen erz\u00e4hlt, die ver&shy;schiedene Personen in einem Internet&shy;forum schreiben. Das war nicht nur eine Heraus&shy;forderung beim Schreiben, sondern auch bei der Ge&shy;staltung. Ich musste eine Weile experimen&shy;tieren, bis ich eine L\u00f6sung gefunden habe, die Struktur eines Internet&shy;forums m\u00f6g&shy;lichst anschau&shy;lich nachzu&shy;bilden, ohne die Seiten mit Grafiken zu \u00fcber&shy;frachten. Dabei musste ich auch die sp\u00e4tere E-Book-Konver&shy;tierung im Auge behalten, und darauf achten, wie die Grafiken in Grau&shy;t\u00f6nen wirken; farbiger Druck auf allen Seiten h\u00e4tte die Druck&shy;ausgabe zu sehr ver&shy;teuert.<\/p>\n<\/div>\n<\/div>\n\n\n\n<div class=\"wp-block-column is-layout-flow wp-block-column-is-layout-flow\" style=\"flex-basis:66.66%\">\n<p class=\"justifyText\">\n    <em>Bedingt durch die Art der Erz\u00e4hlung hat bei diesem Buch auch die Leseprobe nicht das gewohnte Format. Statt eines zusammenh\u00e4ngenden Textes ver\u00f6ffentliche ich hier zum Reinschmecken die ersten\n    neun Posts, die sich aus Leonies erstem Auftritt im Forum ergeben.<\/em>\n<\/p>\n<table>\n    <tbody>\n\t\t<tr>\n\t\t\t<td colspan=\"2\">\n\t\t\t\t<hr>\n\t\t\t\tDu bist hier: Rund ums Forum \u21d2 Ich bin der\/die&#8230;\n\n\t\t\t\t<hr>\n\t\t\t<\/td>\n\t\t<\/tr>\n\n\t\t<tr>\n\t\t\t<td style=\"vertical-align: top;\">\n\t\t\t\t<img decoding=\"async\" src=\"https:\/\/renebote.de\/wp-content\/uploads\/2024\/03\/LonelyLeos-neues-Leben-Forum-Avatar-Leonie-Lonely-Leo.webp\"><br>\n\t\t\t\t<b>LonelyLeo<\/b><br>\n\t\t\t\tRegistriert seit 29.07.18<br>\n\t\t\t\tBeitr\u00e4ge: 1<br>\n\t\t\t\t<br>\n\t\t\t\t29.07.18 13:45\n\t\t\t<\/td>\n\t\t\t<td style=\"vertical-align: top;\">\n\t\t\t\tHallo ihr!<br>\n\t\t\t\t<br>\n\t\t\t\tIch bin Leo und demn\u00e4chst ziemlich einsam (daher auch das &#8222;lonely&#8220; im Nick). Ich muss n\u00e4mlich umziehen, weil mein Vater einen neuen Job hat. M\u00fclheim, das ist voll weit weg von hier, und\n\t\t\t\tich hab keine Ahnung, wie\u2019s da aussieht. War einer von euch schon mal da?\n\t\t\t<\/td>\n\t\t<\/tr>\n\n\t\t<tr>\n\t\t\t<td colspan=\"2\">\n\t\t\t\t<hr>\n\t\t\t<\/td>\n\t\t<\/tr>\n\n\t\t<tr>\n\t\t\t<td style=\"vertical-align: top;\">\n\t\t\t\t<img decoding=\"async\" src=\"https:\/\/renebote.de\/wp-content\/uploads\/2024\/03\/LonelyLeos-neues-Leben-Forum-Avatar-Stefanie-Steff-Sergeant.webp\"><br>\n\t\t\t\t<b>Steff Sergeant<\/b><br>\n\t\t\t\tModerator<br>\n\t\t\t\tRegistriert seit 12.04.12<br>\n\t\t\t\tBeitr\u00e4ge: 6837<br>\n\t\t\t\t<br>\n\t\t\t\t29.07.18 13:51\n\t\t\t<\/td>\n\t\t\t<td style=\"vertical-align: top;\">\n\t\t\t\tWillkommen beim Jugend-Potpourri, Leo! Ich kann mir vorstellen, wie\u2019s Dir geht. Ich musste zweimal umziehen, mit 8 und mit 12. Beim ersten Mal bin ich nur innerhalb von Frankfurt\n\t\t\t\tumgezogen, aber ich musste trotzdem auf eine andere Schule und hab den Kontakt zu allen Freunden verloren. Machst Du Sport oder was anderes, wo Du Dich in nem Verein oder so anmelden\n\t\t\t\tkannst? Das hilft, schneller wieder wen zu finden.<br>\n\t\t\t\t<br>\n\t\t\t\tGru\u00df von Steffi\n\t\t\t<\/td>\n\t\t<\/tr>\n\n\t\t<tr>\n\t\t\t<td colspan=\"2\">\n\t\t\t\t<hr>\n\t\t\t<\/td>\n\t\t<\/tr>\n\n\t\t<tr>\n\t\t\t<td style=\"vertical-align: top;\">\n\t\t\t\t<img decoding=\"async\" src=\"https:\/\/renebote.de\/wp-content\/uploads\/2024\/03\/LonelyLeos-neues-Leben-Forum-Avatar-Leonie-Lonely-Leo.webp\"><br>\n\t\t\t\t<b>LonelyLeo<\/b><br>\n\t\t\t\tRegistriert seit 29.07.18<br>\n\t\t\t\tBeitr\u00e4ge: 2<br>\n\t\t\t\t<br>\n\t\t\t\t29.07.18 14:20\n\t\t\t<\/td>\n\t\t\t<td style=\"vertical-align: top;\">\n\t\t\t\tIch bin beim Tischtennis. Hoffentlich finde ich in M\u00fclheim einen Verein.\n\t\t\t<\/td>\n\t\t<\/tr>\n\n\t\t<tr>\n\t\t\t<td colspan=\"2\">\n\t\t\t\t<hr>\n\t\t\t<\/td>\n\t\t<\/tr>\n\n\t\t<tr>\n\t\t\t<td style=\"vertical-align: top;\">\n\t\t\t\t<img decoding=\"async\" src=\"https:\/\/renebote.de\/wp-content\/uploads\/2024\/03\/LonelyLeos-neues-Leben-Forum-Avatar-Michael-Ritter-Gustl.webp\"><br>\n\t\t\t\t<b>Ritter Gustl<\/b><br>\n\t\t\t\tRegistriert seit 15.09.15<br>\n\t\t\t\tBeitr\u00e4ge: 83<br>\n\t\t\t\t<br>\n\t\t\t\t29.07.18 15:37\n\t\t\t<\/td>\n\t\t\t<td style=\"vertical-align: top;\">\n\t\t\t\tM\u00fchlheim? Kannst Du \u00fcberhaupt Franz\u00f6sisch? Sonst ist das ja echt Schei\u00dfe.\n\t\t\t<\/td>\n\t\t<\/tr>\n\n\t\t<tr>\n\t\t\t<td colspan=\"2\">\n\t\t\t\t<hr>\n\t\t\t<\/td>\n\t\t<\/tr>\n\n\t\t<tr>\n\t\t\t<td style=\"vertical-align: top;\">\n\t\t\t\t<img decoding=\"async\" src=\"https:\/\/renebote.de\/wp-content\/uploads\/2024\/03\/LonelyLeos-neues-Leben-Forum-Avatar-Leonie-Lonely-Leo.webp\"><br>\n\t\t\t\t<b>LonelyLeo<\/b><br>\n\t\t\t\tRegistriert seit 29.07.18<br>\n\t\t\t\tBeitr\u00e4ge: 3<br>\n\t\t\t\t<br>\n\t\t\t\t29.07.18 16:02\n\t\t\t<\/td>\n\t\t\t<td style=\"vertical-align: top;\">\n\t\t\t\tWieso Franz\u00f6sisch? M\u00fclheim liegt doch in Deutschland.\n\t\t\t<\/td>\n\t\t<\/tr>\n\n\t\t<tr>\n\t\t\t<td colspan=\"2\">\n\t\t\t\t<hr>\n\t\t\t<\/td>\n\t\t<\/tr>\n\n\t\t<tr>\n\t\t\t<td style=\"vertical-align: top;\">\n\t\t\t\t<img decoding=\"async\" src=\"https:\/\/renebote.de\/wp-content\/uploads\/2024\/03\/LonelyLeos-neues-Leben-Forum-Avatar-Elisabeth-Betty2003.webp\"><br>\n\t\t\t\t<b>Betty2003<\/b><br>\n\t\t\t\tRegistriert seit 10.08.18<br>\n\t\t\t\tBeitr\u00e4ge: 245<br>\n\t\t\t\t<br>\n\t\t\t\t29.07.18 16:22\n\t\t\t<\/td>\n\t\t\t<td style=\"vertical-align: top;\">\n\t\t\t\tIch glaube, <font color=\"grey\">@Ritter Gustl<\/font> hat M\u00fclheim mit M\u00fclhausen verwechselt. Das liegt im Elsass, also in Frankreich. Gustl, M\u00fclheim ist eine Stadt im Ruhrgebiet.<br>\n\t\t\t\t<br>\n\t\t\t\tWo hast Du eigentlich bis jetzt gewohnt, <font color=\"grey\">@LonelyLeo<\/font>?\n\t\t\t<\/td>\n\t\t<\/tr>\n\n\t\t<tr>\n\t\t\t<td colspan=\"2\">\n\t\t\t\t<hr>\n\t\t\t<\/td>\n\t\t<\/tr>\n\n\t\t<tr>\n\t\t\t<td style=\"vertical-align: top;\">\n\t\t\t\t<img decoding=\"async\" src=\"https:\/\/renebote.de\/wp-content\/uploads\/2024\/03\/LonelyLeos-neues-Leben-Forum-Avatar-Leonie-Lonely-Leo.webp\"><br>\n\t\t\t\t<b>LonelyLeo<\/b><br>\n\t\t\t\tRegistriert seit 29.07.18<br>\n\t\t\t\tBeitr\u00e4ge: 4<br>\n\t\t\t\t<br>\n\t\t\t\t29.07.18 16:30\n\t\t\t<\/td>\n\t\t\t<td style=\"vertical-align: top;\">\n\t\t\t\tK\u00e4mpfelbach. Sagt Dir bestimmt nichts, oder? Liegt bei Pforzheim. So 25km bis nach Stuttgart.<br>\n\t\t\t\t<br>\n\t\t\t\t<font color=\"grey\">@Ritter Gustl<\/font>: Ich kann Franz\u00f6sisch, hab seit der 7. Franze.\n\t\t\t<\/td>\n\t\t<\/tr>\n\n\t\t<tr>\n\t\t\t<td colspan=\"2\">\n\t\t\t\t<hr>\n\t\t\t<\/td>\n\t\t<\/tr>\n\n\t\t<tr>\n\t\t\t<td style=\"vertical-align: top;\">\n\t\t\t\t<img decoding=\"async\" src=\"https:\/\/renebote.de\/wp-content\/uploads\/2024\/03\/LonelyLeos-neues-Leben-Forum-Avatar-Melanie-Sozia.webp\"><br>\n\t\t\t\t<b>Sozia<\/b><br>\n\t\t\t\tRegistriert seit 23.07.17<br>\n\t\t\t\tBeitr\u00e4ge: 107<br>\n\t\t\t\t<br>\n\t\t\t\t29.07.18 17:15\n\t\t\t<\/td>\n\t\t\t<td style=\"vertical-align: top;\">\n\t\t\t\tVoll am ADW, wie? Ich w\u00e4re an Deiner Stelle froh, wenn ich da wegziehen k\u00f6nnte. Bei mir ist nix los, nicht mal ein gescheiter Laden, und alleine komm ich nirgendwo hin. Der Schulbus f\u00e4hrt\n\t\t\t\tnur morgens, sonst alle zwei Stunden einer und immer \u00fcber 1000 D\u00f6rfer. Ich bin froh, dass mein Freund die Karre hat und mich f\u00e4hrt, sonst w\u00fcrde ich hier eingehen.\n\t\t\t<\/td>\n\t\t<\/tr>\n\n\t\t<tr>\n\t\t\t<td colspan=\"2\">\n\t\t\t\t<hr>\n\t\t\t<\/td>\n\t\t<\/tr>\n\n\t\t<tr>\n\t\t\t<td style=\"vertical-align: top;\">\n\t\t\t\t<img decoding=\"async\" src=\"https:\/\/renebote.de\/wp-content\/uploads\/2024\/03\/LonelyLeos-neues-Leben-Forum-Avatar-Leonie-Lonely-Leo.webp\"><br>\n\t\t\t\t<b>LonelyLeo<\/b><br>\n\t\t\t\tRegistriert seit 29.07.18<br>\n\t\t\t\tBeitr\u00e4ge: 5<br>\n\t\t\t\t<br>\n\t\t\t\t29.07.18 18:22\n\t\t\t<\/td>\n\t\t\t<td style=\"vertical-align: top;\">\n\t\t\t\t<font color=\"grey\">@Sozia<\/font>: Sind ja nur ein paar Kilometer bis Pforzheim, da fahr ich mit dem Rad. Wohnst Du so weit drau\u00dfen, oder was?<br>\n\t\t\t\t<br>\n\t\t\t\tWei\u00df ich echt keiner was \u00fcber M\u00fclheim?\n\t\t\t<\/td>\n\t\t<\/tr>\n\t<\/tbody>\n<\/table>\n<\/div>\n<\/div>\n","protected":false},"excerpt":{"rendered":"<p>15. Oktober 2018 92 978-3748133353 Books on Demand Neuer Job f\u00fcr den Vater &ndash; neue Stadt: M\u00fclheim, weit weg von der alten Heimat im Ruhr&shy;gebiet. Leonie, 14, f\u00e4ngt komplett neu an, zwangs&shy;l\u00e4ufig. Keine Ahnung von nichts, v\u00f6lli&shy;ges Neuland. Viel&shy;leicht gibt es Hilfe beim Jugend-Pot&shy;pourri, dem Forum f\u00fcr Kinder und Jugend&shy;liche? Als Lonely&shy;Leo meldet sie sich [&hellip;]<\/p>\n","protected":false},"author":1,"featured_media":0,"parent":0,"menu_order":0,"comment_status":"closed","ping_status":"closed","template":"","meta":{"footnotes":""},"class_list":["post-793","page","type-page","status-publish","hentry"],"_links":{"self":[{"href":"https:\/\/renebote.de\/index.php?rest_route=\/wp\/v2\/pages\/793","targetHints":{"allow":["GET"]}}],"collection":[{"href":"https:\/\/renebote.de\/index.php?rest_route=\/wp\/v2\/pages"}],"about":[{"href":"https:\/\/renebote.de\/index.php?rest_route=\/wp\/v2\/types\/page"}],"author":[{"embeddable":true,"href":"https:\/\/renebote.de\/index.php?rest_route=\/wp\/v2\/users\/1"}],"replies":[{"embeddable":true,"href":"https:\/\/renebote.de\/index.php?rest_route=%2Fwp%2Fv2%2Fcomments&post=793"}],"version-history":[{"count":3,"href":"https:\/\/renebote.de\/index.php?rest_route=\/wp\/v2\/pages\/793\/revisions"}],"predecessor-version":[{"id":1119,"href":"https:\/\/renebote.de\/index.php?rest_route=\/wp\/v2\/pages\/793\/revisions\/1119"}],"wp:attachment":[{"href":"https:\/\/renebote.de\/index.php?rest_route=%2Fwp%2Fv2%2Fmedia&parent=793"}],"curies":[{"name":"wp","href":"https:\/\/api.w.org\/{rel}","templated":true}]}}