{"id":777,"date":"2024-03-09T14:21:33","date_gmt":"2024-03-09T13:21:33","guid":{"rendered":"https:\/\/renebote.de\/?page_id=777"},"modified":"2024-03-25T15:22:11","modified_gmt":"2024-03-25T14:22:11","slug":"zwischen-aktenstaub-und-meeresstrand","status":"publish","type":"page","link":"https:\/\/renebote.de\/?page_id=777","title":{"rendered":"Zwischen Aktenstaub und Meeresstrand"},"content":{"rendered":"\n<dialog id=\"imgFull\" class=\"coverFullsizeDialog\" style=\"display: none;\" onclick=\"hideFullsizeCoverDialog();\" >\n\t<img decoding=\"async\" id=\"coverFullsize\" src=\"\" alt=\"Cover des Buchs Zwischen Aktenstaub und Meeresstrand\" \/>\n<\/dialog>\n\n\n\n<div class=\"wp-block-columns is-layout-flex wp-container-core-columns-is-layout-28f84493 wp-block-columns-is-layout-flex\">\n<div class=\"wp-block-column is-layout-flow wp-block-column-is-layout-flow\" style=\"flex-basis:40%\">\n<img decoding=\"async\" id=\"coverPreview\" class=\"coverPreviewBook\" src=\"https:\/\/renebote.de\/wp-content\/uploads\/2024\/02\/Cover-Zwischen-Aktenstaub-und-Meeresstrand.webp\" onclick=\"showFullsizeCoverDialog();\" alt=\"Cover des Buchs Zwischen Aktenstaub und Meeresstrand\" \/>\n<div class=\"bookPageGeneralInfoContainer\">\n    <div class=\"bookPageEditionsContainer\">\n\t\t\t\t<img decoding=\"async\" src=\"https:\/\/renebote.de\/wp-content\/uploads\/2024\/02\/Ebook.webp\" style=\"width: 100%;\" title=\"Erh\u00e4ltlich als E-Book\" \/>\n    <\/div>\n    <div class=\"bookPageInfoRowsContainer\">\n\t\t<div class=\"bookPageInfoRow\">\n            <img decoding=\"async\" src=\"https:\/\/renebote.de\/wp-content\/uploads\/2024\/02\/Erscheinungstermin.webp\" class=\"bookPageInfoIcon\" title=\"Erscheinungsdatum\" \/>26. M\u00e4rz 2018\n        <\/div>\n\t\t<div class=\"bookPageInfoRow\">\n            <img decoding=\"async\" src=\"https:\/\/renebote.de\/wp-content\/uploads\/2024\/02\/Seiten.webp\" class=\"bookPageInfoIcon\" title=\"Seiten\" \/>15\n        <\/div>\n\t\t<div class=\"bookPageInfoRow\">\n            <img decoding=\"async\" src=\"https:\/\/renebote.de\/wp-content\/uploads\/2024\/02\/ISBN.webp\" class=\"bookPageInfoIcon\" title=\"ISBN\" \/>978-3746098616 \n        <\/div>\n\t\t<div class=\"bookPageInfoRow\">\n            <img decoding=\"async\" src=\"https:\/\/renebote.de\/wp-content\/uploads\/2024\/02\/Verlag.webp\" class=\"bookPageInfoIcon\" title=\"Ver\u00f6ffentlicht bei\" \/>Books on Demand\n        <\/div>\n    <\/div>\n<\/div>\n<div class=\"justifyText marginTop\">\n\t<p>Die ganze 10a freut sich auf die Abschlussfahrt nach D\u00e4nemark. Auch Mia schmiedet Pl\u00e4ne, was sie am Nordseestrand alles erleben will. Doch dann verliert ihr Vater seine Arbeit, und pl\u00f6tzlich ist kein Geld mehr da f\u00fcr die Reise. Mia beschlie\u00dft, sich die Fahrt selbst zu verdienen, aber sie muss lernen, dass es gar nicht so leicht ist, Schule, Arbeit und Freundschaften unter einen Hut zu bringen. Alles droht zu zerbrechen, bis sie Hilfe von unerwarteter Seite bekommt&#8230;<\/p>\n\n<\/div>\n<div class=\"fullWidthRow marginTop\">\n\t<b>Gratis-E-Book<\/b>\n<\/div>\n<div class=\"fullWidthRow noBlockStartMargin\">\n\t<div style=\"width: 30%\";>\n\t\t<a href=\"https:\/\/books.apple.com\/de\/book\/zwischen-aktenstaub-und-meeresstrand\/id1363949961\">\n\t\t\t<img decoding=\"async\" src=\"https:\/\/renebote.de\/wp-content\/uploads\/2024\/02\/Shop-Icon-iBooks.webp\" style=\"width: 100%; cursor: pointer;\" title=\"Link zum iBooks-Shop (Apple)\"\/>\n\t\t<\/a>\n\t<\/div>\t<div style=\"width: 30%\";>\n\t\t<a href=\"https:\/\/www.ebook.de\/de\/product\/32580309\/ren_bote_zwischen_aktenstaub_und_meeresstrand.html\">\n\t\t\t<img decoding=\"async\" src=\"https:\/\/renebote.de\/wp-content\/uploads\/2024\/02\/Shop-Icon-Ebook_de.webp\" style=\"width: 100%; cursor: pointer;\" title=\"Link zum Shop von ebook.de\"\/>\n\t\t<\/a>\n\t<\/div>\t<div style=\"width: 30%\";>\n\t\t<a href=\"https:\/\/www.bod.de\/buchshop\/zwischen-aktenstaub-und-meeresstrand-rene-bote-9783746098616\">\n\t\t\t<img decoding=\"async\" src=\"https:\/\/renebote.de\/wp-content\/uploads\/2024\/02\/Shop-Icon-BoD.webp\" style=\"width: 100%; cursor: pointer;\" title=\"Link zum Shop von BoD\"\/>\n\t\t<\/a>\n\t<\/div>\n<\/div>\n\n<div class=\"justifyText\"><p><b>Autorenplauderei: Bild als Geschich&shy;ten&shy;vorlage<\/b><\/p><p>Norma&shy;ler&shy;weise steht am Anfang einer Ge&shy;schichte die Idee, die sich viel&shy;leicht aus einer fl\u00fcch&shy;tigen Beobach&shy;tung im Alltag oder einem Bericht in der Zeitung ergibt. Hier war es anders, ich hatte Lust, etwas Kurzes zu schrei&shy;ben, und habe mir eine Reihe von Bildern ange&shy;sehen und bei jedem \u00fcber&shy;legt, ob mir dazu eine Ge&shy;schichte einf\u00e4llt. Aus diesem Bild ist am Ende inner&shy;halb von zwei Tagen die kurze Erz\u00e4h&shy;lung ent&shy;standen:<\/p>\n<\/div>\n\n<dialog id=\"imgFullVorlage\" class=\"coverFullsizeDialog\"  onclick=\"hideEbookFull('imgFullVorlage');\" >\n\t<img decoding=\"async\" id=\"coverFullsizeVorlage\" src=\"\" alt=\"Bildvorlage f\u00fcr die Geschichte Zwischen Aktenstaub und Meeresstrand\" \/>\n<\/dialog>\n\n<div style=\"width: 100%;\">\n<img decoding=\"async\" id=\"coverPreviewVorlage\" class=\"coverPreviewBook\" src=\"https:\/\/renebote.de\/wp-content\/uploads\/2024\/03\/Zwischen-Aktenstaub-und-Meeresstrand-Geschichtenvorlage-scaled.webp\" onclick=\"showEbookFull('coverPreviewVorlage', 'coverFullsizeVorlage', 'imgFullVorlage');\" alt=\"Bildvorlage f\u00fcr die Geschichte Zwischen Aktenstaub und Meeresstrand\" \/>\n<\/div>\n<\/div>\n\n\n\n<div class=\"wp-block-column is-layout-flow wp-block-column-is-layout-flow\" style=\"flex-basis:66.66%\">\n<div class=\"justifyText\">\n<p style=\"margin-top: -5px;\">Dr. Broich \u2013 links. Noch mal Dr. Broich \u2013 wieder links. Zweimal Peters \u2013 rechts. Broich \u2013 links, Peters rechts. Dazwischen einmal Koroszek, ganz nach rechts. Der war nur kurz in der Kanzlei t\u00e4tig gewesen, deshalb gab es von ihm auch nicht viele Akten.<\/p>\n<p>Aktenmappen zu sortieren war der \u00f6deste Job, den Mia sich vorstellen konnte. Abgegriffene Hefter aus Pappe oder Plastik, manche d\u00fcnn, andere prall gef\u00fcllt. Jeder mit einem Aktenzeichen versehen, und mit dem Namen des Anwalts, der den Vorgang bearbeitet hatte. Alle durcheinander in die Regale gestopft, ein heilloses Chaos, und Mia durfte Stunden um Stunden damit verbringen, das zu sortieren. Leicht verdientes Geld, konnte man behaupten, nicht k\u00f6rperlich anstrengend und auch keine geistige Herausforderung, von jeder Mappe den Namen des Anwalts abzulesen und die Mappe dann auf den entsprechenden Stapel zu legen. Aber genau das machte es auch so langweilig, und nicht zum ersten Mal dachte sie, dass sie sich vielleicht doch besser etwas anderes gesucht h\u00e4tte.<\/p>\n<p>Seufzend klatschte sie den ungef\u00e4hr zweihundertsten Dr. Broich des Tages auf den Stapel links, dann st\u00fctzte sie die Ellbogen auf den Stapel zu sichtender Akten vor ihr auf dem Schreibtisch und das Kinn auf die H\u00e4nde. Wie viele Dr. Broichs, Peters\u2018 und Koroszeks sie wohl noch sortieren w\u00fcrde, bis sie das Geld f\u00fcr die Klassenfahrt zusammenhatte?<\/p>\n<\/div>\n<\/div>\n<\/div>\n\n\n\n<script type=\"text\/javascript\">\n\nfunction showEbookFull(src, target, dialg) {\n    \/\/ Source des Vollbilds von der des Vorschaubilds \u00fcbernehmen\n    var imgSmall = document.getElementById(src);\n    var imgFull = document.getElementById(target);\n    imgFull.src = imgSmall.src;\n    \/\/ Dialog anzeigen\n    var dlg = document.getElementById(dialg);\n    dlg.style.display=\"flex\";\n    \/\/ Verhindern, dass w\u00e4hrend der Anzeige des Covers im Vollbild gescrollt werden kann\n    document.getElementsByTagName(\"body\")[0].style.overflow = \"hidden\";\n}\n\nfunction hideEbookFull(dialg) {\n    \/\/ Dialog finden und Sichtbarkeit ausschalten\n    var dlg = document.getElementById(dialg);\n    dlg.style.display=\"none\";\n    \/\/ Scrollen (wird w\u00e4hrend der Vollbildanzeige unterdr\u00fcckt) wieder einschalten\n    document.getElementsByTagName(\"body\")[0].style.overflow = \"\";\n}\n\n<\/script>\n","protected":false},"excerpt":{"rendered":"<p>26. M\u00e4rz 2018 15 978-3746098616 Books on Demand Die ganze 10a freut sich auf die Abschlussfahrt nach D\u00e4nemark. Auch Mia schmiedet Pl\u00e4ne, was sie am Nordseestrand alles erleben will. Doch dann verliert ihr Vater seine Arbeit, und pl\u00f6tzlich ist kein Geld mehr da f\u00fcr die Reise. Mia beschlie\u00dft, sich die Fahrt selbst zu verdienen, aber [&hellip;]<\/p>\n","protected":false},"author":1,"featured_media":0,"parent":0,"menu_order":0,"comment_status":"closed","ping_status":"closed","template":"","meta":{"footnotes":""},"class_list":["post-777","page","type-page","status-publish","hentry"],"_links":{"self":[{"href":"https:\/\/renebote.de\/index.php?rest_route=\/wp\/v2\/pages\/777","targetHints":{"allow":["GET"]}}],"collection":[{"href":"https:\/\/renebote.de\/index.php?rest_route=\/wp\/v2\/pages"}],"about":[{"href":"https:\/\/renebote.de\/index.php?rest_route=\/wp\/v2\/types\/page"}],"author":[{"embeddable":true,"href":"https:\/\/renebote.de\/index.php?rest_route=\/wp\/v2\/users\/1"}],"replies":[{"embeddable":true,"href":"https:\/\/renebote.de\/index.php?rest_route=%2Fwp%2Fv2%2Fcomments&post=777"}],"version-history":[{"count":4,"href":"https:\/\/renebote.de\/index.php?rest_route=\/wp\/v2\/pages\/777\/revisions"}],"predecessor-version":[{"id":1106,"href":"https:\/\/renebote.de\/index.php?rest_route=\/wp\/v2\/pages\/777\/revisions\/1106"}],"wp:attachment":[{"href":"https:\/\/renebote.de\/index.php?rest_route=%2Fwp%2Fv2%2Fmedia&parent=777"}],"curies":[{"name":"wp","href":"https:\/\/api.w.org\/{rel}","templated":true}]}}