{"id":773,"date":"2024-03-08T17:24:44","date_gmt":"2024-03-08T16:24:44","guid":{"rendered":"https:\/\/renebote.de\/?page_id=773"},"modified":"2024-03-24T21:16:04","modified_gmt":"2024-03-24T20:16:04","slug":"11-stellen-sich-neu-auf","status":"publish","type":"page","link":"https:\/\/renebote.de\/?page_id=773","title":{"rendered":"11 stellen sich neu auf"},"content":{"rendered":"\n<dialog id=\"imgFull\" class=\"coverFullsizeDialog\" style=\"display: none;\" onclick=\"hideFullsizeCoverDialog();\" >\n\t<img decoding=\"async\" id=\"coverFullsize\" src=\"\" alt=\"Cover des Buchs 11 stellen sich neu auf\" \/>\n<\/dialog>\n\n<p class=\"justifyText\">\nZu dieser Geschichte gibt es drei kostenlose Kurzgeschichten, in denen andere Beteiligte zu Wort kommen und aus ihrer Sicht jene Ereignisse schildern, bei denen Sophie nicht live dabei ist. Diese Geschichten sind als Gratis-E-Books erh\u00e4ltlich, alle Informationen dazu findest Du <a href=\"https:\/\/renebote.de\/?page_id=1091\">hier<\/a>.\n<\/p>\n<hr \/>\n\n\n\n<div class=\"wp-block-columns is-layout-flex wp-container-core-columns-is-layout-28f84493 wp-block-columns-is-layout-flex\">\n<div class=\"wp-block-column is-layout-flow wp-block-column-is-layout-flow\" style=\"flex-basis:40%\">\n<img decoding=\"async\" id=\"coverPreview\" class=\"coverPreviewBook\" src=\"https:\/\/renebote.de\/wp-content\/uploads\/2024\/02\/Cover-11-stellen-sich-neu-auf.webp\" onclick=\"showFullsizeCoverDialog();\" alt=\"Cover des Buchs 11 stellen sich neu auf\" \/>\n<div class=\"bookPageGeneralInfoContainer\">\n    <div class=\"bookPageEditionsContainer\">\n\t\t\t\t<img decoding=\"async\" src=\"https:\/\/renebote.de\/wp-content\/uploads\/2024\/02\/Ebook.webp\" style=\"width: 100%;\" title=\"Erh\u00e4ltlich als E-Book\" \/>\n    <\/div>\n    <div class=\"bookPageInfoRowsContainer\">\n\t\t<div class=\"bookPageInfoRow\">\n            <img decoding=\"async\" src=\"https:\/\/renebote.de\/wp-content\/uploads\/2024\/02\/Erscheinungstermin.webp\" class=\"bookPageInfoIcon\" title=\"Erscheinungsdatum\" \/>17. Februar 2018\n        <\/div>\n\t\t<div class=\"bookPageInfoRow\">\n            <img decoding=\"async\" src=\"https:\/\/renebote.de\/wp-content\/uploads\/2024\/02\/Seiten.webp\" class=\"bookPageInfoIcon\" title=\"Seiten\" \/>68\n        <\/div>\n\t\t<div class=\"bookPageInfoRow\">\n            <img decoding=\"async\" src=\"https:\/\/renebote.de\/wp-content\/uploads\/2024\/02\/ISBN.webp\" class=\"bookPageInfoIcon\" title=\"ISBN\" \/>978-3746093420 \n        <\/div>\n\t\t<div class=\"bookPageInfoRow\">\n            <img decoding=\"async\" src=\"https:\/\/renebote.de\/wp-content\/uploads\/2024\/02\/Verlag.webp\" class=\"bookPageInfoIcon\" title=\"Ver\u00f6ffentlicht bei\" \/>Books on Demand\n        <\/div>\n    <\/div>\n<\/div>\n<div class=\"justifyText marginTop\">\n\t<p>Sophie und ihre Freun&shy;dinnen von der Ball&shy;freunde-M\u00e4dchen&shy;mann&shy;schaft freuen sich schon auf die neue Saison. Aber irgend&shy;jemand im Verein hat etwas dagegen, die Mann&shy;schaft soll sogar abge&shy;schafft werden! Sophie und die anderen haben nicht mehr in der Hand als Ger\u00fcchte und Vermu&shy;tungen, sicher ist nur eins: Ihnen bleiben nur wenige Tage, um heraus&shy;zufinden, wer und warum, sonst wird es ihre Mann&shy;schaft schon bald nicht mehr geben.<\/p>\n\n<\/div>\n<div class=\"fullWidthRow marginTop\">\n\t<b>E-Book \u20ac1,99<\/b>\n<\/div>\n<div class=\"fullWidthRow noBlockStartMargin\">\n\t<div style=\"width: 30%\";>\n\t\t<a href=\"https:\/\/books.apple.com\/de\/book\/11-stellen-sich-neu-auf\/id1341703210\">\n\t\t\t<img decoding=\"async\" src=\"https:\/\/renebote.de\/wp-content\/uploads\/2024\/02\/Shop-Icon-iBooks.webp\" style=\"width: 100%; cursor: pointer;\" title=\"Link zum iBooks-Shop (Apple)\"\/>\n\t\t<\/a>\n\t<\/div>\t<div style=\"width: 30%\";>\n\t\t<a href=\"https:\/\/www.ebook.de\/de\/product\/31749314\/rene_bote_11_stellen_sich_neu_auf.html\">\n\t\t\t<img decoding=\"async\" src=\"https:\/\/renebote.de\/wp-content\/uploads\/2024\/02\/Shop-Icon-Ebook_de.webp\" style=\"width: 100%; cursor: pointer;\" title=\"Link zum Shop von ebook.de\"\/>\n\t\t<\/a>\n\t<\/div>\t<div style=\"width: 30%\";>\n\t\t<a href=\"https:\/\/www.bod.de\/buchshop\/11-stellen-sich-neu-auf-rene-bote-9783746093420\">\n\t\t\t<img decoding=\"async\" src=\"https:\/\/renebote.de\/wp-content\/uploads\/2024\/02\/Shop-Icon-BoD.webp\" style=\"width: 100%; cursor: pointer;\" title=\"Link zum Shop von BoD\"\/>\n\t\t<\/a>\n\t<\/div>\n<\/div>\n\n<div style=\"width: 100%; min-height: 50px; display: flex; flex-direction: row; border: 2px solid red; border-radius: 8px; cursor: pointer;\" onclick=\"window.location.href='https:\/\/renebote.de\/?page_id=429';\">\n    <div style=\"width: 50px; height: 100%;\">\n        <img decoding=\"async\" src=\"https:\/\/renebote.de\/wp-content\/uploads\/2024\/03\/Serienlogo-Ballfreunde-Maedchen.webp\" style=\"width: 40px; height: 40px; margin: calc((100% - 40px) \/ 2) 5px calc((100% - 40px) \/ 2) 5px;\">\n    <\/div>\n\n    <div style=\"width: calc(100% - 50px;); height: 100%; display: flex; flex-direction: column; justify-content: center;\">\n        <div style=\"color: red\">\n            <b>Zur Serienseite<\/b>\n        <\/div>\n\n        <div style=\"color: red; font-size: 0.7em;\">\n            Das Buch geh\u00f6rt zur Serie <i>Die Ballfreunde-M\u00e4dchen<\/i>\n        <\/div>\n    <\/div>\n<\/div>\n\n<div class=\"justifyText\"><p><b>Autorenplauderei<\/b><\/p><p>Ein Teil der Hand&shy;lung des vierten Bandes \u00fcber Sophie und ihre Kamera&shy;dinnen war in gewisser Weise schon vorge&shy;geben. Mit dem Turnier im dritten Buch der Reihe endete die Saison, und damit auch f\u00fcr Alina, Hatice, Miliana, Sarah und Enya die Zeit als Jugend&shy;spiele&shy;rinnen. Es war also klar, dass es Ver&shy;\u00e4nde&shy;rungen in der Mann&shy;schaft gibt, und daraus ergab sich f\u00fcr mich schnell die Idee, aus genau diesem unver&shy;meid&shy;lichen Neu&shy;aufbau das n\u00e4chste Aben&shy;teuer der M\u00e4dchen zu machen. <\/p>\n<\/div>\n<\/div>\n\n\n\n<div class=\"wp-block-column is-layout-flow wp-block-column-is-layout-flow\" style=\"flex-basis:66.66%\">\n<div class=\"justifyText\">\n<p style=\"margin-top: -5px;\">Der Hammer trifft mich unverhofft: Der Vorstand meines Fu\u00dfballvereins hat mit neunundneunzigprozentiger Sicherheit beschlossen, f\u00fcr die neue Saison keine M\u00e4dchenmannschaft zum Spielbetrieb zu melden. Ich bin fassungslos, kann es gar nicht glauben \u2013 die Ballfreunde haben immer schon eine M\u00e4dchenmannschaft gehabt, solange ich denken kann!<\/p>\n<p>Uns die schlechte Nachricht pers\u00f6nlich mitzuteilen, den Mumm hat vom Vorstand nat\u00fcrlich keiner. Nein, sie \u00fcberlassen es unserer Trainerin, die Botschaft an uns weiterzugeben, und selbst Elena wird nicht offiziell informiert; sie erf\u00e4hrt es auch nur hintenrum von einem anderen Jugendtrainer, der mit der Tochter von einem aus dem Vorstand zusammen ist und so immer wieder mal was aufschnappt. Elena \u00fcberbringt uns die Hiobsbotschaft beim vorletzten Training vor den gro\u00dfen Ferien, und ich sehe ihr an, dass sie sich beherrschen muss, um weder in Tr\u00e4nen auszubrechen, noch den Vorstand mit besonders unfeinen Schimpfw\u00f6rtern zu belegen.<\/p>\n<p>Bei einigen von uns flie\u00dfen Tr\u00e4nen, ich sp\u00fcre selbst meine Augen brennen, und andere sind bleich vor Schreck und Wut. Keine von uns kann sich vorstellen, zu einem anderen Verein zu gehen, wir geh\u00f6ren als Mannschaft zusammen. Ich bin bei den Ballfreunden, seit ich vier Jahre alt war, und mir war immer klar, dass ich meine Karriere auch bei diesem Verein beenden w\u00fcrde. Aber doch nicht so! Ich will weiter Fu\u00dfball spielen, da gibt\u2019s f\u00fcr mich nichts zu \u00fcberlegen, aber ich kann mir einfach nicht vorstellen, f\u00fcr irgendeinen anderen Verein aufzulaufen, nicht f\u00fcr den FC, nicht f\u00fcr die Kickers oder die Eintracht. Die Ballfreunde sind mein Verein, nicht nur, weil es der f\u00fcr mich n\u00e4chstgelegene ist, sie sind meine fu\u00dfballerische Heimat.<\/p>\n<p>Die Begr\u00fcndung, warum die Mannschaft nicht f\u00fcr die neue Saison gemeldet werden soll, ist \u00fcbrigens simpel: Der Kader ist angeblich zu klein. Die Gefahr w\u00e4re zu gro\u00df, dass der Verein Ordnungsgeld zahlen muss, weil wir nicht antreten, hei\u00dft es, und dass die Mannschaft am Ende w\u00e4hrend der Saison zur\u00fcckgezogen werden muss, was auch Strafe kostet. Die rechnen von den sechzehn Spielerinnen, die sie zu Beginn dieser Saison gemeldet haben, lediglich die Verluste ab, ohne auf der Gegenseite sichere oder m\u00f6gliche Zug\u00e4nge zu ber\u00fccksichtigen: minus f\u00fcnf M\u00e4dchen, die dieses Jahr siebzehn geworden sind oder noch werden und deshalb ab Juli nicht mehr f\u00fcr die B-Juniorinnen spielen d\u00fcrfen, und minus Martha, unsere Torfrau, von der sie glauben, dass sie zum FC wechseln wird.<\/p>\n<p>Das als Milchm\u00e4dchenrechnung zu bezeichnen w\u00fcrde jedes Milchm\u00e4dchen beleidigen. Wahr ist, dass uns die Stammbesetzung der rechten Au\u00dfenbahn mit Alina und Miliana, meine Partnerin aus der Innenverteidigung, Hatice, unsere Spielmacherin Enya und unsere offensive Mittelfeldspielerin und Ersatztorh\u00fcterin Sarah Richtung Damenmannschaft verlassen. Wahr ist ebenfalls, dass wir diese Abg\u00e4nge so ganz leicht wirklich nicht werden kompensieren k\u00f6nnen, weil die f\u00fcnf einfach gut sind. Wahr ist aber eben auch, und da l\u00e4sst unser Vorstand einen wichtigen Teil der Rechnung einfach weg, dass damit immer noch elf Spielerinnen bleiben und drei weitere sicher neu dazukommen. Verena und Joana haben ja vor einem Jahr schon ausgeholfen, als wirklich Not an Mann war, sie haben mit uns das legend\u00e4re Finale der Stadtmeisterschaft gespielt, das wir gegen den hoch favorisierten FC gewonnen haben, und sie waren \u00fcber Fronleichnam auch mit uns beim Turnier in Frankreich. Beide trainieren regelm\u00e4\u00dfig mit uns, zus\u00e4tzlich zum Training mit den Mannschaften, zu denen sie offiziell noch geh\u00f6ren, und haben angek\u00fcndigt, zur neuen Saison komplett zu uns zu wechseln. Auch Nele, jetzt noch zusammen mit Joana in der E-Jugend, wird zu uns kommen, damit w\u00e4ren wir dann schon wieder bei vierzehn Spielerinnen, die jetzt schon sicher feststehen, nicht bei zehn, wie der Vorstand behauptet. Das Wagnis k\u00f6nnte man problemlos eingehen, dass wir ein eingeschworener Haufen sind, der auch dann antritt, wenn die Sache aussichtslos scheint, haben wir ja wohl oft genug bewiesen, und was wir dem Verein damit schon an Ordnungsgeldern und Scherereien erspart haben, ist auch nicht ohne. Immerhin sind wir auf eigene Faust doch noch zum Finale der letztj\u00e4hrigen Stadtmeisterschaft angetreten, das Elena wegen der vielen Ausf\u00e4lle schon absagen wollte, und wenn wir nicht die Damen bei ihrer Hallenstadtmeisterschaft vertreten h\u00e4tten, dann h\u00e4tte der Verein im Januar auch noch mal 250 Euro in den Kamin schreiben k\u00f6nnen.<\/p>\n<p>Bleibt noch die Frage nach Martha und ihrem angeblichen Wechsel zum FC. Wenn Martha ginge, dann w\u00e4re das wirklich ein schwerer Verlust, wir h\u00e4tten kaum eine Chance, eine andere Torh\u00fcterin zu finden, die auch nur ann\u00e4hernd so gut ist, aber die \u00dcberzeugung, dass sie den Verein tats\u00e4chlich verlassen k\u00f6nnte, hat der Vorstand ziemlich exklusiv. Dass Martha kommt, h\u00e4tten die vom FC zwar gerne, die Torfrau der Damenmannschaft ist schwanger, deshalb wollen sie die derzeitige Torfrau der M\u00e4dchen zur Seniorin erkl\u00e4ren und hochziehen, brauchen also einen Ersatz f\u00fcr die Juniorinnen, aber damit hat Martha sich nicht eine Sekunde besch\u00e4ftigt. Weil das mit Bezahlung bei Jugendspielern streng reguliert ist, wollte der FC ihr den Wechsel mit dem angepeilten Aufstieg in die Bezirksliga und toller Ausr\u00fcstung schmackhaft machen, die sie ihr spendieren wollten, aber Martha hat sich das nicht mal richtig bis zum Ende angeh\u00f6rt und den Leuten gesagt, sie sollten sie in Ruhe lassen, ein Wechsel k\u00e4me nicht in die T\u00fcte. Sie ist wie ich bei den Ballfreunden gro\u00df geworden und w\u00fcrde unsere Mannschaft gegen keine andere eintauschen. Keine Ahnung, auf welchen Umwegen aus diesem klaren Bekenntnis zu den Ballfreunden bei unserem Vorstand eine Zusage geworden ist, dass sie zum FC wechseln wird.<\/p>\n<\/div>\n<\/div>\n<\/div>\n","protected":false},"excerpt":{"rendered":"<p>Zu dieser Geschichte gibt es drei kostenlose Kurzgeschichten, in denen andere Beteiligte zu Wort kommen und aus ihrer Sicht jene Ereignisse schildern, bei denen Sophie nicht live dabei ist. Diese Geschichten sind als Gratis-E-Books erh\u00e4ltlich, alle Informationen dazu findest Du hier. 17. Februar 2018 68 978-3746093420 Books on Demand Sophie und ihre Freun&shy;dinnen von der [&hellip;]<\/p>\n","protected":false},"author":1,"featured_media":0,"parent":0,"menu_order":0,"comment_status":"closed","ping_status":"closed","template":"","meta":{"footnotes":""},"class_list":["post-773","page","type-page","status-publish","hentry"],"_links":{"self":[{"href":"https:\/\/renebote.de\/index.php?rest_route=\/wp\/v2\/pages\/773","targetHints":{"allow":["GET"]}}],"collection":[{"href":"https:\/\/renebote.de\/index.php?rest_route=\/wp\/v2\/pages"}],"about":[{"href":"https:\/\/renebote.de\/index.php?rest_route=\/wp\/v2\/types\/page"}],"author":[{"embeddable":true,"href":"https:\/\/renebote.de\/index.php?rest_route=\/wp\/v2\/users\/1"}],"replies":[{"embeddable":true,"href":"https:\/\/renebote.de\/index.php?rest_route=%2Fwp%2Fv2%2Fcomments&post=773"}],"version-history":[{"count":6,"href":"https:\/\/renebote.de\/index.php?rest_route=\/wp\/v2\/pages\/773\/revisions"}],"predecessor-version":[{"id":1103,"href":"https:\/\/renebote.de\/index.php?rest_route=\/wp\/v2\/pages\/773\/revisions\/1103"}],"wp:attachment":[{"href":"https:\/\/renebote.de\/index.php?rest_route=%2Fwp%2Fv2%2Fmedia&parent=773"}],"curies":[{"name":"wp","href":"https:\/\/api.w.org\/{rel}","templated":true}]}}