{"id":764,"date":"2024-03-08T16:34:23","date_gmt":"2024-03-08T15:34:23","guid":{"rendered":"https:\/\/renebote.de\/?page_id=764"},"modified":"2024-03-24T18:23:18","modified_gmt":"2024-03-24T17:23:18","slug":"tim-und-emma-jagen-den-hundehasser","status":"publish","type":"page","link":"https:\/\/renebote.de\/?page_id=764","title":{"rendered":"Tim und Emma jagen den Hundehasser"},"content":{"rendered":"\n<dialog id=\"imgFull\" class=\"coverFullsizeDialog\" style=\"display: none;\" onclick=\"hideFullsizeCoverDialog();\" >\n\t<img decoding=\"async\" id=\"coverFullsize\" src=\"\" alt=\"Cover des Buchs Tim und Emma jagen den Hundehasser\" \/>\n<\/dialog>\n\n\n\n<div class=\"wp-block-columns is-layout-flex wp-container-core-columns-is-layout-28f84493 wp-block-columns-is-layout-flex\">\n<div class=\"wp-block-column is-layout-flow wp-block-column-is-layout-flow\" style=\"flex-basis:40%\">\n<img decoding=\"async\" id=\"coverPreview\" class=\"coverPreviewBook\" src=\"https:\/\/renebote.de\/wp-content\/uploads\/2024\/02\/Cover-Tim-und-Emma-jagen-den-Hundehasser.webp\" onclick=\"showFullsizeCoverDialog();\" alt=\"Cover des Buchs Tim und Emma jagen den Hundehasser\" \/>\n<div class=\"bookPageGeneralInfoContainer\">\n    <div class=\"bookPageEditionsContainer\">\n\t\t\t\t<img decoding=\"async\" src=\"https:\/\/renebote.de\/wp-content\/uploads\/2024\/02\/Ebook.webp\" style=\"width: 100%;\" title=\"Erh\u00e4ltlich als E-Book\" \/>\n    <\/div>\n    <div class=\"bookPageInfoRowsContainer\">\n\t\t<div class=\"bookPageInfoRow\">\n            <img decoding=\"async\" src=\"https:\/\/renebote.de\/wp-content\/uploads\/2024\/02\/Erscheinungstermin.webp\" class=\"bookPageInfoIcon\" title=\"Erscheinungsdatum\" \/>26. Oktober 2017\n        <\/div>\n\t\t<div class=\"bookPageInfoRow\">\n            <img decoding=\"async\" src=\"https:\/\/renebote.de\/wp-content\/uploads\/2024\/02\/Seiten.webp\" class=\"bookPageInfoIcon\" title=\"Seiten\" \/>24\n        <\/div>\n\t\t<div class=\"bookPageInfoRow\">\n            <img decoding=\"async\" src=\"https:\/\/renebote.de\/wp-content\/uploads\/2024\/02\/ISBN.webp\" class=\"bookPageInfoIcon\" title=\"ISBN\" \/>978-3744817721 \n        <\/div>\n\t\t<div class=\"bookPageInfoRow\">\n            <img decoding=\"async\" src=\"https:\/\/renebote.de\/wp-content\/uploads\/2024\/02\/Verlag.webp\" class=\"bookPageInfoIcon\" title=\"Ver\u00f6ffentlicht bei\" \/>Books on Demand\n        <\/div>\n    <\/div>\n<\/div>\n<div class=\"justifyText marginTop\">\n\t<p>Im letzten Moment kann Tim ver&shy;hindern, dass die H\u00fcndin des alten Herrn von Bowel einen gef\u00e4hr&shy;lichen K\u00f6der frisst. Aber wer ist so gemein, solche K\u00f6der auszu&shy;legen? Gemein&shy;sam mit seiner Kameradin Emma geht Tim auf eine gef\u00e4hr&shy;liche Mission &#8230;<\/p>\n\n<\/div>\n<div class=\"fullWidthRow marginTop\">\n\t<b>E-Book \u20ac0,49<\/b>\n<\/div>\n<div class=\"fullWidthRow noBlockStartMargin\">\n\t<div style=\"width: 30%\";>\n\t\t<a href=\"https:\/\/books.apple.com\/de\/book\/tim-und-emma-jagen-den-hundehasser\/id1298964127\">\n\t\t\t<img decoding=\"async\" src=\"https:\/\/renebote.de\/wp-content\/uploads\/2024\/02\/Shop-Icon-iBooks.webp\" style=\"width: 100%; cursor: pointer;\" title=\"Link zum iBooks-Shop (Apple)\"\/>\n\t\t<\/a>\n\t<\/div>\t<div style=\"width: 30%\";>\n\t\t<a href=\"https:\/\/www.ebook.de\/de\/product\/30411977\/rene_bote_tim_und_emma_jagen_den_hundehasser.html\">\n\t\t\t<img decoding=\"async\" src=\"https:\/\/renebote.de\/wp-content\/uploads\/2024\/02\/Shop-Icon-Ebook_de.webp\" style=\"width: 100%; cursor: pointer;\" title=\"Link zum Shop von ebook.de\"\/>\n\t\t<\/a>\n\t<\/div>\t<div style=\"width: 30%\";>\n\t\t<a href=\"https:\/\/www.bod.de\/buchshop\/tim-und-emma-jagen-den-hundehasser-rene-bote-9783744817721\">\n\t\t\t<img decoding=\"async\" src=\"https:\/\/renebote.de\/wp-content\/uploads\/2024\/02\/Shop-Icon-BoD.webp\" style=\"width: 100%; cursor: pointer;\" title=\"Link zum Shop von BoD\"\/>\n\t\t<\/a>\n\t<\/div>\n<\/div>\n\n<div style=\"width: 100%; min-height: 50px; display: flex; flex-direction: row; border: 2px solid #04B431; border-radius: 8px; cursor: pointer;\" onclick=\"window.location.href='https:\/\/renebote.de\/?page_id=1085';\">\n    <div style=\"width: 50px; height: 100%;\">\n        <img decoding=\"async\" src=\"https:\/\/renebote.de\/wp-content\/uploads\/2024\/03\/Serienlogo-Tim-und-Emma.webp\" style=\"width: 40px; height: 40px; margin: calc((100% - 40px) \/ 2) 5px calc((100% - 40px) \/ 2) 5px;\">\n    <\/div>\n\n    <div style=\"width: calc(100% - 50px;); height: 100%; display: flex; flex-direction: column; justify-content: center;\">\n        <div style=\"color: #04B431;\">\n            <b>Zur Serienseite<\/b>\n        <\/div>\n\n        <div style=\"color: #04B431; font-size: 0.7em;\">\n            Das Buch geh\u00f6rt zur Serie <i>Tim und Emma<\/i>\n        <\/div>\n    <\/div>\n<\/div>\n\n<div class=\"justifyText\"><p><b><\/b><\/p><p>Die Idee zu dieser Ge&shy;schichte ist leider nicht aus der Luft ge&shy;griffen. Hunde&shy;k\u00f6der tauchen immer wieder auf, und man nur raten, warum jemand so etwas macht. Nicht immer geht das so gl\u00fcck&shy;lich aus wie in dieser Ge&shy;schichte.<\/p>\n<\/div>\n<\/div>\n\n\n\n<div class=\"wp-block-column is-layout-flow wp-block-column-is-layout-flow\" style=\"flex-basis:66.66%\">\n<div class=\"justifyText\">\n<p style=\"margin-top: -5px;\">Es war reiner Zufall, dass Tim gerade in diese Richtung sah, als der bunte Mischling etwas aus dem Gras fischte. Er hatte sich gerade von seinem besten Freund verabschiedet, mit dem er den Nachmittag \u00fcber auf dem Spielplatz gebolzt hatte, und war selbst auf dem Heimweg.<\/p>\n<p>Etwas blitzte in der untergehenden Sonne, und Tim erschrak. Warum er sofort die Gedankenverbindung herstellte, wusste er selbst nicht, aber der Hund musste einen K\u00f6der gefunden haben, der mit Glasscherben gespickt war. \u201eNein!\u201c, rief er. \u201eAus!\u201c<\/p>\n<p>Doch der Hund schaute nur kurz auf und widmete sich dann wieder seinem Fund, einer Fleischwurst, wenn Tim es richtig sah. Wo war Herrchen oder Frauchen? Ah, da, der alte Herr war etwas zur\u00fcckgeblieben und klaubte gerade einen Haufen auf. Er hatte offensichtlich nichts gemerkt, und er war auch zu weit weg, um noch irgendwas tun zu k\u00f6nnen.<\/p>\n<p>Es gab nur eins, was den Hund davon abhalten konnte, den K\u00f6der zu fressen und sich mindestens schwer zu verletzen. Wozu war Tim der beste Freisto\u00dfsch\u00fctze seines Teams? Er lie\u00df den Ball, den er mit den H\u00e4nden auf den Boden geprellt hatte, fallen, nahm kurz Ma\u00df und schoss als h\u00e4tte er eine L\u00fccke seitlich der Mauer entdeckt, durch die er den Ball mit Vollspann ins lange Eck setzen konnte.<\/p>\n<p>Der Hund wurde seitlich an der Schulter getroffen, und die Kraft des Schusses warf ihn glatt um. Die Wurst flog ihm aus dem Maul und im hohen Bogen davon. Gerettet!<\/p>\n<p>Tim spurtete los, um zu verhindern, dass der Hund sich die Wurst wiederholen konnte. Auch das Herrchen war aufmerksam geworden und eilte heran, war aber nicht mehr so schnell zu Fu\u00df und h\u00e4tte den Hund deshalb erst weit nach Tim erreicht, w\u00e4re der nicht unterwegs aufgehalten worden.<\/p>\n<p>Er sah das M\u00e4dchen, das von rechts auf ihn zukam, nur aus den Augenwinkeln, und beachtete es zun\u00e4chst nicht. Er kannte es, Emma wohnte ein paar Stra\u00dfen entfernt, sie waren zusammen im Kindergarten gewesen und in der Grundschule in Parallelklassen. Sie war ok, aber Tim hatte einfach Wichtigeres zu tun als sie zu begr\u00fc\u00dfen.<\/p>\n<p>Doch Emma hatte die Situation offenbar komplett missverstanden. Sie sprang ihm in den Weg und packte ihn mit beiden H\u00e4nden am Kragen. \u201eSpinnst du?\u201c, schrie sie ihn an. \u201eWie kannst du auf den Hund schie\u00dfen?\u201c Die Wut trieb ihr Tr\u00e4nen in die Augen, doch Tim hatte gerade keine Zeit f\u00fcr lange Erkl\u00e4rungen. Er packte Emmas Handgelenke, riss ihre H\u00e4nde von seinem Pulli weg und schubste sie zur\u00fcck, ehe sie erneut zugreifen konnte.<\/p>\n<p>Nur noch nebenbei bekam er mit, dass Emma den Sto\u00df nicht abfangen konnte und nach zwei hastigen Schritten r\u00fcckw\u00e4rts, mit denen sie vergeblich das Gleichgewicht wiederzufinden versuchte, auf den Po fiel. Das tat sicher gemein weh, und Emma schrie auf, aber da war Tim schon wieder unterwegs, und gleich darauf kniete er neben dem Hund, der sich gerade wieder aufrappelte.<\/p>\n<p>Vorsichtig hielt er dem Hund die Hand hin, und der Hund begann zu schnuppern. \u201eSo ist\u2019s brav!\u201c, lobte Tim leise. Er mochte Hunde, hatte aber kaum Erfahrung mit ihnen, weil seine Mutter eine Tierhaarallergie hatte. Zu seiner Erleichterung nahm der Hund ihm den Volltreffer offenbar nicht \u00fcbel, oder er hatte nicht gemerkt, wer daf\u00fcr verantwortlich war. Er schien unverletzt zu sein, er verhielt sich nicht so als h\u00e4tte er Schmerzen, und Tim sah auch kein Blut.<\/p>\n<\/div>\n<\/div>\n<\/div>\n","protected":false},"excerpt":{"rendered":"<p>26. Oktober 2017 24 978-3744817721 Books on Demand Im letzten Moment kann Tim ver&shy;hindern, dass die H\u00fcndin des alten Herrn von Bowel einen gef\u00e4hr&shy;lichen K\u00f6der frisst. Aber wer ist so gemein, solche K\u00f6der auszu&shy;legen? Gemein&shy;sam mit seiner Kameradin Emma geht Tim auf eine gef\u00e4hr&shy;liche Mission &#8230; E-Book \u20ac0,49 Zur Serienseite Das Buch geh\u00f6rt zur Serie [&hellip;]<\/p>\n","protected":false},"author":1,"featured_media":0,"parent":0,"menu_order":0,"comment_status":"closed","ping_status":"closed","template":"","meta":{"footnotes":""},"class_list":["post-764","page","type-page","status-publish","hentry"],"_links":{"self":[{"href":"https:\/\/renebote.de\/index.php?rest_route=\/wp\/v2\/pages\/764","targetHints":{"allow":["GET"]}}],"collection":[{"href":"https:\/\/renebote.de\/index.php?rest_route=\/wp\/v2\/pages"}],"about":[{"href":"https:\/\/renebote.de\/index.php?rest_route=\/wp\/v2\/types\/page"}],"author":[{"embeddable":true,"href":"https:\/\/renebote.de\/index.php?rest_route=\/wp\/v2\/users\/1"}],"replies":[{"embeddable":true,"href":"https:\/\/renebote.de\/index.php?rest_route=%2Fwp%2Fv2%2Fcomments&post=764"}],"version-history":[{"count":3,"href":"https:\/\/renebote.de\/index.php?rest_route=\/wp\/v2\/pages\/764\/revisions"}],"predecessor-version":[{"id":1088,"href":"https:\/\/renebote.de\/index.php?rest_route=\/wp\/v2\/pages\/764\/revisions\/1088"}],"wp:attachment":[{"href":"https:\/\/renebote.de\/index.php?rest_route=%2Fwp%2Fv2%2Fmedia&parent=764"}],"curies":[{"name":"wp","href":"https:\/\/api.w.org\/{rel}","templated":true}]}}