{"id":759,"date":"2024-03-08T16:02:25","date_gmt":"2024-03-08T15:02:25","guid":{"rendered":"https:\/\/renebote.de\/?page_id=759"},"modified":"2024-03-22T17:57:52","modified_gmt":"2024-03-22T16:57:52","slug":"freundschaft-aus-der-kueche-eine-neue-dimension","status":"publish","type":"page","link":"https:\/\/renebote.de\/?page_id=759","title":{"rendered":"Freundschaft aus der K\u00fcche &#8211; Eine neue Dimension"},"content":{"rendered":"\n<dialog id=\"imgFull\" class=\"coverFullsizeDialog\" style=\"display: none;\" onclick=\"hideFullsizeCoverDialog();\" >\n\t<img decoding=\"async\" id=\"coverFullsize\" src=\"\" alt=\"Cover des Buchs Freundschaft aus der K\u00fcche \u2013 Eine neue Dimension\" \/>\n<\/dialog>\n\n\n\n<div class=\"wp-block-columns is-layout-flex wp-container-core-columns-is-layout-28f84493 wp-block-columns-is-layout-flex\">\n<div class=\"wp-block-column is-layout-flow wp-block-column-is-layout-flow\" style=\"flex-basis:40%\">\n<img decoding=\"async\" id=\"coverPreview\" class=\"coverPreviewBook\" src=\"https:\/\/renebote.de\/wp-content\/uploads\/2024\/02\/Cover-Freundschaft-aus-der-Kueche-Eine-neue-Dimension.webp\" onclick=\"showFullsizeCoverDialog();\" alt=\"Cover des Buchs Freundschaft aus der K\u00fcche \u2013 Eine neue Dimension\" \/>\n<div class=\"bookPageGeneralInfoContainer\">\n    <div class=\"bookPageEditionsContainer\">\n\t\t\t\t<img decoding=\"async\" src=\"https:\/\/renebote.de\/wp-content\/uploads\/2024\/02\/Ebook.webp\" style=\"width: 100%;\" title=\"Erh\u00e4ltlich als E-Book\" \/>\n    <\/div>\n    <div class=\"bookPageInfoRowsContainer\">\n\t\t<div class=\"bookPageInfoRow\">\n            <img decoding=\"async\" src=\"https:\/\/renebote.de\/wp-content\/uploads\/2024\/02\/Erscheinungstermin.webp\" class=\"bookPageInfoIcon\" title=\"Erscheinungsdatum\" \/>29. September 2017\n        <\/div>\n\t\t<div class=\"bookPageInfoRow\">\n            <img decoding=\"async\" src=\"https:\/\/renebote.de\/wp-content\/uploads\/2024\/02\/Seiten.webp\" class=\"bookPageInfoIcon\" title=\"Seiten\" \/>34\n        <\/div>\n\t\t<div class=\"bookPageInfoRow\">\n            <img decoding=\"async\" src=\"https:\/\/renebote.de\/wp-content\/uploads\/2024\/02\/ISBN.webp\" class=\"bookPageInfoIcon\" title=\"ISBN\" \/>978-3744848824 \n        <\/div>\n\t\t<div class=\"bookPageInfoRow\">\n            <img decoding=\"async\" src=\"https:\/\/renebote.de\/wp-content\/uploads\/2024\/02\/Verlag.webp\" class=\"bookPageInfoIcon\" title=\"Ver\u00f6ffentlicht bei\" \/>Books on Demand\n        <\/div>\n    <\/div>\n<\/div>\n<div class=\"justifyText marginTop\">\n\t<p>Pauline ist endlich in der neuen Stadt heimisch geworden und hat Freunde gefunden. Der beste Freund von allen aber bleibt Robin, und die Freund&shy;schaft beschr\u00e4nkt sich l\u00e4ngst nicht mehr auf gemein&shy;sames Kochen und Backen. Doch wie sehr sich diese K\u00fcchen&shy;gemein&shy;schaft wirk&shy;lich schon ver&shy;selb&shy;st\u00e4ndigt hat, merkt Pauline erst, als eine Bitte von Robins Eltern eine v\u00f6llig neue Dimension er\u00f6ffnet.<\/p>\n\n<\/div>\n<div class=\"fullWidthRow marginTop\">\n\t<b>E-Book \u20ac0,49<\/b>\n<\/div>\n<div class=\"fullWidthRow noBlockStartMargin\">\n\t<div style=\"width: 30%\";>\n\t\t<a href=\"https:\/\/books.apple.com\/de\/book\/freundschaft-aus-der-k%C3%BCche-eine-neue-dimension\/id1286724789\">\n\t\t\t<img decoding=\"async\" src=\"https:\/\/renebote.de\/wp-content\/uploads\/2024\/02\/Shop-Icon-iBooks.webp\" style=\"width: 100%; cursor: pointer;\" title=\"Link zum iBooks-Shop (Apple)\"\/>\n\t\t<\/a>\n\t<\/div>\t<div style=\"width: 30%\";>\n\t\t<a href=\"https:\/\/www.ebook.de\/de\/product\/30158068\/rene_bote_freundschaft_aus_der_kueche_eine_neue_dimension.html\">\n\t\t\t<img decoding=\"async\" src=\"https:\/\/renebote.de\/wp-content\/uploads\/2024\/02\/Shop-Icon-Ebook_de.webp\" style=\"width: 100%; cursor: pointer;\" title=\"Link zum Shop von ebook.de\"\/>\n\t\t<\/a>\n\t<\/div>\t<div style=\"width: 30%\";>\n\t\t<a href=\"https:\/\/www.bod.de\/buchshop\/freundschaft-aus-der-kueche-eine-neue-dimension-rene-bote-9783744848824\">\n\t\t\t<img decoding=\"async\" src=\"https:\/\/renebote.de\/wp-content\/uploads\/2024\/02\/Shop-Icon-BoD.webp\" style=\"width: 100%; cursor: pointer;\" title=\"Link zum Shop von BoD\"\/>\n\t\t<\/a>\n\t<\/div>\n<\/div>\n\n<div style=\"width: 100%; min-height: 50px; display: flex; flex-direction: row; border: 2px solid grey; border-radius: 8px; cursor: pointer;\" onclick=\"window.location.href='https:\/\/renebote.de\/?page_id=1012';\">\n    <div style=\"width: 50px; height: 100%;\">\n        <img decoding=\"async\" src=\"https:\/\/renebote.de\/wp-content\/uploads\/2024\/03\/Serienlogo-Freundschaft-aus-der-Kueche.webp\" style=\"width: 40px; height: 40px; margin: calc((100% - 40px) \/ 2) 5px calc((100% - 40px) \/ 2) 5px;\">\n    <\/div>\n\n    <div style=\"width: calc(100% - 50px;); height: 100%; display: flex; flex-direction: column; justify-content: center;\">\n        <div style=\"color: grey;\">\n            <b>Zur Serienseite<\/b>\n        <\/div>\n\n        <div style=\"color: grey; font-size: 0.7em;\">\n            Das Buch geh\u00f6rt zur Serie <i>Freundschaft aus der K\u00fcche<\/i>\n        <\/div>\n    <\/div>\n<\/div>\n\n<div class=\"justifyText\"><p><b>Autorenplauderei<\/b><\/p><p>Freund&shy;schaft aus der K\u00fcche &ndash; Eine neue Dimension ist die Fort&shy;setzung zu <a href=\"https:\/\/renebote.de\/?page_id=694\">Freund&shy;schaft aus der K\u00fcche<\/a>. Eigent&shy;lich war die Geschichte um die Hamburger Deern Pauline, die unfrei&shy;willig im Ruhr&shy;gebiet einen Neu&shy;anfang machen muss, nicht auf einen Folge&shy;band aus&shy;gelegt; dass die Be&shy;deutung von Robins An&shy;deutung ganz am Ende nicht voll&shy;st\u00e4ndig aufgel\u00f6st wird, war deshalb auch kein geplanter Cliff&shy;hanger. Im Nach&shy;hinein ist es nat\u00fcr&shy;lich ganz g\u00fcnstig, dass ich die erste Ge&shy;schichte so ohne defini&shy;tive Ent&shy;scheidung gelassen habe, sonst h\u00e4tte es diese zweite schwer&shy;lich geben k\u00f6nnen.<\/p>\n<\/div>\n<\/div>\n\n\n\n<div class=\"wp-block-column is-layout-flow wp-block-column-is-layout-flow\" style=\"flex-basis:66.66%\">\n<div class=\"justifyText\">\n<p style=\"margin-top: -5px;\"><i>\nDie Leseprobe stammt ausnahmsweise nicht direkt vom Buchanfang, weil ich zu Beginn des Buches f\u00fcr alle, die <a href=\"https:\/\/renebote.de\/?page_id=694\">Freund&shy;schaft aus der K\u00fcche<\/a> nicht gelesen haben, kurz umreisse, wie es Pauline aus Hamburg ins Ruhrgebiet verschlagen hat und welch schweren Start sie in der neuen Heimat hatte.\n<\/i><\/p>\n<p>\n Alles in allem war die Woche in Hamburg sch\u00f6n, aber nicht so sch\u00f6n, wie Pauline es sich vorher vorgestellt hatte. Der Abschied fiel ihr nicht so schwer wie im Fr\u00fchjahr beim Umzug, obwohl sie wusste, dass sie fr\u00fchestens in den Herbstferien Ende Oktober wiederkommen w\u00fcrde; vielleicht w\u00fcrde aber auch Nina zu ihr kommen in der einen Woche, die ihre Ferien sich \u00fcberschnitten, das stand noch nicht fest.\n<\/p><p>\nAls sie zu Hause aus dem Zug stieg, erlebte sie eine \u00dcberraschung: Sie wurde erwartet. Robin hatte sich strategisch g\u00fcnstig so postiert, dass er alle Wege vom Bahnsteig nach unten im Auge behalten konnte, bemerkte Pauline aber erst, als sie, noch einige Schritte von ihm entfernt, seinen Namen rief. Er hatte die letzten Wagen des Zuges nicht im Blick gehabt, und genau dort hatte Pauline gesessen; verpassen h\u00e4tte er sie trotzdem nicht k\u00f6nnen, denn einen der Abg\u00e4nge musste sie ja schlie\u00dflich benutzen, wenn sie nicht verbotenerweise \u00fcber die Gleise gehen wollte.\n<\/p><p>\nPauline konnte nicht verhindern, dass in ihrer Stimme deutlich die \u00dcberraschung mitschwang, und vor allem auch Freude, dass er gekommen war, um sie in Empfang zu nehmen. Verabredet hatten sie das nicht, er war selbst erst am Abend zuvor mit seinen Eltern von der Ostsee zur\u00fcckgekommen. Pauline konnte sich auch nicht entsinnen, ihm gegen\u00fcber mehr als nur eine grobe Zeit erw\u00e4hnt zu haben, wann sie zur\u00fcckkommen w\u00fcrde, er musste sich also auch noch die M\u00fche gemacht haben, herauszufinden, welchen Zug sie nahm.\n<\/p><p>\n\u201eHi!\u201c, begr\u00fc\u00dfte Pauline ihn. \u201eWie komm ich denn zu der Ehre?\u201c \u201eLangeweile\u201c, behauptete Robin und lachte. \u201eQuatsch, ich hab Neuigkeiten. Meine Eltern haben einen Spezialauftrag f\u00fcr uns.\u201c \u201eLass h\u00f6ren!\u201c, forderte Pauline ihn auf. Inzwischen hatten sie die Treppe erreicht und stiegen nach unten. Pauline hatte nur einen kleinen Koffer, daf\u00fcr lohnte sich der Umweg zum Aufzug nicht.\n<\/p><p>\n\u201eAlso\u201c, hob Robin an, offensichtlich unsicher, wo er anfangen sollte. \u201eMeine Eltern haben demn\u00e4chst Silberhochzeit.\u201c Er nannte das eigentliche Datum, das in die erste Schulwoche nach den Sommerferien fiel. Weil an einem Werktag zu viele Freunde und Verwandte nicht gekonnt h\u00e4tten, w\u00fcrde die Feier nicht am Tag des Ehejubil\u00e4ums selbst stattfinden, sondern am Samstag darauf. \u201eEigentlich wollten sie es so machen, dass ein Partyservice das Essen bringt\u201c, fuhr Robin fort. \u201eIch meine, mit vierzig Leuten im Restaurant, das k\u00f6nnte man ja kaum bezahlen. War auch alles schon fix gebucht, aber jetzt ist der Typ abgesprungen. Angeblich w\u00e4ren ihm Leute ausgefallen.\u201c \u201eAngeblich?\u201c, wiederholte Pauline verwundert. \u201eMeinst du, das ist gelogen?\u201c Robin zuckte mit den Schultern. \u201eIch war nicht da, als er angerufen hat\u201c, erkl\u00e4rte er. \u201eAber Papa meint, der h\u00e4tte wohl einen Auftrag reingekriegt, bei dem mehr rausspringt.\u201c \u201eGewagt\u201c, stellte Pauline fest. \u201eWenn sich sowas rumspricht, dann kriegt er bald gar keine Auftr\u00e4ge mehr. Aber f\u00fcr euch ist das nat\u00fcrlich extrem bl\u00f6d.\u201c Ob Robin und seine Eltern an das gedacht hatten, was ihr jetzt spontan durch den Kopf ging?\n<\/p><p>\nRobin best\u00e4tigte ihre Feststellung, dass die ziemlich kurzfristige Absage seine Eltern vor Probleme stellte, mit einem Nicken. \u201eSo kurz davor noch einen anderen Partyservice zu finden, der was taugt, das d\u00fcrfte schwierig werden\u201c, sagte er. \u201ePapa hat schon rumtelefoniert wie bl\u00f6d, aber keiner hatte mehr was frei f\u00fcr den Tag.\u201c \u201eIch ahne was\u201c, meinte Pauline. \u201eWir sind ihre letzte Hoffnung, wie?\u201c \n<\/p>\n<\/div>\n<\/div>\n<\/div>\n","protected":false},"excerpt":{"rendered":"<p>29. September 2017 34 978-3744848824 Books on Demand Pauline ist endlich in der neuen Stadt heimisch geworden und hat Freunde gefunden. Der beste Freund von allen aber bleibt Robin, und die Freund&shy;schaft beschr\u00e4nkt sich l\u00e4ngst nicht mehr auf gemein&shy;sames Kochen und Backen. Doch wie sehr sich diese K\u00fcchen&shy;gemein&shy;schaft wirk&shy;lich schon ver&shy;selb&shy;st\u00e4ndigt hat, merkt Pauline erst, [&hellip;]<\/p>\n","protected":false},"author":1,"featured_media":0,"parent":0,"menu_order":0,"comment_status":"closed","ping_status":"closed","template":"","meta":{"footnotes":""},"class_list":["post-759","page","type-page","status-publish","hentry"],"_links":{"self":[{"href":"https:\/\/renebote.de\/index.php?rest_route=\/wp\/v2\/pages\/759","targetHints":{"allow":["GET"]}}],"collection":[{"href":"https:\/\/renebote.de\/index.php?rest_route=\/wp\/v2\/pages"}],"about":[{"href":"https:\/\/renebote.de\/index.php?rest_route=\/wp\/v2\/types\/page"}],"author":[{"embeddable":true,"href":"https:\/\/renebote.de\/index.php?rest_route=\/wp\/v2\/users\/1"}],"replies":[{"embeddable":true,"href":"https:\/\/renebote.de\/index.php?rest_route=%2Fwp%2Fv2%2Fcomments&post=759"}],"version-history":[{"count":5,"href":"https:\/\/renebote.de\/index.php?rest_route=\/wp\/v2\/pages\/759\/revisions"}],"predecessor-version":[{"id":1017,"href":"https:\/\/renebote.de\/index.php?rest_route=\/wp\/v2\/pages\/759\/revisions\/1017"}],"wp:attachment":[{"href":"https:\/\/renebote.de\/index.php?rest_route=%2Fwp%2Fv2%2Fmedia&parent=759"}],"curies":[{"name":"wp","href":"https:\/\/api.w.org\/{rel}","templated":true}]}}