{"id":750,"date":"2024-03-08T15:08:33","date_gmt":"2024-03-08T14:08:33","guid":{"rendered":"https:\/\/renebote.de\/?page_id=750"},"modified":"2024-03-08T15:08:33","modified_gmt":"2024-03-08T14:08:33","slug":"happy-valentine-i-a-lisa","status":"publish","type":"page","link":"https:\/\/renebote.de\/?page_id=750","title":{"rendered":"Happy Valentine &#8211; i. A. Lisa"},"content":{"rendered":"\n<dialog id=\"imgFull\" class=\"coverFullsizeDialog\" style=\"display: none;\" onclick=\"hideFullsizeCoverDialog();\" >\n\t<img decoding=\"async\" id=\"coverFullsize\" src=\"\" alt=\"Cover des Buchs Happy Valentine \u2013 i. a. Lisa\" \/>\n<\/dialog>\n\n\n\n<div class=\"wp-block-columns is-layout-flex wp-container-core-columns-is-layout-28f84493 wp-block-columns-is-layout-flex\">\n<div class=\"wp-block-column is-layout-flow wp-block-column-is-layout-flow\" style=\"flex-basis:40%\">\n<img decoding=\"async\" id=\"coverPreview\" class=\"coverPreviewBook\" src=\"https:\/\/renebote.de\/wp-content\/uploads\/2024\/02\/Cover-Happy-Valentine.webp\" onclick=\"showFullsizeCoverDialog();\" alt=\"Cover des Buchs Happy Valentine \u2013 i. a. Lisa\" \/>\n<div class=\"bookPageGeneralInfoContainer\">\n    <div class=\"bookPageEditionsContainer\">\n\t\t\t\t<img decoding=\"async\" src=\"https:\/\/renebote.de\/wp-content\/uploads\/2024\/02\/Ebook.webp\" style=\"width: 100%;\" title=\"Erh\u00e4ltlich als E-Book\" \/>\n    <\/div>\n    <div class=\"bookPageInfoRowsContainer\">\n\t\t<div class=\"bookPageInfoRow\">\n            <img decoding=\"async\" src=\"https:\/\/renebote.de\/wp-content\/uploads\/2024\/02\/Erscheinungstermin.webp\" class=\"bookPageInfoIcon\" title=\"Erscheinungsdatum\" \/>31. Januar 2017\n        <\/div>\n\t\t<div class=\"bookPageInfoRow\">\n            <img decoding=\"async\" src=\"https:\/\/renebote.de\/wp-content\/uploads\/2024\/02\/Seiten.webp\" class=\"bookPageInfoIcon\" title=\"Seiten\" \/>22\n        <\/div>\n\t\t<div class=\"bookPageInfoRow\">\n            <img decoding=\"async\" src=\"https:\/\/renebote.de\/wp-content\/uploads\/2024\/02\/ISBN.webp\" class=\"bookPageInfoIcon\" title=\"ISBN\" \/>978-3743192416 \n        <\/div>\n\t\t<div class=\"bookPageInfoRow\">\n            <img decoding=\"async\" src=\"https:\/\/renebote.de\/wp-content\/uploads\/2024\/02\/Verlag.webp\" class=\"bookPageInfoIcon\" title=\"Ver\u00f6ffentlicht bei\" \/>Books on Demand\n        <\/div>\n    <\/div>\n<\/div>\n<div class=\"justifyText marginTop\">\n\t<p>Jana und Nathan? Unm\u00f6glich, denkt Jana, obwohl es die Erf\u00fcllung all ihrer Tr\u00e4ume w\u00e4re. Perfekt, denkt dagegen Janas beste Freundin Lisa &#8211; wenn Jana sich nur trauen w\u00fcrde! Doch alles gute Zureden hilft nicht, und so muss Lisa selbst ein wenig nachhelfen&#8230; Aber sie hat den Plan nicht zu Ende gedacht, und als ihr das klar wird, ist es fast schon zu sp\u00e4t, um noch irgendwas zu retten.<\/p>\n\n<\/div>\n<div class=\"fullWidthRow marginTop\">\n\t<b>E-Book \u20ac0,49<\/b>\n<\/div>\n<div class=\"fullWidthRow noBlockStartMargin\">\n\t<div style=\"width: 30%\";>\n\t\t<a href=\"https:\/\/books.apple.com\/de\/book\/happy-valentine-i-a-lisa\/id1200779297\">\n\t\t\t<img decoding=\"async\" src=\"https:\/\/renebote.de\/wp-content\/uploads\/2024\/02\/Shop-Icon-iBooks.webp\" style=\"width: 100%; cursor: pointer;\" title=\"Link zum iBooks-Shop (Apple)\"\/>\n\t\t<\/a>\n\t<\/div>\t<div style=\"width: 30%\";>\n\t\t<a href=\"https:\/\/www.ebook.de\/de\/product\/28492253\/rene_bote_happy_valentine_i_a_lisa.html\">\n\t\t\t<img decoding=\"async\" src=\"https:\/\/renebote.de\/wp-content\/uploads\/2024\/02\/Shop-Icon-Ebook_de.webp\" style=\"width: 100%; cursor: pointer;\" title=\"Link zum Shop von ebook.de\"\/>\n\t\t<\/a>\n\t<\/div>\t<div style=\"width: 30%\";>\n\t\t<a href=\"https:\/\/www.bod.de\/buchshop\/happy-valentine-i-a-lisa-rene-bote-9783743192416\">\n\t\t\t<img decoding=\"async\" src=\"https:\/\/renebote.de\/wp-content\/uploads\/2024\/02\/Shop-Icon-BoD.webp\" style=\"width: 100%; cursor: pointer;\" title=\"Link zum Shop von BoD\"\/>\n\t\t<\/a>\n\t<\/div>\n<\/div>\n<\/div>\n\n\n\n<div class=\"wp-block-column is-layout-flow wp-block-column-is-layout-flow\" style=\"flex-basis:66.66%\">\n<div class=\"justifyText\">\n<p style=\"margin-top: -5px;\">\u201eWie, du schreibst Nat nicht?\u201c Lisa war richtig emp\u00f6rt. \u201eMensch, Jana, alle schreiben am Valentinstag Liebesbriefe! Eine bessere Gelegenheit gibt\u2019s doch gar nicht!\u201c Ja, da hatte sie schon Recht, eine bessere Gelegenheit, einen Liebesbrief zu schreiben, als den offiziellen Tag der Liebenden, gab es wirklich nicht \u2013 vorausgesetzt, die Brief hatte Aussicht auf Erfolg. Aber den h\u00e4tte ein Brief von Jana an Nat eben nicht gehabt, also brauchte sie sich die M\u00fche gar nicht erst zu machen. Nathan, Nat genannt, den sie aus dem Kanuclub kannte, bei dem sie und Lisa trainierten, war Janas gro\u00dfer Schwarm, aber er schien unerreichbar zu sein. Er sah gut aus, war witzig und immer gut gelaunt \u2013 viele M\u00e4dchen schw\u00e4rmten f\u00fcr ihn, warum h\u00e4tte er sich ausgerechnet in Jana verlieben sollen?<\/p>\n<p>Lisa fielen da eine ganze Menge Gr\u00fcnde f\u00fcr ein: Jana war h\u00fcbsch, man hatte immer was zu lachen mit ihr, und man konnte sich jederzeit voll auf sie verlassen. Schon oft hatte sie versucht, Jana davon zu \u00fcberzeugen, dass sie sich nicht zu verstecken brauchte, aber bis jetzt war ihre M\u00fche vergeblich. Jana war einfach felsenfest davon \u00fcberzeugt, dass ihre Konkurrentinnen viel h\u00fcbscher waren, und dass Nat sowieso nicht mit einem M\u00e4dchen gehen wollte, das bald zwei Jahre j\u00fcnger war als er selbst. Jana war zw\u00f6lf, Nat schon dreizehneinhalb vorbei.<\/p>\n<p style=\"text-align: center;\">***<\/p>\n<p>Vorerst lie\u00df Lisa das Thema fallen, aber ganz aufgegeben hatte sie ihre Idee noch nicht. Noch mehrfach fing sie in den Tagen, die noch blieben bis zum Vierzehnten, damit an und versuchte, Jana zu \u00fcberreden, Nat doch einen Brief zu schreiben, aber Jana lie\u00df sich auf nichts ein. Lisas Optimismus in allen Ehren, aber diesmal lag sie kreuzfalsch, da war Jana sich sicher. Wenn sie Nat einen Brief schrieb und ihm gestand, dass sie in ihn verliebt war, dann konnte das nur in einem Desaster enden. Nat w\u00fcrde sie einfach auslachen, und was, wenn er nicht dicht hielt? Dann war sie blamiert bis in alle Ewigkeit!<\/p>\n<\/div>\n<\/div>\n<\/div>\n","protected":false},"excerpt":{"rendered":"<p>31. Januar 2017 22 978-3743192416 Books on Demand Jana und Nathan? Unm\u00f6glich, denkt Jana, obwohl es die Erf\u00fcllung all ihrer Tr\u00e4ume w\u00e4re. Perfekt, denkt dagegen Janas beste Freundin Lisa &#8211; wenn Jana sich nur trauen w\u00fcrde! Doch alles gute Zureden hilft nicht, und so muss Lisa selbst ein wenig nachhelfen&#8230; Aber sie hat den Plan [&hellip;]<\/p>\n","protected":false},"author":1,"featured_media":0,"parent":0,"menu_order":0,"comment_status":"closed","ping_status":"closed","template":"","meta":{"footnotes":""},"class_list":["post-750","page","type-page","status-publish","hentry"],"_links":{"self":[{"href":"https:\/\/renebote.de\/index.php?rest_route=\/wp\/v2\/pages\/750","targetHints":{"allow":["GET"]}}],"collection":[{"href":"https:\/\/renebote.de\/index.php?rest_route=\/wp\/v2\/pages"}],"about":[{"href":"https:\/\/renebote.de\/index.php?rest_route=\/wp\/v2\/types\/page"}],"author":[{"embeddable":true,"href":"https:\/\/renebote.de\/index.php?rest_route=\/wp\/v2\/users\/1"}],"replies":[{"embeddable":true,"href":"https:\/\/renebote.de\/index.php?rest_route=%2Fwp%2Fv2%2Fcomments&post=750"}],"version-history":[{"count":1,"href":"https:\/\/renebote.de\/index.php?rest_route=\/wp\/v2\/pages\/750\/revisions"}],"predecessor-version":[{"id":751,"href":"https:\/\/renebote.de\/index.php?rest_route=\/wp\/v2\/pages\/750\/revisions\/751"}],"wp:attachment":[{"href":"https:\/\/renebote.de\/index.php?rest_route=%2Fwp%2Fv2%2Fmedia&parent=750"}],"curies":[{"name":"wp","href":"https:\/\/api.w.org\/{rel}","templated":true}]}}