{"id":724,"date":"2024-03-05T20:49:26","date_gmt":"2024-03-05T19:49:26","guid":{"rendered":"https:\/\/renebote.de\/?page_id=724"},"modified":"2024-03-05T20:49:26","modified_gmt":"2024-03-05T19:49:26","slug":"heimliche-schwester","status":"publish","type":"page","link":"https:\/\/renebote.de\/?page_id=724","title":{"rendered":"Heimliche Schwester"},"content":{"rendered":"\n<dialog id=\"imgFull\" class=\"coverFullsizeDialog\" style=\"display: none;\" onclick=\"hideFullsizeCoverDialog();\" >\n\t<img decoding=\"async\" id=\"coverFullsize\" src=\"\" alt=\"Cover des Buchs Heimliche Schwester\" \/>\n<\/dialog>\n\n\n\n<div class=\"wp-block-columns is-layout-flex wp-container-core-columns-is-layout-28f84493 wp-block-columns-is-layout-flex\">\n<div class=\"wp-block-column is-layout-flow wp-block-column-is-layout-flow\" style=\"flex-basis:40%\">\n<img decoding=\"async\" id=\"coverPreview\" class=\"coverPreviewBook\" src=\"https:\/\/renebote.de\/wp-content\/uploads\/2024\/02\/Cover-Heimliche-Schwester.webp\" onclick=\"showFullsizeCoverDialog();\" alt=\"Cover des Buchs Heimliche Schwester\" \/>\n<div class=\"bookPageGeneralInfoContainer\">\n    <div class=\"bookPageEditionsContainer\">\n\t\t<img decoding=\"async\" src=\"https:\/\/renebote.de\/wp-content\/uploads\/2024\/02\/Buch.webp\" style=\"width: 100%;\" title=\"Erh\u00e4ltlich als Heft\" \/>\n    <\/div>\n    <div class=\"bookPageInfoRowsContainer\">\n\t\t<div class=\"bookPageInfoRow\">\n            <img decoding=\"async\" src=\"https:\/\/renebote.de\/wp-content\/uploads\/2024\/02\/Erscheinungstermin.webp\" class=\"bookPageInfoIcon\" title=\"Erscheinungsdatum\" \/>13. April 2016\n        <\/div>\n\t\t<div class=\"bookPageInfoRow\">\n            <img decoding=\"async\" src=\"https:\/\/renebote.de\/wp-content\/uploads\/2024\/02\/Seiten.webp\" class=\"bookPageInfoIcon\" title=\"Seiten\" \/>4\n        <\/div>\n\t\t<div class=\"bookPageInfoRow\">\n            <img decoding=\"async\" src=\"https:\/\/renebote.de\/wp-content\/uploads\/2024\/02\/ISBN.webp\" class=\"bookPageInfoIcon\" title=\"ISBN\" \/>nicht vergeben\n        <\/div>\n\t\t<div class=\"bookPageInfoRow\">\n            <img decoding=\"async\" src=\"https:\/\/renebote.de\/wp-content\/uploads\/2024\/02\/Verlag.webp\" class=\"bookPageInfoIcon\" title=\"Ver\u00f6ffentlicht bei\" \/>Literaturautomat\n        <\/div>\n    <\/div>\n<\/div>\n<div class=\"justifyText marginTop\">\n<p>Philipp wird nicht mehr schlau aus seiner Kommili&shy;to\u00adnin, Isabelle scheint kom\u00adplett abge&shy;st\u00fcrzt zu sein. Als sie sp\u00e4t&shy;\u00adabends nach Hause laufen muss, bereut er aber doch, ihr kein Geld f\u00fcr ein Taxi ge&shy;liehen zu haben &#8230;<\/p>\n<p>Diese Ge\u00adschichte ent&shy;stand f\u00fcr das Projekt Literatur\u00ad&shy;auto\u00admat, das ausge&shy;diente Ziga&shy;retten\u00ad&shy;auto&shy;maten mit lite\u00ad&shy;rari\u00ad&shy;schem Inhalt be\u00adst\u00fcckt. Die be&shy;sondere Heraus&shy;forde\u00adrung beim Schrei\u00adben be\u00adstand daran, die Ge\u00ad&shy;schichte in einer extrem be\u00ad&shy;grenz\u00adten Zeichen\u00ad&shy;anzahl zu er\u00adz\u00e4hlen.<\/p> \n<\/div>\n<\/div>\n\n\n\n<div class=\"wp-block-column is-layout-flow wp-block-column-is-layout-flow\" style=\"flex-basis:66.66%\">\n<div class=\"justifyText\">\n<p style=\"margin-top: -5px;\">\nEs hatte eine Zeit gegeben, da h\u00e4tte Philipp nicht lange \u00fcberlegt, ob er Isabelle Geld leihen sollte, doch in den letzten Wochen hatte sich sein Bild von ihr gewandelt, und er f\u00fcrchtete, wenn er ihr jetzt die zw\u00f6lf Euro gab, die sie f\u00fcr ein Taxi nach Hause brauchte, dann w\u00fcrde er das Geld nicht wiedersehen. Als Informatikstudent im dritten Semester hatte er es selbst nicht so dicke, das Studium lie\u00df ihm gerade genug Zeit, zwei Webprojekte am K\u00f6cheln zu halten, die mit Ach und Krach seinen Lebensunterhalt einbrachten. \n<\/p>\n<\/div>\n<\/div>\n<\/div>\n","protected":false},"excerpt":{"rendered":"<p>13. April 2016 4 nicht vergeben Literaturautomat Philipp wird nicht mehr schlau aus seiner Kommili&shy;to\u00adnin, Isabelle scheint kom\u00adplett abge&shy;st\u00fcrzt zu sein. Als sie sp\u00e4t&shy;\u00adabends nach Hause laufen muss, bereut er aber doch, ihr kein Geld f\u00fcr ein Taxi ge&shy;liehen zu haben &#8230; Diese Ge\u00adschichte ent&shy;stand f\u00fcr das Projekt Literatur\u00ad&shy;auto\u00admat, das ausge&shy;diente Ziga&shy;retten\u00ad&shy;auto&shy;maten mit lite\u00ad&shy;rari\u00ad&shy;schem Inhalt [&hellip;]<\/p>\n","protected":false},"author":1,"featured_media":0,"parent":0,"menu_order":0,"comment_status":"closed","ping_status":"closed","template":"","meta":{"footnotes":""},"class_list":["post-724","page","type-page","status-publish","hentry"],"_links":{"self":[{"href":"https:\/\/renebote.de\/index.php?rest_route=\/wp\/v2\/pages\/724","targetHints":{"allow":["GET"]}}],"collection":[{"href":"https:\/\/renebote.de\/index.php?rest_route=\/wp\/v2\/pages"}],"about":[{"href":"https:\/\/renebote.de\/index.php?rest_route=\/wp\/v2\/types\/page"}],"author":[{"embeddable":true,"href":"https:\/\/renebote.de\/index.php?rest_route=\/wp\/v2\/users\/1"}],"replies":[{"embeddable":true,"href":"https:\/\/renebote.de\/index.php?rest_route=%2Fwp%2Fv2%2Fcomments&post=724"}],"version-history":[{"count":3,"href":"https:\/\/renebote.de\/index.php?rest_route=\/wp\/v2\/pages\/724\/revisions"}],"predecessor-version":[{"id":727,"href":"https:\/\/renebote.de\/index.php?rest_route=\/wp\/v2\/pages\/724\/revisions\/727"}],"wp:attachment":[{"href":"https:\/\/renebote.de\/index.php?rest_route=%2Fwp%2Fv2%2Fmedia&parent=724"}],"curies":[{"name":"wp","href":"https:\/\/api.w.org\/{rel}","templated":true}]}}