{"id":705,"date":"2024-03-03T15:36:30","date_gmt":"2024-03-03T14:36:30","guid":{"rendered":"https:\/\/renebote.de\/?page_id=705"},"modified":"2024-03-19T21:17:36","modified_gmt":"2024-03-19T20:17:36","slug":"auf-der-stelle-hin-und-weg","status":"publish","type":"page","link":"https:\/\/renebote.de\/?page_id=705","title":{"rendered":"Auf der Stelle hin und weg!"},"content":{"rendered":"\n<h4 class=\"wp-block-heading\">Aus dem Tagebuch von einer, die zur falschen Zeit Geburtstag hat<\/h4>\n\n\n\n<dialog id=\"imgFull\" class=\"coverFullsizeDialog\" style=\"display: none;\" onclick=\"hideFullsizeCoverDialog();\" >\n\t<img decoding=\"async\" id=\"coverFullsize\" src=\"\" alt=\"Cover des Buchs Auf der Stelle hin und weg\" \/>\n<\/dialog>\n\n\n\n<div class=\"wp-block-columns is-layout-flex wp-container-core-columns-is-layout-28f84493 wp-block-columns-is-layout-flex\">\n<div class=\"wp-block-column is-layout-flow wp-block-column-is-layout-flow\" style=\"flex-basis:40%\">\n<img decoding=\"async\" id=\"coverPreview\" class=\"coverPreviewBook\" src=\"https:\/\/renebote.de\/wp-content\/uploads\/2024\/02\/Cover-Auf-der-Stelle-hin-und-weg.webp\" onclick=\"showFullsizeCoverDialog();\" alt=\"Cover des Buchs Auf der Stelle hin und weg\" \/>\n<div class=\"bookPageGeneralInfoContainer\">\n    <div class=\"bookPageEditionsContainer\">\n\t\t\t\t<img decoding=\"async\" src=\"https:\/\/renebote.de\/wp-content\/uploads\/2024\/02\/Ebook.webp\" style=\"width: 100%;\" title=\"Erh\u00e4ltlich als E-Book\" \/>\n    <\/div>\n    <div class=\"bookPageInfoRowsContainer\">\n\t\t<div class=\"bookPageInfoRow\">\n            <img decoding=\"async\" src=\"https:\/\/renebote.de\/wp-content\/uploads\/2024\/02\/Erscheinungstermin.webp\" class=\"bookPageInfoIcon\" title=\"Erscheinungsdatum\" \/>3. August 2015\n        <\/div>\n\t\t<div class=\"bookPageInfoRow\">\n            <img decoding=\"async\" src=\"https:\/\/renebote.de\/wp-content\/uploads\/2024\/02\/Seiten.webp\" class=\"bookPageInfoIcon\" title=\"Seiten\" \/>10\n        <\/div>\n\t\t<div class=\"bookPageInfoRow\">\n            <img decoding=\"async\" src=\"https:\/\/renebote.de\/wp-content\/uploads\/2024\/02\/ISBN.webp\" class=\"bookPageInfoIcon\" title=\"ISBN\" \/>978-3734761065 \n        <\/div>\n\t\t<div class=\"bookPageInfoRow\">\n            <img decoding=\"async\" src=\"https:\/\/renebote.de\/wp-content\/uploads\/2024\/02\/Verlag.webp\" class=\"bookPageInfoIcon\" title=\"Ver\u00f6ffentlicht bei\" \/>Books on Demand\n        <\/div>\n    <\/div>\n<\/div>\n<div class=\"justifyText marginTop\">\n<p>\nDass ihre Freunde nie voll&shy;z\u00e4hlig zu ihrer Geburts&shy;tags&shy;party erscheinen, ist Eileen nicht neu. Ein Geburts&shy;tag, der fast immer in die Sommer&shy;ferien f\u00e4llt, bringt das mit sich, aber so ganz ohne Jungs dabei? Freundin Nora wei\u00df Rat, aber h\u00e4tte sie Eileen nicht vor&shy;warnen k\u00f6nnen, dass Julian so&#8230; so&#8230; einfach so toll ist?\n<\/p><p>\n<i>Auf der Stelle hin und weg!<\/i> ist die Vor&shy;geschich&shy;te zu <a href=\"https:\/\/renebote.de\/?page_id=422\">Pfiff!<\/a> und be&shy;schreibt, wie Eileen ihren Freund Julian kennen&shy;lernt. \n<\/p>\t\n<\/div>\n<div class=\"fullWidthRow marginTop\">\n\t<b>Gratis-E-Book<\/b>\n<\/div>\n<div class=\"fullWidthRow noBlockStartMargin\">\n\t<div style=\"width: 30%\";>\n\t\t<a href=\"https:\/\/books.apple.com\/de\/book\/auf-der-stelle-hin-und-weg\/id964245791\">\n\t\t\t<img decoding=\"async\" src=\"https:\/\/renebote.de\/wp-content\/uploads\/2024\/02\/Shop-Icon-iBooks.webp\" style=\"width: 100%; cursor: pointer;\" title=\"Link zum iBooks-Shop (Apple)\"\/>\n\t\t<\/a>\n\t<\/div>\t<div style=\"width: 30%\";>\n\t\t<a href=\"https:\/\/www.bod.de\/buchshop\/auf-der-stelle-hin-und-weg-rene-bote-9783734761065\">\n\t\t\t<img decoding=\"async\" src=\"https:\/\/renebote.de\/wp-content\/uploads\/2024\/02\/Shop-Icon-BoD.webp\" style=\"width: 100%; cursor: pointer;\" title=\"Link zum Shop von BoD\"\/>\n\t\t<\/a>\n\t<\/div>\n<\/div>\n<\/div>\n\n\n\n<div class=\"wp-block-column is-layout-flow wp-block-column-is-layout-flow\" style=\"flex-basis:66.66%\">\n<div class=\"justifyText\">\n<p style=\"margin-top: -5px;\">Absagen, Absagen, Absagen! Nichts als Absagen! Ok, wenn man am achtundzwanzigsten Juli Geburtstag hat und der Geburtstag damit eigentlich jedes Jahr in die Sommerferien f\u00e4llt, dann muss man damit leben, dass der eine oder andere urlaubsbedingt nicht zur Party kommen kann, aber so viele Ausf\u00e4lle wie diesmal gab\u2019s echt noch nie. Neunzehn Einladungen habe ich verschickt oder \u2013 in den meisten F\u00e4llen \u2013 pers\u00f6nlich \u00fcbergeben, und nur zw\u00f6lf von den Eingeladenen haben am Ende zugesagt. Gut, auch wenn\u2019s nat\u00fcrlich schade ist, dass so viele nicht k\u00f6nnen, eine Party im kleinen Kreis wie vor zwei Jahren, wo wir auch nur zu elft waren, w\u00e4re an und f\u00fcr sich kein Problem, und wir h\u00e4tten bestimmt eine Menge Spa\u00df zusammen, aber ich habe vorsichtige Bedenken, dass meine Freundinnen mir den Kopf abrei\u00dfen, wenn sie merken, dass nur ein Junge da ist. Vier von den Jungs, die ich eingeladen habe, machen ausgerechnet jetzt einen Segelkurs in Holland, und die anderen konnten sich dem traditionellen Familienurlaub nicht entziehen oder sind mit irgendwelchen Jugendfreizeiten unterwegs. <\/p>\n<p>Bleibt noch mein Cousin Daniel; er ist so alt wie ich und total in Ordnung, deshalb war er auch von Anfang an eingeladen, und nicht etwa erst, als sich der Mangel an Jungs abgezeichnet hat, aber ein Junge und zw\u00f6lf M\u00e4dchen? Ich kann mir schon vorstellen, dass Daniel das gar nicht so \u00fcbel finden w\u00fcrde, so als Hahn im Korb, aber ich habe keine Lust, dass dann die Hennen erst mal ihre Rangordnung aushacken, um mal im Bild zu bleiben. M\u00e4dchen wollen tanzen und bei passender Gelegenheit auch ein bisschen flirten, wenigstens die, die nicht schon in festen H\u00e4nden sind, so multipel kann Daniels Pers\u00f6nlichkeit gar nicht sein, dass er da alle Sehns\u00fcchte allein befriedigen k\u00f6nnte. Ich kann es drehen und wenden, wie ich will, es m\u00fcssen auf jeden Fall noch ein paar Jungs her.<\/p>\n<\/div>\n<\/div>\n<\/div>\n","protected":false},"excerpt":{"rendered":"<p>Aus dem Tagebuch von einer, die zur falschen Zeit Geburtstag hat 3. August 2015 10 978-3734761065 Books on Demand Dass ihre Freunde nie voll&shy;z\u00e4hlig zu ihrer Geburts&shy;tags&shy;party erscheinen, ist Eileen nicht neu. Ein Geburts&shy;tag, der fast immer in die Sommer&shy;ferien f\u00e4llt, bringt das mit sich, aber so ganz ohne Jungs dabei? Freundin Nora wei\u00df Rat, [&hellip;]<\/p>\n","protected":false},"author":1,"featured_media":0,"parent":0,"menu_order":0,"comment_status":"closed","ping_status":"closed","template":"","meta":{"footnotes":""},"class_list":["post-705","page","type-page","status-publish","hentry"],"_links":{"self":[{"href":"https:\/\/renebote.de\/index.php?rest_route=\/wp\/v2\/pages\/705","targetHints":{"allow":["GET"]}}],"collection":[{"href":"https:\/\/renebote.de\/index.php?rest_route=\/wp\/v2\/pages"}],"about":[{"href":"https:\/\/renebote.de\/index.php?rest_route=\/wp\/v2\/types\/page"}],"author":[{"embeddable":true,"href":"https:\/\/renebote.de\/index.php?rest_route=\/wp\/v2\/users\/1"}],"replies":[{"embeddable":true,"href":"https:\/\/renebote.de\/index.php?rest_route=%2Fwp%2Fv2%2Fcomments&post=705"}],"version-history":[{"count":2,"href":"https:\/\/renebote.de\/index.php?rest_route=\/wp\/v2\/pages\/705\/revisions"}],"predecessor-version":[{"id":981,"href":"https:\/\/renebote.de\/index.php?rest_route=\/wp\/v2\/pages\/705\/revisions\/981"}],"wp:attachment":[{"href":"https:\/\/renebote.de\/index.php?rest_route=%2Fwp%2Fv2%2Fmedia&parent=705"}],"curies":[{"name":"wp","href":"https:\/\/api.w.org\/{rel}","templated":true}]}}