{"id":680,"date":"2024-02-27T20:55:19","date_gmt":"2024-02-27T19:55:19","guid":{"rendered":"https:\/\/renebote.de\/?page_id=680"},"modified":"2024-03-19T21:15:57","modified_gmt":"2024-03-19T20:15:57","slug":"eine-zwickmuehle-namens-felix","status":"publish","type":"page","link":"https:\/\/renebote.de\/?page_id=680","title":{"rendered":"Eine Zwickm\u00fchle namens Felix"},"content":{"rendered":"\n<dialog id=\"imgFull\" class=\"coverFullsizeDialog\" style=\"display: none;\" onclick=\"hideFullsizeCoverDialog();\" >\n\t<img decoding=\"async\" id=\"coverFullsize\" src=\"\" alt=\"Cover des Buchs Eine Zwickm\u00fchle namens Felix\" \/>\n<\/dialog>\n\n\n\n<div class=\"wp-block-columns is-layout-flex wp-container-core-columns-is-layout-28f84493 wp-block-columns-is-layout-flex\">\n<div class=\"wp-block-column is-layout-flow wp-block-column-is-layout-flow\" style=\"flex-basis:40%\">\n<img decoding=\"async\" id=\"coverPreview\" class=\"coverPreviewBook\" src=\"https:\/\/renebote.de\/wp-content\/uploads\/2024\/02\/Cover-Eine-Zwickmuehle-namens-Felix.webp\" onclick=\"showFullsizeCoverDialog();\" alt=\"Cover des Buchs Eine Zwickm\u00fchle namens Felix\" \/>\n<div class=\"bookPageGeneralInfoContainer\">\n    <div class=\"bookPageEditionsContainer\">\n\t\t\t\t<img decoding=\"async\" src=\"https:\/\/renebote.de\/wp-content\/uploads\/2024\/02\/Ebook.webp\" style=\"width: 100%;\" title=\"Erh\u00e4ltlich als E-Book\" \/>\n    <\/div>\n    <div class=\"bookPageInfoRowsContainer\">\n\t\t<div class=\"bookPageInfoRow\">\n            <img decoding=\"async\" src=\"https:\/\/renebote.de\/wp-content\/uploads\/2024\/02\/Erscheinungstermin.webp\" class=\"bookPageInfoIcon\" title=\"Erscheinungsdatum\" \/>23. Dez. 2014\n        <\/div>\n\t\t<div class=\"bookPageInfoRow\">\n            <img decoding=\"async\" src=\"https:\/\/renebote.de\/wp-content\/uploads\/2024\/02\/Seiten.webp\" class=\"bookPageInfoIcon\" title=\"Seiten\" \/>9\n        <\/div>\n\t\t<div class=\"bookPageInfoRow\">\n            <img decoding=\"async\" src=\"https:\/\/renebote.de\/wp-content\/uploads\/2024\/02\/ISBN.webp\" class=\"bookPageInfoIcon\" title=\"ISBN\" \/>978-3734745706 \n        <\/div>\n\t\t<div class=\"bookPageInfoRow\">\n            <img decoding=\"async\" src=\"https:\/\/renebote.de\/wp-content\/uploads\/2024\/02\/Verlag.webp\" class=\"bookPageInfoIcon\" title=\"Ver\u00f6ffentlicht bei\" \/>Books on Demand\n        <\/div>\n    <\/div>\n<\/div>\n<div class=\"justifyText marginTop\">\n<p>\nAnge&shy;lina ist hin- und her&shy;gerissen &#8211; soll sie mit&shy;gehen zur Silvester&shy;feier bei den Freunden ihrer Eltern? Dann wird sie Felix treffen, Felix, den sie schon seit Baby&shy;tagen kennt, Felix, den zu sehen sich aber schon seit Wochen so komisch anf\u00fchlt &#8230;\n<\/p>\n<\/div>\n<div class=\"fullWidthRow marginTop\">\n\t<b>Gratis-E-Book<\/b>\n<\/div>\n<div class=\"fullWidthRow noBlockStartMargin\">\n\t<div style=\"width: 30%\";>\n\t\t<a href=\"https:\/\/books.apple.com\/de\/book\/eine-zwickm%C3%BChle-namens-felix\/id954725875\">\n\t\t\t<img decoding=\"async\" src=\"https:\/\/renebote.de\/wp-content\/uploads\/2024\/02\/Shop-Icon-iBooks.webp\" style=\"width: 100%; cursor: pointer;\" title=\"Link zum iBooks-Shop (Apple)\"\/>\n\t\t<\/a>\n\t<\/div>\t<div style=\"width: 30%\";>\n\t\t<a href=\"https:\/\/www.ebook.de\/de\/product\/23517690\/ren_bote_eine_zwickmuehle_namens_felix.html\">\n\t\t\t<img decoding=\"async\" src=\"https:\/\/renebote.de\/wp-content\/uploads\/2024\/02\/Shop-Icon-Ebook_de.webp\" style=\"width: 100%; cursor: pointer;\" title=\"Link zum Shop von ebook.de\"\/>\n\t\t<\/a>\n\t<\/div>\t<div style=\"width: 30%\";>\n\t\t<a href=\"https:\/\/www.bod.de\/buchshop\/eine-zwickmuehle-namens-felix-rene-bote-9783734745706\">\n\t\t\t<img decoding=\"async\" src=\"https:\/\/renebote.de\/wp-content\/uploads\/2024\/02\/Shop-Icon-BoD.webp\" style=\"width: 100%; cursor: pointer;\" title=\"Link zum Shop von BoD\"\/>\n\t\t<\/a>\n\t<\/div>\n<\/div>\n\n<div class=\"justifyText\">\n<p><b>Autorenplauderei<\/b><\/p>\n<p><i>Eine Zwick&shy;m\u00fchle namens Felix<\/i> ist als spon&shy;tane Ent&shy;schuldi&shy;gung ent&shy;standen, als sich heraus&shy;stellte, dass <i>\u00dcber&shy;fall auf dem Weih&shy;nachts&shy;markt<\/i> nicht mehr recht&shy;zeitig vor dem Fest ver&shy;f\u00fcgbar sein w\u00fcrde. Ich glaube, in so kurzer Zeit habe ich kaum eine andere Ge&shy;schichte ge&shy;schrie&shy;ben, von der Idee bis zur \u00dcber&shy;gabe an BoD, das das E-Book bei den ver&shy;schiede&shy;nen H\u00e4nd&shy;lern ein&shy;gestellt hat, hat es nicht einmal einen Tag gedauert.<\/p>\n<\/div>\n<\/div>\n\n\n\n<div class=\"wp-block-column is-layout-flow wp-block-column-is-layout-flow\" style=\"flex-basis:66.66%\">\n<div class=\"justifyText\">\n<p style=\"margin-top: -5px;\">Kennt ihr das Gef\u00fchl, in der Zwickm\u00fchle zu sitzen und nicht zu wissen, wie ihr da je wieder rauskommen sollt? Ja? Gut, dann habt ihr vielleicht eine ungef\u00e4hre Vorstellung davon, wie ich mich gerade f\u00fchle.<\/p>\n<p>Mein Problem: Heute ist Silvester, und ich hab keine Ahnung, ob ich mit meinen Eltern zu unseren Freunden gehen soll. Einerseits will ich unbedingt mit, wegen Felix, aber andererseits will ich auf gar keinen Fall mit, wegen Felix.<\/p>\n<p>Die Kleine redet wirr, sagt ihr, sie widerspricht sich ja selbst? Tschuldigung.<\/p>\n<p>Erstens: Die Kleine hat einen Namen, ich hei\u00dfe Angelina. Zweitens: Ich rede kein bisschen wirr, aber das versteht wohl keiner, der mich nicht schon ewig kennt, so wie Felix zum Beispiel.<\/p>\n<p>Ich muss etwas ausholen, sonst kommt ihr nicht mit, und wer keine Geschichten mag, die im Sandkasten beginnen, der hat an dieser Stelle noch Gelegenheit, auszusteigen. Alle weg, die sich das nicht antun wollen? Gut.<\/p>\n<\/div>\n<\/div>\n<\/div>\n","protected":false},"excerpt":{"rendered":"<p>23. Dez. 2014 9 978-3734745706 Books on Demand Ange&shy;lina ist hin- und her&shy;gerissen &#8211; soll sie mit&shy;gehen zur Silvester&shy;feier bei den Freunden ihrer Eltern? Dann wird sie Felix treffen, Felix, den sie schon seit Baby&shy;tagen kennt, Felix, den zu sehen sich aber schon seit Wochen so komisch anf\u00fchlt &#8230; Gratis-E-Book Autorenplauderei Eine Zwick&shy;m\u00fchle namens Felix [&hellip;]<\/p>\n","protected":false},"author":1,"featured_media":0,"parent":0,"menu_order":0,"comment_status":"closed","ping_status":"closed","template":"","meta":{"footnotes":""},"class_list":["post-680","page","type-page","status-publish","hentry"],"_links":{"self":[{"href":"https:\/\/renebote.de\/index.php?rest_route=\/wp\/v2\/pages\/680","targetHints":{"allow":["GET"]}}],"collection":[{"href":"https:\/\/renebote.de\/index.php?rest_route=\/wp\/v2\/pages"}],"about":[{"href":"https:\/\/renebote.de\/index.php?rest_route=\/wp\/v2\/types\/page"}],"author":[{"embeddable":true,"href":"https:\/\/renebote.de\/index.php?rest_route=\/wp\/v2\/users\/1"}],"replies":[{"embeddable":true,"href":"https:\/\/renebote.de\/index.php?rest_route=%2Fwp%2Fv2%2Fcomments&post=680"}],"version-history":[{"count":4,"href":"https:\/\/renebote.de\/index.php?rest_route=\/wp\/v2\/pages\/680\/revisions"}],"predecessor-version":[{"id":980,"href":"https:\/\/renebote.de\/index.php?rest_route=\/wp\/v2\/pages\/680\/revisions\/980"}],"wp:attachment":[{"href":"https:\/\/renebote.de\/index.php?rest_route=%2Fwp%2Fv2%2Fmedia&parent=680"}],"curies":[{"name":"wp","href":"https:\/\/api.w.org\/{rel}","templated":true}]}}