{"id":2124,"date":"2026-03-26T16:29:12","date_gmt":"2026-03-26T15:29:12","guid":{"rendered":"https:\/\/renebote.de\/?page_id=2124"},"modified":"2026-03-26T16:29:12","modified_gmt":"2026-03-26T15:29:12","slug":"vor-dem-osterfeuer","status":"publish","type":"page","link":"https:\/\/renebote.de\/?page_id=2124","title":{"rendered":"Vor dem Osterfeuer"},"content":{"rendered":"\n<dialog id=\"imgFull\" class=\"coverFullsizeDialog\" style=\"display: none;\" onclick=\"hideFullsizeCoverDialog();\" >\n\t<img decoding=\"async\" id=\"coverFullsize\" src=\"\" alt=\"Cover des Buchs Vor dem Osterfeuer\" \/>\n<\/dialog>\n\n\n\n<div class=\"wp-block-columns is-layout-flex wp-container-core-columns-is-layout-28f84493 wp-block-columns-is-layout-flex\">\n<div class=\"wp-block-column is-layout-flow wp-block-column-is-layout-flow\" style=\"flex-basis:40%\">\n<img decoding=\"async\" id=\"coverPreview\" src=\"https:\/\/renebote.de\/wp-content\/uploads\/2026\/03\/Cover-Vor-dem-Osterfeuer.webp\" class=\"coverPreviewBook\" onclick=\"showFullsizeCoverDialog();\" alt=\"Cover des Buches [Title]\" \/>\n\n\n<div class=\"bookPageGeneralInfoContainer\">\n    <div class=\"bookPageEditionsContainer\">\n\t\t\t\t<img decoding=\"async\" src=\"https:\/\/renebote.de\/wp-content\/uploads\/2024\/02\/Ebook.webp\" style=\"width: 100%;\" title=\"Erh\u00e4ltlich als E-Book\" \/>\n    <\/div>\n    <div class=\"bookPageInfoRowsContainer\">\n\t\t<div class=\"bookPageInfoRow\">\n            <img decoding=\"async\" src=\"https:\/\/renebote.de\/wp-content\/uploads\/2024\/02\/Erscheinungstermin.webp\" class=\"bookPageInfoIcon\" title=\"Erscheinungsdatum\" \/>24. M\u00e4rz 2026\n        <\/div>\n\t\t<div class=\"bookPageInfoRow\">\n            <img decoding=\"async\" src=\"https:\/\/renebote.de\/wp-content\/uploads\/2024\/02\/Seiten.webp\" class=\"bookPageInfoIcon\" title=\"Seiten\" \/>15\n        <\/div>\n\t\t<div class=\"bookPageInfoRow\">\n            <img decoding=\"async\" src=\"https:\/\/renebote.de\/wp-content\/uploads\/2024\/02\/ISBN.webp\" class=\"bookPageInfoIcon\" title=\"ISBN\" \/>978-3819008870\n        <\/div>\n\t\t<div class=\"bookPageInfoRow\">\n            <img decoding=\"async\" src=\"https:\/\/renebote.de\/wp-content\/uploads\/2024\/02\/Verlag.webp\" class=\"bookPageInfoIcon\" title=\"Ver\u00f6ffentlicht bei\" \/>neobooks\n        <\/div>\n    <\/div>\n<\/div>\n<div class=\"justifyText marginTop\">\n\t\t<p>Beim Osterfeuer seines Fu\u00dfballvereins nicht nur zu feiern, ist f\u00fcr Nils selbstverst\u00e4ndlich. Auch als kurzfristig jemand gesucht wird, der das Brennholz aufschichtet, \u00fcberlegt er nicht lange. Dass von den Kameraden niemand mithelfen will, k\u00f6nnte sich im Nachhinein als Gl\u00fccksfall erweisen \u2013 w\u00e4re da nicht Kevin. Er will vielleicht helfen, vielleicht auch nicht, auf jeden Fall kommt er denkbar ungelegen.\t<\/p>\n\t<p>Eine romantische Ostergeschichte.\t<\/p>\n\n<\/div>\n<div class=\"fullWidthRow marginTop\">\n\t<b>E-Book \u20ac 0,99<\/b>\n<\/div>\n<div class=\"fullWidthRow noBlockStartMargin\">\n\t<div style=\"width: 30%\";>\n\t<a href=\"https:\/\/www.ebook.de\/de\/product\/52867739\/rene_bote_vor_dem_osterfeuer.html\">\n\t\t<img decoding=\"async\" src=\"https:\/\/renebote.de\/wp-content\/uploads\/2024\/02\/Shop-Icon-Ebook_de.webp\" style=\"width: 100%; cursor: pointer;\" title=\"Link zum Shop von ebook.de\"\/>\n\t<\/a>\n<\/div><div style=\"width: 30%\";>\n\t<a href=\"https:\/\/books.apple.com\/de\/book\/vor-dem-osterfeuer\/id6761128850\">\n\t\t<img decoding=\"async\" src=\"https:\/\/renebote.de\/wp-content\/uploads\/2024\/02\/Shop-Icon-iBooks.webp\" style=\"width: 100%; cursor: pointer;\" title=\"Link zum Shop von Apple Books\"\/>\n\t<\/a>\n<\/div>\n<\/div>\n<\/div>\n\n\n\n<div class=\"wp-block-column is-layout-flow wp-block-column-is-layout-flow\" style=\"flex-basis:66.66%\">\n<div class=\"justifyText\">\n\t<p style=\"margin-top: -5px;\">Neben den gro\u00dfen Feiern zu Weihnachten und zum Karneval und dem Jugendturnier am Ende der Saison war das Osterfeuer eines der gr\u00f6\u00dften Ereignisse im Vereinskalender des SC Fortuna. Alle Sparten des Vereins \u2013 Fu\u00dfball, Leichtathletik, Tischtennis und Turnen \u2013 halfen mit, ein tolles Fest zu organisieren, und feierten gemeinsam. Ein dreik\u00f6pfiges, seit Jahren eingespieltes Organisationsteam hielt alles zusammen.\t<\/p>\n\t<p>Nils war 15 und regelrecht in den Verein hineingeboren. Sein Vater hatte lange f\u00fcr die Bezirksliga-Fu\u00dfballer des SC gest\u00fcrmt, trainierte Jugendmannschaften und war seit drei Jahren Vorsitzender der Fu\u00dfball-Abteilung; damit vertrat er die Fu\u00dfballer auch im Vorstand des Gesamtvereins. Nils\u2018 Mutter war \u00fcber ihn zum SC gekommen, unterst\u00fctzte die Fu\u00dfballer und spielte immer noch Tischtennis.\t<\/p>\n\t<p>Nils\u2019 Weg war also vorgezeichnet gewesen, obwohl seine Eltern ihn nie zu irgendetwas gedr\u00e4ngt hatten. Sie hatten ihn oft mitgenommen, als er noch zu klein gewesen war, um allein zu Hause zu bleiben, er kannte den Verein, solange er denken konnte. Wenn er einen anderen Sport f\u00fcr sich entdeckt oder lieber bei einem anderen Verein gespielt h\u00e4tte, h\u00e4tten seine Eltern ihn genauso unterst\u00fctzt. Doch er hatte fr\u00fch angefangen, dem Ball nachzujagen, und spielte in den Jugendmannschaften des SC, seit er alt genug gewesen war, um bei den Minikickern aufgenommen zu werden. Inzwischen war er in der B-Jugend, wo er anders als sein Vater aber in der Defensive zu Hause war. Seine Stammposition war die Sechs, er konnte aber auch jede Position in der Abwehr spielen.\t<\/p>\n\t<p>Eben weil seine Eltern ihn von klein auf so oft mitgenommen hatten, hatte es sich auch immer wieder ergeben, dass er hier und da mitgeholfen hatte: B\u00e4lle aufpumpen, Eckfahnen aufstellen, seiner Mutter irgendwelche Dinge anreichen, wenn sie bei den Heimspielen in dem kleinen Kiosk und Imbiss neben der Trib\u00fcne gearbeitet hatte, einfach, was gerade angefallen und wof\u00fcr er gro\u00df genug gewesen war.\t<\/p>\n\t<p>Inzwischen war er alt genug, um mehr Verantwortung zu \u00fcbernehmen. Schon bei der Weihnachtsfeier hatte er sich ganz normal als Helfer in die Liste eingetragen, und jetzt beim Osterfeuer ebenso. In den Tagen davor hatte er schon bei den Vorbereitungen geholfen, und am Morgen hatte er mit anderen Absperrungen aus Flatterband angebracht, damit die Besucher nicht die B\u00fcrgersteige zuparkten. Seit das Fest am fr\u00fchen Nachmittag begonnen hatte, hatte er unter anderem am Imbiss und am Getr\u00e4nkestand Dienst getan. Dazwischen hatte er aber auch Pausen gehabt, Zeit genug, selbst zu feiern. Dem Organisationsteam, zu dem auch sein Vater geh\u00f6rte, war wichtig, dass die Arbeit auf viele Schultern verteilt wurde und niemand st\u00e4ndig im Einsatz war. Einzig der alte Friedhelm war immer am Wertkarten-Stand zu finden; er war schon deutlich \u00fcber 80, nicht mehr so mobil, und f\u00fchlte sich wohl dabei, das Geschehen zu beobachten und mit den Leuten zu plaudern, die sich neben ihm am Stand abwechselten oder kamen, um Wertkarten zu kaufen.\t<\/p>\n\n<\/div>\n<\/div>\n<\/div>\n","protected":false},"excerpt":{"rendered":"<p>24. M\u00e4rz 2026 15 978-3819008870 neobooks Beim Osterfeuer seines Fu\u00dfballvereins nicht nur zu feiern, ist f\u00fcr Nils selbstverst\u00e4ndlich. Auch als kurzfristig jemand gesucht wird, der das Brennholz aufschichtet, \u00fcberlegt er nicht lange. Dass von den Kameraden niemand mithelfen will, k\u00f6nnte sich im Nachhinein als Gl\u00fccksfall erweisen \u2013 w\u00e4re da nicht Kevin. Er will vielleicht helfen, [&hellip;]<\/p>\n","protected":false},"author":1,"featured_media":0,"parent":0,"menu_order":0,"comment_status":"closed","ping_status":"closed","template":"","meta":{"footnotes":""},"class_list":["post-2124","page","type-page","status-publish","hentry"],"_links":{"self":[{"href":"https:\/\/renebote.de\/index.php?rest_route=\/wp\/v2\/pages\/2124","targetHints":{"allow":["GET"]}}],"collection":[{"href":"https:\/\/renebote.de\/index.php?rest_route=\/wp\/v2\/pages"}],"about":[{"href":"https:\/\/renebote.de\/index.php?rest_route=\/wp\/v2\/types\/page"}],"author":[{"embeddable":true,"href":"https:\/\/renebote.de\/index.php?rest_route=\/wp\/v2\/users\/1"}],"replies":[{"embeddable":true,"href":"https:\/\/renebote.de\/index.php?rest_route=%2Fwp%2Fv2%2Fcomments&post=2124"}],"version-history":[{"count":2,"href":"https:\/\/renebote.de\/index.php?rest_route=\/wp\/v2\/pages\/2124\/revisions"}],"predecessor-version":[{"id":2126,"href":"https:\/\/renebote.de\/index.php?rest_route=\/wp\/v2\/pages\/2124\/revisions\/2126"}],"wp:attachment":[{"href":"https:\/\/renebote.de\/index.php?rest_route=%2Fwp%2Fv2%2Fmedia&parent=2124"}],"curies":[{"name":"wp","href":"https:\/\/api.w.org\/{rel}","templated":true}]}}