{"id":2098,"date":"2026-01-10T19:35:34","date_gmt":"2026-01-10T18:35:34","guid":{"rendered":"https:\/\/renebote.de\/?page_id=2098"},"modified":"2026-01-10T19:35:34","modified_gmt":"2026-01-10T18:35:34","slug":"strand-erst-morgen","status":"publish","type":"page","link":"https:\/\/renebote.de\/?page_id=2098","title":{"rendered":"Strand erst morgen!"},"content":{"rendered":"\n<dialog id=\"imgFull\" class=\"coverFullsizeDialog\" style=\"display: none;\" onclick=\"hideFullsizeCoverDialog();\" >\n\t<img decoding=\"async\" id=\"coverFullsize\" src=\"\" alt=\"Cover des Buchs Strand erst morgen!\" \/>\n<\/dialog>\n\n\n\n<div class=\"wp-block-columns is-layout-flex wp-container-core-columns-is-layout-28f84493 wp-block-columns-is-layout-flex\">\n<div class=\"wp-block-column is-layout-flow wp-block-column-is-layout-flow\" style=\"flex-basis:40%\">\n<img decoding=\"async\" id=\"coverPreview\" src=\"https:\/\/renebote.de\/wp-content\/uploads\/2026\/01\/Cover-Strand-erst-morgen.webp\" class=\"coverPreviewBook\" onclick=\"showFullsizeCoverDialog();\" alt=\"Cover des Buches [Title]\" \/>\n\n\n<div class=\"bookPageGeneralInfoContainer\">\n    <div class=\"bookPageEditionsContainer\">\n\t\t\t\t<img decoding=\"async\" src=\"https:\/\/renebote.de\/wp-content\/uploads\/2024\/02\/Ebook.webp\" style=\"width: 100%;\" title=\"Erh\u00e4ltlich als E-Book\" \/>\n    <\/div>\n    <div class=\"bookPageInfoRowsContainer\">\n\t\t<div class=\"bookPageInfoRow\">\n            <img decoding=\"async\" src=\"https:\/\/renebote.de\/wp-content\/uploads\/2024\/02\/Erscheinungstermin.webp\" class=\"bookPageInfoIcon\" title=\"Erscheinungsdatum\" \/>31. Januar 2026\n        <\/div>\n\t\t<div class=\"bookPageInfoRow\">\n            <img decoding=\"async\" src=\"https:\/\/renebote.de\/wp-content\/uploads\/2024\/02\/Seiten.webp\" class=\"bookPageInfoIcon\" title=\"Seiten\" \/>25\n        <\/div>\n\t\t<div class=\"bookPageInfoRow\">\n            <img decoding=\"async\" src=\"https:\/\/renebote.de\/wp-content\/uploads\/2024\/02\/ISBN.webp\" class=\"bookPageInfoIcon\" title=\"ISBN\" \/>978-3818797478\n        <\/div>\n\t\t<div class=\"bookPageInfoRow\">\n            <img decoding=\"async\" src=\"https:\/\/renebote.de\/wp-content\/uploads\/2024\/02\/Verlag.webp\" class=\"bookPageInfoIcon\" title=\"Ver\u00f6ffentlicht bei\" \/>neobooks\n        <\/div>\n    <\/div>\n<\/div>\n<div class=\"justifyText marginTop\">\n\t\t<p>Im Vergleich zu den anderen Klassen hat die 6b mit ihrer Klassenfahrt das gro\u00dfe Los gezogen, da sind sich alle einig. Doch ein unvorhersehbares Ereignis wirft alles \u00fcber den Haufen \u2013 das Ende der Reise, noch ehe sie richtig begonnen hat? Mit viel Fantasie und Abenteuergeist gelangen die Sechstkl\u00e4ssler doch noch ans Ziel, und einige von ihnen zeigen dabei Seiten von sich, die bislang niemand kannte.\t<\/p>\n\t<p>Ein romantisches Reiseabenteuer.\t<\/p>\n\n<\/div>\n<div class=\"fullWidthRow marginTop\">\n\t<b>E-Book \u20ac 0,99<\/b>\n<\/div>\n<div class=\"fullWidthRow noBlockStartMargin\">\n\t<div style=\"width: 30%\";>\n\t<a href=\"https:\/\/www.ebook.de\/de\/product\/52407011\/rene_bote_strand_erst_morgen.html\">\n\t\t<img decoding=\"async\" src=\"https:\/\/renebote.de\/wp-content\/uploads\/2024\/02\/Shop-Icon-Ebook_de.webp\" style=\"width: 100%; cursor: pointer;\" title=\"Link zum Shop von ebook.de\"\/>\n\t<\/a>\n<\/div><div style=\"width: 30%\";>\n\t<a href=\"https:\/\/books.apple.com\/de\/book\/strand-erst-morgen\/id6757608260\">\n\t\t<img decoding=\"async\" src=\"https:\/\/renebote.de\/wp-content\/uploads\/2024\/02\/Shop-Icon-iBooks.webp\" style=\"width: 100%; cursor: pointer;\" title=\"Link zum Shop von Apple Books\"\/>\n\t<\/a>\n<\/div>\n<\/div>\n\n<\/div>\n\n\n\n<div class=\"wp-block-column is-layout-flow wp-block-column-is-layout-flow\" style=\"flex-basis:66.66%\">\n<div class=\"justifyText\">\n\t<p style=\"margin-top: -5px;\">Herr Schw\u00e4be, Frau Adler und Frau Dr. Werner versuchten, sich nichts anmerken zu lassen, aber ihren Sechstkl\u00e4sslern entging ihre Nervosit\u00e4t nicht. Die Jungen und M\u00e4dchen konnten die Uhr lesen und wussten selbst, dass es knapp werden w\u00fcrde.\t<\/p>\n\t<p>Die 6b war auf dem Weg nach der Terschelling, die Klassenfahrt sechs Wochen vor den Sommerferien war ein H\u00f6hepunkt des Schuljahres. Erst recht, eben weil es auf die niederl\u00e4ndische Nordsee-Insel ging statt in eine Jugendherberge in der Umgebung wie bei den Parallelklassen. M\u00f6glich gemacht hatten das Sophies Eltern mit ihren Kontakten. Sophies Mutter war schon als Kind mit ihren Eltern und Geschwistern jeden Sommer nach Terschelling gefahren, und diese Tradition hatte sie mit ihrer eigenen Familie fortgef\u00fchrt. Sie hatte eine Reihe von Bekannten auf der Insel, und dazu geh\u00f6rten auch die Inhaber einer Pension, die der Klasse einen sehr guten Preis gemacht hatten. Ohne diesen Sonderpreis h\u00e4tten die \u00dcbernachtungskosten das Budget bei weitem gesprengt.\t<\/p>\n\t<p>Im Vergleich zu den Parallelklassen hatte die 6b mit Abstand den weitesten Weg, zun\u00e4chst mit dem Bus zum Hafen in Harlingen und dann weiter mit der F\u00e4hre. Um das auszugleichen, hatten die Lehrer sich bereiterkl\u00e4rt, schon am Sonntagvormittag mit den Kindern loszufahren, statt erst am Montagmorgen. Sie hatten Pl\u00e4tze auf der Nachmittags-F\u00e4hre gebucht und Pufferzeit eingeplant f\u00fcr den Fall, dass es irgendwo einen Stau gab.\t<\/p>\n\t<p>Dass die Autobahn ohne Vorwarnung voll gesperrt sein w\u00fcrde, hatten sie jedoch nicht ahnen k\u00f6nnen. Mehrere Kilometer vor ihnen war ein K\u00fchltransporter in Brand geraten, und an der Unfallstelle war kein Vorbeikommen. Personen waren zum Gl\u00fcck nicht zu Schaden gekommen, der Fahrer hatte es geschafft, den Laster auf dem Seitenstreifen zum Stillstand zu bringen und auszusteigen, ehe das Feuer auch aufs F\u00fchrerhaus \u00fcbergegriffen hatte.\t<\/p>\n\t<p>Inzwischen war das Feuer gel\u00f6scht, die Feuerwehr war dabei, die Tr\u00fcmmer auseinanderzuziehen, um letzte Glutnester zu bek\u00e4mpfen. Doch danach musste das Wrack erst einmal ausk\u00fchlen, ehe man es abtransportieren konnte, und anschlie\u00dfend w\u00fcrde die Fahrbahndecke instandgesetzt werden m\u00fcssen. Die Hitze des Feuers hatte den Asphalt besch\u00e4digt, die Reparatur w\u00fcrde mehrere Stunden in Anspruch nehmen.\t<\/p>\n\t<p>Doch selbst wenn die Aufr\u00e4umarbeiten z\u00fcgig vonstattengingen, war nicht gesagt, dass bald wenigstens eine Spur wieder w\u00fcrde freigegeben werden k\u00f6nnen. Der Fahrer hatte sich nicht mehr aussuchen k\u00f6nnen, wo er den brennenden Laster stoppte, am Ende war es unmittelbar vor einer Br\u00fccke gewesen. Ein Reporter vor Ort berichtete, dass die Br\u00fccke auf mehreren Metern ru\u00dfgeschw\u00e4rzt war, und er hatte auch kleinere Betonbrocken ausgemacht, die auf die Fahrbahn gefallen waren. Nun mussten Experten die Br\u00fccke pr\u00fcfen und feststellen, ob die Sch\u00e4den eher kosmetischer Natur waren, oder ob die Statik gef\u00e4hrdet war. Solange das nicht gekl\u00e4rt war, w\u00fcrde die Autobahn gesperrt bleiben, die Polizei ging davon aus, dass es mindestens bis zum Abend dauern w\u00fcrde.\t<\/p>\n\t<p>Inzwischen stand der Verkehr seit \u00fcber einer Stunde. Eine Ausfahrt gab es auf dem Abschnitt der Autobahn zwischen dem Bus der 6b und der Unfallstelle nicht mehr. Es bestand also keine Aussicht, dass es in absehbarer Zeit wenigstens schrittweise weitergehen w\u00fcrde. Aufgel\u00f6st werden konnte der Stau nur, wenn die Polizei die Autos entgegen der Fahrtrichtung zur letzten Ausfahrt zur\u00fcckfahren lie\u00df, aber auch das w\u00fcrde sich hinziehen.\t<\/p>\n\t<p>Die F\u00e4hre war damit nicht mehr zu erreichen. So lange, wie sie nun schon im Stau standen, h\u00e4tte das selbst dann nicht mehr funktioniert, wenn die Autobahn nun mit einem Schlag leergefegt gewesen w\u00e4re. Zur\u00fcck zur Abfahrt, ein St\u00fcck \u00fcber Landstra\u00dfen, die sicherlich auch verstopft sein w\u00fcrden, wenn sie den ganzen Verkehr von der Autobahn zus\u00e4tzlich aufnehmen mussten \u2026 Sophie sch\u00e4tzte, dass sich die Fahrtzeit bis zum Hafen mindestens verdoppeln w\u00fcrde, wenn sie denn \u00fcberhaupt erst einmal weiterkamen.\t<\/p>\n\t<p>Herr Schw\u00e4be, der der Klassenlehrer der 6b war und die Fahrt organisiert hatte, versuchte schon, die Klasse umzubuchen. Es gab noch eine Express-F\u00e4hre sp\u00e4ter am Nachmittag, die allerdings keine Fahrzeuge bef\u00f6rderte, und eine normale F\u00e4hre am Abend. Am liebsten w\u00e4re ihm gewesen, mit den Kindern die Express-F\u00e4hre zu nehmen und den Bus nachkommen zu lassen, denn die Abendf\u00e4hre w\u00fcrde erst um kurz vor zehn auf Terschelling ankommen. Auf der Insel gab es \u00f6ffentliche Busse, wenn sie einmal dort waren, w\u00fcrden sie also auch zu ihrer Pension kommen. Aber alles hing daran, dass sie endlich von der blockierten Autobahn herunterkamen!\t<\/p>\n\n<\/div>\n<\/div>\n<\/div>\n","protected":false},"excerpt":{"rendered":"<p>31. Januar 2026 25 978-3818797478 neobooks Im Vergleich zu den anderen Klassen hat die 6b mit ihrer Klassenfahrt das gro\u00dfe Los gezogen, da sind sich alle einig. Doch ein unvorhersehbares Ereignis wirft alles \u00fcber den Haufen \u2013 das Ende der Reise, noch ehe sie richtig begonnen hat? Mit viel Fantasie und Abenteuergeist gelangen die Sechstkl\u00e4ssler [&hellip;]<\/p>\n","protected":false},"author":1,"featured_media":0,"parent":0,"menu_order":0,"comment_status":"closed","ping_status":"closed","template":"","meta":{"footnotes":""},"class_list":["post-2098","page","type-page","status-publish","hentry"],"_links":{"self":[{"href":"https:\/\/renebote.de\/index.php?rest_route=\/wp\/v2\/pages\/2098","targetHints":{"allow":["GET"]}}],"collection":[{"href":"https:\/\/renebote.de\/index.php?rest_route=\/wp\/v2\/pages"}],"about":[{"href":"https:\/\/renebote.de\/index.php?rest_route=\/wp\/v2\/types\/page"}],"author":[{"embeddable":true,"href":"https:\/\/renebote.de\/index.php?rest_route=\/wp\/v2\/users\/1"}],"replies":[{"embeddable":true,"href":"https:\/\/renebote.de\/index.php?rest_route=%2Fwp%2Fv2%2Fcomments&post=2098"}],"version-history":[{"count":1,"href":"https:\/\/renebote.de\/index.php?rest_route=\/wp\/v2\/pages\/2098\/revisions"}],"predecessor-version":[{"id":2099,"href":"https:\/\/renebote.de\/index.php?rest_route=\/wp\/v2\/pages\/2098\/revisions\/2099"}],"wp:attachment":[{"href":"https:\/\/renebote.de\/index.php?rest_route=%2Fwp%2Fv2%2Fmedia&parent=2098"}],"curies":[{"name":"wp","href":"https:\/\/api.w.org\/{rel}","templated":true}]}}