{"id":2044,"date":"2025-11-09T09:34:14","date_gmt":"2025-11-09T08:34:14","guid":{"rendered":"https:\/\/renebote.de\/?page_id=2044"},"modified":"2025-11-09T09:34:14","modified_gmt":"2025-11-09T08:34:14","slug":"ein-falscher-verdacht-der-keinen-unschuldigen-trifft","status":"publish","type":"page","link":"https:\/\/renebote.de\/?page_id=2044","title":{"rendered":"Ein falscher Verdacht, der keinen Unschuldigen trifft"},"content":{"rendered":"\n<dialog id=\"imgFull\" class=\"coverFullsizeDialog\" style=\"display: none;\" onclick=\"hideFullsizeCoverDialog();\" >\n\t<img decoding=\"async\" id=\"coverFullsize\" src=\"\" alt=\"Cover des Buchs Ein falscher Verdacht, der keinen Unschuldigen trifft\" \/>\n<\/dialog>\n\n\n\n<div class=\"wp-block-columns is-layout-flex wp-container-core-columns-is-layout-28f84493 wp-block-columns-is-layout-flex\">\n<div class=\"wp-block-column is-layout-flow wp-block-column-is-layout-flow\" style=\"flex-basis:40%\">\n<img decoding=\"async\" id=\"coverPreview\" src=\"https:\/\/renebote.de\/wp-content\/uploads\/2025\/11\/Cover-Ein-falscher-Verdacht-der-keinen-Unschuldigen-trifft.webp\" class=\"coverPreviewBook\" onclick=\"showFullsizeCoverDialog();\" alt=\"Cover des Buches [Title]\" \/>\n\n\n<div class=\"bookPageGeneralInfoContainer\">\n    <div class=\"bookPageEditionsContainer\">\n\t\t\t\t<img decoding=\"async\" src=\"https:\/\/renebote.de\/wp-content\/uploads\/2024\/02\/Ebook.webp\" style=\"width: 100%;\" title=\"Erh\u00e4ltlich als E-Book\" \/>\n    <\/div>\n    <div class=\"bookPageInfoRowsContainer\">\n\t\t<div class=\"bookPageInfoRow\">\n            <img decoding=\"async\" src=\"https:\/\/renebote.de\/wp-content\/uploads\/2024\/02\/Erscheinungstermin.webp\" class=\"bookPageInfoIcon\" title=\"Erscheinungsdatum\" \/>29. November 2025\n        <\/div>\n\t\t<div class=\"bookPageInfoRow\">\n            <img decoding=\"async\" src=\"https:\/\/renebote.de\/wp-content\/uploads\/2024\/02\/Seiten.webp\" class=\"bookPageInfoIcon\" title=\"Seiten\" \/>20\n        <\/div>\n\t\t<div class=\"bookPageInfoRow\">\n            <img decoding=\"async\" src=\"https:\/\/renebote.de\/wp-content\/uploads\/2024\/02\/ISBN.webp\" class=\"bookPageInfoIcon\" title=\"ISBN\" \/>978-3818791766\n        <\/div>\n\t\t<div class=\"bookPageInfoRow\">\n            <img decoding=\"async\" src=\"https:\/\/renebote.de\/wp-content\/uploads\/2024\/02\/Verlag.webp\" class=\"bookPageInfoIcon\" title=\"Ver\u00f6ffentlicht bei\" \/>epubli\n        <\/div>\n    <\/div>\n<\/div>\n<div class=\"justifyText marginTop\">\n\t\t<p>Marvin und seine beiden Freunde haben Ruben lange genug gemobbt. Wenn sein Plan aufgeht, werden sie bald andere Sorgen haben, und das haben sie sich selbst eingebrockt. Doch die drei drehen den Spie\u00df um, und pl\u00f6tzlich steckt Ruben \u00fcbel in der Klemme. Was ihm widerf\u00e4hrt, sieht Marvin und seinen Freunden \u00e4hnlich, aber irgendetwas passt nicht. Um das Bild zusammenzusetzen, fehlt Ruben ein Puzzleteil, ein Puzzleteil, das er bestens kennt, aber \u00fcberhaupt nicht im Blick hat.\t<\/p>\n\n<\/div>\n<div class=\"fullWidthRow marginTop\">\n\t<b>E-Book \u20ac 0,99<\/b>\n<\/div>\n<div class=\"fullWidthRow noBlockStartMargin\">\n\t<div style=\"width: 30%\";>\n\t<a href=\"https:\/\/www.ebook.de\/de\/product\/52071137\/rene_bote_ein_falscher_verdacht_der_keinen_unschuldigen_trifft.html\">\n\t\t<img decoding=\"async\" src=\"https:\/\/renebote.de\/wp-content\/uploads\/2024\/02\/Shop-Icon-Ebook_de.webp\" style=\"width: 100%; cursor: pointer;\" title=\"Link zum Shop von ebook.de\"\/>\n\t<\/a>\n<\/div><div style=\"width: 30%\";>\n\t<a href=\"https:\/\/books.apple.com\/de\/book\/ein-falscher-verdacht-der-keinen-unschuldigen-trifft\/id6755069500\">\n\t\t<img decoding=\"async\" src=\"https:\/\/renebote.de\/wp-content\/uploads\/2024\/02\/Shop-Icon-iBooks.webp\" style=\"width: 100%; cursor: pointer;\" title=\"Link zum Shop von Apple Books\"\/>\n\t<\/a>\n<\/div>\n<\/div>\n\n<\/div>\n\n\n\n<div class=\"wp-block-column is-layout-flow wp-block-column-is-layout-flow\" style=\"flex-basis:66.66%\">\n<div class=\"justifyText\">\n\t<p style=\"margin-top: -5px;\">\u201eHeute kriege ich sie!\u201c, schrieb Ruben in den Chat. \u201eDiesmal sind sie dran, und dann m\u00fcssen sie mich endlich in Ruhe lassen.\u201c \u201eWas ist los?\u201c, kam kurz darauf die Antwort von Shadowwitch34. So nannte sich Rubens Chatpartnerin, mit der er seit einigen Monaten viel schrieb. Ruben hatte das Gef\u00fchl, dass er ihr alles anvertrauen konnte, auch wenn er im Hinterkopf behielt, dass er sie nicht pers\u00f6nlich kannte und nur \u00fcber sie wusste, was sie selbst im Chat \u00fcber sich preisgegeben hatte. Er sah keinen Grund, daran zu zweifeln, dass er es wirklich mit einem vierzehnj\u00e4hrigen M\u00e4dchen zu tun hatte, aber er blieb vorsichtig. Shadowwitch34 hielt es umgekehrt genauso, und weil sie beide kein Geheimnis daraus machten, funktionierte das sehr gut.\t<\/p>\n\t<p>\u201eIch wusste, die haben Dreck am Stecken\u201c, schrieb Ruben. \u201eIch wusste nur nicht genau, was, und hatte nat\u00fcrlich keine Beweise. Aber heute klappt\u2019s.\u201c\t<\/p>\n\t<p>Shadowwitch34 schickte zwei Fragezeichen zur\u00fcck. \u201eSie dealen\u201c, pr\u00e4zisierte Ruben. \u201eIch hab sie belauscht, heute Morgen in der Schule. Nachher kriegen sie eine neue Lieferung. Wenn ich das filme, hat die Polizei genug Beweise, um sie festzunageln.\u201c\t<\/p>\n\t<p>Die erste Antwort war ein Smiley mit entgeistert aufgerissenen Augen. \u201eMach blo\u00df keinen Schei\u00df!\u201c, beschwor Shadowwitch34 ihn. \u201eWenn die dich erwischen!\u201c\t<\/p>\n\t<p>Das wusste Ruben. Wenn die Dealer ihn entdeckten, w\u00fcrden sie ihn fertigmachen, dass sie ihn krankenhausreif pr\u00fcgelten, war das Mindeste, was er dann zu erwarten hatte. Er konnte auch nicht behaupten, dass er keine Angst hatte, ganz im Gegenteil. Aber die Gelegenheit war zu gut, und vor allem hatte sich \u00fcber die Zeit ein enormer Leidensdruck aufgebaut. Wenn er die Chance hatte, durfte er sie einfach nicht verstreichen lassen.\t<\/p>\n\t<p>Shadowwitch34 brauchte er das nicht zu erkl\u00e4ren. Sie wusste l\u00e4ngst, dass er von drei \u00e4lteren Jungen terrorisiert wurde, die im selben Wohnblock lebten. Seit einem halben Jahr ging das nun schon so, und er wusste nicht einmal, womit er das verdient hatte. Vielleicht war er ein Zufallsopfer, weil er j\u00fcnger und quasi jederzeit verf\u00fcgbar war; zumindest jederzeit, wenn er das Haus verlie\u00df oder zur\u00fcckkam. Da konnten sie ihm bequem auflauern, wenn sie mal wieder das Gef\u00fchl brauchten, die Gr\u00f6\u00dften zu sein, und er konnte dem unm\u00f6glich ausweichen. Schlie\u00dflich musste er zur Schule, und er wollte auch nicht auf sein Leichtathletiktraining verzichten oder darauf, sich nachmittags mit Freunden zu treffen.\t<\/p>\n\t<p>Der Anf\u00fchrer des Trios hie\u00df Marvin und war nach allem, was Ruben wusste, fast 18. Seine Kumpel, Simon und Fabian, waren unwesentlich j\u00fcnger, sie gingen in dieselbe Stufe, w\u00fcrden aber erst im Fr\u00fchjahr Geburtstag haben. Beliebt waren sie wohl auch in der Zw\u00f6lften nicht, eher w\u00fcrden die meisten aus der Stufe froh sein, wenn sich nach dem Abitur die Wege trennten. M\u00f6glich, dass Ruben nicht das einzige Opfer war, das war schwer zu erkennen. Ruppig benahmen die drei sich eigentlich st\u00e4ndig, und bisher waren alle Erziehungsma\u00dfnahmen an ihnen abgeperlt.\t<\/p>\n\t<p>Ruben traute ihnen grunds\u00e4tzlich so ziemlich alles zu, aber bislang hatte er nichts Konkretes in Erfahrung bringen k\u00f6nnen. Genauso wenig war es ihm gelungen, Beweise daf\u00fcr zu sichern, dass sie ihn mobbten. Sie hatten ein Talent daf\u00fcr, sich ihre Attacken f\u00fcr Momente aufzuheben, in denen es keine Zeugen gab, und keine Spuren zu hinterlassen. Gut, vermutlich trugen inzwischen etliche von seinen Sachen ihre Fingerabdr\u00fccke, aber er hatte zu wenig in der Hand f\u00fcr eine Anzeige, die dazu gef\u00fchrt h\u00e4tte, dass Marvin und die anderen von der Polizei ans Stempelkissen gebeten wurden. Alles bewegte sich in diesem verflixten Grenzbereich, der einfach nicht richtig zu packen schien, und die drei wussten offensichtlich verdammt genau, wie weit sie gehen konnten. Sie schubsten ihn herum, verletzten ihn aber nicht dabei, seine Sachen warfen sie in den Dreck, sodass sie schmutzig, aber nicht besch\u00e4digt wurden. Auch ihn bestohlen oder Geld von ihm verlangt hatten sie noch nie. Ganz offensichtlich ging es ihnen nicht darum, sich zu bereichern, sie wollten ihre Macht demonstrieren, ihm und auch sich selbst. Sie wollten ihm Angst machen, und leider gelang es ihnen auch.\t<\/p>\n\n<\/div>\n<\/div>\n<\/div>\n","protected":false},"excerpt":{"rendered":"<p>29. November 2025 20 978-3818791766 epubli Marvin und seine beiden Freunde haben Ruben lange genug gemobbt. Wenn sein Plan aufgeht, werden sie bald andere Sorgen haben, und das haben sie sich selbst eingebrockt. Doch die drei drehen den Spie\u00df um, und pl\u00f6tzlich steckt Ruben \u00fcbel in der Klemme. Was ihm widerf\u00e4hrt, sieht Marvin und seinen [&hellip;]<\/p>\n","protected":false},"author":1,"featured_media":0,"parent":0,"menu_order":0,"comment_status":"closed","ping_status":"closed","template":"","meta":{"footnotes":""},"class_list":["post-2044","page","type-page","status-publish","hentry"],"_links":{"self":[{"href":"https:\/\/renebote.de\/index.php?rest_route=\/wp\/v2\/pages\/2044","targetHints":{"allow":["GET"]}}],"collection":[{"href":"https:\/\/renebote.de\/index.php?rest_route=\/wp\/v2\/pages"}],"about":[{"href":"https:\/\/renebote.de\/index.php?rest_route=\/wp\/v2\/types\/page"}],"author":[{"embeddable":true,"href":"https:\/\/renebote.de\/index.php?rest_route=\/wp\/v2\/users\/1"}],"replies":[{"embeddable":true,"href":"https:\/\/renebote.de\/index.php?rest_route=%2Fwp%2Fv2%2Fcomments&post=2044"}],"version-history":[{"count":1,"href":"https:\/\/renebote.de\/index.php?rest_route=\/wp\/v2\/pages\/2044\/revisions"}],"predecessor-version":[{"id":2045,"href":"https:\/\/renebote.de\/index.php?rest_route=\/wp\/v2\/pages\/2044\/revisions\/2045"}],"wp:attachment":[{"href":"https:\/\/renebote.de\/index.php?rest_route=%2Fwp%2Fv2%2Fmedia&parent=2044"}],"curies":[{"name":"wp","href":"https:\/\/api.w.org\/{rel}","templated":true}]}}