{"id":186,"date":"2024-01-29T18:44:01","date_gmt":"2024-01-29T17:44:01","guid":{"rendered":"https:\/\/renebote.de\/?page_id=186"},"modified":"2024-05-27T17:33:37","modified_gmt":"2024-05-27T16:33:37","slug":"nur-fliegen-ist-schoener","status":"publish","type":"page","link":"https:\/\/renebote.de\/?page_id=186","title":{"rendered":"Nur Fliegen ist sch\u00f6ner!"},"content":{"rendered":"\n<dialog id=\"imgFull\" class=\"coverFullsizeDialog\" style=\"display: none;\" onclick=\"hideFullsizeCoverDialog();\" >\n<img decoding=\"async\" id=\"coverFullsize\" src=\"\" alt=\"Cover der Kurzgeschichte Nur fliegen ist sch\u00f6ner!\" \/>\n<\/dialog>\n<div class=\"justifyText\">\n<p><i>\nEigentlich war ich in S\u00fcdtirol auf der Suche nach Fotomotiven f\u00fcr das Cover eines Buches, das demn\u00e4chst erscheinen soll (dazu sp\u00e4ter mehr), aber wie das manchmal so ist, sprang mich auf einer Wanderung eine kleine Geschichte an. Das ist der Grund, warum mein Notizblock zu einem st\u00e4ndigen Begleiter geworden ist &ndash; gem\u00fctlich auf der Bank vor einer Almh\u00fctte sitzend, konnte ich die unterwegs entwickelte Idee direkt aufschreiben. Ich stelle die Geschichte so ein, wie ich sie notiert habe, nur etwas formatiert. Viel Spa\u00df beim Lesen!<br \/>\nAnstelle eines Titelbildes stelle ich hier einfach mal den Ausblick hin, den ich hatte, wenn ich w\u00e4hrend des Schreibens vom Block aufgeschaut habe.\n<\/i><\/p>\n<img decoding=\"async\" id=\"coverPreview\" class=\"coverPreview\" src=\"https:\/\/renebote.de\/wp-content\/uploads\/2024\/01\/Cover-Nur-Fliegen-ist-schoener.webp\" onclick=\"showFullsizeCoverDialog();\" alt=\"Cover der Kurzgeschichte Nur fliegen ist sch\u00f6ner!\" \/>\n<p>\u201eEigentlich m\u00fcsste es das \u00fcberall geben\u201c, dachte Carlotta noch, zu Fu\u00df zur Alm wandern und dann geschwind mit dem Schlitten wieder runter. Dann rummste es pl\u00f6tzlich, und der Schlitten holperte ohne Fahrerin weiter.<\/p><p>&nbsp;<\/p>\n<p style=\"text-align: center;\">***<\/p><p>&nbsp;<\/p>\n<p>\u201eNur Fliegen ist sch\u00f6ner!\u201c, dachte Bastian noch. Dann rummste es pl\u00f6tzlich, und er lag der L\u00e4nge nach im Schnee.<\/p><p>&nbsp;<\/p>\n<p style=\"text-align: center;\">***<\/p><p>&nbsp;<\/p>\n<p>Carlotta rappelte sich auf und klopfte sich den Schnee von den Klamotten. \u201eKannst du nicht aufpassen?\u201c, fauchte sie den Jungen an, der aus dem anderen Ast der Gabelung gekommen war und sie mit Vollspeed gerammt hatte. \u201eDu hast doch gesehen, dass ich komme!\u201c \u201ePass du doch auf!\u201c, gab der Junge garstig zur\u00fcck, w\u00e4hrend er mit behandschuhten H\u00e4nden die Vorderseite seines Schneeanzugs abklopfte. \u201eIch war auf dem Hauptweg!\u201c, verwahrte sich Carlotta. \u201eIch kann doch nicht damit rechnen, dass du einfach durchf\u00e4hrst!\u201c<\/p><p>&nbsp;<\/p>\n<p style=\"text-align: center;\">***<\/p><p>&nbsp;<\/p>\n<p>So ein Quatsch! \u201eSchon mal was von &#8218;rechts vor links&#8216; geh\u00f6rt?\u201c, konterte Bastian. \u201eIch kann doch nicht damit rechnen, dass du die Vorfahrtsregeln nicht kennst!\u201c \u201eQuatsch!\u201c, gab das M\u00e4dchen zur\u00fcck.<\/p><p>&nbsp;<\/p>\n<p style=\"text-align: center;\">***<\/p><p>&nbsp;<\/p>\n<p>Ein kurzes Schweigen entstand. Es schien alles gesagt, und es war klar, dass keiner von beiden von seiner Meinung abr\u00fccken w\u00fcrde. \u201eWenn wir endlich gekl\u00e4rt haben, dass du mich doof findest, und ich dich, k\u00f6nne wir dann vielleicht endlich mal weiterfahren?\u201c, brummte Carlotta dann. Ohne auf eine Antwort zu warten, stapfte sie los, um den Schlitten einzusammeln, der zum Gl\u00fcck nach ein paar Metern vom Weg abgekommen und im Schnee stecken geblieben war. Das h\u00e4tte noch gefehlt, dass der ohne sie bis ins Dorf runterrutschte!<\/p><p>&nbsp;<\/p>\n<p style=\"text-align: center;\">***<\/p><p>&nbsp;<\/p>\n<p>Bastian hatte keine Lust, sich die Laune und die sch\u00f6ne lange Abfahrt verderben zu lassen. Er stellte den Schlitten wieder auf die Kufen, setzte sich drauf und stie\u00df sich ab. Er fuhr an dem M\u00e4dchen vorbei, das gerade seinen Schlitten aus dem Tiefschnee zerrte, und nahm richtig Tempo auf.<\/p><p>&nbsp;<\/p>\n<p style=\"text-align: center;\">***<\/p><p>&nbsp;<\/p>\n<p>Wollte der Typ jetzt ein Rennen fahren? Das konnte er haben, und so schnell wie er war sie allemal. Energisch stellte Carlotta den Schlitten richtig hin, schob ihn an und sa\u00df auf, fast so wie die Olympioniken im Eiskanal. Schnell hatte sie ihren Kontrahenten eingeholt und zog an ihm vorbei.<\/p><p>&nbsp;<\/p>\n<p style=\"text-align: center;\">***<\/p><p>&nbsp;<\/p>\n<p>Was sollte das denn jetzt werden? wunderte Bastian sich. Ein Pistenrennen? Aber immer doch! Er gab seinem Schlitten die Sporen und verk\u00fcrzte den R\u00fcckstand, bis er das M\u00e4dchen fast wieder ein hatte. \u201eNa warte!\u201c, wollte er rufen, und \u201eIch bin schneller als du!\u201c Doch stattdessen rief er aus dem Bauch heraus: \u201eWarte mal!\u201c<\/p><p>&nbsp;<\/p>\n<p style=\"text-align: center;\">***<\/p><p>&nbsp;<\/p>\n<p>Nanu? Sollte das ein Trick sein, damit sie ihn nicht komplett abh\u00e4ngte? Aber irgendwas veranlasste Carlotta, tats\u00e4chlich abzubremsen, bis der Junge neben ihr war. \u201eWas ist?\u201c, fragte sie und versuchte es gelangweilt klingen zu lassen. So ganz gelang es ihr nicht.<\/p><p>&nbsp;<\/p>\n<p>\u201eWollen wir zusammen fahren?\u201c, fragte der Junge. \u201eIst doch lustiger. \u00dcbrigens, ich bin Bastian.\u201c \u201eIch hei\u00dfe Carlotta\u201c, antwortete Carlotta. \u201eBisschen mehr Tempo?\u201c \u201eImmer\u201c, antwortete Bastian, und schon sausten sie wie ein Doppelblitz nebeneinander den Weg hinunter.<\/p><p>&nbsp;<\/p>\n<p style=\"text-align: center;\">***<\/p><p>&nbsp;<\/p>\n<p>Die Abfahrt dauerte ganz h\u00fcbsch lange, aber irgendwann kam leider doch das Dorf und damit auch das Ende der Schlittenpartie in Sicht. \u201eAbsprung?\u201c, rief Carlotta, als sie das Ende der Rodelpiste fast erreicht hatten. \u201eAbsprung!\u201c, rief Bastian zur\u00fcck.<\/p><p>&nbsp;<\/p>\n<p>Beide sprangen zur gleichen Zeit ab und lie\u00dfen den Schlitten in den Holzzaun rutschen. Kopf\u00fcber landeten sie in einer Schneewehe.<\/p><p>&nbsp;<\/p>\n<p>\u201eKlasse!\u201c, grinste Carlotta, als sie wieder auftauchte. \u201eSpitzenklasse!\u201c, grinste Bastian mit Schnee an der M\u00fctze. \u201eMorgen wieder?\u201c \u201eMorgen wieder!\u201c<\/p>\n<\/div>\n","protected":false},"excerpt":{"rendered":"<p>Eigentlich war ich in S\u00fcdtirol auf der Suche nach Fotomotiven f\u00fcr das Cover eines Buches, das demn\u00e4chst erscheinen soll (dazu sp\u00e4ter mehr), aber wie das manchmal so ist, sprang mich auf einer Wanderung eine kleine Geschichte an. Das ist der Grund, warum mein Notizblock zu einem st\u00e4ndigen Begleiter geworden ist &ndash; gem\u00fctlich auf der Bank [&hellip;]<\/p>\n","protected":false},"author":1,"featured_media":0,"parent":0,"menu_order":0,"comment_status":"closed","ping_status":"closed","template":"","meta":{"footnotes":""},"class_list":["post-186","page","type-page","status-publish","hentry"],"_links":{"self":[{"href":"https:\/\/renebote.de\/index.php?rest_route=\/wp\/v2\/pages\/186","targetHints":{"allow":["GET"]}}],"collection":[{"href":"https:\/\/renebote.de\/index.php?rest_route=\/wp\/v2\/pages"}],"about":[{"href":"https:\/\/renebote.de\/index.php?rest_route=\/wp\/v2\/types\/page"}],"author":[{"embeddable":true,"href":"https:\/\/renebote.de\/index.php?rest_route=\/wp\/v2\/users\/1"}],"replies":[{"embeddable":true,"href":"https:\/\/renebote.de\/index.php?rest_route=%2Fwp%2Fv2%2Fcomments&post=186"}],"version-history":[{"count":4,"href":"https:\/\/renebote.de\/index.php?rest_route=\/wp\/v2\/pages\/186\/revisions"}],"predecessor-version":[{"id":1679,"href":"https:\/\/renebote.de\/index.php?rest_route=\/wp\/v2\/pages\/186\/revisions\/1679"}],"wp:attachment":[{"href":"https:\/\/renebote.de\/index.php?rest_route=%2Fwp%2Fv2%2Fmedia&parent=186"}],"curies":[{"name":"wp","href":"https:\/\/api.w.org\/{rel}","templated":true}]}}