{"id":1855,"date":"2024-12-19T21:14:53","date_gmt":"2024-12-19T20:14:53","guid":{"rendered":"https:\/\/renebote.de\/?page_id=1855"},"modified":"2025-04-18T11:45:23","modified_gmt":"2025-04-18T10:45:23","slug":"panne-ohne-schaden","status":"publish","type":"page","link":"https:\/\/renebote.de\/?page_id=1855","title":{"rendered":"Panne ohne Schaden"},"content":{"rendered":"\n<dialog id=\"imgFull\" class=\"coverFullsizeDialog\" style=\"display: none;\" onclick=\"hideFullsizeCoverDialog();\" >\n\t<img decoding=\"async\" id=\"coverFullsize\" src=\"\" alt=\"Cover des Buchs Panne ohne Schaden\" \/>\n<\/dialog>\n\n\n\n<div class=\"wp-block-columns is-layout-flex wp-container-core-columns-is-layout-28f84493 wp-block-columns-is-layout-flex\">\n<div class=\"wp-block-column is-layout-flow wp-block-column-is-layout-flow\" style=\"flex-basis:40%\">\n<img decoding=\"async\" id=\"coverPreview\" src=\"https:\/\/renebote.de\/wp-content\/uploads\/2024\/12\/Cover-Panne-ohne-Schaden.webp\" class=\"coverPreviewBook\" onclick=\"showFullsizeCoverDialog();\" alt=\"Cover des Buches [Title]\" \/>\n\n\n<div class=\"bookPageGeneralInfoContainer\">\n    <div class=\"bookPageEditionsContainer\">\n\t\t\t\t<img decoding=\"async\" src=\"https:\/\/renebote.de\/wp-content\/uploads\/2024\/02\/Ebook.webp\" style=\"width: 100%;\" title=\"Erh\u00e4ltlich als E-Book\" \/>\n    <\/div>\n    <div class=\"bookPageInfoRowsContainer\">\n\t\t<div class=\"bookPageInfoRow\">\n            <img decoding=\"async\" src=\"https:\/\/renebote.de\/wp-content\/uploads\/2024\/02\/Erscheinungstermin.webp\" class=\"bookPageInfoIcon\" title=\"Erscheinungsdatum\" \/>6. Januar 2025\n        <\/div>\n\t\t<div class=\"bookPageInfoRow\">\n            <img decoding=\"async\" src=\"https:\/\/renebote.de\/wp-content\/uploads\/2024\/02\/Seiten.webp\" class=\"bookPageInfoIcon\" title=\"Seiten\" \/>20\n        <\/div>\n\t\t<div class=\"bookPageInfoRow\">\n            <img decoding=\"async\" src=\"https:\/\/renebote.de\/wp-content\/uploads\/2024\/02\/ISBN.webp\" class=\"bookPageInfoIcon\" title=\"ISBN\" \/>978-3756592517\n        <\/div>\n\t\t<div class=\"bookPageInfoRow\">\n            <img decoding=\"async\" src=\"https:\/\/renebote.de\/wp-content\/uploads\/2024\/02\/Verlag.webp\" class=\"bookPageInfoIcon\" title=\"Ver\u00f6ffentlicht bei\" \/>\n        <\/div>\n    <\/div>\n<\/div>\n<div class=\"justifyText marginTop\">\n\t\t<p>Plattfu\u00df? Das hat Tilo gerade noch gefehlt! Nach Hause schieben, und dann wird die Reparatur auch eine Stange Geld kosten. Oder? Dank Noelia aus der Parallelklasse kann er sich zumindest das Geld sparen. Doch dabei wird auch klar: Die Heftzwecke hat er sich nicht zuf\u00e4llig in den Reifen gefahren. Die Suche nach dem Saboteur beginnt \u2026\t<\/p>\n\n<\/div>\n<div class=\"fullWidthRow marginTop\">\n\t<b>E-Book \u20ac 0,99<\/b>\n<\/div>\n<div class=\"fullWidthRow noBlockStartMargin\">\n\t<div style=\"width: 30%\";>\n\t<a href=\"https:\/\/www.ebook.de\/de\/product\/50284577\/rene_bote_panne_ohne_schaden.html\">\n\t\t<img decoding=\"async\" src=\"https:\/\/renebote.de\/wp-content\/uploads\/2024\/02\/Shop-Icon-Ebook_de.webp\" style=\"width: 100%; cursor: pointer;\" title=\"Link zum Shop von ebook.de\"\/>\n\t<\/a>\n<\/div><div style=\"width: 30%\";>\n\t<a href=\"https:\/\/books.apple.com\/de\/book\/panne-ohne-schaden\/id6743805493\">\n\t\t<img decoding=\"async\" src=\"https:\/\/renebote.de\/wp-content\/uploads\/2024\/02\/Shop-Icon-iBooks.webp\" style=\"width: 100%; cursor: pointer;\" title=\"Link zum Shop von Apple Books\"\/>\n\t<\/a>\n<\/div>\n<\/div>\n<\/div>\n\n\n\n<div class=\"wp-block-column is-layout-flow wp-block-column-is-layout-flow\" style=\"flex-basis:66.66%\">\n<div class=\"justifyText\">\n\t<p style=\"margin-top: -5px;\">Der Gong nach der siebten Stunde hauchte Tilo wieder Leben ein. Seine 7c hatte in der letzten Stunde Physik gehabt, alles andere als Tilos Lieblingsfach. Er beeilte sich mit dem Einpacken, verlie\u00df mit den Kameraden den Klassenraum und ging zur Treppe. Im Erdgeschoss bog er ab, w\u00e4hrend die meisten dem Haupteingang zustrebten, um zur Bushaltestelle zu gehen, ging er zur Treppe ins Untergeschoss. Er wohnte nicht so weit weg von der Schule, er hatte zwar eine Fahrkarte, schon f\u00fcr den Fall, dass das Wetter schlecht war, aber wenn das Wetter mitspielte, fuhr er lieber mit dem Fahrrad. Zeitlich war das kein Nachteil, mit dem Bus musste er umsteigen.\t<\/p>\n\t<p>Im Untergeschoss gab es einen abgeteilten Bereich, in dem die Fahrr\u00e4der geparkt werden konnten. Das war auf jeden Fall sicherer als ein Schuppen auf dem Hof, wo jeder dran gekonnt h\u00e4tte, um ein Fahrrad zu stehlen. Absolute Sicherheit bot nat\u00fcrlich auch der Keller nicht, weil er tags\u00fcber nicht abgeschlossen war; sonst h\u00e4tten die Kinder und Jugendlichen ja ihre Fahrr\u00e4der nicht einstellen und sp\u00e4ter wieder abholen k\u00f6nnen. Aber Tilo war noch nie zu Ohren gekommen, dass ein Fahrrad aus dem Keller weggekommen oder mutwillig besch\u00e4digt worden w\u00e4re.\t<\/p>\n\t<p>Zumindest bis zu diesem Tag war das so gewesen, doch als er sein Rad erreichte, sah er sofort, dass der Reifen am Hinterrad platt war. Na toll! Hatte sich da jemand einen Scherz erlaubt und die Luft rausgelassen?\t<\/p>\n\t<p>Brummelnd nahm Tilo die Luftpumpe aus der Halterung am Rahmen und schraubte die Kappe vom Ventil. \u201eDas wird kaum klappen!\u201c, sagte pl\u00f6tzlich eine Stimme neben ihm. Er schaute auf und sah, dass Noelia aus der 7b zwei, drei Pl\u00e4tze weiter ein Citybike loskettete. Sie kannten sich, weil sie zusammen Reli hatten, seit der F\u00fcnften, und seit Anfang des Schuljahres auch Franz\u00f6sisch.\t<\/p>\n\t<p>\u201eWieso?\u201c, fragte er verdutzt. \u201eWeil die Luft da gleich wieder rausgeht\u201c, erkl\u00e4rte Noelia und deutete auf eine bestimmte Stelle am Reifen. Tilo beugte sich vor, um besser sehen zu k\u00f6nnen, und entdeckte dann auch den metallischen Glanz, der Noelia direkt ins Auge gefallen war: eine Heftzwecke, die am Rand des Profils im Mantel steckte. Also doch kein bl\u00f6der Streich, sondern entweder Pech oder ein wirklich saubl\u00f6der Streich. Die Luft aus dem Reifen zu lassen, war schon nur eingeschr\u00e4nkt witzig, den Reifen dabei zu besch\u00e4digen, \u00fcberhaupt nicht mehr.\t<\/p>\n\t<p>Er pulte die Heftzwecke aus dem Reifen und dr\u00fcckte sie so auf den Betonboden, dass der spitze Stift umknickte. Als er sicher war, dass sich niemand mehr daran verletzen konnte, warf er die Zwecke in den M\u00fclleimer neben der T\u00fcr. Dann griff er wieder zur Luftpumpe. \u201eWas hast du vor?\u201c, wunderte Noelia sich. \u201eAufpumpen\u201c, antwortete Tilo knapp, w\u00e4hrend er die Pumpe aufs Ventil setzte und verbissen zu pumpen begann. \u201eIch muss doch irgendwie nach Hause kommen.\u201c \u201eDas wird nichts\u201c, meinte Noelia. \u201eIch wei\u00df zwar nicht genau, wie weit du\u2019s hast, aber das h\u00e4lt keine hundert Meter, bis der Reifen wieder total platt ist.\u201c Tilo zuckte unwillig mit den Schultern. \u201eUnd was soll ich bittesch\u00f6n sonst machen?\u201c, fragte er. \u201eWenn ich laufe \u2026\u201c \u201eSchon klar\u201c, gab Noelia zu. \u201eAber dann musst du notfalls den Bus nehmen. Mit dem Platten bist du auf jeden Fall nicht schneller, als wenn du l\u00e4ufst. Du brauchst nun mal mehr Kraft, wenn der Reifen nicht richtig aufgepumpt ist, und wenn du dann an jeder Ecke erst mal stehen bleiben musst, um wieder zu pumpen \u2026 Das kannst du echt vergessen. Au\u00dferdem machst du dir den Reifen kaputt damit.\u201c\t<\/p>\n\n<\/div>\n<\/div>\n<\/div>\n\n\n\n<p><\/p>\n","protected":false},"excerpt":{"rendered":"<p>6. Januar 2025 20 978-3756592517 Plattfu\u00df? Das hat Tilo gerade noch gefehlt! Nach Hause schieben, und dann wird die Reparatur auch eine Stange Geld kosten. Oder? Dank Noelia aus der Parallelklasse kann er sich zumindest das Geld sparen. Doch dabei wird auch klar: Die Heftzwecke hat er sich nicht zuf\u00e4llig in den Reifen gefahren. Die [&hellip;]<\/p>\n","protected":false},"author":1,"featured_media":0,"parent":0,"menu_order":0,"comment_status":"closed","ping_status":"closed","template":"","meta":{"footnotes":""},"class_list":["post-1855","page","type-page","status-publish","hentry"],"_links":{"self":[{"href":"https:\/\/renebote.de\/index.php?rest_route=\/wp\/v2\/pages\/1855","targetHints":{"allow":["GET"]}}],"collection":[{"href":"https:\/\/renebote.de\/index.php?rest_route=\/wp\/v2\/pages"}],"about":[{"href":"https:\/\/renebote.de\/index.php?rest_route=\/wp\/v2\/types\/page"}],"author":[{"embeddable":true,"href":"https:\/\/renebote.de\/index.php?rest_route=\/wp\/v2\/users\/1"}],"replies":[{"embeddable":true,"href":"https:\/\/renebote.de\/index.php?rest_route=%2Fwp%2Fv2%2Fcomments&post=1855"}],"version-history":[{"count":3,"href":"https:\/\/renebote.de\/index.php?rest_route=\/wp\/v2\/pages\/1855\/revisions"}],"predecessor-version":[{"id":1962,"href":"https:\/\/renebote.de\/index.php?rest_route=\/wp\/v2\/pages\/1855\/revisions\/1962"}],"wp:attachment":[{"href":"https:\/\/renebote.de\/index.php?rest_route=%2Fwp%2Fv2%2Fmedia&parent=1855"}],"curies":[{"name":"wp","href":"https:\/\/api.w.org\/{rel}","templated":true}]}}