{"id":183,"date":"2024-01-29T18:36:00","date_gmt":"2024-01-29T17:36:00","guid":{"rendered":"https:\/\/renebote.de\/?page_id=183"},"modified":"2024-02-09T19:29:14","modified_gmt":"2024-02-09T18:29:14","slug":"feuerwerk-nur-fuer-dich","status":"publish","type":"page","link":"https:\/\/renebote.de\/?page_id=183","title":{"rendered":"Feuerwerk nur f\u00fcr dich"},"content":{"rendered":"\n<style>\n\n\t.fireworkStoryCoverMainContainer {\n\t\twidth: 100%;\n\t\tdisplay: flex;\n\t\tflex-direction: row;\n\t\tgap: 10px;\n\t}\n\t\n\t.fireworkStoryCoverMinisContainer {\n\t\twidth: 20%;\n\t\tdisplay: flex;\n\t\tflex-direction: column;\n\t\tgap: 10px;\n\t}\n\t\n\t.fireworkStoryMiniImg {\n                width: 100%;\n\t\tcursor: pointer;\n\t\tborder-radius: 4px;\n\t}\n\t\n\t.fireworkStoryMiniImgActive {\n\t\tborder: 2px solid blue;\n\t}\n\n<\/style>\n\n<dialog id=\"imgFull\" class=\"coverFullsizeDialog\" style=\"display: none;\" onclick=\"hideFullsizeCoverDialog();\" >\n<img decoding=\"async\" id=\"coverFullsize\" src=\"\" alt=\"Cover der Kurzgeschichte Feuerwerk nur f\u00fcr dich\" \/>\n<\/dialog>\n<div class=\"justifyText\">\n<p><i> Eine kleine und v\u00f6llig spontan entstandene Geschichte zu Silvester. Ich habe die Story w\u00e4hrend eines Spaziergangs am Silvestermorgen entwickelt und anschlie\u00dfend nur eine Stunde gebraucht, um aus der Idee die vollst\u00e4ndige Geschichte entstehen zu lassen.\n<\/i><\/p>\n<p><i>\nIm Lauf der Zeit sind zwei Titelbilder zu dieser Geschichte entstanden, die ich euch beide nicht vorenthalten m\u00f6chte. Daher gibt es hier die M\u00f6glichkeit, mit einem Klick auf die Miniaturen zwischen den beiden Bildern umzuschalten.\n<\/i><\/p>\n<div class=\"fireworkStoryCoverMainContainer\">\n\t<img decoding=\"async\" id=\"coverPreview\" class=\"coverPreview\" src=\"https:\/\/renebote.de\/wp-content\/uploads\/2024\/01\/Cover-Feuerwerk-nur-fuer-dich.webp\" onclick=\"showFullsizeCoverDialog();\" alt=\"Cover der Kurzgeschichte Feuerwerk nur f\u00fcr dich\" \/>\n\t<div class=\"fireworkStoryCoverMinisContainer\">\n\t\t<img decoding=\"async\" id=\"mini1\" src=\"https:\/\/renebote.de\/wp-content\/uploads\/2024\/01\/Cover-Feuerwerk-nur-fuer-dich.webp\" class=\"fireworkStoryMiniImg fireworkStoryMiniImgActive\" onclick=\"switchCover('mini1');\">\n\t\t<img decoding=\"async\" id=\"mini2\" src=\"https:\/\/renebote.de\/wp-content\/uploads\/2024\/02\/Cover-Feuerwerk-nur-fuer-dich-2.webp\" class=\"fireworkStoryMiniImg\" onclick=\"switchCover('mini2');\">\n\t<\/div>\n<\/div>\n<p>\u201eMama, ich m\u00f6chte mir mit Paula das Feuerwerk vom Ehrenmal aus ansehen\u201c, verk\u00fcndete Lukas, von allen, die ihn kannten, Lux genannt, als die Silvesterfeier gerade richtig in Gang kam. Wie jedes Jahr feierten seine Eltern mit mehreren befreundeten Familien zusammen, und das bedeutete automatisch, dass auch Paula dabei war, Lux\u2018 Klassenkameradin und zugleich die Tochter der besten Freunde seiner Eltern.<\/p><p>&nbsp;<\/p>\n<p>Seine Mutter war zun\u00e4chst nicht sehr begeistert und murmelte etwas von \u201ealle zusammen feiern!\u201c \u201eund dunkel und einsam da drau\u00dfen\u201c, aber Lux\u2018 Vater sprang seinem Sohn bei. \u201eLass sie!\u201c, bat er seine Frau. \u201eDie beiden sind keine Kleinkinder mehr, ihnen wird schon nichts passieren, und wenn sie mal f\u00fcr sich sein wollen, dann ist das doch v\u00f6llig okay.\u201c Dabei zwinkerte er Lux zu, und der hatte sofort das Gef\u00fchl, dass sein Vater eine ziemlich genaue Vorstellung davon hatte, warum sein einziger Ableger sich dem Feuerwerk-Gucken im Familienkreis entziehen wollte.<\/p><p>&nbsp;<\/p>\n<p style=\"text-align: center;\">***<\/p><p>&nbsp;<\/p>\n<p>Sein Vater lag mit seiner Ahnung nicht ganz so falsch. Unter ihren Freunden galten Lux und Paula als das zuk\u00fcnftige Traumpaar. Dass sie einander sehr mochten, war kein Geheimnis, und manche behaupteten, eigentlich w\u00e4ren Lux und Paula schon ein richtiges Paar.<\/p><p>&nbsp;<\/p>\n<p>Offiziell waren sie allerdings nur gute Freunde. Es hatte sich einfach noch nicht die passende Gelegenheit ergeben, um zusammenzukommen. Vielleicht h\u00e4tte einfach nur einer von beiden den Anfang machen und eine solche Situation schaffen m\u00fcssen, doch das hatte sich bis jetzt weder Lux, noch Paula getraut.<\/p><p>&nbsp;<\/p>\n<p>Dabei wusste Lux, dass Paula nicht nein sagen w\u00fcrde. Er kannte sie ja schon, seit sie Babys gewesen waren, und konnte in ihrem Gesicht lesen wie in einem Buch. Au\u00dferdem hatte sein bester Freund ihm verraten, dass Paula nur darauf wartete, gefragt zu werden, und der hatte es von Paulas bester Freundin. So gesehen war die Sache also eigentlich wasserdicht, und f\u00fcr heute hatte Lux sich vorgenommen, Paula endlich wirklich zu fragen.<\/p><p>&nbsp;<\/p>\n<p style=\"text-align: center;\">***<\/p><p>&nbsp;<\/p>\n<p>Als sie eine halbe Stunde vor Mitternacht ihre Jacken anzogen und losgingen, da musste Lux sich anstrengen, um sich seine Aufregung nicht anmerken zu lassen. Dabei schien auch Paula aufgeregt zu sein \u2013 ahnte sie trotzdem etwas? Oder war das nur wegen des n\u00e4chtlichen Spaziergangs?<\/p><p>&nbsp;<\/p>\n<p>Nach wenigen hundert Metern lagen die letzten H\u00e4user hinter ihnen, und der Rest des Wegs f\u00fchrte an Feldern vorbei und durch Waldfetzen hindurch. Die Stra\u00dfe endete, und ein Fu\u00dfweg f\u00fchrte weiter, mit leichter Steigung den H\u00fcgel hinauf zum Ehrenmal.<\/p><p>&nbsp;<\/p>\n<p>Im Dunklen war vom Ehrenmal selbst nicht viel zu sehen, denn die Reiterstatue mit den Namen der Gefallenen des Ortes aus beiden Weltkriegen am Sockel wurde nicht illuminiert, und mit der Stra\u00dfe h\u00f6rten auch die Laternen auf. Nichts regte sich, denn obwohl es kaum einen besseren Aussichtspunkt in der Umgebung gab, kamen nur selten Leute her. Ob es wohl daran lag, dass man mit dem Auto nicht n\u00e4her als bis auf einen halben Kilometer herankam?<\/p><p>&nbsp;<\/p>\n<p>Lux hatte vorgesorgt. Er hatte extra die Jacke mit den gro\u00dfen Taschen an, und unter Paulas erstaunten Blicken holte er nicht nur zwei kleine Gl\u00e4ser und ein Flasche Cola heraus, damit sie gleich was zum Ansto\u00dfen hatten, sondern auch eine d\u00fcnne, eng zusammengerollte Decke, die er auf einem kleinen M\u00e4uerchen ausbreitete. Die Mauer war h\u00fcfthoch und umgab das Ehrenmal wie eine Festungsmauer.<\/p><p>&nbsp;<\/p>\n<p>\u201eGeht deine Uhr genau?\u201c, erkundigte Paula sich. Lux nickte. \u201eIst eine Funkuhr. Eine Minute noch.\u201c<\/p><p>&nbsp;<\/p>\n<p>Schweigend warteten sie. Unten in der Stadt ging schon der eine oder andere B\u00f6ller los, das waren die Leute, die es nicht erwarten konnten. Noch eine halbe Minute, noch zwanzig Sekunden. Lux hatte die Gl\u00e4ser gef\u00fcllt und reichte eines an Paula weiter, die es l\u00e4chelnd entgegennahm.<\/p><p>&nbsp;<\/p>\n<p>Der Countdown begann, Lux und Paula z\u00e4hlten laut mit. \u201e&#8230;drei &#8230;zwei &#8230; eins &#8230; Frohes neues Jahr!\u201c Sie sagten es gleichzeitig und lie\u00dfen die Gl\u00e4ser mit einem leisen Klingen aneinandersto\u00dfen. \u201eProst!\u201c, f\u00fcgte Lux noch hinzu.<\/p><p>&nbsp;<\/p>\n<p>Paula trank einen Schluck und stellte dann das Glas weg. Sie umarmte Lux und dr\u00fcckte ihn ganz fest an sich. \u201eAlles Gute im neuen Jahr!\u201c, fl\u00fcsterte sie und schmiegte f\u00fcr einen Moment den Kopf an seine Schulter.<\/p><p>&nbsp;<\/p>\n<p style=\"text-align: center;\">***<\/p><p>&nbsp;<\/p>\n<p>Unten in der Stadt stiegen die ersten Raketen auf, und Paula entfernte sich ein paar Schritte, um einen noch besseren \u00dcberblick zu bekommen. Lux lie\u00df sie vorgehen und achtete sorgf\u00e4ltig darauf, dass sie nicht nach hinten schaute, w\u00e4hrend er noch ein paar Dinge aus den Taschen holte, die Paula nicht hatte sehen sollen. Wenige Handgriffe gen\u00fcgten, und die unvermeidlichen Ger\u00e4usche wurden vom Feuerwerk \u00fcbert\u00f6nt, das inzwischen in vollem Gange war.<\/p><p>&nbsp;<\/p>\n<p>Zuletzt schaltete er noch den Lautsprecher seines Handys ein und lie\u00df Musik laufen, eine Playlist mit romantischen St\u00fccken, von denen er wusste, dass Paula sie mochte. Jetzt war alles bereit, und er musste es nur noch tun.<\/p><p>&nbsp;<\/p>\n<p>Mit wenigen Schritten war er bei Paula. Sie warf ihm einen Blick zu und l\u00e4chelte. \u201eSch\u00f6n hier\u201c, meinte sie. \u201eDanke, dass du mich hergef\u00fchrt hast.\u201c<\/p><p>&nbsp;<\/p>\n<p>Lux wartete einen Moment, in der Hoffnung, sein Herzschlag w\u00fcrde sich etwas beruhigen. Dann stellte er sich vor Paula und griff nach ihren H\u00e4nden. \u201eIch muss dir was sagen\u201c, begann er, aber bevor er tats\u00e4chlich etwas sagen konnte, las Paula es schon in seinen Augen. \u201eIch wei\u00df, was du mich fragen willst\u201c, sagte sie z\u00e4rtlich. \u201eUnd die Antwort ist: Ja, das will ich.\u201c Sie beugte sich vor, und Lux sp\u00fcrte ihre Lippen ganz vorsichtig seine ber\u00fchren.<\/p><p>&nbsp;<\/p>\n<p style=\"text-align: center;\">***<\/p><p>&nbsp;<\/p>\n<p>Ein paar Augenblicke sp\u00e4ter, als Paula gerade die Arme um Lux geschlungen hatte, stieg vom Sockel des Ehrenmals eine einzelne Rakete in den Himmel und h\u00fcllte den H\u00fcgel f\u00fcr einen kurzen Augenblick in rotgoldenes Licht. \u201eDie ist ganz allein f\u00fcr dich\u201c, fl\u00fcsterte Lux. Er hatte eigens die Lunte verl\u00e4ngert, und es hatte genau so funktioniert, wie er es sich erhofft hatte. Aber selbst wenn die Rakete zu fr\u00fch oder zu sp\u00e4t gestartet w\u00e4re, das h\u00e4tte dem Moment nichts anhaben k\u00f6nnen, dem Moment, der nur ihm und Paula geh\u00f6rte. Sie hielten einander immer noch in den Armen, und er sp\u00fcrte die Bewegungen ihrer Lippen am Ohr, als sie ihm zufl\u00fcsterte, was sie schon so lange mit sich herumgetragen hatte: \u201eIch hab dich lieb.\u201c<\/p>\n<\/div>\n\n<script type=\"text\/javascript\">\n\t\n\tfunction switchCover(toCover) {\n\t\t\/\/ Bildquelle von der ausgew\u00e4hlten Miniatur auf die Cover-Vorschau \u00fcbertragen\n\t\tvar newPreview = document.getElementById(toCover);\n\t\tdocument.getElementById(\"coverPreview\").src = newPreview.src;\n\t\t\/\/ Alle Miniaturen ermitteln und Rahmen entfernen\n\t\tvar miniatures = document.getElementsByClassName(\"fireworkStoryMiniImg\");\n\t\tfor (var i = 0; i < miniatures.length; i++) {\n\t\t\tminiatures[i].classList.remove(\"fireworkStoryMiniImgActive\");\n\t\t}\n\t\t\/\/ Ausgew\u00e4hlte Miniatur hervorheben\n\t\tnewPreview.classList.add(\"fireworkStoryMiniImgActive\");\t\n\t}\n\t\n<\/script>\n","protected":false},"excerpt":{"rendered":"<p>Eine kleine und v\u00f6llig spontan entstandene Geschichte zu Silvester. Ich habe die Story w\u00e4hrend eines Spaziergangs am Silvestermorgen entwickelt und anschlie\u00dfend nur eine Stunde gebraucht, um aus der Idee die vollst\u00e4ndige Geschichte entstehen zu lassen. Im Lauf der Zeit sind zwei Titelbilder zu dieser Geschichte entstanden, die ich euch beide nicht vorenthalten m\u00f6chte. Daher gibt [&hellip;]<\/p>\n","protected":false},"author":1,"featured_media":0,"parent":0,"menu_order":0,"comment_status":"closed","ping_status":"closed","template":"","meta":{"footnotes":""},"class_list":["post-183","page","type-page","status-publish","hentry"],"_links":{"self":[{"href":"https:\/\/renebote.de\/index.php?rest_route=\/wp\/v2\/pages\/183","targetHints":{"allow":["GET"]}}],"collection":[{"href":"https:\/\/renebote.de\/index.php?rest_route=\/wp\/v2\/pages"}],"about":[{"href":"https:\/\/renebote.de\/index.php?rest_route=\/wp\/v2\/types\/page"}],"author":[{"embeddable":true,"href":"https:\/\/renebote.de\/index.php?rest_route=\/wp\/v2\/users\/1"}],"replies":[{"embeddable":true,"href":"https:\/\/renebote.de\/index.php?rest_route=%2Fwp%2Fv2%2Fcomments&post=183"}],"version-history":[{"count":4,"href":"https:\/\/renebote.de\/index.php?rest_route=\/wp\/v2\/pages\/183\/revisions"}],"predecessor-version":[{"id":417,"href":"https:\/\/renebote.de\/index.php?rest_route=\/wp\/v2\/pages\/183\/revisions\/417"}],"wp:attachment":[{"href":"https:\/\/renebote.de\/index.php?rest_route=%2Fwp%2Fv2%2Fmedia&parent=183"}],"curies":[{"name":"wp","href":"https:\/\/api.w.org\/{rel}","templated":true}]}}