{"id":1784,"date":"2024-10-21T19:40:48","date_gmt":"2024-10-21T18:40:48","guid":{"rendered":"https:\/\/renebote.de\/?page_id=1784"},"modified":"2024-10-21T19:40:48","modified_gmt":"2024-10-21T18:40:48","slug":"die-magierin-aus-lyndarmal-kingdom","status":"publish","type":"page","link":"https:\/\/renebote.de\/?page_id=1784","title":{"rendered":"Die Magierin aus Lyndarmal Kingdom"},"content":{"rendered":"\n<dialog id=\"imgFull\" class=\"coverFullsizeDialog\" style=\"display: none;\" onclick=\"hideFullsizeCoverDialog();\" >\n\t<img decoding=\"async\" id=\"coverFullsize\" src=\"\" alt=\"Cover des Buchs Die Magierin aus Lyndarmal Kingdom\" \/>\n<\/dialog>\n\n\n\n<div class=\"wp-block-columns is-layout-flex wp-container-core-columns-is-layout-28f84493 wp-block-columns-is-layout-flex\">\n<div class=\"wp-block-column is-layout-flow wp-block-column-is-layout-flow\" style=\"flex-basis:40%\">\n<img decoding=\"async\" id=\"coverPreview\" class=\"coverPreviewBook\" src=\"https:\/\/renebote.de\/wp-content\/uploads\/2024\/10\/Cover-die-Magierin-aus-Lyndarmal-Kingdom.webp\" onclick=\"showFullsizeCoverDialog();\" alt=\"Cover des Buchs Die Magierin aus Lyndarmal Kingdom\" \/>\n<div class=\"bookPageGeneralInfoContainer\">\n    <div class=\"bookPageEditionsContainer\">\n\t\t\t\t<img decoding=\"async\" src=\"https:\/\/renebote.de\/wp-content\/uploads\/2024\/02\/Ebook.webp\" style=\"width: 100%;\" title=\"Erh\u00e4ltlich als E-Book\" \/>\n    <\/div>\n    <div class=\"bookPageInfoRowsContainer\">\n\t\t<div class=\"bookPageInfoRow\">\n            <img decoding=\"async\" src=\"https:\/\/renebote.de\/wp-content\/uploads\/2024\/02\/Erscheinungstermin.webp\" class=\"bookPageInfoIcon\" title=\"Erscheinungsdatum\" \/>8. November 2024\n        <\/div>\n\t\t<div class=\"bookPageInfoRow\">\n            <img decoding=\"async\" src=\"https:\/\/renebote.de\/wp-content\/uploads\/2024\/02\/Seiten.webp\" class=\"bookPageInfoIcon\" title=\"Seiten\" \/>24\n        <\/div>\n\t\t<div class=\"bookPageInfoRow\">\n            <img decoding=\"async\" src=\"https:\/\/renebote.de\/wp-content\/uploads\/2024\/02\/ISBN.webp\" class=\"bookPageInfoIcon\" title=\"ISBN\" \/> 978-3756589357 \n        <\/div>\n\t\t<div class=\"bookPageInfoRow\">\n            <img decoding=\"async\" src=\"https:\/\/renebote.de\/wp-content\/uploads\/2024\/02\/Verlag.webp\" class=\"bookPageInfoIcon\" title=\"Ver\u00f6ffentlicht bei\" \/>\n        <\/div>\n    <\/div>\n<\/div>\n<div class=\"justifyText marginTop\">\n\t<p>Gute Magier sind schwer zu finden. Aber ohne wird es schwer, in der Online-Welt von Lyndarmal Kingdom zu Ruhm und Ehre zu kommen. Deshalb z\u00f6gern Lukas und Norman auch nicht lange, als sie auf einer fast schon verlorenen Mission auf eine Magierin treffen, die bereit ist, sich ihnen anzuschlie\u00dfen. Keine schlechte Wahl, wie sich schnell zeigt, und das ist das Wichtigste, aber irgendwie fragt Lukas sich doch, wer eigentlich hinter \u201eDungeanne\u201c steckt.<\/p>\n\n<\/div>\n<div class=\"fullWidthRow marginTop\">\n\t<b>E-Book \u20ac0,99<\/b>\n<\/div>\n<div class=\"fullWidthRow noBlockStartMargin\">\n\t<div style=\"width: 30%\";>\n\t\t<a href=\"https:\/\/books.apple.com\/de\/book\/die-magierin-aus-lyndarmal-kingdom\/id6737131318\">\n\t\t\t<img decoding=\"async\" src=\"https:\/\/renebote.de\/wp-content\/uploads\/2024\/02\/Shop-Icon-iBooks.webp\" style=\"width: 100%; cursor: pointer;\" title=\"Link zum iBooks-Shop (Apple)\"\/>\n\t\t<\/a>\n\t<\/div>\t<div style=\"width: 30%\";>\n\t\t<a href=\"https:\/\/www.ebook.de\/de\/product\/49225053\/ren_bote_die_magierin_aus_lyndarmal_kingdom.html\">\n\t\t\t<img decoding=\"async\" src=\"https:\/\/renebote.de\/wp-content\/uploads\/2024\/02\/Shop-Icon-Ebook_de.webp\" style=\"width: 100%; cursor: pointer;\" title=\"Link zum Shop von ebook.de\"\/>\n\t\t<\/a>\n\t<\/div>\n<\/div>\n<\/div>\n\n\n\n<div class=\"wp-block-column is-layout-flow wp-block-column-is-layout-flow\" style=\"flex-basis:66.66%\">\n<div class=\"justifyText\">\n<p style=\"margin-top: -5px;\"><i>Lyndarmal<\/i><i> Kingdom<\/i> war der j\u00fcngste Hit unter den Online-Rollenspielen, und das zu Recht: eine riesige Welt, die frei erkundet werden konnte, eine Unzahl von Herausforderungen und eine ausgefeilte Spielstruktur. Neulinge kamen schnell zu ersten Erfolgserlebnissen, die Grundz\u00fcge der Steuerung waren leicht zu lernen, und ausgefeilte Combos, also Kombinationen aus mehreren Schl\u00e4gen oder Zaubern, brauchte es f\u00fcr die ersten Gegner nicht. Aber auch Fortgeschrittene kamen auf ihre Kosten und fanden immer wieder neue, fesselnde Aufgaben.<\/p>\n<p>Lukas und Norman hatten vor knapp zwei Monaten begonnen, <i>Lyndarmal<\/i><i> Kingdom<\/i> zu spielen. Sie waren beide dreizehn, im Sommer in die 8. Klasse gekommen und schon seit der Grundschule eng befreundet. Beide hatten Erfahrung mit anderen Rollenspielen, waren aber keine Hardcore-Zocker, die nichts anderes mehr kannten. Sie spielten zwei- oder dreimal in der Woche, meistens nach dem Abendessen; mit diesem vern\u00fcnftigen Rahmen waren sie wahrscheinlich der Traum aller Eltern, die Schwierigkeiten hatten, ihre Spr\u00f6sslinge vom Computer wegzuholen, und die personifizierte Langeweile in den Augen der Vielspieler. Der Grund f\u00fcr die Zur\u00fcckhaltung war leicht erkl\u00e4rt: Sie hatten auch noch ein Leben in der realen Welt und andere Hobbys.<\/p>\n<p>Gemessen daran hatten sie schon ordentlich upgelevelt, also durch Siege gegen Computergegner und gel\u00f6ste R\u00e4tsel Erfahrungspunkte gesammelt, die ihre Avatare st\u00e4rker machten. Sie hatten sich abgesprochen, Lukas hatte eine Charakterklasse gew\u00e4hlt, die ihre St\u00e4rken vor allem im Nahkampf hatte, Norman dagegen eine, die gut war im Umgang mit Bogen und Armbr\u00fcsten. In den K\u00e4mpfen, die sie bislang ausgefochten hatten, funktionierte diese Taktik recht brauchbar.<\/p>\n<p>Doch an gr\u00f6\u00dfere Herausforderungen hatten sie sich noch nicht gewagt. \u201eWir brauchen unbedingt noch einen im Team\u201c, stellte Lukas fest, als sie den Vorabend in der gro\u00dfen Pause besprachen. Sie hatten sich an den Rand des Schulhofs zur\u00fcckgezogen, wollten vor allem Steven aus der Parallelklasse aus dem Weg gehen, mit dem zusammen sie Franz\u00f6sisch hatten. Steven dr\u00e4ngte sich mit dem Team, das er in <i>Lyndarmal<\/i><i> Kingdom<\/i> um sich geschart hatte, gern in fremde K\u00e4mpfe, r\u00e4umte die von anderen so gut wie geschlagenen Gegner ab und klaute so die Erfahrungspunkte. Das war hochgradig verp\u00f6nt und verstie\u00df sicherlich auch gegen die Regeln, hatte ihm aber bislang noch keine Sperre eingebrockt. H\u00e4tte er erfahren, welche Avatare Lukas und Norman geh\u00f6rten, h\u00e4tte er sie garantiert gezielt aufs Korn genommen, schon um seinen Anspruch zu untermauern, in der Schule der Spieler mit dem h\u00f6chsten Level zu sein.<\/p>\n<p>\u201eDefinitiv\u201c, pflichtete Norman seinem Freund bei. \u201eEin Magier w\u00e4re gut.\u201c Er hatte sich umgeschaut, ob niemand mith\u00f6rte, aber da bestand kein Grund zur Sorge. Links von ihnen spielten ein paar F\u00fcnftkl\u00e4ssler Fu\u00dfball, drei gegen drei auf ein Tor, das von einem siebten geh\u00fctet wurde. Die bekamen nichts mit, man musste schon hoffen, dass sie wenigstens am Ende der Pause die Klingel wahrnehmen w\u00fcrden. Ein St\u00fcck weiter rechts stand Anna, die mit ihnen in eine Klasse ging. Wenn sie etwas aufschnappte, war das nicht weiter schlimm, sie w\u00fcrde niemandem etwas davon erz\u00e4hlen. Sie verbrachte oft die Pausen allein, war zwar nicht unbeliebt, aber sch\u00fcchtern. Soweit Lukas und Norman wussten, hatte sie eine beste Freundin, die allerdings eine andere Schule besuchte.<\/p>\n<p>Lukas war dasselbe durch den Kopf gegangen wie Norman: In den letzten K\u00e4mpfen, die sie in <i>Lyndarmal<\/i><i> Kingdom<\/i> bestritten hatten, hatten sie selbst kr\u00e4ftig einstecken m\u00fcssen, weil sie st\u00e4rkere Gegner angegangen waren als zuvor. Die verlorenen Energiepunkte f\u00fcllten sich zwar von allein wieder auf, aber nur sehr langsam. Das bedeutete nervige Wartezeiten f\u00fcr Lukas und Norman, wenn sie nicht mit unvollst\u00e4ndiger Energie in den n\u00e4chsten Kampf gehen und riskieren wollten, ihn zu verlieren, weil ihre Energiepunkte vor denen des Gegners aufgebraucht waren. Wenn sie Gl\u00fcck hatten, lie\u00df einer der geschlagenen Gegner einen kleinen Heiltrank fallen, man konnte sie auch kaufen, aber das war keine Dauerl\u00f6sung. Magiercharaktere konnten Heilzauber wirken, das w\u00fcrde das Problem l\u00f6sen.<\/p>\n<\/div>\n<\/div>\n<\/div>\n","protected":false},"excerpt":{"rendered":"<p>8. November 2024 24 978-3756589357 Gute Magier sind schwer zu finden. Aber ohne wird es schwer, in der Online-Welt von Lyndarmal Kingdom zu Ruhm und Ehre zu kommen. Deshalb z\u00f6gern Lukas und Norman auch nicht lange, als sie auf einer fast schon verlorenen Mission auf eine Magierin treffen, die bereit ist, sich ihnen anzuschlie\u00dfen. Keine [&hellip;]<\/p>\n","protected":false},"author":1,"featured_media":0,"parent":0,"menu_order":0,"comment_status":"closed","ping_status":"closed","template":"","meta":{"footnotes":""},"class_list":["post-1784","page","type-page","status-publish","hentry"],"_links":{"self":[{"href":"https:\/\/renebote.de\/index.php?rest_route=\/wp\/v2\/pages\/1784","targetHints":{"allow":["GET"]}}],"collection":[{"href":"https:\/\/renebote.de\/index.php?rest_route=\/wp\/v2\/pages"}],"about":[{"href":"https:\/\/renebote.de\/index.php?rest_route=\/wp\/v2\/types\/page"}],"author":[{"embeddable":true,"href":"https:\/\/renebote.de\/index.php?rest_route=\/wp\/v2\/users\/1"}],"replies":[{"embeddable":true,"href":"https:\/\/renebote.de\/index.php?rest_route=%2Fwp%2Fv2%2Fcomments&post=1784"}],"version-history":[{"count":1,"href":"https:\/\/renebote.de\/index.php?rest_route=\/wp\/v2\/pages\/1784\/revisions"}],"predecessor-version":[{"id":1785,"href":"https:\/\/renebote.de\/index.php?rest_route=\/wp\/v2\/pages\/1784\/revisions\/1785"}],"wp:attachment":[{"href":"https:\/\/renebote.de\/index.php?rest_route=%2Fwp%2Fv2%2Fmedia&parent=1784"}],"curies":[{"name":"wp","href":"https:\/\/api.w.org\/{rel}","templated":true}]}}