{"id":1632,"date":"2024-05-26T17:35:31","date_gmt":"2024-05-26T16:35:31","guid":{"rendered":"https:\/\/renebote.de\/?page_id=1632"},"modified":"2024-05-26T17:35:31","modified_gmt":"2024-05-26T16:35:31","slug":"archiv-2015","status":"publish","type":"page","link":"https:\/\/renebote.de\/?page_id=1632","title":{"rendered":"Archiv 2015"},"content":{"rendered":"\n<p class=\"justifyText\">\nUm die Startseite nicht zu \u00fcberfrachten und \u00e4ltere Beitr\u00e4ge leichter auffindbar zu machen, richte ich jahresweise Archiv-Seiten ein. Auf dieser Seite findest Du die Beitr\u00e4ge aus dem Jahr 2015.\n<\/p>\n\n\n<ul class=\"wp-block-latest-posts__list has-dates wp-block-latest-posts\"><li><a class=\"wp-block-latest-posts__post-title\" href=\"https:\/\/renebote.de\/?p=1686\">Guten Rutsch mit einem ganz speziellen Feuerwerk<\/a><time datetime=\"2015-12-31T18:03:00+01:00\" class=\"wp-block-latest-posts__post-date\">31. Dezember 2015<\/time><div class=\"wp-block-latest-posts__post-full-content\"><!-- wp:html -->\n<p class=\"justifyText\">\n<a href=\"https:\/\/renebote.de\/?page_id=183\">\n<img decoding=\"async\" class=\"blogIllustration\" src=\"https:\/\/renebote.de\/wp-content\/uploads\/2024\/02\/Covervorschau-Feuerwerk-nur-fuer-dich.webp\">\n<\/a>\nDrau\u00dfen sind schon seit Tagen die B\u00f6ller zu h\u00f6ren, und der Kalender l\u00fcgt nicht: Das alte Jahr neigt sich dem Ende zu, das neue n\u00e4hert sich mit Riesenschritten. Kommt gut rein, und erlebt viele tolle Dinge im neuen Jahr!\n<br \/><br \/>\nIch habe f\u00fcr das neue Jahr schon wieder einige neue B\u00fccher in der Hinterhand. Zusammen mit einem Co-Autoren habe ich mich an meine erste Fantasy um einen blinden Jungen gewagt, der sein Dorf vor dem Hungertod bewahren muss. Au\u00dferdem gehen vier Kinder in Hattingen auf Schatzsuche, und ein M\u00e4dchen gabelt eine kleine Ausrei\u00dferin auf und versteckt sie.\n<br \/><br \/>\nGanz kurz vor dem Jahreswechsel haben auch die Kurzgeschichten noch einmal Zuwachs bekommen, denn aus einer spontanen Idee heraus entstand heute die Geschichte <i>Feuerwerk nur f\u00fcr dich<\/i>. Viel Spa\u00df beim Lesen. \n<\/p>\n<!-- \/wp:html --><\/div><\/li>\n<li><a class=\"wp-block-latest-posts__post-title\" href=\"https:\/\/renebote.de\/?p=1688\">Ein kleines Weihnachtsgeschenk: Allein unter dem Weihnachtsbaum<\/a><time datetime=\"2015-12-20T18:05:00+01:00\" class=\"wp-block-latest-posts__post-date\">20. Dezember 2015<\/time><div class=\"wp-block-latest-posts__post-full-content\"><!-- wp:html -->\n<p class=\"justifyText\">\n<a href=\"https:\/\/renebote.de\/?page_id=170\">\n<img decoding=\"async\" class=\"blogIllustration\" src=\"https:\/\/renebote.de\/wp-content\/uploads\/2024\/02\/Covervorschau-Allein-unter-dem-Weihnachtsbaum.webp\">\n<\/a>\nAls kleines Weihnachtsgeschenk habe ich eine kurze Geschichte geschrieben, die ihr hier auf meiner Homepage lesen k\u00f6nnt: <i>Allein unter dem Weihnachtsbaum<\/i>. Ich w\u00fcnsche euch allen frohe Weihnachten. \n<\/p>\n<!-- \/wp:html --><\/div><\/li>\n<li><a class=\"wp-block-latest-posts__post-title\" href=\"https:\/\/renebote.de\/?p=1690\">Neuauflage \u00dcberfall auf dem Weihnachtsmarkt<\/a><time datetime=\"2015-12-05T18:06:00+01:00\" class=\"wp-block-latest-posts__post-date\">05. Dezember 2015<\/time><div class=\"wp-block-latest-posts__post-full-content\"><!-- wp:html -->\n<p class=\"justifyText\">\n<a href=\"https:\/\/renebote.de\/?page_id=671\">\n<img decoding=\"async\" class=\"blogIllustration\" src=\"https:\/\/renebote.de\/wp-content\/uploads\/2024\/04\/Covervorschau-Ueberfall-auf-dem-Weihnachtsmarkt.webp\">\n<\/a>\nWie bereits angek\u00fcndigt, wird <i>\u00dcberfall auf dem Weihnachtsmarkt<\/i> neu aufgelegt. Seit heute steht das Taschenbuch in den ersten Shops zum Kauf bereit. Das E-Book wird in den n\u00e4chsten Tagen folgen. \n<\/p>\n<!-- \/wp:html --><\/div><\/li>\n<li><a class=\"wp-block-latest-posts__post-title\" href=\"https:\/\/renebote.de\/?p=1693\">Eine Neuerscheinung und eine Neuauflage<\/a><time datetime=\"2015-11-23T18:08:00+01:00\" class=\"wp-block-latest-posts__post-date\">23. November 2015<\/time><div class=\"wp-block-latest-posts__post-full-content\"><!-- wp:html -->\n<p class=\"justifyText\">\n<a href=\"https:\/\/renebote.de\/?page_id=715\">\n<img decoding=\"async\" class=\"blogIllustration\" src=\"https:\/\/renebote.de\/wp-content\/uploads\/2024\/04\/Covervorschau-Im-Regen-gestanden-oder-auch-nicht.webp\">\n<\/a>\nAm 30. November geht mein neues E-Book <i>Im Regen gestanden \u2013 oder auch nicht<\/i> an den Start, eine Geschichte \u00fcber Missverst\u00e4ndnisse und dar\u00fcber, warum es manchmal gar nicht so schlecht ist, den Bus zu verpassen.\n<br \/><br \/>\nAu\u00dferdem wird Anfang Dezember eine Neuauflage von <a href=\"\/?page_id=671\">\u00dcberfall auf dem Weihnachtsmarkt<\/a> erscheinen. Auf Anregung der Leser, aber auch weil ich selbst noch Luft nach oben gesehen habe, habe ich den Text komplett \u00fcberarbeitet und ein neues Cover erstellt, das besser zum Inhalt der Geschichte passt.\n<\/p>\n<!-- \/wp:html --><\/div><\/li>\n<li><a class=\"wp-block-latest-posts__post-title\" href=\"https:\/\/renebote.de\/?p=1695\">Mein Geschenk zu Halloween<\/a><time datetime=\"2015-10-27T18:09:00+01:00\" class=\"wp-block-latest-posts__post-date\">27. Oktober 2015<\/time><div class=\"wp-block-latest-posts__post-full-content\"><!-- wp:html -->\n<p class=\"justifyText\">\n<a href=\"https:\/\/renebote.de\/?page_id=711\">\n<img decoding=\"async\" class=\"blogIllustration\" src=\"https:\/\/renebote.de\/wp-content\/uploads\/2024\/04\/Covervorschau-Charlie-und-der-Halloween-Ueberfall.webp\">\n<\/a>\nHalloween steht vor der T\u00fcr, und aus diesem gegebenen Anlass kommt in dieser Woche das kostenlose E-Book <i>Charlie und der Halloween-\u00dcberfall<\/i> heraus. Viel Spa\u00df mit diesem kurzen Gruselst\u00fcck! \n<\/p>\n<!-- \/wp:html --><\/div><\/li>\n<li><a class=\"wp-block-latest-posts__post-title\" href=\"https:\/\/renebote.de\/?p=1697\">Neues E-Book: Schnitzeljagd mit Fetzensch\u00e4deln<\/a><time datetime=\"2015-09-04T18:10:00+01:00\" class=\"wp-block-latest-posts__post-date\">04. September 2015<\/time><div class=\"wp-block-latest-posts__post-full-content\"><!-- wp:html -->\n<p class=\"justifyText\">\n<a href=\"https:\/\/renebote.de\/?page_id=708\">\n<img decoding=\"async\" class=\"blogIllustration\" src=\"https:\/\/renebote.de\/wp-content\/uploads\/2024\/04\/Covervorschau-Schnitzeljagd-mit-Fetzenschaedeln.webp\">\n<\/a>\nAus einer spontanen Idee, von der ich dachte, sie w\u00fcrde mich kaum mehr als ein Wochenende besch\u00e4ftigen, ist doch eine etwas l\u00e4ngere Geschichte geworden. Jetzt ist <i>Schnitzeljagd mit Fetzensch\u00e4deln<\/i> fertig und wird in den n\u00e4chsten Tagen bei allen bekannten Anlaufstellen erh\u00e4ltlich sein.\n<br \/>\nEs wird abenteuerlich, die Hauptdarsteller sind ein Kraftprotz ohne Verstand, ein Langsamdenker, eine genervte Klassenkameradin und ein Baumstamm. Au\u00dferdem darf ger\u00e4tselt werden, denn die Aufgaben, die unsere Helden zu l\u00f6sen haben, sind in knifflige Wortspiele verpackt. \n<\/p>\n<!-- \/wp:html --><\/div><\/li>\n<li><a class=\"wp-block-latest-posts__post-title\" href=\"https:\/\/renebote.de\/?p=1699\">Neues E-Book: Zum Gl\u00fcck eine Falle<\/a><time datetime=\"2015-07-12T18:11:00+01:00\" class=\"wp-block-latest-posts__post-date\">12. Juli 2015<\/time><div class=\"wp-block-latest-posts__post-full-content\"><!-- wp:html -->\n<p class=\"justifyText\">\n<a href=\"https:\/\/renebote.de\/?page_id=702\">\n<img decoding=\"async\" class=\"blogIllustration\" src=\"https:\/\/renebote.de\/wp-content\/uploads\/2024\/04\/Covervorschau-Zum-Glueck-eine-Falle.webp\">\n<\/a>\nAuch bei hochsommerlichen Temperaturen wird in der Schreibwerkstatt auf Hochtouren gearbeitet. Am 20. Juli erscheint <i>Zum Gl\u00fcck eine Falle<\/i>, eine Geschichte \u00fcber gute Schwimmer(innen), schlechte Verlierer und Gef\u00fchle, die so bestimmt nicht geplant waren. \n<\/p>\n<!-- \/wp:html --><\/div><\/li>\n<li><a class=\"wp-block-latest-posts__post-title\" href=\"https:\/\/renebote.de\/?p=1701\">Eine kleine Erfrischung<\/a><time datetime=\"2015-06-06T18:12:00+01:00\" class=\"wp-block-latest-posts__post-date\">06. Juni 2015<\/time><div class=\"wp-block-latest-posts__post-full-content\"><!-- wp:html -->\n<p class=\"justifyText\">\n<a href=\"https:\/\/renebote.de\/?page_id=156\">\n<img decoding=\"async\" class=\"blogIllustration\" src=\"https:\/\/renebote.de\/wp-content\/uploads\/2024\/02\/Covervorschau-Ist-doch-bloss-Wasser.webp\">\n<\/a>\nAls Gegenentwurf zum derzeit schw\u00fcl-hei\u00dfen Wetter habe ich eine kleine Erfrischungsgeschichte geschrieben, <i>Ist doch blo\u00df Wasser!<\/i>, die exklusiv hier auf der Homepage ver\u00f6ffentlicht wird. Eine kleine Geschichte \u00fcber Wasserpistolen, durchgeknallte Verwandtschaft und Springbrunnen am richtigen Ort. \n<\/p>\n<!-- \/wp:html --><\/div><\/li>\n<li><a class=\"wp-block-latest-posts__post-title\" href=\"https:\/\/renebote.de\/?p=1704\">Neues E-Book: Freundschaft aus der K\u00fcche<\/a><time datetime=\"2015-05-24T18:13:00+01:00\" class=\"wp-block-latest-posts__post-date\">24. Mai 2015<\/time><div class=\"wp-block-latest-posts__post-full-content\"><!-- wp:html -->\n<p class=\"justifyText\">\n<a href=\"https:\/\/renebote.de\/?page_id=694\">\n<img decoding=\"async\" class=\"blogIllustration\" src=\"https:\/\/renebote.de\/wp-content\/uploads\/2024\/04\/Covervorschau-Freundschaft-aus-der-Kueche.webp\">\n<\/a>\nAm 1. Juni erscheint meine neue Geschichte <i>Freundschaft aus der K\u00fcche<\/i> \u00fcber die elfj\u00e4hrige Pauline, die aus Hamburg ins Ruhrgebiet zieht und es schwer hat, in der neuen Klasse Freunde zu finden, weil sie in den Augen der auf \u00c4u\u00dferlichkeiten und Statussymbole bedachten f\u00fchrende Clique keine Gnade findet. Doch Pauline hat verborgene Talente, deren Wirkung sich nicht einmal ihre \u00e4rgste Widersacherin entziehen kann &#8230; \n<\/p>\n<!-- \/wp:html --><\/div><\/li>\n<li><a class=\"wp-block-latest-posts__post-title\" href=\"https:\/\/renebote.de\/?p=1706\">Neues E-Book: 11 laufen trotzdem auf<\/a><time datetime=\"2015-04-02T18:14:00+01:00\" class=\"wp-block-latest-posts__post-date\">02. April 2015<\/time><div class=\"wp-block-latest-posts__post-full-content\"><!-- wp:html -->\n<p class=\"justifyText\">\n<a href=\"https:\/\/renebote.de\/?page_id=689\">\n<img decoding=\"async\" class=\"blogIllustration\" src=\"https:\/\/renebote.de\/wp-content\/uploads\/2024\/04\/Covervorschau-11-laufen-trotzdem-auf.webp\">\n<\/a>\n<i>11 laufen trotzdem auf<\/i>, die Geschichte um eine M\u00e4dchenfu\u00dfballmannschaft, die um ein Haar das wichtigste Spiel des Jahres verpasst h\u00e4tte, ist fertig und wird am 10. April als E-Book erscheinen. Ich w\u00e4re gerne noch vor den Feiertagen so weit gewesen, aber die Geschichte ist etwas l\u00e4nger geworden als gedacht, und vor allem hat sich die Suche nach einem passenden Foto f\u00fcr das Titelbild hingezogen. \n<\/p>\n<!-- \/wp:html --><\/div><\/li>\n<\/ul>","protected":false},"excerpt":{"rendered":"<p>Um die Startseite nicht zu \u00fcberfrachten und \u00e4ltere Beitr\u00e4ge leichter auffindbar zu machen, richte ich jahresweise Archiv-Seiten ein. Auf dieser Seite findest Du die Beitr\u00e4ge aus dem Jahr 2015.<\/p>\n","protected":false},"author":1,"featured_media":0,"parent":0,"menu_order":0,"comment_status":"closed","ping_status":"closed","template":"","meta":{"footnotes":""},"class_list":["post-1632","page","type-page","status-publish","hentry"],"_links":{"self":[{"href":"https:\/\/renebote.de\/index.php?rest_route=\/wp\/v2\/pages\/1632","targetHints":{"allow":["GET"]}}],"collection":[{"href":"https:\/\/renebote.de\/index.php?rest_route=\/wp\/v2\/pages"}],"about":[{"href":"https:\/\/renebote.de\/index.php?rest_route=\/wp\/v2\/types\/page"}],"author":[{"embeddable":true,"href":"https:\/\/renebote.de\/index.php?rest_route=\/wp\/v2\/users\/1"}],"replies":[{"embeddable":true,"href":"https:\/\/renebote.de\/index.php?rest_route=%2Fwp%2Fv2%2Fcomments&post=1632"}],"version-history":[{"count":1,"href":"https:\/\/renebote.de\/index.php?rest_route=\/wp\/v2\/pages\/1632\/revisions"}],"predecessor-version":[{"id":1635,"href":"https:\/\/renebote.de\/index.php?rest_route=\/wp\/v2\/pages\/1632\/revisions\/1635"}],"wp:attachment":[{"href":"https:\/\/renebote.de\/index.php?rest_route=%2Fwp%2Fv2%2Fmedia&parent=1632"}],"curies":[{"name":"wp","href":"https:\/\/api.w.org\/{rel}","templated":true}]}}