{"id":1630,"date":"2024-05-26T17:34:42","date_gmt":"2024-05-26T16:34:42","guid":{"rendered":"https:\/\/renebote.de\/?page_id=1630"},"modified":"2024-05-26T17:34:42","modified_gmt":"2024-05-26T16:34:42","slug":"archiv-2017","status":"publish","type":"page","link":"https:\/\/renebote.de\/?page_id=1630","title":{"rendered":"Archiv 2017"},"content":{"rendered":"\n<p class=\"justifyText\">\nUm die Startseite nicht zu \u00fcberfrachten und \u00e4ltere Beitr\u00e4ge leichter auffindbar zu machen, richte ich jahresweise Archiv-Seiten ein. Auf dieser Seite findest Du die Beitr\u00e4ge aus dem Jahr 2017.\n<\/p>\n\n\n<ul class=\"wp-block-latest-posts__list has-dates wp-block-latest-posts\"><li><a class=\"wp-block-latest-posts__post-title\" href=\"https:\/\/renebote.de\/?p=1637\">Zwei Weihnachtsgeschichten<\/a><time datetime=\"2017-12-23T18:03:00+01:00\" class=\"wp-block-latest-posts__post-date\">23. Dezember 2017<\/time><div class=\"wp-block-latest-posts__post-full-content\"><!-- wp:html -->\n<p class=\"justifyText\">\n<a href=\"https:\/\/renebote.de\/?page_id=203\">\n<img decoding=\"async\" class=\"blogIllustration\" src=\"https:\/\/renebote.de\/wp-content\/uploads\/2024\/02\/Covervorschau-Weihnachtsfieber.webp\">\n<\/a>\nWie schon im letzten Jahr habe ich eine Kurzgeschichte f\u00fcr den Adventskalender im B\u00fcchertreff geschrieben: <i>Weihnachten aus der Box<\/i>. Diese Geschichte wurde heute als 23. T\u00fcrchen ge\u00f6ffnet; ihr findet sie <a href=\"http:\/\/www.buechertreff.de\/thread\/99292-adventskalender-2017\/?postID=2162497#post2162497\">hier<\/a>. Au\u00dferdem habe ich die letztj\u00e4hrige Geschichte <i>Weihnachtsfieber<\/i> jetzt hier auf der Website eingepflegt, ihr erreicht sie durch einen Klick auf das Bild.\n<\/p>\n<!-- \/wp:html --><\/div><\/li>\n<li><a class=\"wp-block-latest-posts__post-title\" href=\"https:\/\/renebote.de\/?p=1640\">Winterliche Kurzgeschichte: Ein Rodel f\u00fcr zwei<\/a><time datetime=\"2017-12-14T18:04:00+01:00\" class=\"wp-block-latest-posts__post-date\">14. Dezember 2017<\/time><div class=\"wp-block-latest-posts__post-full-content\"><!-- wp:html -->\n<p class=\"justifyText\">\n<a href=\"https:\/\/renebote.de\/?page_id=200\">\n<img decoding=\"async\" class=\"blogIllustration\" src=\"https:\/\/renebote.de\/wp-content\/uploads\/2024\/02\/Covervorschau-Ein-Rodel-fuer-zwei.webp\">\n<\/a>\nNachdem der Winter sich nun schon das eine oder andere Mal zu Wort gemeldet hat, gibt es zum Warmwerden eine winterliche Kurzgeschichte. Deren Hauptdarsteller hat ein klitzekleines Problem mit dem Schnee, und was ihm seine Mutter als L\u00f6sung pr\u00e4sentiert, scheint f\u00fcr ihn eher der Beginn eines noch gr\u00f6\u00dferen Problems zu sein. \n<\/p>\n<!-- \/wp:html --><\/div><\/li>\n<li><a class=\"wp-block-latest-posts__post-title\" href=\"https:\/\/renebote.de\/?p=1642\">Neues Fantasy-Abenteuer in Zusammenarbeit mit Martin Felsesbach<\/a><time datetime=\"2017-12-09T18:06:00+01:00\" class=\"wp-block-latest-posts__post-date\">09. Dezember 2017<\/time><div class=\"wp-block-latest-posts__post-full-content\"><!-- wp:html -->\n<p class=\"justifyText\">\n<a href=\"https:\/\/renebote.de\/?page_id=767\">\n<img decoding=\"async\" class=\"blogIllustration\" src=\"https:\/\/renebote.de\/wp-content\/uploads\/2024\/04\/Covervorschau-der-Fluch-von-Garbeth.webp\">\n<\/a>\nMartin Felsesbach und ich haben unser zweites gemeinsames Fantasy-Abenteuer ver\u00f6ffentlicht: <i>Der Fluch von G\u00e1rbeth<\/i>. Die Geschichte spielt in der gleichen Welt wie <a href=\"\/?page_id=721\">Der Mann, der den Hunger befahl<\/a>, und es gibt auch ein Wiedersehen mit Jore und Meira, aber es ist eine eigenst\u00e4ndige Erz\u00e4hlung, die man auch verstehen kann, ohne unser erstes Buch gelesen zu haben.\n<br \/><br \/>\nDas Taschenbuch wurde von BoD bereits an den Handel gemeldet und wird in den n\u00e4chsten Stunden und Tagen nach und nach in den Shops erscheinen. Das E-Book folgt wie bei allen Ver\u00f6ffentlichungen auf diesem Weg ein paar Tage sp\u00e4ter.\n<\/p>\n<!-- \/wp:html --><\/div><\/li>\n<li><a class=\"wp-block-latest-posts__post-title\" href=\"https:\/\/renebote.de\/?p=1644\">Kurzgeschichte mit den Ballfreunde-M\u00e4dchen zu Halloween<\/a><time datetime=\"2017-10-29T18:08:00+01:00\" class=\"wp-block-latest-posts__post-date\">29. Oktober 2017<\/time><div class=\"wp-block-latest-posts__post-full-content\"><!-- wp:html -->\n<p class=\"justifyText\">\n<a href=\"https:\/\/renebote.de\/?page_id=166\">\n<img decoding=\"async\" class=\"blogIllustration\" src=\"https:\/\/renebote.de\/wp-content\/uploads\/2024\/02\/Covervorschau-11-feiern-Halloween.webp\">\n<\/a>\nZu Halloween erlaube ich mir eine kleine Zeitreise. Die Kurzgeschichte, in der Sophie und ihre Freundinnen Halloween und auch noch etwas anderes feiern, spielt n\u00e4mlich nach dem noch nicht ver\u00f6ffentlichen vierten Band der Reihe \u2013 Spoileralarm!  \n<\/p>\n<!-- \/wp:html --><\/div><\/li>\n<li><a class=\"wp-block-latest-posts__post-title\" href=\"https:\/\/renebote.de\/?p=1646\">Aktuelles Abenteuer: Tim und Emma jagen den Hundehasser<\/a><time datetime=\"2017-10-22T18:09:00+01:00\" class=\"wp-block-latest-posts__post-date\">22. Oktober 2017<\/time><div class=\"wp-block-latest-posts__post-full-content\"><!-- wp:html -->\n<p class=\"justifyText\">\n<a href=\"https:\/\/renebote.de\/?page_id=764\">\n<img decoding=\"async\" class=\"blogIllustration\" src=\"https:\/\/renebote.de\/wp-content\/uploads\/2024\/04\/Covervorschau-Tim-und-Emma-jagen-den-Hundehasser.webp\">\n<\/a>\nAm 26. Oktober erscheint meine abenteuerliche Kurzgeschichte <i>Tim und Emma jagen den Hundehasser<\/i> als E-Book. Das Thema ist leider immer wieder aktuell, man h\u00f6rt und liest regelm\u00e4\u00dfig von Hundek\u00f6dern mit Gift oder scharfen Splittern. \n<\/p>\n<!-- \/wp:html --><\/div><\/li>\n<li><a class=\"wp-block-latest-posts__post-title\" href=\"https:\/\/renebote.de\/?p=1649\">Paulines Geschichte geht weiter<\/a><time datetime=\"2017-09-17T18:12:00+01:00\" class=\"wp-block-latest-posts__post-date\">17. September 2017<\/time><div class=\"wp-block-latest-posts__post-full-content\"><!-- wp:html -->\n<p class=\"justifyText\">\n<a href=\"https:\/\/renebote.de\/?page_id=759\">\n<img decoding=\"async\" class=\"blogIllustration\" src=\"https:\/\/renebote.de\/wp-content\/uploads\/2024\/04\/Covervorschau-Freundschaft-aus-der-Kueche-Eine-neue-Dimension.webp\">\n<\/a>\nEinen Nachfolger f\u00fcr <a href=\"\/?page_id=694\">Freundschaft aus der K\u00fcche<\/a> hatte ich eigentlich nicht geplant, mir aber die T\u00fcr auch nicht zugemacht. So kann es jetzt doch noch eine Fortsetzung geben, in der Pauline und Robin sich einer besonderen Herausforderung stellen m\u00fcssen: Ein Buffet f\u00fcr eine gro\u00dfe Familienfeier.\n<br \/><br \/>\n<i>Freundschaft aus der K\u00fcche \u2013 Eine neue Dimension<\/i> erscheint wie der Vorg\u00e4nger als E-Book zum Preis von 49 Cent und ist ab 29. September erh\u00e4ltlich.\n<\/p>\n<!-- \/wp:html --><\/div><\/li>\n<li><a class=\"wp-block-latest-posts__post-title\" href=\"https:\/\/renebote.de\/?p=1651\">Spannende Juwelenjagd quer durch Hattingen<\/a><time datetime=\"2017-07-15T18:14:00+01:00\" class=\"wp-block-latest-posts__post-date\">15. Juli 2017<\/time><div class=\"wp-block-latest-posts__post-full-content\"><!-- wp:html -->\n<p class=\"justifyText\">\n<a href=\"https:\/\/renebote.de\/?page_id=736\">\n<img decoding=\"async\" class=\"blogIllustration\" src=\"https:\/\/renebote.de\/wp-content\/uploads\/2024\/04\/Covervorschau-Das-Geheimnis-des-Schulenbergtunnels.webp\">\n<\/a>\nEin alter Schatz. Ein Juwelendieb. Vier pfiffige Nachwuchsdetektive. Das sind die Zutaten zu meiner neuen Abenteuergeschichte. Und nat\u00fcrlich der Schulenbergtunnel, ein ehemaliger Eisenbahntunnel in Hattingen an der Ruhr. Wer ist der Unbekannte, der Adrian und Moritz mit allen Mitteln daran hindern will, den Schatz des Franzosen Jacques Russel zu suchen? Der nicht einmal davor zur\u00fcckschreckt, die beiden Jungen lebendig zu begraben? Zusammen mit ihren Klassenkameradinnen Emma und Mabelle gehen Adrian und Moritz auf die Jagd.\n<\/p>\n<!-- \/wp:html --><\/div><\/li>\n<li><a class=\"wp-block-latest-posts__post-title\" href=\"https:\/\/renebote.de\/?p=1653\">Wenn eine Klassenfahrt ganz anders wird als gedacht<\/a><time datetime=\"2017-07-08T18:15:00+01:00\" class=\"wp-block-latest-posts__post-date\">08. Juli 2017<\/time><div class=\"wp-block-latest-posts__post-full-content\"><!-- wp:html -->\n<p class=\"justifyText\">\n<a href=\"https:\/\/renebote.de\/?page_id=756\">\n<img decoding=\"async\" class=\"blogIllustration\" src=\"https:\/\/renebote.de\/wp-content\/uploads\/2024\/04\/Covervorschau-Klassenfahrt-in-die-Vergangenheit.webp\">\n<\/a>\nDie Handlung meines neuen E-Books pendelt zwischen den Jahrhunderten und zwischen den Genres. <i>Klassenfahrt in die Vergangenheit<\/i> mischt Abenteuer, Mystery und Romantik, und weil Klassenlehrer Dr. Leppert seinen Spitznamen &#8222;Der Deppert&#8220; nicht zu Unrecht tr\u00e4gt, lie\u00dfen sich einzelne kom\u00f6diantische Elemente im ersten Abschnitt nicht vermeiden.\n<br \/><br \/>\nDas E-Book erscheint am 17. Juli.\n<\/p>\n<!-- \/wp:html --><\/div><\/li>\n<li><a class=\"wp-block-latest-posts__post-title\" href=\"https:\/\/renebote.de\/?p=1655\">R\u00e4tselhaftes E-Book: Love &amp; Logical<\/a><time datetime=\"2017-04-17T18:16:00+01:00\" class=\"wp-block-latest-posts__post-date\">17. April 2017<\/time><div class=\"wp-block-latest-posts__post-full-content\"><!-- wp:html -->\n<p class=\"justifyText\">\n<a href=\"https:\/\/renebote.de\/?page_id=753\">\n<img decoding=\"async\" class=\"blogIllustration\" src=\"https:\/\/renebote.de\/wp-content\/uploads\/2024\/04\/Covervorschau-Love-Logical.webp\">\n<\/a>\nAm 8. Mai erscheint meine neue Kurzgeschichte <i>Love &amp; Logical<\/i>. Im Mittelpunkt steht Kilian, dessen gr\u00f6\u00dfte Leidenschaft R\u00e4tsel sind, und da vor allem Logicals. Das R\u00e4tsel, das er eines Morgens auf seinem Tisch in der Schule findet, hat mindestens noch ein R\u00e4tsel hinter dem R\u00e4tsel, aber der Preis, wenn er dieses R\u00e4tsel l\u00f6st, ist verlockend. \n<\/p>\n<!-- \/wp:html --><\/div><\/li>\n<li><a class=\"wp-block-latest-posts__post-title\" href=\"https:\/\/renebote.de\/?p=1657\">E-Book zu Valentin: Happy Valentine<\/a><time datetime=\"2017-01-31T18:19:00+01:00\" class=\"wp-block-latest-posts__post-date\">31. Januar 2017<\/time><div class=\"wp-block-latest-posts__post-full-content\"><!-- wp:html -->\n<p class=\"justifyText\">\n<a href=\"https:\/\/renebote.de\/?page_id=750\">\n<img decoding=\"async\" class=\"blogIllustration\" src=\"https:\/\/renebote.de\/wp-content\/uploads\/2024\/04\/Covervorschau-Happy-Valentine.webp\">\n<\/a>\nNoch jemand auf der Suche nach einer Kurzgeschichte zum Valentinstag? Bitte sehr! <i>Happy Valentine \u2013 i. A. Lisa<\/i> zeigt, was passieren kann, wenn man beim Amor-Spielen nicht jedes Detail bedenkt. \n<\/p>\n<!-- \/wp:html --><\/div><\/li>\n<\/ul>","protected":false},"excerpt":{"rendered":"<p>Um die Startseite nicht zu \u00fcberfrachten und \u00e4ltere Beitr\u00e4ge leichter auffindbar zu machen, richte ich jahresweise Archiv-Seiten ein. Auf dieser Seite findest Du die Beitr\u00e4ge aus dem Jahr 2017.<\/p>\n","protected":false},"author":1,"featured_media":0,"parent":0,"menu_order":0,"comment_status":"closed","ping_status":"closed","template":"","meta":{"footnotes":""},"class_list":["post-1630","page","type-page","status-publish","hentry"],"_links":{"self":[{"href":"https:\/\/renebote.de\/index.php?rest_route=\/wp\/v2\/pages\/1630","targetHints":{"allow":["GET"]}}],"collection":[{"href":"https:\/\/renebote.de\/index.php?rest_route=\/wp\/v2\/pages"}],"about":[{"href":"https:\/\/renebote.de\/index.php?rest_route=\/wp\/v2\/types\/page"}],"author":[{"embeddable":true,"href":"https:\/\/renebote.de\/index.php?rest_route=\/wp\/v2\/users\/1"}],"replies":[{"embeddable":true,"href":"https:\/\/renebote.de\/index.php?rest_route=%2Fwp%2Fv2%2Fcomments&post=1630"}],"version-history":[{"count":1,"href":"https:\/\/renebote.de\/index.php?rest_route=\/wp\/v2\/pages\/1630\/revisions"}],"predecessor-version":[{"id":1633,"href":"https:\/\/renebote.de\/index.php?rest_route=\/wp\/v2\/pages\/1630\/revisions\/1633"}],"wp:attachment":[{"href":"https:\/\/renebote.de\/index.php?rest_route=%2Fwp%2Fv2%2Fmedia&parent=1630"}],"curies":[{"name":"wp","href":"https:\/\/api.w.org\/{rel}","templated":true}]}}