{"id":1468,"date":"2024-05-20T19:28:32","date_gmt":"2024-05-20T18:28:32","guid":{"rendered":"https:\/\/renebote.de\/?page_id=1468"},"modified":"2024-05-20T19:28:32","modified_gmt":"2024-05-20T18:28:32","slug":"archiv-2021","status":"publish","type":"page","link":"https:\/\/renebote.de\/?page_id=1468","title":{"rendered":"Archiv 2021"},"content":{"rendered":"\n<p class=\"justifyText\">\nUm die Startseite nicht zu \u00fcberfrachten und \u00e4ltere Beitr\u00e4ge leichter auffindbar zu machen, richte ich jahresweise Archiv-Seiten ein. Auf dieser Seite findest Du die Beitr\u00e4ge aus dem Jahr 2021.\n<\/p>\n\n\n<ul class=\"wp-block-latest-posts__list has-dates wp-block-latest-posts\"><li><a class=\"wp-block-latest-posts__post-title\" href=\"https:\/\/renebote.de\/?p=1466\">Der zweite Beitrag zum letztj\u00e4hrigen Adventskalender<\/a><time datetime=\"2021-12-18T19:24:00+01:00\" class=\"wp-block-latest-posts__post-date\">18. Dezember 2021<\/time><div class=\"wp-block-latest-posts__post-full-content\"><!-- wp:html -->\n<p class=\"justifyText\">\n<a href=\"https:\/\/renebote.de\/?page_id=262\">\n<img decoding=\"async\" class=\"blogIllustration\" src=\"https:\/\/renebote.de\/wp-content\/uploads\/2024\/02\/Covervorschau-Kerzen-und-Schaukeln.webp\">\n<\/a>\nWeil sowohl im B\u00fccher\u00adtreff, als auch bei der B\u00fccher\u00adeule noch das Ge\u00adschenk hinter dem einen oder anderen T\u00fcrchen fehlte, habe ich letztes Jahr Anfang Dezem\u00adber zus\u00e4tz\u00adlich zu der lange f\u00fcr den Advents\u00adkalender bereit\u00adliegen\u00adden Ge\u00adschichte noch eine weitere ge\u00adschrieben. Auch diese Ge\u00adschichte hat nun Einzug hier auf der Website ge\u00adhalten.\n<\/p>\n<!-- \/wp:html --><\/div><\/li>\n<li><a class=\"wp-block-latest-posts__post-title\" href=\"https:\/\/renebote.de\/?p=1471\">Startschuss f\u00fcr 2022: Chat statt Geschichte?<\/a><time datetime=\"2021-12-17T19:31:00+01:00\" class=\"wp-block-latest-posts__post-date\">17. Dezember 2021<\/time><div class=\"wp-block-latest-posts__post-full-content\"><!-- wp:html -->\n<p class=\"justifyText\">\n<a href=\"https:\/\/renebote.de\/?page_id=904\">\n<img decoding=\"async\" class=\"blogIllustration\" src=\"https:\/\/renebote.de\/wp-content\/uploads\/2024\/04\/Covervorschau-Klassenfahrt-Wir-machen-das.webp\">\n<\/a>\nDas erste Buch f\u00fcrs kommende Jahr ist fix: <i>Klassenfahrt? Wir machen das!<\/i> erscheint am 7. Januar als E-Book.<br \/><br \/>\nSarah und ihre Klassenkameraden aus der 8c freuen sich auf die Klassenfahrt, die irgendwann im Fr\u00fchjahr ansteht \u2013 schlie\u00dflich fahren alle 8. weg. Doch der Klassenlehrer weigert sich, die Fahrt zu planen, und so nehmen Sarah und die anderen die Sache selbst in die Hand.<br \/><br \/>\nBei dieser Geschichte habe ich auf jeglichen Erz\u00e4hltext verzichtet. Stattdessen er\u00f6ffne ich den Einblick in Sarahs Chatverl\u00e4ufe: den Klassenchat der 8c, den Chat des kleinen Teams, das bei der Vorbereitung der Klassenfahrt die F\u00e4den zusammenh\u00e4lt, und den privaten Chat mit ihrer besten Freundin.\n<\/p>\n<!-- \/wp:html --><\/div><\/li>\n<li><a class=\"wp-block-latest-posts__post-title\" href=\"https:\/\/renebote.de\/?p=1473\">Kurzgeschichte zum ersten Advent<\/a><time datetime=\"2021-11-27T19:43:00+01:00\" class=\"wp-block-latest-posts__post-date\">27. November 2021<\/time><div class=\"wp-block-latest-posts__post-full-content\"><!-- wp:html -->\n<p class=\"justifyText\">\n<a href=\"https:\/\/renebote.de\/?page_id=259\">\n<img decoding=\"async\" class=\"blogIllustration\" src=\"https:\/\/renebote.de\/wp-content\/uploads\/2024\/02\/Covervorschau-Weihnachten-fuer-zwei.webp\">\n<\/a>\nWie schon in den Jahren zuvor habe ich mich auch im letzten Jahr am Adventskalender in den Foren B\u00fcchertreff und B\u00fcchereule beteiligt. Die Kurzgeschichte, die ich daf\u00fcr geschrieben habe, spielt in einem kleinen Kino, das sich als Familienunternehmen gegen die gro\u00dfen Pal\u00e4ste behaupten kann. An einem ungew\u00f6hnlich ruhigen ersten Weihnachtstag g\u00f6nnt Till, der Sohn des Inhabers, sich einen ganz privaten Kinoabend mit der Schulkameradin, die als Aushilfe im Kino jobbt.\n<\/p>\n<!-- \/wp:html --><\/div><\/li>\n<li><a class=\"wp-block-latest-posts__post-title\" href=\"https:\/\/renebote.de\/?p=1475\">Kleine Geschichte des Zufalls<\/a><time datetime=\"2021-11-26T19:49:00+01:00\" class=\"wp-block-latest-posts__post-date\">26. November 2021<\/time><div class=\"wp-block-latest-posts__post-full-content\"><!-- wp:html -->\n<p class=\"justifyText\">\n<a href=\"https:\/\/renebote.de\/?page_id=1315\">\n<img decoding=\"async\" class=\"blogIllustration\" src=\"https:\/\/renebote.de\/wp-content\/uploads\/2024\/05\/Logo-Wettbewerbsbeitraege.png\">\n<\/a>\nZum letzten Mal in diesem Jahr fand im Oktober der Schreibwettbewerb des Forums B\u00fcchereule statt. Das vorgegebene Thema war Zufall. Mein Beitrag Berg ist Berg belegte dabei knapp hinter dem Sieger den zweiten von f\u00fcnf Pl\u00e4tzen. Ab sofort kann die Geschichte auch hier auf meiner Website bei den <a href=\"https:\/\/renebote.de\/?page_id=1315\">Wettbewerbsbeitr\u00e4gen<\/a> nachgelesen werden.\n<\/p>\n<!-- \/wp:html --><\/div><\/li>\n<li><a class=\"wp-block-latest-posts__post-title\" href=\"https:\/\/renebote.de\/?p=1477\">Pauline und Robin servieren den dritten Gang<\/a><time datetime=\"2021-11-04T19:54:00+01:00\" class=\"wp-block-latest-posts__post-date\">04. November 2021<\/time><div class=\"wp-block-latest-posts__post-full-content\"><!-- wp:html -->\n<p class=\"justifyText\">\n<a href=\"https:\/\/renebote.de\/?page_id=439\">\n<img decoding=\"async\" class=\"blogIllustration\" src=\"https:\/\/renebote.de\/wp-content\/uploads\/2024\/04\/Covervorschau-Freundschaft-aus-der-Kueche-Grillfehde.webp\">\n<\/a>\nDie Reihe <a href=\"\/?page_id=1012\">Freundschaft aus der K\u00fcche<\/a> geht weiter! Im dritten Band der Serie trifft sich die Klasse nach den Sommerferien zu einem Grillabend. Jeder tr\u00e4gt etwas bei zum Mitbringbuffet, und nat\u00fcrlich tun Pauline und Robin sich zusammen, um gemeinsam etwas zu backen. Aber Klassensprecherin Anna muss um jeden Preis beweisen, dass niemand besser ist als sie.<br \/><br \/>\n<i>Freundschaft aus der K\u00fcche: Grillfehde<\/i> erscheint am 12. November als E-Book.\n<\/p>\n<!-- \/wp:html --><\/div><\/li>\n<li><a class=\"wp-block-latest-posts__post-title\" href=\"https:\/\/renebote.de\/?p=1479\">Wettbewerbsbeitrag: Freundlichkeit mit Hintergedanken<\/a><time datetime=\"2021-09-29T20:27:00+01:00\" class=\"wp-block-latest-posts__post-date\">29. September 2021<\/time><div class=\"wp-block-latest-posts__post-full-content\"><!-- wp:html -->\n<p class=\"justifyText\">\n<a href=\"https:\/\/renebote.de\/?page_id=1315\">\n<img decoding=\"async\" class=\"blogIllustration\" src=\"https:\/\/renebote.de\/wp-content\/uploads\/2024\/05\/Logo-Wettbewerbsbeitraege.png\">\n<\/a>\nIm Juni und Juli fand im Forum B\u00fcchereule der Sommer-Schreibwettbewerb statt. Das vorgegebene Thema war <i>Arbeit<\/i>. Meine Geschichte dazu beschreibt eine B\u00fcrosituation, die wahrscheinlich gar nicht so ungew\u00f6hnlich ist. Fazit: Bevor man eine Freundlichkeit annimmt, sollte man sich fragen, was sie dem Geber nutzt. Da die Wertungsphase inzwischen abgelaufen ist, ist <i>Uneigenn\u00fctzig<\/i> ab sofort auf der Seite mit den <a href=\"https:\/\/renebote.de\/?page_id=1315\">Wettbewerbsbeitr\u00e4gen<\/a> zu finden.<br \/><br \/>\nDas Thema f\u00fcr den n\u00e4chsten Schreibwettbewerb steht auch schon fest: <i>Zufall<\/i>. \n<\/p>\n<!-- \/wp:html --><\/div><\/li>\n<li><a class=\"wp-block-latest-posts__post-title\" href=\"https:\/\/renebote.de\/?p=1481\">Viel S\u00fc\u00dfes und eine kleine Portion echter Horror zu Halloween<\/a><time datetime=\"2021-09-29T19:00:00+01:00\" class=\"wp-block-latest-posts__post-date\">29. September 2021<\/time><div class=\"wp-block-latest-posts__post-full-content\"><!-- wp:html -->\n<p class=\"justifyText\">\n<a href=\"https:\/\/renebote.de\/?page_id=898\">\n<img decoding=\"async\" class=\"blogIllustration\" src=\"https:\/\/renebote.de\/wp-content\/uploads\/2024\/04\/Covervorschau-Die-Falle-am-Hexenhof.webp\">\n<\/a>\nEigentlich ist Malina zu alt, um an Halloween von Haus zu Haus zu ziehen und &#8222;S\u00fc\u00dfes oder Saures!&#8220; zu rufen. Doch ihrer kleinen Schwester zuliebe geht sie mit, allein w\u00fcrde die Mutter Maya und ihre Freundin am Abend nicht mehr nach drau\u00dfen lassen.\nDer Abstecher zum Hexenhof scheint Malina ungef\u00e4hrlich, der ist schlie\u00dflich nichts weiter als ein alter Bauernhof, dessen Bewohnerin kaum noch rausgeht. Schlimmstenfalls werden Maya und ihre Freundin ohne S\u00fc\u00dfigkeiten weggeschickt. Doch es gibt jemanden, der die wohlig-gruselige Stimmung in echten Horror verwandelt.<br \/><br \/>\n<i>Die Falle am Hexenhof<\/i> ist ein kleines Halloween-Abenteuer und erscheint am 15. Oktober als E-Book.\n<\/p>\n<!-- \/wp:html --><\/div><\/li>\n<li><a class=\"wp-block-latest-posts__post-title\" href=\"https:\/\/renebote.de\/?p=1483\">Hilfsbereit und pl\u00f6tzlich f\u00fcr alles verantwortlich<\/a><time datetime=\"2021-08-07T16:53:00+01:00\" class=\"wp-block-latest-posts__post-date\">07. August 2021<\/time><div class=\"wp-block-latest-posts__post-full-content\"><!-- wp:html -->\n<p class=\"justifyText\">\n<a href=\"https:\/\/renebote.de\/?page_id=895\">\n<img decoding=\"async\" class=\"blogIllustration\" src=\"https:\/\/renebote.de\/wp-content\/uploads\/2024\/04\/Covervorschau-Die-letzte-Schuetzin.webp\">\n<\/a>\nLenas Lieblingssport ist Tischtennis. Darin ist sie richtig gut, ganz im Gegensatz zum Fu\u00dfball. Dass sie ihren Klassenkameraden Samuel zu einem Spiel seiner Mannschaft begleitet, ist reiner Zufall, aber als Hilfe gebraucht wird, l\u00e4sst sie sich nicht lange bitten. Wie viel Verantwortung sie dabei \u00fcbernehmen muss, h\u00e4tte sie sich allerdings nicht tr\u00e4umen lassen.<br \/><br \/>\n<i>Die letzte Sch\u00fctzin<\/i> erscheint am 16. August als E-Book.\n<\/p>\n<!-- \/wp:html --><\/div><\/li>\n<li><a class=\"wp-block-latest-posts__post-title\" href=\"https:\/\/renebote.de\/?p=1485\">Kurzgeschichte: Mit der\/den Falschen angelegt<\/a><time datetime=\"2021-07-18T16:55:00+01:00\" class=\"wp-block-latest-posts__post-date\">18. Juli 2021<\/time><div class=\"wp-block-latest-posts__post-full-content\"><!-- wp:html -->\n<p class=\"justifyText\">\n<a href=\"https:\/\/renebote.de\/?page_id=256\">\n<img decoding=\"async\" class=\"blogIllustration\" src=\"https:\/\/renebote.de\/wp-content\/uploads\/2024\/02\/Covervorschau-Die-Waechterin-die-ueberall-war.webp\">\n<\/a>\nFast jede Klasse hat ihn: den R\u00fcpel, der immer jemanden braucht, den er fertig\u00admachen kann. Wer nicht zu den Opfern ge\u00adh\u00f6rt, kann sich gl\u00fcck\u00adlich sch\u00e4tzen, aber ist das ein Grund, sich zur\u00fcck\u00adzu\u00adlehnen? Nicht f\u00fcr Stella, sie geht da\u00adzwischen, auch auf die Gefahr hin, daf\u00fcr selbst ziem\u00adlich ver\u00adbeult nach Hause zu kommen. Und damit ist die Sache noch nicht aus\u00adge\u00adstanden, denn was ein rich\u00adtiger Klassen\u00adr\u00fcpel ist, der ver\u00adzeiht keine Schlappe. Nur gut, dass Stella nicht allein steht, und ihre W\u00e4ch\u00adterin ist immer da, auch wenn Paul denkt, jetzt h\u00e4tte er seine Wider\u00adsacherin endlich mal allein er\u00adwischt.\n<\/p>\n<!-- \/wp:html --><\/div><\/li>\n<li><a class=\"wp-block-latest-posts__post-title\" href=\"https:\/\/renebote.de\/?p=1487\">Kann Romantik nicht einfach leicht sein?<\/a><time datetime=\"2021-07-11T16:57:00+01:00\" class=\"wp-block-latest-posts__post-date\">11. Juli 2021<\/time><div class=\"wp-block-latest-posts__post-full-content\"><!-- wp:html -->\n<p class=\"justifyText\">\n<a href=\"https:\/\/renebote.de\/?page_id=892\">\n<img decoding=\"async\" class=\"blogIllustration\" src=\"https:\/\/renebote.de\/wp-content\/uploads\/2024\/04\/Covervorschau-Suesse-Rache-Fridolin.webp\">\n<\/a>\nVer\u00adliebt zu sein und fest\u00adzu\u00adstellen, dass es nie etwas werden kann, ist bitter, umso mehr, wenn sich alles so gut anzu\u00adlassen schien. Gut, wenn man dann Freun\u00addinnen hat, auf die man sich hundert\u00adprozentig ver\u00adlassen kann! Blo\u00df \u2013 was tun, wenn die Freun\u00addinnen v\u00f6llig \u00fcbers Ziel raus\u00adschie\u00dfen? Vor genau diesem Problem steht Emily in meiner neusten Ge\u00adschichte, und sie muss wirk\u00adlich kreativ werden \u2013 so kreativ, dass sie selbst nicht genau \u00fcber\u00adblickt, worauf sie sich ein\u00adl\u00e4sst.<br \/><br \/>\n<i>S\u00fc\u00dfe Rache Fridolin<\/i> erscheint am 30. Juli als E-Book.\n<\/p>\n<!-- \/wp:html --><\/div><\/li>\n<li><a class=\"wp-block-latest-posts__post-title\" href=\"https:\/\/renebote.de\/?p=1489\">Unter Drogen? Aber nein!<\/a><time datetime=\"2021-06-05T17:12:00+01:00\" class=\"wp-block-latest-posts__post-date\">05. Juni 2021<\/time><div class=\"wp-block-latest-posts__post-full-content\"><!-- wp:html -->\n<p class=\"justifyText\">\n<a href=\"https:\/\/renebote.de\/?page_id=253\">\n<img decoding=\"async\" class=\"blogIllustration\" src=\"https:\/\/renebote.de\/wp-content\/uploads\/2024\/02\/Covervorschau-Traumgewitter.webp\">\n<\/a>\nWer die ersten S\u00e4tze meiner neuen Kurzgeschichte liest, k\u00f6nnte leicht auf die Idee kommen, beim Schreiben h\u00e4tten Substanzen die Hand im Spiel gehabt, von denen ich besser die Finger h\u00e4tte lassen sollen. Aber das Gegenteil ist der Fall, und es war eine v\u00f6llig neue Erfahrung f\u00fcr mich, wie schwer es ist, bewusst Logikfehler in eine Geschichte einzubauen, ohne dabei den roten Faden v\u00f6llig zu verlieren. Was Fine in <i>Traumgewitter<\/i> erlebt, folgt einem strikten Plan, aber dieser Plan ist nur indirekt menschengemacht.<br \/>\nDie Geschichte war eine \u00fcberaus spontane Idee, sie kam mir gestern Nachmittag, als es bei uns zu gewittern anfing und ich die Fenster aufgemacht habe, um frische Luft reinzulassen. Viele Einzelheiten haben sich dann auch erst ergeben, als ich heute Morgen schon am Schreiben war, und dadurch, dass Fehler in der Logik und gewisse Br\u00fcche im Verlauf diesmal ein erw\u00fcnschtes Stilmittel waren, konnte ich vieles aufnehmen, was ich sonst h\u00e4tte verwerfen m\u00fcssen.\n<\/p>\n<!-- \/wp:html --><\/div><\/li>\n<li><a class=\"wp-block-latest-posts__post-title\" href=\"https:\/\/renebote.de\/?p=1491\">Wenn man sich den Wanderfreund nicht aussuchen kann &#8230;<\/a><time datetime=\"2021-05-22T17:14:00+01:00\" class=\"wp-block-latest-posts__post-date\">22. Mai 2021<\/time><div class=\"wp-block-latest-posts__post-full-content\"><!-- wp:html -->\n<p class=\"justifyText\">\n<a href=\"https:\/\/renebote.de\/?page_id=889\">\n<img decoding=\"async\" class=\"blogIllustration\" src=\"https:\/\/renebote.de\/wp-content\/uploads\/2024\/04\/Covervorschau-Wandern-Oede.webp\">\n<\/a>\nIch hatte Lust, mal wieder eine Geschichte zu schreiben, die in S\u00fcdtirol spielt. Nachdem ich eine Weile \u00fcberlegt habe, ist ein Abenteuer herausgekommen, das an zwei Fragen h\u00e4ngt: Haben Lehrer einen Grund, wenn sie Regeln aufstellen? Und warum hilft man jemandem, alle Br\u00fccken hinter sich abzubrechen, der das gar nicht will?<br \/><br \/>\n<i>Wandern? \u00d6de!<\/i> erscheint am 31. Mai als E-Book. Ich sch\u00e4tze, dass ab Ende der Woche Vorbestellungen m\u00f6glich sind, aber das ist nicht sicher, weil auch BoD mit den Auswirkungen der Pandemie zu k\u00e4mpfen hat.\n<\/p>\n<!-- \/wp:html --><\/div><\/li>\n<li><a class=\"wp-block-latest-posts__post-title\" href=\"https:\/\/renebote.de\/?p=1493\">Wettbewerbsbeitrag: Noch mal eine Geschichte zur See<\/a><time datetime=\"2021-05-16T17:17:00+01:00\" class=\"wp-block-latest-posts__post-date\">16. Mai 2021<\/time><div class=\"wp-block-latest-posts__post-full-content\"><!-- wp:html -->\n<p class=\"justifyText\">\n<a href=\"https:\/\/renebote.de\/?page_id=1315\">\n<img decoding=\"async\" class=\"blogIllustration\" src=\"https:\/\/renebote.de\/wp-content\/uploads\/2024\/05\/Logo-Wettbewerbsbeitraege.png\">\n<\/a>\nGestern endete die Wertungsfrist f\u00fcr den Fr\u00fchjahrsschreibwettbewerb im Forum B\u00fcchereule. Dieses Mal war das vorgegebene Thema <i>Meer<\/i>, was nat\u00fcrlich auf seine Weise gut zu dem Buch passte, an dem ich in der Zeit gearbeitet habe, in der die Beitr\u00e4ge eingereicht werden konnten. Entstanden ist ein Mysterium im Nordmeer, das sich am Ende als etwas ganz anderes erweist. Seit heute ist die Geschichte hier auf der Website bei den <a href=\"https:\/\/renebote.de\/?page_id=1315\">Wettbewerbsbeitr\u00e4gen<\/a> zu lesen.\n<\/p>\n<!-- \/wp:html --><\/div><\/li>\n<li><a class=\"wp-block-latest-posts__post-title\" href=\"https:\/\/renebote.de\/?p=1495\">Jungen &#8222;Seeleute&#8220; in Not<\/a><time datetime=\"2021-04-11T17:29:00+01:00\" class=\"wp-block-latest-posts__post-date\">11. April 2021<\/time><div class=\"wp-block-latest-posts__post-full-content\"><!-- wp:html -->\n<p class=\"justifyText\">\n<a href=\"https:\/\/renebote.de\/?page_id=885\">\n<img decoding=\"async\" class=\"blogIllustration\" src=\"https:\/\/renebote.de\/wp-content\/uploads\/2024\/04\/Covervorschau-Die-gefaehrliche-Reise-der-Snippe-Deern.webp\">\n<\/a>\nJan freut sich auf das Abenteuer, das vor ihm liegt: Zwei Wochen lang wird er seinen Vater begleiten, der mit seinem Frachter Snippe Deern auf Fl\u00fcssen und an der K\u00fcste unterwegs ist. Doch die erste \u00dcberraschung erlebt er schon im Hafen, denn sein Vater, seit Jahren von der Familie getrennt, hat auch die Tochter seiner neuen Freundin eingeladen. Immerhin, Rieke entpuppt sich als toughes M\u00e4dchen, und das braucht es auch, denn Jan bekommt mehr Abenteuer als gedacht, da hat er jede Unterst\u00fctzung bitter n\u00f6tig.<br \/><br \/>\n<i>Die gef\u00e4hrliche Reise der Snippe Deern<\/i> erscheint am 26. April als Taschenbuch und E-Book.\n<\/p>\n<!-- \/wp:html --><\/div><\/li>\n<li><a class=\"wp-block-latest-posts__post-title\" href=\"https:\/\/renebote.de\/?p=1497\">Aus alt mach neu: Eine Piratenbraut im neuen Gewand<\/a><time datetime=\"2021-03-09T18:06:00+01:00\" class=\"wp-block-latest-posts__post-date\">09. M\u00e4rz 2021<\/time><div class=\"wp-block-latest-posts__post-full-content\"><!-- wp:html -->\n<p class=\"justifyText\">\n<a href=\"https:\/\/renebote.de\/?page_id=250\">\n<img decoding=\"async\" class=\"blogIllustration\" src=\"https:\/\/renebote.de\/wp-content\/uploads\/2024\/02\/Covervorschau-Die-Piratenbraut.webp\">\n<\/a>\n<i>Die Piraten\u00adbraut<\/i> ist eine Kurz\u00adgeschichte, die schon vor einigen Jahren ent\u00adstand. Ur\u00adspr\u00fcng\u00adlich hatte ich sie als freie Arbeit in einem Fan\u00adfiction-Forum ver\u00ad\u00f6ffent\u00adlicht. Da dieses Forum in\u00adzwischen schon seit mehreren Jahren nicht mehr exis\u00adtiert, habe ich mich ent\u00adschieden, die Ge\u00adschichte general\u00adzu\u00ad\u00fcber\u00adholen und dann zu den anderen Kurz\u00adgeschichten hier zu gesellen.<br \/><br \/>\nDie Piraten\u00adbraut ist im wahren Leben eine vierzehn\u00adj\u00e4hrige Sch\u00fclerin, und das Ziel ihrer &#8222;Kaper\u00adfahrt&#8220; ist der tollste Junge der Stufe. Dummer\u00adweise sind auch noch andere hinter dem &#8222;Schatz&#8220; her &#8230;\n<\/p>\n<!-- \/wp:html --><\/div><\/li>\n<li><a class=\"wp-block-latest-posts__post-title\" href=\"https:\/\/renebote.de\/?p=1499\">Schreibwettbewerb der B\u00fcchereule: Party &#8211; aber nicht f\u00fcr alle?<\/a><time datetime=\"2021-02-23T18:09:00+01:00\" class=\"wp-block-latest-posts__post-date\">23. Februar 2021<\/time><div class=\"wp-block-latest-posts__post-full-content\"><!-- wp:html -->\n<p class=\"justifyText\">\n<a href=\"https:\/\/renebote.de\/?page_id=1315\">\n<img decoding=\"async\" class=\"blogIllustration\" src=\"https:\/\/renebote.de\/wp-content\/uploads\/2024\/05\/Logo-Wettbewerbsbeitraege.png\">\n<\/a>\nDer Schreibwettbewerb Winter 2020\/21 bei der B\u00fcchereule ist vorbei. Das vorgegebene Thema war <i>damals<\/i>. Ich habe eine Geschichte eingereicht, die sich mit der Frage befasst, welche finanziellen Opfer man Abiturienten und ihren Familien eigentlich abverlangt f\u00fcr die Feierlichkeiten am Ende der Schulzeit. Da hat sich ja in den letzten Jahren eine ganze Industrie drum entwickelt, und es d\u00fcrfte l\u00e4ngst f\u00fcr einige Jugendliche die Schmerzgrenze \u00fcberschritten sein, wo sie auf andere ihnen wichtige Dinge verzichten m\u00fcssen, um ihren Anteil zu bezahlen, oder sogar au\u00dfen vor bleiben, weil sie das Geld nicht aufbringen k\u00f6nnen.<br \/><br \/>\nNachdem Wettbewerb und Auswertung vorbei sind, habe ich die Geschichte bei den <a href=\"https:\/\/renebote.de\/?page_id=1315\">Wettbewerbsbeitr\u00e4gen<\/a> eingetragen. \n<\/p>\n<!-- \/wp:html --><\/div><\/li>\n<li><a class=\"wp-block-latest-posts__post-title\" href=\"https:\/\/renebote.de\/?p=1501\">Patchwork ist harte Arbeit!<\/a><time datetime=\"2021-02-18T18:24:00+01:00\" class=\"wp-block-latest-posts__post-date\">18. Februar 2021<\/time><div class=\"wp-block-latest-posts__post-full-content\"><!-- wp:html -->\n<p class=\"justifyText\">\n<a href=\"https:\/\/renebote.de\/?page_id=881\">\n<img decoding=\"async\" class=\"blogIllustration\" src=\"https:\/\/renebote.de\/wp-content\/uploads\/2024\/04\/Covervorschau-Bruder-Schwester-Bruder-Schwester.webp\">\n<\/a>\nEinen Bruder hatte Lisa nicht auf der Wunschliste stehen. Nils braucht keine Schwester. Aber sie haben es nicht in der Hand, und als sie sich kennenlernen, ist die Entscheidung l\u00e4ngst gefallen. Notgedrungen m\u00fcssen sie sich von jetzt auf gleich miteinander arrangieren, und es ist gar nicht so leicht, die Balance zwischen gutem Willen und Widerwillen zu halten &#8230;<br \/><br \/>\nIn ihren Tageb\u00fcchern berichten Lisa und Nils abwechselnd, wie sie sich gezwungenerma\u00dfen der Herausforderung &#8222;Patchworkfamilie&#8220; stellen, welche Fehler sie machen und was sie daraus lernen. So wird deutlich, wie leicht man sich missverstehen und wie unterschiedlich die Perspektiven auf ein und dieselbe Sache sein k\u00f6nnen.<br \/><br \/>\n<i>Bruder? Schwester? Bruder! Schwester!<\/i> erscheint am 27. Februar als E-Book. Unter anderem bei Apple, Ebook.de und Amazon kann es bereits vorbestellt werden.\n<\/p>\n<!-- \/wp:html --><\/div><\/li>\n<li><a class=\"wp-block-latest-posts__post-title\" href=\"https:\/\/renebote.de\/?p=1503\">Passend zum Schnee am Wochenende: Wenn man das nicht kennt<\/a><time datetime=\"2021-01-26T18:38:00+01:00\" class=\"wp-block-latest-posts__post-date\">26. Januar 2021<\/time><div class=\"wp-block-latest-posts__post-full-content\"><!-- wp:html -->\n<p class=\"justifyText\">\n<a href=\"https:\/\/renebote.de\/?page_id=247\">\n<img decoding=\"async\" class=\"blogIllustration\" src=\"https:\/\/renebote.de\/wp-content\/uploads\/2024\/02\/Covervorschau-Schnee-ist-okay.webp\">\n<\/a>\nAm Wochen\u00adende ist ja bis ins Tief\u00adland hin\u00adunter eine ordent\u00adliche Schnee\u00addecke runter\u00adgekommen. Alle Rodler, Schnee\u00adwanderer und Ski\u00adl\u00e4ufer konnten sich freuen, wenigstens ein oder zwei Tage mal raus, ohne ins Risiko zu gehen. Aber was, wenn man das gar nicht kennt: Schnee? So geht es Tiana, die erst vor kurzer Zeit aus Afrika nach Europa gekommen ist. Als sie morgens aus dem Fenster schaut und sieht, dass alles wei\u00df ist, bekommt sie zun\u00e4chst mal einen riesigen Schrecken. Zum Gl\u00fcck hat sie ihre Freundin Chrissy \u2013 die liebt Schnee und schafft es schnell, Tiana die Angst zu nehmen.<br \/><br \/>\n<i>Schnee ist okay<\/i> ist eine kosten\u00adlose Kurz\u00adgeschichte, die komplett hier auf der Web\u00adsite gelesen werden kann.\n<\/p>\n<!-- \/wp:html --><\/div><\/li>\n<li><a class=\"wp-block-latest-posts__post-title\" href=\"https:\/\/renebote.de\/?p=1505\">\u00dcber Freundschaft und Vorurteile<\/a><time datetime=\"2021-01-22T18:41:00+01:00\" class=\"wp-block-latest-posts__post-date\">22. Januar 2021<\/time><div class=\"wp-block-latest-posts__post-full-content\"><!-- wp:html -->\n<p class=\"justifyText\">\n<a href=\"https:\/\/renebote.de\/?page_id=877\">\n<img decoding=\"async\" class=\"blogIllustration\" src=\"https:\/\/renebote.de\/wp-content\/uploads\/2024\/04\/Covervorschau-Kein-Herz-auf-dem-Gips-aber.webp\">\n<\/a>\nWeil ein gebrochenes Bein sie au\u00dfer Gefecht setzt, ist Linas Tante f\u00fcr einige Wochen auf Hilfe angewiesen. Weil ihre Eltern kaum Zeit haben und der Rest der Verwandtschaft weit verstreut lebt, ist Lina die Einzige, die sie einkaufen und die Wohnung halbwegs in Ordnung halten kann. Dass die ganze Arbeit an Lina h\u00e4ngen bleibt, will Tante Babette aber auch nicht, also stellt sie ihr den Nachbarsjungen an die Seite. Den kennt Lina, aber nicht gut, und wenn es nach ihr geht, dann darf es auch ruhig so bleiben.<br \/><br \/>\nDie Geschichte <i>Kein Herz auf dem Gips, aber&#8230;<\/i> dreht sich um Freundschaft und um Vorurteile, die manchmal im Weg stehen k\u00f6nnen, selbst wenn man sich ihrer bewusst ist. Das E-Book erscheint am 30. Januar.\n<\/p>\n<!-- \/wp:html --><\/div><\/li>\n<\/ul>","protected":false},"excerpt":{"rendered":"<p>Um die Startseite nicht zu \u00fcberfrachten und \u00e4ltere Beitr\u00e4ge leichter auffindbar zu machen, richte ich jahresweise Archiv-Seiten ein. Auf dieser Seite findest Du die Beitr\u00e4ge aus dem Jahr 2021.<\/p>\n","protected":false},"author":1,"featured_media":0,"parent":0,"menu_order":0,"comment_status":"closed","ping_status":"closed","template":"","meta":{"footnotes":""},"class_list":["post-1468","page","type-page","status-publish","hentry"],"_links":{"self":[{"href":"https:\/\/renebote.de\/index.php?rest_route=\/wp\/v2\/pages\/1468","targetHints":{"allow":["GET"]}}],"collection":[{"href":"https:\/\/renebote.de\/index.php?rest_route=\/wp\/v2\/pages"}],"about":[{"href":"https:\/\/renebote.de\/index.php?rest_route=\/wp\/v2\/types\/page"}],"author":[{"embeddable":true,"href":"https:\/\/renebote.de\/index.php?rest_route=\/wp\/v2\/users\/1"}],"replies":[{"embeddable":true,"href":"https:\/\/renebote.de\/index.php?rest_route=%2Fwp%2Fv2%2Fcomments&post=1468"}],"version-history":[{"count":1,"href":"https:\/\/renebote.de\/index.php?rest_route=\/wp\/v2\/pages\/1468\/revisions"}],"predecessor-version":[{"id":1469,"href":"https:\/\/renebote.de\/index.php?rest_route=\/wp\/v2\/pages\/1468\/revisions\/1469"}],"wp:attachment":[{"href":"https:\/\/renebote.de\/index.php?rest_route=%2Fwp%2Fv2%2Fmedia&parent=1468"}],"curies":[{"name":"wp","href":"https:\/\/api.w.org\/{rel}","templated":true}]}}