{"id":1381,"date":"2024-05-18T15:07:28","date_gmt":"2024-05-18T14:07:28","guid":{"rendered":"https:\/\/renebote.de\/?page_id=1381"},"modified":"2024-05-18T15:10:02","modified_gmt":"2024-05-18T14:10:02","slug":"archiv-2023","status":"publish","type":"page","link":"https:\/\/renebote.de\/?page_id=1381","title":{"rendered":"Archiv 2023"},"content":{"rendered":"\n<p class=\"justifyText\">\nUm die Startseite nicht zu \u00fcberfrachten und \u00e4ltere Beitr\u00e4ge leichter auffindbar zu machen, richte ich jahresweise Archiv-Seiten ein. Auf dieser Seite findest Du die Beitr\u00e4ge aus dem Jahr 2023.\n<\/p>\n\n\n<ul class=\"wp-block-latest-posts__list has-dates wp-block-latest-posts\"><li><a class=\"wp-block-latest-posts__post-title\" href=\"https:\/\/renebote.de\/?p=1379\">Namen und Vorurteile<\/a><time datetime=\"2023-12-27T14:59:00+01:00\" class=\"wp-block-latest-posts__post-date\">27. Dezember 2023<\/time><div class=\"wp-block-latest-posts__post-full-content\"><!-- wp:html -->\n<p class=\"justifyText\">\n<a href=\"https:\/\/renebote.de\/?page_id=970\">\n<img decoding=\"async\" class=\"blogIllustration\" src=\"https:\/\/renebote.de\/wp-content\/uploads\/2024\/02\/Cover-Wie-ich-heisse-heisst-gar-nichts.webp\">\n<\/a>\n\n\nDie Situation, neu in eine Klasse zu kommen, kennen wohl die meisten: zumindest beim Start in die Grundschule und sp\u00e4ter in die weiterf\u00fchrende Schule. Aber dann sind wenigstens alle in derselben Situation, und man steht nicht als Einzelne(r) im Mittelpunkt.<br \/>\nNeu in eine bestehende Klassengemeinschaft zu kommen, ist noch mal schwerer, f\u00fcr beide Seiten. Als Neue(r) wird man von allen beobachtet, muss seinen Platz in einer v\u00f6llig unbekannten Umgebung finden und ger\u00e4t mit etwas Pech unwissentlich in Konflikte, mit denen man gar nichts zu tun hat. Aber auch die &#8222;Alteingesessenen&#8220; stellen sich Fragen: Wie ist der\/die Neue drauf? Wird er\/sie sich gut in die Gruppe einf\u00fcgen oder eher \u00c4rger machen? Werden sich m\u00f6glicherweise Freundschaften verschieben?<br \/>\nEine solche Situation bietet einen N\u00e4hrboden f\u00fcr Vorurteile, und wehe dem, der scheinbar einem bestimmten Klischee entspricht! Genau das erlebt die Protagonistin meiner neuen Geschichte, und sie braucht schon eine ganze Weile, um zu verstehen, warum ihre neue Klasse sie nicht gerade mit offenen Armen empf\u00e4ngt. Gel\u00f6st sind die Probleme damit noch lange nicht, aber zumindest kann sie nun einen Plan schmieden, wie sie dagegen angeht.<br \/><br \/>\n<i>Wie ich hei\u00dfe, hei\u00dft gar nichts!<\/i> erscheint am 10. Januar als E-Book und kann bei einigen Shops bereits vorbestellt werden.\n<\/p>\n<!-- \/wp:html --><\/div><\/li>\n<li><a class=\"wp-block-latest-posts__post-title\" href=\"https:\/\/renebote.de\/?p=1388\">Paulines Galgenm\u00e4nnchen<\/a><time datetime=\"2023-12-22T15:16:00+01:00\" class=\"wp-block-latest-posts__post-date\">22. Dezember 2023<\/time><div class=\"wp-block-latest-posts__post-full-content\"><!-- wp:html -->\n<p class=\"justifyText\">\n<a href=\"https:\/\/renebote.de\/?page_id=1195\">\n<img decoding=\"async\" class=\"blogIllustration\" src=\"http:\/\/renebote.de\/wp-content\/uploads\/2024\/05\/20231222-Blogbeitrag-Angebrannt.webp\">\n<\/a>\nIch habe in den letzten Tagen ein biss\u00adchen ge\u00adbastelt, und heraus\u00adgekommen ist ein kleines Spiel zur Buch\u00adreihe <a href=\"\/?page_id=1012\">Freund\u00adschaft aus der K\u00fcche<\/a>. Die Idee ist zuge\u00adgebener\u00adma\u00dfen nicht neu, ein simples Galgen\u00adm\u00e4nnchen-Spiel, bei dem es aller\u00addings nicht darum geht, jemanden vor dem Galgen zu bewahren, sondern Pauline, die Prota\u00adgonistin der Buch\u00adreihe, davor, ihr Spiegel\u00adei an\u00adbrennen zu lassen. Tipp: Die Be\u00adgriffe haben alle irgend\u00adwas mit Essen, Trinken oder der K\u00fcche zu tun.<br \/><br \/>\nZum Spiel geht es <a href=\"https:\/\/renebote.de\/?page_id=1195\">hier entlang<\/a>.\n<\/p>\n<!-- \/wp:html --><\/div><\/li>\n<li><a class=\"wp-block-latest-posts__post-title\" href=\"https:\/\/renebote.de\/?p=1390\">Auch ohne Adventskalender: Spontaner Weihnachtsmarkt bei Pauline daheim<\/a><time datetime=\"2023-12-09T15:19:00+01:00\" class=\"wp-block-latest-posts__post-date\">09. Dezember 2023<\/time><div class=\"wp-block-latest-posts__post-full-content\"><!-- wp:html -->\n<p class=\"justifyText\">\n<a href=\"https:\/\/renebote.de\/?page_id=287\">\n<img decoding=\"async\" class=\"blogIllustration\" src=\"https:\/\/renebote.de\/wp-content\/uploads\/2024\/02\/Covervorschau-Freundschaft-aus-der-Kueche-Weihnachtsmarkt-daheim.webp\">\n<\/a>\nDas, was ich eigentlich gesucht habe, habe ich vor einer Woche auf dem Weihnachtsmarkt nicht gefunden, ausgerechnet der Stand, um den es ging, ist in diesem Jahr nicht da. Daf\u00fcr habe ich die Idee zu einer kurzen Weihnachtsgeschichte mit den Portagonisten aus meiner Buchreihe <a href=\"https:\/\/renebote.de\/?page_id=1012\">Freundschaft aus der K\u00fcche<\/a> mitgebracht. In den letzten Tagen geschrieben, steht die Geschichte ab sofort hier f\u00fcr alle zum Lesen bereit.\n<\/p>\n<!-- \/wp:html --><\/div><\/li>\n<li><a class=\"wp-block-latest-posts__post-title\" href=\"https:\/\/renebote.de\/?p=1392\">Aus dem Adventskalender vom letzten Jahr: Was ist mit Weihnachten?<\/a><time datetime=\"2023-12-01T15:43:00+01:00\" class=\"wp-block-latest-posts__post-date\">01. Dezember 2023<\/time><div class=\"wp-block-latest-posts__post-full-content\"><!-- wp:html -->\n<p class=\"justifyText\">\n<a href=\"https:\/\/renebote.de\/?page_id=284\">\n<img decoding=\"async\" class=\"blogIllustration\" src=\"https:\/\/renebote.de\/wp-content\/uploads\/2024\/02\/Covervorschau-Ferne-Weihnachten.webp\">\n<\/a>\nAuch 2022 habe ich mich wieder am Adventskalender in den beiden Foren B\u00fcchertreff und B\u00fcchereule beteiligt. Wer dort mitgelesen hat, hat einen kleinen Wissensvorsprung, f\u00fcr alle anderen gibt es die Geschichte ab sofort in voller L\u00e4nge hier auf der Website.<br \/><br \/>\nIm Mittelpunkt der Geschichte steht Emilio, der f\u00fcr ein halbes Jahr zum Sch\u00fcleraustausch nach Frankreich geht. So gut es ihm bei den Aubertins in der Bretagne gef\u00e4llt, \u00fcber Weihnachten will er unbedingt zu Hause sein, denn seine Gastgeber feiern nicht. Blo\u00df wird der Weg zum Problem, ein Streik der Lokf\u00fchrer macht seine Pl\u00e4ne zunichte. Notgedrungen bleibt er in Frankreich, versucht, das Beste aus der Sache zu machen, und ist damit zur richtigen Zeit am richtigen Ort.\n<\/p>\n<!-- \/wp:html --><\/div><\/li>\n<li><a class=\"wp-block-latest-posts__post-title\" href=\"https:\/\/renebote.de\/?p=1394\">Segelt\u00f6rn mitten ins R\u00e4tsel<\/a><time datetime=\"2023-11-23T15:47:00+01:00\" class=\"wp-block-latest-posts__post-date\">23. November 2023<\/time><div class=\"wp-block-latest-posts__post-full-content\"><!-- wp:html -->\n<p class=\"justifyText\">\n<a href=\"https:\/\/renebote.de\/?page_id=967\">\n<img decoding=\"async\" class=\"blogIllustration\" src=\"https:\/\/renebote.de\/wp-content\/uploads\/2024\/02\/Cover-Der-Auftrag-der-Fluesterstimme.webp\">\n<\/a>\nEigentlich sollte es eine geruhsame Tour mit dem Segelboot werden f\u00fcr Marcel und Anna. Doch das Wetter spielt nicht mit, ein Unwetter weigert sich, weit drau\u00dfen auf dem Meer zu bleiben, wie die Meteorologen eigentlich vorhergesagt hatten. Auf dem Seeweg kommen die beiden Jugendlichen an diesem Tag nicht mehr zur\u00fcck nach Hause, das steht fest. Aber bis sie von der einsamen Bucht, wo sie am Strand gepicknickt haben, das n\u00e4chste Dorf erreicht haben, haben sie sich im Regen aufgel\u00f6st, also bleibt ihnen nur, in einer verlassenen H\u00fctte hinter dem Deich unterzuschl\u00fcpfen.<br \/>\nDoch ihr karges Nachtquartier sieht noch einen dritten Gast, einen Gast, den wiederum Marcel und Anna nicht sehen. Woher kommt die Fl\u00fcsterstimme, die ihnen von einem viele Jahre zur\u00fcckliegenden Schiffsungl\u00fcck erz\u00e4hlt? F\u00fcr Marcel und Anna beginnt eine spannende Reise in die Vergangenheit.<br \/><br \/>\n<i>Der Auftrag der Fl\u00fcsterstimme<\/i> ist keine Gruselgeschichte, auch wenn darin Ph\u00e4nomene eine Rolle spielen, die sich der Wissenschaft auf ihrem bisherigen Stand entziehen. Sie erscheint am 10. Dezember als E-Book.\n<\/p>\n<!-- \/wp:html --><\/div><\/li>\n<li><a class=\"wp-block-latest-posts__post-title\" href=\"https:\/\/renebote.de\/?p=1397\">Schreibwettbewerb: Gr\u00fcn<\/a><time datetime=\"2023-11-17T16:13:00+01:00\" class=\"wp-block-latest-posts__post-date\">17. November 2023<\/time><div class=\"wp-block-latest-posts__post-full-content\"><!-- wp:html -->\n<p class=\"justifyText\">\n<a href=\"https:\/\/renebote.de\/?page_id=1315\">\n<img decoding=\"async\" class=\"blogIllustration\" src=\"https:\/\/renebote.de\/wp-content\/uploads\/2024\/05\/Logo-Wettbewerbsbeitraege.png\">\n<\/a>\nDer Herbst-Schreibwettbewerb bei der B\u00fcchereule ist zu Ende. Als Thema war diesmal &#8222;Gr\u00fcn&#8220; vorgegeben. Mein Beitrag befindet sich nun auf der Seite mit den <a href=\"https:\/\/renebote.de\/?page_id=1315\">Wettbewerbsbeitr\u00e4gen<\/a>.\n<\/p>\n<!-- \/wp:html --><\/div><\/li>\n<li><a class=\"wp-block-latest-posts__post-title\" href=\"https:\/\/renebote.de\/?p=1400\">Nasse F\u00fc\u00dfe und ein ungeliebter Unterschlupf<\/a><time datetime=\"2023-10-11T16:51:00+01:00\" class=\"wp-block-latest-posts__post-date\">11. Oktober 2023<\/time><div class=\"wp-block-latest-posts__post-full-content\"><!-- wp:html -->\n<p class=\"justifyText\">\n<a href=\"https:\/\/renebote.de\/?page_id=964\">\n<img decoding=\"async\" class=\"blogIllustration\" src=\"https:\/\/renebote.de\/wp-content\/uploads\/2024\/04\/Covervorschau-Miesewetterlaune.webp\">\n<\/a>\nWas tun, wenn man in den Bergen von einem Gewitter \u00fcberrascht wird? Am besten zusehen, dass man sich so schnell wie m\u00f6glich unterstellt, oder? Doch Mark und Simon f\u00e4llt der Entschluss schwer, die n\u00e4chste Almh\u00fctte anzusteuern, denn das ist ausgerechnet die Schattleitenalm \u2013 dort wohnt Sanne, ihre Klassenkameradin, mit der sie gelinde gesagt keinen rechten Vertrag haben, besonders Mark nicht. Aber bei Starkregen, Blitz und Donner den Abstieg zu wagen, geht einfach nicht, und so m\u00fcssen die beiden Freunde sich notgedrungen f\u00fcr einen Abend mit Sanne arrangieren.<br \/><br \/>\n<i>Miesewetterlaune<\/i> ist eine Geschichte um Freundschaft und alte Konflikte. Sie erscheint am 2. November als E-Book, bis zum 5. November ist sie kostenlos zu haben.\n<\/p>\n<!-- \/wp:html --><\/div><\/li>\n<li><a class=\"wp-block-latest-posts__post-title\" href=\"https:\/\/renebote.de\/?p=1402\">Endlich Oktober &#8211; Der Grusel ist zur\u00fcck<\/a><time datetime=\"2023-10-01T17:01:00+01:00\" class=\"wp-block-latest-posts__post-date\">01. Oktober 2023<\/time><div class=\"wp-block-latest-posts__post-full-content\"><!-- wp:html -->\n<p class=\"justifyText\">\n<a href=\"https:\/\/renebote.de\/?page_id=281\">\n<img decoding=\"async\" class=\"blogIllustration\" src=\"https:\/\/renebote.de\/wp-content\/uploads\/2024\/02\/Covervorschau-Reingeflankt.webp\">\n<\/a>\nSo langsam werden die K\u00fcrbisse reif, und damit auch die Zeit f\u00fcr etwas Halloween-Grusel. Den gibt es in Form eines Ratekrimis mit den schon bekannten unfreiwilligen Detektivinnen Anette und Felicitas. Die beiden Cousinen und besten Freundinnen erleben einen Halloween-Abend, der gem\u00fctlich gedacht war und v\u00f6llig aus dem Ruder l\u00e4uft. Hast du ein genauso gutes Auge f\u00fcr die Details wie Anette und Felicitas?\n<\/p>\n<!-- \/wp:html --><\/div><\/li>\n<li><a class=\"wp-block-latest-posts__post-title\" href=\"https:\/\/renebote.de\/?p=1404\">Drittes Abenteuer f\u00fcr Emma in den Bergen<\/a><time datetime=\"2023-09-17T17:13:00+01:00\" class=\"wp-block-latest-posts__post-date\">17. September 2023<\/time><div class=\"wp-block-latest-posts__post-full-content\"><!-- wp:html -->\n<p class=\"justifyText\">\n<a href=\"https:\/\/renebote.de\/?page_id=961\">\n<img decoding=\"async\" class=\"blogIllustration\" src=\"https:\/\/renebote.de\/wp-content\/uploads\/2024\/04\/Covervorschau-Der-Limonaden-Acker.webp\">\n<\/a>\nImmer noch ist vieles neu f\u00fcr Emma nach dem Umzug nach S\u00fcdtirol, auch wenn sie so langsam angekommen ist in der neuen Heimat. Aber auch wenn sie da lebt, wo andere Urlaub machen, bleibt ihr der Alltag nicht erspart, und dazu geh\u00f6rt nat\u00fcrlich auch die Schule. Zusammen mit ihrem neuen besten Freund Valentin f\u00e4hrt sie los, um die Schulb\u00fccher zu kaufen, die sie ben\u00f6tigt \u2013 eigentlich keine gro\u00dfe Sache, doch auf dem R\u00fcckweg stolpern sie mitten in einen \u00dcberfall. Es gelingt ihnen, die drei Jugendlichen in die Flucht zu schlagen, die sich nicht zu schade sind, auf zwei kleine M\u00e4dchen loszugehen, die nur ein bisschen Limonade verkaufen wollen. Doch als sie der Sache nachgehen wollen, sto\u00dfen sie auf eine Mauer des Schweigens. Offenbar haben die Jungen Narrenfreiheit im Ort, aber damit soll jetzt Schluss sein.<br \/><br \/>\n<i>Der Limonaden-Acker<\/i> ist der dritte Band der Reihe <a href=\"https:\/\/renebote.de\/?page_id=1123\">Obocht, Emma!<\/a>, und im Vergleich zu den vorherigen hat er mehr Krimi-Elemente. Die Idee habe ich tats\u00e4chlich aus S\u00fcdtirol mitgebracht, auch die ersten Kapitel sind noch sozusagen vor Ort entstanden. Die Geschichte erscheint am 9. Oktober als E-Book.\n<\/p>\n<!-- \/wp:html --><\/div><\/li>\n<li><a class=\"wp-block-latest-posts__post-title\" href=\"https:\/\/renebote.de\/?p=1406\">Mehr als nur ein paar Fotos &#8230;<\/a><time datetime=\"2023-08-04T17:17:00+01:00\" class=\"wp-block-latest-posts__post-date\">04. August 2023<\/time><div class=\"wp-block-latest-posts__post-full-content\"><!-- wp:html -->\n<p class=\"justifyText\">\n<a href=\"https:\/\/renebote.de\/?page_id=958\">\n<img decoding=\"async\" class=\"blogIllustration\" src=\"https:\/\/renebote.de\/wp-content\/uploads\/2024\/04\/Covervorschau-Micheles-erste-Hochzeit.webp\">\n<\/a>\n\n\n&#8230; sind das Ergebnis von Micheles erster Auftragsarbeit als Fotograf. Freunde seiner Eltern engagieren ihn f\u00fcr ihre Hochzeit, aber sie sind absolut nicht b\u00f6se, dass sich seine Priorit\u00e4ten irgendwann zur gleichaltrigen Tochter des Br\u00e4utigams verlagern.<br \/><br \/>\n<i>Micheles erste Hochzeit<\/i> ist eine kurze romatische Geschichte, die hinter den Kulissen fast noch aufregender war. Da der Anbieter, der bislang fast all meine B\u00fccher vertreibt, neuerdings keine ausschlie\u00dfliche E-Book-Ver\u00f6ffentlichung mehr anbietet, war ich gezwungen, mir einen neuen Partner zu suchen. Obwohl der Prozess im Gro\u00dfen und Ganzen gleich geblieben ist, gab es im Detail doch \u00c4nderungen, mit denen ich mich befassen musste. Nun ist alles gekl\u00e4rt, und am 29. August erscheint meine neue Geschichte im Handel.\n<\/p>\n<!-- \/wp:html --><\/div><\/li>\n<li><a class=\"wp-block-latest-posts__post-title\" href=\"https:\/\/renebote.de\/?p=1408\">Eine Kurzgeschichte hoch zu Ross<\/a><time datetime=\"2023-07-23T17:25:00+01:00\" class=\"wp-block-latest-posts__post-date\">23. Juli 2023<\/time><div class=\"wp-block-latest-posts__post-full-content\"><!-- wp:html -->\n<p class=\"justifyText\">\n<a href=\"https:\/\/renebote.de\/?page_id=278\">\n<img decoding=\"async\" class=\"blogIllustration\" src=\"https:\/\/renebote.de\/wp-content\/uploads\/2024\/02\/Covervorschau-Retterin-zu-Pferd.webp\">\n<\/a>\nNordrhein-Westfalen war in diesem Jahr als Erstes dran, hier sind die Sommerferien fast schon wieder rum. Anderswo fangen sie gerade erst an, oder es gilt sogar noch ein paar Tage Schule hinter sich zu bringen, ehe endlich die sechs Wochen gro\u00dfe Freiheit beginnen.<br \/>\nDie Heldin meiner Geschichte hat gerade ihr Zeugnis bekommen. Fr\u00fcher Schulschluss, noch viel \u00fcbrig von Tag und sch\u00f6nes Wetter, da braucht Violet nicht lange zu \u00fcberlegen, was sie macht. Ab aufs Pferd, eine ausgedehnte Tour durch den Wald und unterwegs irgendwo picknicken! Aber so weit kommt sie gar nicht, f\u00fcr ein paar Jungen ist aus einem harmlosen Vergn\u00fcgen gef\u00e4hrlicher Ernst geworden. Violet und Wallach Henry werden zu Rettern in der Not.<br \/><br \/>\nDie gesamte Geschichte gibt&#8217;s gratis hier auf der Website.\n<\/p>\n<!-- \/wp:html --><\/div><\/li>\n<li><a class=\"wp-block-latest-posts__post-title\" href=\"https:\/\/renebote.de\/?p=1410\">Wenn die Vergangenheit den Sprung in die Gegenwart wagt<\/a><time datetime=\"2023-06-21T17:33:00+01:00\" class=\"wp-block-latest-posts__post-date\">21. Juni 2023<\/time><div class=\"wp-block-latest-posts__post-full-content\"><!-- wp:html -->\n<p class=\"justifyText\">\n<a href=\"https:\/\/renebote.de\/?page_id=955\">\n<img decoding=\"async\" class=\"blogIllustration\" src=\"https:\/\/renebote.de\/wp-content\/uploads\/2024\/04\/Covervorschau-DNS.webp\">\n<\/a>\n\n\nWenn ich mir die Neuigkeiten auf der Startseite so anschaue, dann habe ich eine Weile nichts mehr h\u00f6ren lassen. Aber aus gutem Grund: Meine neuste Geschichte ist die umfangreichste, die ich bislang ver\u00f6ffentlicht habe, und deshalb hat das Schreiben nat\u00fcrlich auch l\u00e4nger gedauert als bei anderen Geschichten.<br \/>\nF\u00fcr Antonia wird aus einem langweiligen, aber immerhin gut bezahlten Nebenjob ein Abenteuer, das sie sich in ihren k\u00fchnsten Tr\u00e4umen nicht h\u00e4tte vorstellen k\u00f6nnen. In den Unterlagen eines verungl\u00fcckten Forschers, dessen B\u00fcro sie auszur\u00e4umen hilft, findet sie Hinweise auf ein geheimes Forschungsprojekt, das es so eigentlich gar nicht geben kann. Sie geht der Sache nach, und was sie herausfindet, stellt nicht nur ihr Leben auf den Kopf, aber das darf niemand merken &#8230;<br \/><br \/>\n<i>DNS: Das M\u00e4dchen, das nicht sein konnte<\/i> erscheint am 6. Juli als E-Book und Taschenbuch.\n<\/p>\n<!-- \/wp:html --><\/div><\/li>\n<li><a class=\"wp-block-latest-posts__post-title\" href=\"https:\/\/renebote.de\/?p=1412\">Ausflug ins Pfadfinderlager<\/a><time datetime=\"2023-04-26T17:44:00+01:00\" class=\"wp-block-latest-posts__post-date\">26. April 2023<\/time><div class=\"wp-block-latest-posts__post-full-content\"><!-- wp:html -->\n<p class=\"justifyText\">\n<a href=\"https:\/\/renebote.de\/?page_id=951\">\n<img decoding=\"async\" class=\"blogIllustration\" src=\"https:\/\/renebote.de\/wp-content\/uploads\/2024\/04\/Covervorschau-Nachtwache-Sag-nichts.webp\">\n<\/a>\nIch glaube, die meisten haben ein klares Bild vor Augen, wenn das Wort &#8222;Pfad\u00adfinder&#8220; f\u00e4llt: Wald, Natur, Wandern, Lager\u00adfeuer\u00adromantik. V\u00f6llig aus der Luft gegriffen ist das nicht, die gro\u00dfen Zelt\u00adlager geh\u00f6ren nach wie vor einfach dazu.<br \/>\nAm Lager\u00adfeuer eines solchen Lagers spielt meine neue Ge\u00adschichte. Der unfrei\u00adwillige Held ist Piet, ein Junge aus der Alters\u00adstufe, die meist kurz als &#8222;Pfadis&#8220; be\u00adzeichnet wird. Ohne zu wissen, wie ihm ge\u00adschieht, zieht er den Zorn eines Kame\u00adraden auf sich, der nicht zimper\u00adlich ist, wenn ihm jemand quer kommt. Wenn er nicht ganz schnell raus\u00adfindet, was er Connor getan hat, dann kann er den Rest des Lagers ver\u00adgessen \u2013 es braucht nicht viel Fantasie, um sich auszu\u00adrechnen, dass die andert\u00adhalb Wochen bis zur Abreise zum Spie\u00df\u00adruten\u00adlauf zu werden drohen.<br \/><br \/>\n<i>Nacht\u00adwache: Sag nichts!<\/i> erscheint am 5. Mai als E-Book.\n<\/p>\n<!-- \/wp:html --><\/div><\/li>\n<li><a class=\"wp-block-latest-posts__post-title\" href=\"https:\/\/renebote.de\/?p=1414\">Geschichte und Geschichten<\/a><time datetime=\"2023-03-27T17:56:00+01:00\" class=\"wp-block-latest-posts__post-date\">27. M\u00e4rz 2023<\/time><div class=\"wp-block-latest-posts__post-full-content\"><!-- wp:html -->\n<p class=\"justifyText\">\n<a href=\"https:\/\/renebote.de\/?page_id=946\">\n<img decoding=\"async\" class=\"blogIllustration\" src=\"https:\/\/renebote.de\/wp-content\/uploads\/2024\/04\/Covervorschau-Dynamit-von-damals.webp\">\n<\/a>\nEin Umzug ist fast immer eine Herausforderung, das wei\u00df auch Julius. Er glaubt, dass er es sogar noch gut getroffen hat, immerhin bleibt er in der Stadt, und es muss nicht alles hau ruck gehen. Doch was die fr\u00fcheren Bewohner auf dem Dachboden zur\u00fcckgelassen haben, ist das n\u00e4chste Level, und es ist kein Spiel, das man einfach von vorn beginnen kann, wenn es schiefgeht. Julius wei\u00df nicht einmal, wonach genau er eigentlich sucht, er wei\u00df nur, dass er es finden muss, ehe etwas passiert&#8230;<br \/><br \/>\n<i>Dynamit von damals<\/i> ist ein Abenteuer f\u00fcr Menschen, die sich nicht vor einer dicken Staubschicht f\u00fcrchten. Die Geschichte erscheint am 6. April als E-Book.\n<\/p>\n<!-- \/wp:html --><\/div><\/li>\n<li><a class=\"wp-block-latest-posts__post-title\" href=\"https:\/\/renebote.de\/?p=1416\">Ferngesteuert durch den Urlaub<\/a><time datetime=\"2023-02-20T18:01:00+01:00\" class=\"wp-block-latest-posts__post-date\">20. Februar 2023<\/time><div class=\"wp-block-latest-posts__post-full-content\"><!-- wp:html -->\n<p class=\"justifyText\">\n<a href=\"https:\/\/renebote.de\/?page_id=943\">\n<img decoding=\"async\" class=\"blogIllustration\" src=\"https:\/\/renebote.de\/wp-content\/uploads\/2024\/04\/Covervorschau-Remote-Ferien.webp\">\n<\/a>\nWohl die aller\u00admeisten Menschen lassen sich ungern fern\u00adsteuern, aber es gibt Situationen, in denen es ganz prak\u00adtisch sein kann: zum Bei\u00adspiel, wenn man im Urlaub von jeman\u00addem mit Tipps ver\u00adsorgt wird, der sich auskennt. Weniger prak\u00adtisch ist es, wenn man sich dann pl\u00f6tz\u00adlich nicht mehr einig ist, ob Tipps aus der Ferne oder aus der N\u00e4he besser sind.<br \/><br \/>\nMit diesen Gegeben\u00adheiten spielt <i>Remote Ferien<\/i>, eine Kurz\u00adgeschichte, die in S\u00fcdtirol, ein biss\u00adchen aber auch woanders ange\u00adsiedelt ist. Das E-Book erscheint am 1. M\u00e4rz \u00fcber\u00adall, wo es E-Books gibt.\n<\/p>\n<!-- \/wp:html --><\/div><\/li>\n<li><a class=\"wp-block-latest-posts__post-title\" href=\"https:\/\/renebote.de\/?p=1418\">Romantik nach Rezept<\/a><time datetime=\"2023-01-07T18:07:00+01:00\" class=\"wp-block-latest-posts__post-date\">07. Januar 2023<\/time><div class=\"wp-block-latest-posts__post-full-content\"><!-- wp:html -->\n<p class=\"justifyText\">\n<a href=\"https:\/\/renebote.de\/?page_id=940\">\n<img decoding=\"async\" class=\"blogIllustration\" src=\"https:\/\/renebote.de\/wp-content\/uploads\/2024\/04\/Covervorschau-vorzueglich-bedient.webp\">\n<\/a>\n\n\nZum Jahres\u00adauftakt gibt es mit <i>(vor\u00adz\u00fcglich) bedient<\/i> etwas Roman\u00adtisches streng nach Rezept. Johannes ist Sohn eines B\u00e4ckers und wahr\u00adscheinlich der zuk\u00fcnftige Inhaber eines altein\u00adgesessenen B\u00e4ckerei\u00adcaf\u00e9s. Beste Voraus\u00adsetzungen also, um ein M\u00e4dchen anzu\u00adsprechen, das offen\u00adsichtlich Kuchen mag, oder? Aber ganz so glatt l\u00e4uft es dann doch nicht, und Johannes wei\u00df nicht, wie er damit umgehen soll. Mit Kuchen\u00adbacken kennt er sich ein\u00addeutig besser aus als mit M\u00e4dchen, und auf Rahel scheint keines der bekannten Rezepte zu passen.<br \/><br \/>\nDie Geschichte erscheint am 27. Januar als E-Book.\n<\/p>\n<!-- \/wp:html --><\/div><\/li>\n<\/ul>","protected":false},"excerpt":{"rendered":"<p>Um die Startseite nicht zu \u00fcberfrachten und \u00e4ltere Beitr\u00e4ge leichter auffindbar zu machen, richte ich jahresweise Archiv-Seiten ein. Auf dieser Seite findest Du die Beitr\u00e4ge aus dem Jahr 2023.<\/p>\n","protected":false},"author":1,"featured_media":0,"parent":0,"menu_order":0,"comment_status":"closed","ping_status":"closed","template":"","meta":{"footnotes":""},"class_list":["post-1381","page","type-page","status-publish","hentry"],"_links":{"self":[{"href":"https:\/\/renebote.de\/index.php?rest_route=\/wp\/v2\/pages\/1381","targetHints":{"allow":["GET"]}}],"collection":[{"href":"https:\/\/renebote.de\/index.php?rest_route=\/wp\/v2\/pages"}],"about":[{"href":"https:\/\/renebote.de\/index.php?rest_route=\/wp\/v2\/types\/page"}],"author":[{"embeddable":true,"href":"https:\/\/renebote.de\/index.php?rest_route=\/wp\/v2\/users\/1"}],"replies":[{"embeddable":true,"href":"https:\/\/renebote.de\/index.php?rest_route=%2Fwp%2Fv2%2Fcomments&post=1381"}],"version-history":[{"count":4,"href":"https:\/\/renebote.de\/index.php?rest_route=\/wp\/v2\/pages\/1381\/revisions"}],"predecessor-version":[{"id":1887,"href":"https:\/\/renebote.de\/index.php?rest_route=\/wp\/v2\/pages\/1381\/revisions\/1887"}],"wp:attachment":[{"href":"https:\/\/renebote.de\/index.php?rest_route=%2Fwp%2Fv2%2Fmedia&parent=1381"}],"curies":[{"name":"wp","href":"https:\/\/api.w.org\/{rel}","templated":true}]}}