{"id":1365,"date":"2024-05-17T17:46:40","date_gmt":"2024-05-17T16:46:40","guid":{"rendered":"https:\/\/renebote.de\/?page_id=1365"},"modified":"2024-05-17T17:46:40","modified_gmt":"2024-05-17T16:46:40","slug":"faq","status":"publish","type":"page","link":"https:\/\/renebote.de\/?page_id=1365","title":{"rendered":"FAQ"},"content":{"rendered":"\n<p class=\"justifyText\">\n<i>FAQ<\/i> ist die Abk\u00fcrzung f\u00fcr den englischen Ausdruck <i>frequently asked questions<\/i>, zu Deutsch: <i>regelm\u00e4\u00dfig gestellte Fragen<\/i>. Hier auf dieser Unterseite findest Du Antworten auf Fragen, die immer wieder aufkommen, und weitergehende Informationen, die auf den anderen Unterseiten nicht so richtig ins Thema passen.\n<\/p>\n\n\n\n<style>\n\n\t.faqContainer {\n\t\twidth: 100%;\n\t\tdisplay: flex;\n\t\tflex-direction: column;\n\t\tgap: 10px;\n\t}\n\n\t.faqAccordion {\n\t  background-color: #FFFFFF;\n\t  color: #000000;\n\t  cursor: pointer;\n\t  padding: 10px;\n\t  width: 100%;\n\t  text-align: left;\n\t  border: 1px solid #000000;\n\t  border-radius:5px;\n\t  outline: none;\n\t  transition: 0.4s;\n\t  font-size: 0.8em;\n\t  margin-top: 4px;\n\t}\n\n\t.active, .faqAccordion:hover {\n\t  background-color: #F2F2F2;\n\t}\n\n\t.faqPanel {\n\t  padding: 0 18px;\n\t  display: none;\n\t  overflow: hidden;\n\t  text-align: justify\n\t}\n\t\n<\/style>\n\n<div class=\"faqContainer\">\n\n\t<button class=\"faqAccordion\">Wo findet man Dich in den Sozialen Netzwerken?<\/button>\n\t<div class=\"faqPanel\">\n\t\t<p>\n\t\t\tIch habe eigene Seiten bei <a href=\"https:\/\/www.facebook.com\/Rene.Bote.Jugendbuecher\/\">Facebook<\/a> und <a href=\"https:\/\/www.instagram.com\/rene.bote\/\">Instagram<\/a>. Bei TikTok und in anderen\n\t\t\tNetzwerken bin ich nicht aktiv. Meine Kurzgeschichten ver\u00f6ffentliche ich au\u00dfer auf meinen Websites bei <a href=\"https:\/\/www.wattpad.com\/user\/ReneBote\">Wattpad<\/a>.\n\t\t<\/p>\n\t<\/div>\n\n\t<button class=\"faqAccordion\">Wie kann man Dich kontaktieren?<\/button>\n\t<div class=\"faqPanel\">\n\t\t<p>\n\t\t\t<a href=\"\/?page_id=6\">Hier<\/a> findest Du ein Kontaktformular, \u00fcber das Du mir eine Nachricht schicken kannst. Au\u00dferdem haben die meisten B\u00fccherforen, in denen ich aktiv bin, eine\n\t\t\tKontaktfunktion. Eine Liste der Foren findest Du <a href=\"\/?page_id=1363\">hier<\/a>.\n\t\t<\/p>\n\t<\/div>\n\n\t<button class=\"faqAccordion\">Wo kann man Deine B\u00fccher kaufen?<\/button>\n\t<div class=\"faqPanel\">\n\t\t<p>\n\t\t\tMeine B\u00fccher sind \u00fcberall erh\u00e4ltlich, wo es B\u00fccher und E-Books gibt. Die jeweiligen Links zu <i>ebook.de<\/i> (ehemals Libri), dem Store von Apple und dem BoD-Shop sind, sofern verf\u00fcgbar, bei der jeweiligen\n\t\t\tBuchbeschreibung zu finden. Links zu weiteren Shops sind auf der <a href=\"\/?page_id=1363\">Linkseite<\/a> aufgef\u00fchrt.\n\t\t<\/p>\n\t<\/div>\n\n\t<button class=\"faqAccordion\">Wo finde ich den besten Preis f\u00fcr Deine B\u00fccher?<\/button>\n\t<div class=\"faqPanel\">\n\t\t<p>\n\t\t\tDer Neupreis f\u00fcr B\u00fccher ist innerhalb von Deutschland \u00fcberall gleich. Das ist gesetzlich mit der sogenannten Buchpreisbindung geregelt, die besagt, dass jeder, der ein Buch herausbringt, f\u00fcr\n\t\t\tdieses Buch einen Verkaufspreis festlegen muss, der dann f\u00fcr alle gilt, die das Buch an den Endverbraucher, also an den Leser, verkaufen. Deshalb kann ich f\u00fcr meine B\u00fccher zwar den Preis\n\t\t\t\u00e4ndern, aber der neue Preis gilt dann auch wieder f\u00fcr alle L\u00e4den und Online-Shops. Nur unter ganz bestimmten Umst\u00e4nden kann die Buchpreisbindung f\u00fcr neue B\u00fccher aufgehoben werden. Wenn Du das\n\t\t\tgenauer nachlesen m\u00f6chtest, findest Du einen Artikel dazu auf <a href=\"https:\/\/de.wikipedia.org\/wiki\/Buchpreisbindung\">Wikipedia<\/a>.\n\t\t<\/p>\n\t<\/div>\n\n\t<button class=\"faqAccordion\">Warum hat mein Buchh\u00e4ndler Deine B\u00fccher nicht vorr\u00e4tig?<\/button>\n\t<div class=\"faqPanel\">\n\t\t<p>\n\t\t\tJedes Jahr erscheinen in Deutschland mehrere 10.000 B\u00fccher neu. Ein Buchh\u00e4ndler hat in seinem Laden aber nur begrenzt Platz und wird sich deshalb auf die B\u00fccher konzentrieren, von denen er\n\t\t\tsich den meisten Gewinn verspricht. Auch Verlage drucken nur auf Vorrat, wenn sie sicher sind, dass sie die B\u00fccher auch verkaufen k\u00f6nnen. Ich schreibe aber, weil ich Spa\u00df daran habe, und will\n\t\t\tmich nicht davon einschr\u00e4nken lassen, was die Verlage gerade f\u00fcr angesagt halten. Daher ver\u00f6ffentliche ich meine B\u00fccher als sogenanntes <i>Print on Demand<\/i> (deutsch: <i>Druck auf Anforderung<\/i>), das\n\t\t\thei\u00dft, das Buch wird als digitale Vorlage gespeichert, und in dem Moment, wo Du bei einem Onlineh\u00e4ndler oder im Laden bestellst, wird Dein Exemplar extra f\u00fcr Dich gedruckt. Wenn Du zu Deinem\n\t\t\tBuchh\u00e4ndler gehst, dann schreibe Dir am besten die ISBN auf, die bei der Buchbeschreibung steht. Mit dieser eindeutigen Nummer (ISBN = International Standard Book Number, Internationale\n\t\t\tStandardbuchnummer) kann der H\u00e4ndler das Buch nicht verwechseln.\n\t\t<\/p>\n\t<\/div>\n\n\t<button class=\"faqAccordion\">Kann man Deine B\u00fccher vorbestellen?<\/button>\n\t<div class=\"faqPanel\">\n\t\t<p>\n\t\t\tDas h\u00e4ngt vom jeweiligen Shop ab. Einige Shops erm\u00f6glichen Vorbestellungen, andere stellen die B\u00fccher erst am Erscheinungstag in ihre Kataloge. Mitunter kann es auch vorkommen, dass in\n\t\t\teinzelnen Shops die B\u00fccher erst ein paar Tage nach dem Erscheinungstermin auftauchen, das ist in der Regel dann der Fall, wenn der jeweilige Shop \u00fcberlastet ist.\n\t\t<\/p>\n\t<\/div>\n\n\t<button class=\"faqAccordion\">Warum steht mein Lieblingsshop nicht in der Liste?<\/button>\n\t<div class=\"faqPanel\">\n\t\t<p>\n\t\t\tMeine B\u00fccher werden an das sogenannte <i>Verzeichnis lieferbarer B\u00fccher<\/i> gemeldet. Das ist ein Buchkatalog, aus dem wiederum viele Buchh\u00e4ndler ihre Kataloge best\u00fccken. Es ist f\u00fcr mich kaum\n\t\t\tm\u00f6glich, nachzuhalten, welche Buchh\u00e4ndler meine B\u00fccher von dort \u00fcbernehmen.<br\/>\n\t\t\tWenn Du einen Shop kennst, der in meiner Liste stehen sollte, dann kannst Du mir den Link aber gerne \u00fcber das <a href=\"\/?page_id=6\">Kontaktformular<\/a> schicken.\n\t\t<\/p>\n\t<\/div>\n\n\t<button class=\"faqAccordion\">Warum gibst Du eine andere Seitenzahl an als die Shops, und warum unterscheiden sich die Seitenzahlen auch von Shop zu Shop?<\/button>\n\t<div class=\"faqPanel\">\n\t\t<p>\n\t\t\tSofern ein Buch als gedruckte Ausgabe und E-Book erscheint, wird in der Regel von allen H\u00e4ndlern die Seitenzahl der Druckausgabe auch f\u00fcr das E-Book \u00fcbernommen. Anders sieht es aus, wenn ein\n\t\t\tBuch nur als E-Book erscheint: Da die Seitenzahl abh\u00e4ngig vom Leseger\u00e4t und von den Einstellungen f\u00fcr Schriftgr\u00f6\u00dfe, Schriftart und Zeilenabstand schwanken kann, ermittelt jeder Anbieter auf\n\t\t\tseine Art eine Seitenzahl. Teilweise wird nach bestimmten Formeln eine Seitenzahl aus der Zahl der Buchstaben, W\u00f6rter oder Abs\u00e4tze im Text berechnet, andere Anbieter nehmen die Seitenzahl,\n\t\t\tdie auf einem festgelegten, g\u00e4ngigen Ger\u00e4t bei ebenso festgelegten, gebr\u00e4uchlichen Einstellungen herauskommt. Manche geben statt einer Seitenzahl auch nur die Dateigr\u00f6\u00dfe an, was aber auch\n\t\t\tt\u00e4uschen kann, weil eine Abbildung die Datei mehr aufbl\u00e4hen kann als hundert Seiten Text.<br\/>\n\t\t\tIch selbst verwende eine Formel, die sich an einer g\u00e4ngigen Umrechnung in sogenannte Normseiten orientiert. Normseiten sind eine Form, Seitenzahlen einheitlich zu berechnen f\u00fcr Lektoren oder \u00dcbersetzer, die nach bearbeiteten Seiten bezahlt werden. Dabei ber\u00fccksichtige ich aber nur die reine Geschichte ohne Inhaltsverzeichnis, Leseproben und sonstige Extras.; diese M\u00f6glichkeit haben die Shops nicht, weil ihre automatisierten Systeme nur das fertige E-Book kennen und dessen Inhalt nicht nach eigentlicher Geschichte und sonstigem Text unterscheiden k\u00f6nnen.\n\t\t<\/p>\n\t<\/div>\n\n<\/div>\n\n<script type=\"text\/javascript\">\n\n    var acc = document.getElementsByClassName(\"faqAccordion\");\n\tvar i;\n\n\tfor (i = 0; i < acc.length; i++) {\n\t  acc[i].addEventListener(\"click\", function() {\n\t\tthis.classList.toggle(\"active\");\n\n\t\tvar panel = this.nextElementSibling;\n\t\tif (panel.style.display === \"block\") {\n\t\t  panel.style.display = \"none\";\n\t\t} else {\n\t\t  panel.style.display = \"block\";\n\t\t}\n\t  });\n\t}\n\t\n<\/script>\n","protected":false},"excerpt":{"rendered":"<p>FAQ ist die Abk\u00fcrzung f\u00fcr den englischen Ausdruck frequently asked questions, zu Deutsch: regelm\u00e4\u00dfig gestellte Fragen. Hier auf dieser Unterseite findest Du Antworten auf Fragen, die immer wieder aufkommen, und weitergehende Informationen, die auf den anderen Unterseiten nicht so richtig ins Thema passen. Wo findet man Dich in den Sozialen Netzwerken? Ich habe eigene Seiten [&hellip;]<\/p>\n","protected":false},"author":1,"featured_media":0,"parent":0,"menu_order":0,"comment_status":"closed","ping_status":"closed","template":"","meta":{"footnotes":""},"class_list":["post-1365","page","type-page","status-publish","hentry"],"_links":{"self":[{"href":"https:\/\/renebote.de\/index.php?rest_route=\/wp\/v2\/pages\/1365","targetHints":{"allow":["GET"]}}],"collection":[{"href":"https:\/\/renebote.de\/index.php?rest_route=\/wp\/v2\/pages"}],"about":[{"href":"https:\/\/renebote.de\/index.php?rest_route=\/wp\/v2\/types\/page"}],"author":[{"embeddable":true,"href":"https:\/\/renebote.de\/index.php?rest_route=\/wp\/v2\/users\/1"}],"replies":[{"embeddable":true,"href":"https:\/\/renebote.de\/index.php?rest_route=%2Fwp%2Fv2%2Fcomments&post=1365"}],"version-history":[{"count":5,"href":"https:\/\/renebote.de\/index.php?rest_route=\/wp\/v2\/pages\/1365\/revisions"}],"predecessor-version":[{"id":1370,"href":"https:\/\/renebote.de\/index.php?rest_route=\/wp\/v2\/pages\/1365\/revisions\/1370"}],"wp:attachment":[{"href":"https:\/\/renebote.de\/index.php?rest_route=%2Fwp%2Fv2%2Fmedia&parent=1365"}],"curies":[{"name":"wp","href":"https:\/\/api.w.org\/{rel}","templated":true}]}}