{"id":1358,"date":"2024-05-17T16:48:24","date_gmt":"2024-05-17T15:48:24","guid":{"rendered":"https:\/\/renebote.de\/?page_id=1358"},"modified":"2024-05-17T16:48:24","modified_gmt":"2024-05-17T15:48:24","slug":"steckbrief","status":"publish","type":"page","link":"https:\/\/renebote.de\/?page_id=1358","title":{"rendered":"Steckbrief"},"content":{"rendered":"\n<p><strong>Lebenslauf (ganz kurz, weil nicht weiter ungew\u00f6hnlich)<\/strong><\/p>\n\n\n\n<p style=\"text-align: justify;\">Ich bin ein Kind der Siebziger Jahre und des Ruhrgebiets. Das Revier ist nach wie vor meine Heimat, deshalb spielt auch ein nicht zu kleiner Teil meiner Geschichten dort.<\/p>\n\n\n\n<p><strong>Der Weg zum Schriftsteller<\/strong><\/p>\n\n\n\n<p style=\"text-align: justify;\">\nDie Begeisterung f\u00fcr alles, was mit Sprache zu tun hat, wurde mir bereits in die Wiege gelegt. Die ersten eigenen Werke waren in der zweiten Klasse Gedichte, und noch zu Grundschulzeiten entstanden meine pers\u00f6nlichen Fortsetzungen zu den Kinderbuchserien, die ich damals gelesen habe, vor allem <i>F\u00fcnf Freunde<\/i> und <i>Geheimnis um &#8230;<\/i> von Enid Blyton, <i>TKKG<\/i> von Stefan Wolf und <i>Die Ritter von Burg Schreckenstein<\/i> von Oliver Hassencamp.\n<\/p>\n<p style=\"text-align: justify;\">\nDie erste Geschichte, die ich auch einem Publikum au\u00dferhalb meiner Familie zug\u00e4nglich gemacht habe, war eine Fanfiction, die daf\u00fcr, dass sie an einem langweiligen Sonntagnachmittag entstand, fast schon erschreckend viele Leser fand. Ich hatte eine Idee f\u00fcr eine Geschichte, die dann auch in wenigen Stunden umgesetzt war, und Lust, einfach mal auszuprobieren, wie es sich anf\u00fchlt, sie zu teilen.\n<\/p>\n<p style=\"text-align: justify;\">\n<a href=\"\/?page_id=464\">Der neue Star<\/a> war schlie\u00dflich der erste Versuch, eine Geschichte in den Buchhandel zu bringen. Als ich die Idee zu dieser Geschichte hatte, w\u00e4re das noch undenkbar gewesen, denn das System des <i>Print on Demand<\/i> war da l\u00e4ngst noch nicht so verbreitet, ebenso wenig E-Books, und einen Verlag davon zu \u00fcberzeugen, dass er mit meinem Buch Kasse machen k\u00f6nnte &ndash; gro\u00df war die Wahrscheinlichkeit nicht.\n<\/p>\n","protected":false},"excerpt":{"rendered":"<p>Lebenslauf (ganz kurz, weil nicht weiter ungew\u00f6hnlich) Ich bin ein Kind der Siebziger Jahre und des Ruhrgebiets. Das Revier ist nach wie vor meine Heimat, deshalb spielt auch ein nicht zu kleiner Teil meiner Geschichten dort. Der Weg zum Schriftsteller Die Begeisterung f\u00fcr alles, was mit Sprache zu tun hat, wurde mir bereits in die [&hellip;]<\/p>\n","protected":false},"author":1,"featured_media":0,"parent":0,"menu_order":0,"comment_status":"closed","ping_status":"closed","template":"","meta":{"footnotes":""},"class_list":["post-1358","page","type-page","status-publish","hentry"],"_links":{"self":[{"href":"https:\/\/renebote.de\/index.php?rest_route=\/wp\/v2\/pages\/1358","targetHints":{"allow":["GET"]}}],"collection":[{"href":"https:\/\/renebote.de\/index.php?rest_route=\/wp\/v2\/pages"}],"about":[{"href":"https:\/\/renebote.de\/index.php?rest_route=\/wp\/v2\/types\/page"}],"author":[{"embeddable":true,"href":"https:\/\/renebote.de\/index.php?rest_route=\/wp\/v2\/users\/1"}],"replies":[{"embeddable":true,"href":"https:\/\/renebote.de\/index.php?rest_route=%2Fwp%2Fv2%2Fcomments&post=1358"}],"version-history":[{"count":3,"href":"https:\/\/renebote.de\/index.php?rest_route=\/wp\/v2\/pages\/1358\/revisions"}],"predecessor-version":[{"id":1361,"href":"https:\/\/renebote.de\/index.php?rest_route=\/wp\/v2\/pages\/1358\/revisions\/1361"}],"wp:attachment":[{"href":"https:\/\/renebote.de\/index.php?rest_route=%2Fwp%2Fv2%2Fmedia&parent=1358"}],"curies":[{"name":"wp","href":"https:\/\/api.w.org\/{rel}","templated":true}]}}