{"id":1123,"date":"2024-03-26T15:18:20","date_gmt":"2024-03-26T14:18:20","guid":{"rendered":"https:\/\/renebote.de\/?page_id=1123"},"modified":"2024-04-07T14:56:49","modified_gmt":"2024-04-07T13:56:49","slug":"obocht-emma-serienseite","status":"publish","type":"page","link":"https:\/\/renebote.de\/?page_id=1123","title":{"rendered":"Obocht, Emma! &#8211; Serienseite"},"content":{"rendered":"\n<h4 class=\"wp-block-heading\">Obocht, Emma!<\/h4>\n\n\n\n<style type=\"text\/css\">\n\t\n\t.bookSeriesSeriesContainer {\n\t\twidth: 100%;\n\t\tdisplay: flex;\n\t\tflex-direction: row;\n\t}\n\t\n\t.bookSeriesImgContainer {\n\t\twidth: 33%;\n\t}\n\t\n\t.bookSeriesImg {\n\t\twidth: 95%;\n\t\tcursor: pointer;\n\t\tmargin-right: 5%;\n\t}\n\t\n\t.bookSeriesTextContainer {\n\t\twidth: 66%;\n\t\tdisplay: flex;\n\t\tflex-direction: column;\n\t\tjustify-content: top;\n\t}\n\t\n\t.bookSeriesHeader {\n\t\tmargin-top: -5px;\n\t\tmargin-bottom: -8px;\n\t\tfont-weight: bold;\n\t\tfont-size: 1.2em;\n\t}\n\n<\/style>\n\n<div class=\"bookSeriesSeriesContainer\">\n\t\n\t\t<div class=\"bookSeriesImgContainer\">\n\t\t\t\n\t\t<img decoding=\"async\" src=\"https:\/\/renebote.de\/wp-content\/uploads\/2024\/03\/Serienlogo-Obocht-Emma.webp\" class=\"bookSeriesImg\" \/>\n\t\t\t\n\t\t<\/div>\n\t\t\n\t\t<div class=\"bookSeriesTextContainer\">\n\t\t\n\t\t\t<p class=\"bookSeriesHeader\">\n\t\t\t\tObocht, Emma!\n\t\t\t<\/p>\n\t\t\t\n\t\t\t<p class=\"justifyText\">\n\t\t\t\t<i>Obocht, Emma!<\/i> ist eine Abenteuer-Serie, in deren Mittelpunkt die elfj\u00e4hrige Emma steht, die es aus der deutschen Gro\u00dfstadt in ein Bergdorf in S\u00fcdtirol verschl\u00e4gt. St. Vinzent\n                gef\u00e4llt ihr, aber es ist nat\u00fcrlich auch eine gro\u00dfe Umstellung, und die Berge sind nicht ohne.\n\t\t\t<\/p>\n\t\t\n\t\t<\/div>\n\t\n\t<\/div>\n\n\n\n<h5 class=\"wp-block-heading\">B\u00fccher<\/h5>\n\n\n\n<div style=\"width: 100%; display: flex; flex-direction: row; justify-content: center;\">\n\t<div class=\"imageSide imageSideWidth\">\n\t\t<div style=\"width: 100%; display: flex; flex-direction: row; justify-content: left;\">\n\t\t\t<img decoding=\"async\" src=\"https:\/\/renebote.de\/wp-content\/uploads\/2024\/04\/IconRueckwaerts.png\" style=\"width: 30px; margin-right: 3px; cursor: pointer;\" onclick=\"LoadImage(true);\" \/>\n\t\t<\/div>\n\t<\/div>\n\t<img decoding=\"async\" id=\"image\" class=\"coverImage coverImageCursor\" src=\"\" onclick=\"GoToBook();\">\n\t<div class=\"imageSide imageSideWidth\">\n\t\t<div style=\"width: 100%; display: flex; flex-direction: row; justify-content: right;\">\n\t\t\t<img decoding=\"async\" src=\"http:\/\/renebote.de\/wp-content\/uploads\/2024\/04\/IconVorwaerts.png\" style=\"width: 30px; margin-left: 3px; cursor: pointer;\" onclick=\"LoadImage(false);\" \/>\n\t\t<\/div>\n\t<\/div>\n<\/div>\n\n<div style=\"width: 100%; display: flex; flex-direction: row; justify-content: center;\">\n\t<div style=\"width: 100%\">\n\t\t<p id=\"info\" style=\"text-align: center;\"><\/p>\n\t\t<hr \/>\n\t\t<p id=\"klappentext\" style=\"text-align: justify;\"><\/p>\n\t<\/div>\n<\/div>\n\t\n<script type=\"text\/javascript\">\n\n\tvar imgIndex = 0;\n\tvar imgSrc = [\n\t\t\"https:\/\/renebote.de\/wp-content\/uploads\/2024\/02\/Cover-Der-Retter-im-Regen.webp\",\n\t\t\"https:\/\/renebote.de\/wp-content\/uploads\/2024\/02\/Cover-Die-Bauchgrimmen-Alm.webp\",\n\t\t\"https:\/\/renebote.de\/wp-content\/uploads\/2024\/02\/Cover-Der-Limonaden-Acker.webp\"\n\t];\n\t\n\tvar link = [\n\t\t\"https:\/\/renebote.de\/?page_id=868\",\n\t\t\"https:\/\/renebote.de\/?page_id=871\",\n\t\t\"https:\/\/renebote.de\/?page_id=961\"\n\t];\n\t\n\tvar bookInfo = [\n\t\t\"Der Retter im Regen<br \/>E-Book, 25 Seiten<br \/>ISBN 978-3752691542\",\n\t\t\"Die Bauchgrimmen-Alm<br \/>E-Book, 59 Seiten<br \/>ISBN 978-3752691566\",\n\t\t\"Der Limonaden-Acker<br \/>E-Book, 55 Seiten<br \/>ISBN 978-3756564033\"\n\t];\n\t\n\tvar blurb = [\n\t\t\"Der Traum ihres Vaters verschl&auml;gt Stadtkind Emma in ein Bergdorf in S&uuml;dtirol&#58; In St. Vinzent k&ouml;nnen ihre Eltern eine Hutmacher-Werkstatt &uuml;bernehmen. Emma kommt kaum zum Luftholen, so viel Neues prasselt auf sie ein, und sie vermisst die Freundinnen, die sie zur&uuml;cklassen musste. Immerhin lassen die Eltern ihr mehr Freiheiten als vorher in der Stadt, doch gleich ihre erste Alm-Wanderung droht zu einem Desaster zu werden.\",\n\t\t\"Nach dem Umzug in die s&uuml;dtiroler Alpen beginnt Emma sich wohlzuf&uuml;hlen in St. Vinzent. Mit Valentin hat sie den ersten Freund in der neuen Heimat gefunden und erkundet mit ihm zusammen die Um\u00adgebung. Ein Besuch auf der Alm seiner Tante endet jedoch mit einer b&ouml;sen &Uuml;berraschung, und Valentin will einfach nicht glauben, dass seine Tante daran schuld ist. Zusam\u00admen mit Amelie, der Tochter der Dorf&auml;rztin, gehen Emma und Valentin auf Spurensuche.\",\n\t\t\"Emma und ihr bester Freund Valentin sind um eine Winzigkeit zu sp&auml;t dran&#58; Verhindern k&ouml;nnen sie nicht, dass drei Halbstarke die beiden kleinen M&auml;dchen &uuml;berfallen, die an der Radstrecke Limonade verkaufen, aber sie schlagen die Jugendlichen in die Flucht, ehe noch Schlimmeres passiert. F&uuml;r den Moment ist es ihnen wichtiger, sich um die beiden M&auml;dchen zu k&uuml;mmern, doch sie sind zuversichtlich, dass es nicht schwer werden wird, die T&auml;ter zu finden. Aber sie sto&szlig;en auf unerwartete H&uuml;rden&#58; Die M&auml;dchen wollen nicht sagen, wer es war, obwohl Emma und Valentin sicher sind, dass sie es wissen.<br \/> Auch die Eltern scheinen nicht ernstlich entschlossen, der Sache nachzugehen, obwohl sie einen Verdacht haben. Trotzdem forschen Emma und Valentin weiter nach, zusammen mit ihrer Freundin Amelie. Bald wird ihnen klar, was hinter der Zur&uuml;ckhaltung steckt, doch wenn die T&auml;ter sich bisher alles erlauben konnten, dann ist es &uuml;berf&auml;llig, ihnen endlich Grenzen zu setzen.\"\n\t];\n\t\n\tvar prev_handler = window.onload;\n\twindow.onload = function () {\n\t\tif(prev_handler) {\n\t\t\tprev_handler();\n\t\t}\n\t\tdocument.getElementById('image').src = imgSrc[imgIndex];\n\t\tdocument.getElementById('info').innerHTML = bookInfo[imgIndex];\n\t\tdocument.getElementById('klappentext').innerHTML = blurb[imgIndex];\n\t};\n\t\n\tfunction LoadImage(backwards = false) {\n\t\tif(backwards) {\n\t\t\timgIndex = imgIndex > 0 ? imgIndex - 1 : imgSrc.length - 1;\n\t\t} else {\n\t\t\timgIndex = imgIndex < (imgSrc.length - 1) ? imgIndex + 1 : 0;\n\t\t}\n\t\tdocument.getElementById('image').src = imgSrc[imgIndex];\n\t\tdocument.getElementById('info').innerHTML = bookInfo[imgIndex];\n\t\tdocument.getElementById('klappentext').innerHTML = blurb[imgIndex];\n\t}\n\t\n\tfunction GoToBook() {\n\t\twindow.location.href = link[imgIndex];\n\t}\n\n<\/script>\n\t\n<style type=\"text\/css\">\n\n\t.coverImage {\n\t\twidth: 40%;\n\t}\n\t\n\t.coverImageCursor {\n\t\tcursor: pointer;\n\t}\n\t\n\t.imageSide {\n\t\tdisplay: flex;\n\t\tflex-direction: column;\n\t\tjustify-content: center;\n\t}\n\t\n\t.imageSideWidth {\n\t\twidth: 30%;\n\t}\n\t\n\t@media only screen and (max-width: 600px) {\n\t\t.coverImage {\n\t\t\twidth: calc(100% - 70px);\n\t\t}\n\t\t\n\t\t.imageSideWidth {\n\t\t\twidth: 35px;\n\t\t}\n\t}\n\n<\/style>\n","protected":false},"excerpt":{"rendered":"<p>Obocht, Emma! Obocht, Emma! Obocht, Emma! ist eine Abenteuer-Serie, in deren Mittelpunkt die elfj\u00e4hrige Emma steht, die es aus der deutschen Gro\u00dfstadt in ein Bergdorf in S\u00fcdtirol verschl\u00e4gt. St. Vinzent gef\u00e4llt ihr, aber es ist nat\u00fcrlich auch eine gro\u00dfe Umstellung, und die Berge sind nicht ohne. B\u00fccher<\/p>\n","protected":false},"author":1,"featured_media":0,"parent":0,"menu_order":0,"comment_status":"closed","ping_status":"closed","template":"","meta":{"footnotes":""},"class_list":["post-1123","page","type-page","status-publish","hentry"],"_links":{"self":[{"href":"https:\/\/renebote.de\/index.php?rest_route=\/wp\/v2\/pages\/1123","targetHints":{"allow":["GET"]}}],"collection":[{"href":"https:\/\/renebote.de\/index.php?rest_route=\/wp\/v2\/pages"}],"about":[{"href":"https:\/\/renebote.de\/index.php?rest_route=\/wp\/v2\/types\/page"}],"author":[{"embeddable":true,"href":"https:\/\/renebote.de\/index.php?rest_route=\/wp\/v2\/users\/1"}],"replies":[{"embeddable":true,"href":"https:\/\/renebote.de\/index.php?rest_route=%2Fwp%2Fv2%2Fcomments&post=1123"}],"version-history":[{"count":4,"href":"https:\/\/renebote.de\/index.php?rest_route=\/wp\/v2\/pages\/1123\/revisions"}],"predecessor-version":[{"id":1206,"href":"https:\/\/renebote.de\/index.php?rest_route=\/wp\/v2\/pages\/1123\/revisions\/1206"}],"wp:attachment":[{"href":"https:\/\/renebote.de\/index.php?rest_route=%2Fwp%2Fv2%2Fmedia&parent=1123"}],"curies":[{"name":"wp","href":"https:\/\/api.w.org\/{rel}","templated":true}]}}