{"id":1091,"date":"2024-03-24T20:15:20","date_gmt":"2024-03-24T19:15:20","guid":{"rendered":"https:\/\/renebote.de\/?page_id=1091"},"modified":"2024-03-24T20:15:20","modified_gmt":"2024-03-24T19:15:20","slug":"11-stellen-sich-neu-auf-zusaetzliche-e-books","status":"publish","type":"page","link":"https:\/\/renebote.de\/?page_id=1091","title":{"rendered":"11 stellen sich neu auf: Zus\u00e4tzliche E-Books"},"content":{"rendered":"\n<p class=\"justifyText\">\nZum vierten Band der Reihe um Sophie und ihre Kameradinnen von den Ballfreunde-M\u00e4dchen sind insgesamt drei kurze Geschichten entstanden, in denen andere Beteiligte ihren Teil an den Ereignissen schildern. Alle drei sind im Vorfeld der Ver\u00f6ffentlichung von <a href=\"https:\/\/renebote.de\/?page_id=773\"><i>11 stellen sich neu auf<\/i><\/a> als kostenlose E-Books erschienen.\n<\/p>\n\n\n\n<script type=\"text\/javascript\">\n\nfunction showEbookFull(src, target, dialg) {\n    \/\/ Source des Vollbilds von der des Vorschaubilds \u00fcbernehmen\n    var imgSmall = document.getElementById(src);\n    var imgFull = document.getElementById(target);\n    imgFull.src = imgSmall.src;\n    \/\/ Dialog anzeigen\n    var dlg = document.getElementById(dialg);\n    dlg.style.display=\"flex\";\n    \/\/ Verhindern, dass w\u00e4hrend der Anzeige des Covers im Vollbild gescrollt werden kann\n    document.getElementsByTagName(\"body\")[0].style.overflow = \"hidden\";\n}\n\nfunction hideEbookFull(dialg) {\n    \/\/ Dialog finden und Sichtbarkeit ausschalten\n    var dlg = document.getElementById(dialg);\n    dlg.style.display=\"none\";\n    \/\/ Scrollen (wird w\u00e4hrend der Vollbildanzeige unterdr\u00fcckt) wieder einschalten\n    document.getElementsByTagName(\"body\")[0].style.overflow = \"\";\n}\n\n<\/script>\n\n\n\n<div class=\"wp-block-columns is-layout-flex wp-container-core-columns-is-layout-28f84493 wp-block-columns-is-layout-flex\">\n<div class=\"wp-block-column is-layout-flow wp-block-column-is-layout-flow\">\n<dialog id=\"imgFullLouisa\" class=\"coverFullsizeDialog\" style=\"display: none;\" onclick=\"hideEbookFull('imgFullLouisa');\" >\n\t<img decoding=\"async\" id=\"coverFullsizeLouisa\" src=\"\" alt=\"Cover des Buchs 11 stellen sich neu auf - Louisa im Abseits\" \/>\n<\/dialog>\n\n<img decoding=\"async\" id=\"coverPreviewLouisa\" class=\"coverPreviewBook\" src=\"https:\/\/renebote.de\/wp-content\/uploads\/2024\/02\/Cover-11-stellen-sich-neu-auf-Louisa-im-Abseits.webp\" onclick=\"showEbookFull('coverPreviewLouisa', 'coverFullsizeLouisa', 'imgFullLouisa');\" alt=\"Cover des Buchs 11 stellen sich neu auf - Louisa im Abseits\" \/>\n<div class=\"bookPageGeneralInfoContainer\">\n    <div class=\"bookPageEditionsContainer\">\n\t\t\t\t<img decoding=\"async\" src=\"https:\/\/renebote.de\/wp-content\/uploads\/2024\/02\/Ebook.webp\" style=\"width: 100%;\" title=\"Erh\u00e4ltlich als E-Book\" \/>\n    <\/div>\n    <div class=\"bookPageInfoRowsContainer\">\n\t\t<div class=\"bookPageInfoRow\">\n            <img decoding=\"async\" src=\"https:\/\/renebote.de\/wp-content\/uploads\/2024\/02\/Erscheinungstermin.webp\" class=\"bookPageInfoIcon\" title=\"Erscheinungsdatum\" \/>29. Januar 2018\n        <\/div>\n\t\t<div class=\"bookPageInfoRow\">\n            <img decoding=\"async\" src=\"https:\/\/renebote.de\/wp-content\/uploads\/2024\/02\/Seiten.webp\" class=\"bookPageInfoIcon\" title=\"Seiten\" \/>16\n        <\/div>\n\t\t<div class=\"bookPageInfoRow\">\n            <img decoding=\"async\" src=\"https:\/\/renebote.de\/wp-content\/uploads\/2024\/02\/ISBN.webp\" class=\"bookPageInfoIcon\" title=\"ISBN\" \/>978-3746093154 \n        <\/div>\n\t\t<div class=\"bookPageInfoRow\">\n            <img decoding=\"async\" src=\"https:\/\/renebote.de\/wp-content\/uploads\/2024\/02\/Verlag.webp\" class=\"bookPageInfoIcon\" title=\"Ver\u00f6ffentlicht bei\" \/>Books on Demand\n        <\/div>\n    <\/div>\n<\/div>\n<div class=\"justifyText marginTop\">\n\t<p>Louisa k\u00f6nnte eine echte Verst\u00e4r&shy;kung f\u00fcr die Ball&shy;freunde-M\u00e4dchen&shy;mann&shy;schaft sein &ndash; w\u00e4re da nicht ihre Vorge&shy;schichte. Eine Vorge&shy;schichte, in der die Ball&shy;freunde lange keinen Gedan&shy;ken wert waren.\n<\/p>\n<p>\n<\/p>\n<p><i>11 stellen sich neu auf: Louisa im Abseits<\/i> ist eine Erg\u00e4n&shy;zung zum vierten Band der Reihe um Sophie und ihre Freun&shy;dinnen von der Ball&shy;freunde-M\u00e4dchen&shy;mann&shy;schaft. Die Ge&shy;schichte erz\u00e4hlt, warum Louisa sich den Wechsel nicht selbst ausge&shy;sucht hat, und warum es nicht darauf ankommt, ob sie sich ein paar Tage fr\u00fcher oder sp\u00e4ter anmel&shy;det.<\/p>\n\n<\/div>\n<div class=\"fullWidthRow marginTop\">\n\t<b>Gratis-E-Book<\/b>\n<\/div>\n<div class=\"fullWidthRow noBlockStartMargin\">\n\t<div style=\"width: 30%\";>\n\t\t<a href=\"https:\/\/books.apple.com\/de\/book\/11-stellen-sich-neu-auf\/id1341701159\">\n\t\t\t<img decoding=\"async\" src=\"https:\/\/renebote.de\/wp-content\/uploads\/2024\/02\/Shop-Icon-iBooks.webp\" style=\"width: 100%; cursor: pointer;\" title=\"Link zum iBooks-Shop (Apple)\"\/>\n\t\t<\/a>\n\t<\/div>\t<div style=\"width: 30%\";>\n\t\t<a href=\"https:\/\/www.bod.de\/buchshop\/11-stellen-sich-neu-auf-rene-bote-9783746093154\">\n\t\t\t<img decoding=\"async\" src=\"https:\/\/renebote.de\/wp-content\/uploads\/2024\/02\/Shop-Icon-BoD.webp\" style=\"width: 100%; cursor: pointer;\" title=\"Link zum Shop von BoD\"\/>\n\t\t<\/a>\n\t<\/div>\n<\/div>\n<\/div>\n\n\n\n<div class=\"wp-block-column is-layout-flow wp-block-column-is-layout-flow\">\n<dialog id=\"imgFullMartha\" class=\"coverFullsizeDialog\" style=\"display: none;\" onclick=\"hideEbookFull('imgFullMartha');\" >\n\t<img decoding=\"async\" id=\"coverFullsizeMartha\" src=\"\" alt=\"Cover des Buchs 11 stellen sich neu auf - Martha auf dem Sprung?\" \/>\n<\/dialog>\n\n<img decoding=\"async\" id=\"coverPreviewMartha\" class=\"coverPreviewBook\" src=\"https:\/\/renebote.de\/wp-content\/uploads\/2024\/02\/Cover-11-stellen-sich-neu-auf-Martha-auf-dem-Sprung.webp\" onclick=\"showEbookFull('coverPreviewMartha', 'coverFullsizeMartha', 'imgFullMartha');\" alt=\"Cover des Buchs 11 stellen sich neu auf - Martha auf dem Sprung?\" \/>\n<div class=\"bookPageGeneralInfoContainer\">\n    <div class=\"bookPageEditionsContainer\">\n\t\t\t\t<img decoding=\"async\" src=\"https:\/\/renebote.de\/wp-content\/uploads\/2024\/02\/Ebook.webp\" style=\"width: 100%;\" title=\"Erh\u00e4ltlich als E-Book\" \/>\n    <\/div>\n    <div class=\"bookPageInfoRowsContainer\">\n\t\t<div class=\"bookPageInfoRow\">\n            <img decoding=\"async\" src=\"https:\/\/renebote.de\/wp-content\/uploads\/2024\/02\/Erscheinungstermin.webp\" class=\"bookPageInfoIcon\" title=\"Erscheinungsdatum\" \/>29. Januar 2018\n        <\/div>\n\t\t<div class=\"bookPageInfoRow\">\n            <img decoding=\"async\" src=\"https:\/\/renebote.de\/wp-content\/uploads\/2024\/02\/Seiten.webp\" class=\"bookPageInfoIcon\" title=\"Seiten\" \/>8\n        <\/div>\n\t\t<div class=\"bookPageInfoRow\">\n            <img decoding=\"async\" src=\"https:\/\/renebote.de\/wp-content\/uploads\/2024\/02\/ISBN.webp\" class=\"bookPageInfoIcon\" title=\"ISBN\" \/>978-3746079059 \n        <\/div>\n\t\t<div class=\"bookPageInfoRow\">\n            <img decoding=\"async\" src=\"https:\/\/renebote.de\/wp-content\/uploads\/2024\/02\/Verlag.webp\" class=\"bookPageInfoIcon\" title=\"Ver\u00f6ffentlicht bei\" \/>Books on Demand\n        <\/div>\n    <\/div>\n<\/div>\n<div class=\"justifyText marginTop\">\n\t<p>Marthas angeb&shy;licher Wechsel schl\u00e4gt hohe Wellen und bringt eine Menge Unfrie&shy;den f\u00fcr Sophie und ihre Freun&shy;dinnen von der Ball&shy;freunde-M\u00e4dchen&shy;mann&shy;schaft. Aber ein Ger\u00fccht wird nicht wahrer, wenn man es st\u00e4ndig wieder&shy;holt &#8230;\n<\/p>\n<p>\n<\/p>\n<p><i>11 stellen sich neu auf: Martha auf dem Sprung?<\/i> ist eine Erg\u00e4n&shy;zung zum vierten Band der Reihe um Sophie und ihre Freun&shy;dinnen von der Ball&shy;freunde-M\u00e4dchen&shy;mann&shy;schaft. Die Ge&shy;schichte erz\u00e4hlt, warum der FC Martha schon so gut wie gekauft haben will, und warum Martha sich nicht kaufen l\u00e4sst.<\/p>\n<\/div>\n<div class=\"fullWidthRow marginTop\">\n\t<b>Gratis-E-Book<\/b>\n<\/div>\n<div class=\"fullWidthRow noBlockStartMargin\">\n\t<div style=\"width: 30%\";>\n\t\t<a href=\"https:\/\/books.apple.com\/de\/book\/11-stellen-sich-neu-auf\/id1341703143\">\n\t\t\t<img decoding=\"async\" src=\"https:\/\/renebote.de\/wp-content\/uploads\/2024\/02\/Shop-Icon-iBooks.webp\" style=\"width: 100%; cursor: pointer;\" title=\"Link zum iBooks-Shop (Apple)\"\/>\n\t\t<\/a>\n\t<\/div>\t<div style=\"width: 30%\";>\n\t\t<a href=\"https:\/\/www.bod.de\/buchshop\/11-stellen-sich-neu-auf-rene-bote-9783746079059\">\n\t\t\t<img decoding=\"async\" src=\"https:\/\/renebote.de\/wp-content\/uploads\/2024\/02\/Shop-Icon-BoD.webp\" style=\"width: 100%; cursor: pointer;\" title=\"Link zum Shop von BoD\"\/>\n\t\t<\/a>\n\t<\/div>\n<\/div>\n<\/div>\n\n\n\n<div class=\"wp-block-column is-layout-flow wp-block-column-is-layout-flow\">\n<dialog id=\"imgFullSiobhan\" class=\"coverFullsizeDialog\" style=\"display: none;\" onclick=\"hideEbookFull('imgFullSiobhan');\" >\n\t<img decoding=\"async\" id=\"coverFullsizeSiobhan\" src=\"\" alt=\"Cover des Buchs 11 stellen sich neu auf - Siobh\u00e1ns Fehlschuss\" \/>\n<\/dialog>\n\n<img decoding=\"async\" id=\"coverPreviewSiobhan\" class=\"coverPreviewBook\" src=\"https:\/\/renebote.de\/wp-content\/uploads\/2024\/02\/Cover-11-stellen-sich-neu-auf-Siobhans-Fehlschuss.webp\" onclick=\"showEbookFull('coverPreviewSiobhan', 'coverFullsizeSiobhan', 'imgFullSiobhan');\" alt=\"Cover des Buchs 11 stellen sich neu auf - Siobh\u00e1ns Fehlschuss\" \/>\n<div class=\"bookPageGeneralInfoContainer\">\n    <div class=\"bookPageEditionsContainer\">\n\t\t\t\t<img decoding=\"async\" src=\"https:\/\/renebote.de\/wp-content\/uploads\/2024\/02\/Ebook.webp\" style=\"width: 100%;\" title=\"Erh\u00e4ltlich als E-Book\" \/>\n    <\/div>\n    <div class=\"bookPageInfoRowsContainer\">\n\t\t<div class=\"bookPageInfoRow\">\n            <img decoding=\"async\" src=\"https:\/\/renebote.de\/wp-content\/uploads\/2024\/02\/Erscheinungstermin.webp\" class=\"bookPageInfoIcon\" title=\"Erscheinungsdatum\" \/>29. Januar 2018\n        <\/div>\n\t\t<div class=\"bookPageInfoRow\">\n            <img decoding=\"async\" src=\"https:\/\/renebote.de\/wp-content\/uploads\/2024\/02\/Seiten.webp\" class=\"bookPageInfoIcon\" title=\"Seiten\" \/>14\n        <\/div>\n\t\t<div class=\"bookPageInfoRow\">\n            <img decoding=\"async\" src=\"https:\/\/renebote.de\/wp-content\/uploads\/2024\/02\/ISBN.webp\" class=\"bookPageInfoIcon\" title=\"ISBN\" \/>978-3746017228 \n        <\/div>\n\t\t<div class=\"bookPageInfoRow\">\n            <img decoding=\"async\" src=\"https:\/\/renebote.de\/wp-content\/uploads\/2024\/02\/Verlag.webp\" class=\"bookPageInfoIcon\" title=\"Ver\u00f6ffentlicht bei\" \/>Books on Demand\n        <\/div>\n    <\/div>\n<\/div>\n<div class=\"justifyText marginTop\">\n\t<p>Eine neue Stadt in einem neuen Land. Siobh\u00e1n hat es sich nicht ausge&shy;sucht, aber sie kann nat\u00fcr&shy;lich nicht allein in Wien zur\u00fcck&shy;bleiben. Ihr wichtig&shy;ster Punkt auf der ToDo-Liste: einen neuen Fu\u00dfball&shy;verein finden.\n<\/p>\n<p>\n<\/p>\n<p><i>11 stellen sich neu auf: Siobh\u00e1ns Fehl&shy;schuss<\/i> ist eine Erg\u00e4n&shy;zung zum vierten Band der Reihe um Sophie und ihre Freun&shy;dinnen von der Ball&shy;freunde-M\u00e4dchen&shy;mann&shy;schaft. Die Ge&shy;schichte erz\u00e4hlt, warum Siobh\u00e1n sich in einem Sommer zweimal einen neuen Verein suchen muss, und warum eine Nieder&shy;lage ein Gl\u00fccks&shy;fall sein kann.<\/p>\n\n<\/div>\n<div class=\"fullWidthRow marginTop\">\n\t<b>Gratis-E-Book<\/b>\n<\/div>\n<div class=\"fullWidthRow noBlockStartMargin\">\n\t<div style=\"width: 30%\";>\n\t\t<a href=\"https:\/\/books.apple.com\/de\/book\/11-stellen-sich-neu-auf\/id1341758497\">\n\t\t\t<img decoding=\"async\" src=\"https:\/\/renebote.de\/wp-content\/uploads\/2024\/02\/Shop-Icon-iBooks.webp\" style=\"width: 100%; cursor: pointer;\" title=\"Link zum iBooks-Shop (Apple)\"\/>\n\t\t<\/a>\n\t<\/div>\t<div style=\"width: 30%\";>\n\t\t<a href=\"https:\/\/www.bod.de\/buchshop\/11-stellen-sich-neu-auf-rene-bote-9783746017228\">\n\t\t\t<img decoding=\"async\" src=\"https:\/\/renebote.de\/wp-content\/uploads\/2024\/02\/Shop-Icon-BoD.webp\" style=\"width: 100%; cursor: pointer;\" title=\"Link zum Shop von BoD\"\/>\n\t\t<\/a>\n\t<\/div>\n<\/div>\n<\/div>\n<\/div>\n","protected":false},"excerpt":{"rendered":"<p>Zum vierten Band der Reihe um Sophie und ihre Kameradinnen von den Ballfreunde-M\u00e4dchen sind insgesamt drei kurze Geschichten entstanden, in denen andere Beteiligte ihren Teil an den Ereignissen schildern. Alle drei sind im Vorfeld der Ver\u00f6ffentlichung von 11 stellen sich neu auf als kostenlose E-Books erschienen. 29. Januar 2018 16 978-3746093154 Books on Demand Louisa [&hellip;]<\/p>\n","protected":false},"author":1,"featured_media":0,"parent":0,"menu_order":0,"comment_status":"closed","ping_status":"closed","template":"","meta":{"footnotes":""},"class_list":["post-1091","page","type-page","status-publish","hentry"],"_links":{"self":[{"href":"https:\/\/renebote.de\/index.php?rest_route=\/wp\/v2\/pages\/1091","targetHints":{"allow":["GET"]}}],"collection":[{"href":"https:\/\/renebote.de\/index.php?rest_route=\/wp\/v2\/pages"}],"about":[{"href":"https:\/\/renebote.de\/index.php?rest_route=\/wp\/v2\/types\/page"}],"author":[{"embeddable":true,"href":"https:\/\/renebote.de\/index.php?rest_route=\/wp\/v2\/users\/1"}],"replies":[{"embeddable":true,"href":"https:\/\/renebote.de\/index.php?rest_route=%2Fwp%2Fv2%2Fcomments&post=1091"}],"version-history":[{"count":10,"href":"https:\/\/renebote.de\/index.php?rest_route=\/wp\/v2\/pages\/1091\/revisions"}],"predecessor-version":[{"id":1111,"href":"https:\/\/renebote.de\/index.php?rest_route=\/wp\/v2\/pages\/1091\/revisions\/1111"}],"wp:attachment":[{"href":"https:\/\/renebote.de\/index.php?rest_route=%2Fwp%2Fv2%2Fmedia&parent=1091"}],"curies":[{"name":"wp","href":"https:\/\/api.w.org\/{rel}","templated":true}]}}