{"id":1085,"date":"2024-03-24T18:21:07","date_gmt":"2024-03-24T17:21:07","guid":{"rendered":"https:\/\/renebote.de\/?page_id=1085"},"modified":"2024-04-07T14:54:57","modified_gmt":"2024-04-07T13:54:57","slug":"tim-und-emma-serienseite","status":"publish","type":"page","link":"https:\/\/renebote.de\/?page_id=1085","title":{"rendered":"Tim und Emma &#8211; Serienseite"},"content":{"rendered":"\n<h4 class=\"wp-block-heading\">Tim und Emma<\/h4>\n\n\n\n<style type=\"text\/css\">\n\t\n\t.bookSeriesSeriesContainer {\n\t\twidth: 100%;\n\t\tdisplay: flex;\n\t\tflex-direction: row;\n\t}\n\t\n\t.bookSeriesImgContainer {\n\t\twidth: 33%;\n\t}\n\t\n\t.bookSeriesImg {\n\t\twidth: 95%;\n\t\tcursor: pointer;\n\t\tmargin-right: 5%;\n\t}\n\t\n\t.bookSeriesTextContainer {\n\t\twidth: 66%;\n\t\tdisplay: flex;\n\t\tflex-direction: column;\n\t\tjustify-content: top;\n\t}\n\t\n\t.bookSeriesHeader {\n\t\tmargin-top: -5px;\n\t\tmargin-bottom: -8px;\n\t\tfont-weight: bold;\n\t\tfont-size: 1.2em;\n\t}\n\n<\/style>\n\n<div class=\"bookSeriesSeriesContainer\">\n\t\n\t\t<div class=\"bookSeriesImgContainer\">\n\t\t\t\n\t\t<img decoding=\"async\" src=\"https:\/\/renebote.de\/wp-content\/uploads\/2024\/03\/Serienlogo-Tim-und-Emma.webp\" class=\"bookSeriesImg\" \/>\n\t\t\t\n\t\t<\/div>\n\t\t\n\t\t<div class=\"bookSeriesTextContainer\">\n\t\t\n\t\t\t<p class=\"bookSeriesHeader\">\n\t\t\t\tTim und Emma\n\t\t\t<\/p>\n\t\t\t\n\t\t\t<p class=\"justifyText\">\n\t\t\t\t<i>Tim und Emma<\/i> ist eine Serie von Detektivgeschichten, die aktuell zwei B\u00e4nde umfasst. Tim und Emma sind zwei elfj\u00e4hrige Kinder, die sich schon lange kennen und gut miteinander\n                befreundet sind. Eigentlich haben sie gar keine Lust, Detektiv zu spielen, aber wenn sonst keiner in der Lage ist, die F\u00e4lle zu kl\u00e4ren, dann m\u00fcssen sie eben selbst aktiv werden.\n\t\t\t<\/p>\n\t\t\n\t\t<\/div>\n\t\n\t<\/div>\n\n\n\n<h5 class=\"wp-block-heading\">B\u00fccher<\/h5>\n\n\n\n<div style=\"width: 100%; display: flex; flex-direction: row; justify-content: center;\">\n\t<div class=\"imageSide imageSideWidth\">\n\t\t<div style=\"width: 100%; display: flex; flex-direction: row; justify-content: left;\">\n\t\t\t<img decoding=\"async\" src=\"https:\/\/renebote.de\/wp-content\/uploads\/2024\/04\/IconRueckwaerts.png\" style=\"width: 30px; margin-right: 3px; cursor: pointer;\" onclick=\"LoadImage(true);\" \/>\n\t\t<\/div>\n\t<\/div>\n\t<img decoding=\"async\" id=\"image\" class=\"coverImage coverImageCursor\" src=\"\" onclick=\"GoToBook();\">\n\t<div class=\"imageSide imageSideWidth\">\n\t\t<div style=\"width: 100%; display: flex; flex-direction: row; justify-content: right;\">\n\t\t\t<img decoding=\"async\" src=\"http:\/\/renebote.de\/wp-content\/uploads\/2024\/04\/IconVorwaerts.png\" style=\"width: 30px; margin-left: 3px; cursor: pointer;\" onclick=\"LoadImage(false);\" \/>\n\t\t<\/div>\n\t<\/div>\n<\/div>\n\n<div style=\"width: 100%; display: flex; flex-direction: row; justify-content: center;\">\n\t<div style=\"width: 100%\">\n\t\t<p id=\"info\" style=\"text-align: center;\"><\/p>\n\t\t<hr \/>\n\t\t<p id=\"klappentext\" style=\"text-align: justify;\"><\/p>\n\t<\/div>\n<\/div>\n\t\n<script type=\"text\/javascript\">\n\n\tvar imgIndex = 0;\n\tvar imgSrc = [\n\t\t\"https:\/\/renebote.de\/wp-content\/uploads\/2024\/02\/Cover-Tim-und-Emma-jagen-den-Hundehasser.webp\",\n\t\t\"https:\/\/renebote.de\/wp-content\/uploads\/2024\/02\/Cover-Tim-und-Emma-retten-den-Schrebergarten.webp\"\n\t];\n\t\n\tvar link = [\n\t\t\"https:\/\/renebote.de\/?page_id=764\",\n\t\t\"https:\/\/renebote.de\/?page_id=859\"\n\t];\n\t\n\tvar bookInfo = [\n\t\t\"Tim und Emma jagen den Hundehasser<br \/>E-Book, 24 Seiten<br \/>ISBN 978-3744817721\",\n\t\t\"Tim und Emma retten den Schrebergarten<br \/>E-Book, 85 Seiten<br \/>ISBN 978-3751997027\"\n\t];\n\t\n\tvar blurb = [\n\t\t\"Im letzten Moment kann Tim verhindern, dass die H&uuml;ndin des alten Herrn von Bowel einen gef&auml;hrlichen K&ouml;der frisst. Aber wer ist so gemein, solche K&ouml;der auszulegen? Gemeinsam mit seiner Kameradin Emma geht Tim auf eine gef&auml;hrliche Mission ...\",\n\t\t\"Emma ist au&szlig;er sich vor Freude&#58; Endlich konnten ihre Eltern einen Garten pachten! Doch die Freude wird bald getr&uuml;bt, denn immer wieder wird der Garten sabotiert. Zusammen mit ihrem besten Freund Tim geht Emma der Sache nach, und sie haben auch schnell einen Verdacht, wer hinter dem &Auml;rger stecken k&ouml;nnte. Doch der Verdacht reicht nicht, damit die Polizei etwas unternehmen kann, und als Tim und Emma Beweise sammeln wollen, geraten sie in gro&szlig;e Gefahr.\"\n\t];\n\t\n\tvar prev_handler = window.onload;\n\twindow.onload = function () {\n\t\tif(prev_handler) {\n\t\t\tprev_handler();\n\t\t}\n\t\tdocument.getElementById('image').src = imgSrc[imgIndex];\n\t\tdocument.getElementById('info').innerHTML = bookInfo[imgIndex];\n\t\tdocument.getElementById('klappentext').innerHTML = blurb[imgIndex];\n\t};\n\t\n\tfunction LoadImage(backwards = false) {\n\t\tif(backwards) {\n\t\t\timgIndex = imgIndex > 0 ? imgIndex - 1 : imgSrc.length - 1;\n\t\t} else {\n\t\t\timgIndex = imgIndex < (imgSrc.length - 1) ? imgIndex + 1 : 0;\n\t\t}\n\t\tdocument.getElementById('image').src = imgSrc[imgIndex];\n\t\tdocument.getElementById('info').innerHTML = bookInfo[imgIndex];\n\t\tdocument.getElementById('klappentext').innerHTML = blurb[imgIndex];\n\t}\n\t\n\tfunction GoToBook() {\n\t\twindow.location.href = link[imgIndex];\n\t}\n\n<\/script>\n\t\n<style type=\"text\/css\">\n\n\t.coverImage {\n\t\twidth: 40%;\n\t}\n\t\n\t.coverImageCursor {\n\t\tcursor: pointer;\n\t}\n\t\n\t.imageSide {\n\t\tdisplay: flex;\n\t\tflex-direction: column;\n\t\tjustify-content: center;\n\t}\n\t\n\t.imageSideWidth {\n\t\twidth: 30%;\n\t}\n\t\n\t@media only screen and (max-width: 600px) {\n\t\t.coverImage {\n\t\t\twidth: calc(100% - 70px);\n\t\t}\n\t\t\n\t\t.imageSideWidth {\n\t\t\twidth: 35px;\n\t\t}\n\t}\n\n<\/style>\n","protected":false},"excerpt":{"rendered":"<p>Tim und Emma Tim und Emma Tim und Emma ist eine Serie von Detektivgeschichten, die aktuell zwei B\u00e4nde umfasst. Tim und Emma sind zwei elfj\u00e4hrige Kinder, die sich schon lange kennen und gut miteinander befreundet sind. Eigentlich haben sie gar keine Lust, Detektiv zu spielen, aber wenn sonst keiner in der Lage ist, die F\u00e4lle [&hellip;]<\/p>\n","protected":false},"author":1,"featured_media":0,"parent":0,"menu_order":0,"comment_status":"closed","ping_status":"closed","template":"","meta":{"footnotes":""},"class_list":["post-1085","page","type-page","status-publish","hentry"],"_links":{"self":[{"href":"https:\/\/renebote.de\/index.php?rest_route=\/wp\/v2\/pages\/1085","targetHints":{"allow":["GET"]}}],"collection":[{"href":"https:\/\/renebote.de\/index.php?rest_route=\/wp\/v2\/pages"}],"about":[{"href":"https:\/\/renebote.de\/index.php?rest_route=\/wp\/v2\/types\/page"}],"author":[{"embeddable":true,"href":"https:\/\/renebote.de\/index.php?rest_route=\/wp\/v2\/users\/1"}],"replies":[{"embeddable":true,"href":"https:\/\/renebote.de\/index.php?rest_route=%2Fwp%2Fv2%2Fcomments&post=1085"}],"version-history":[{"count":4,"href":"https:\/\/renebote.de\/index.php?rest_route=\/wp\/v2\/pages\/1085\/revisions"}],"predecessor-version":[{"id":1204,"href":"https:\/\/renebote.de\/index.php?rest_route=\/wp\/v2\/pages\/1085\/revisions\/1204"}],"wp:attachment":[{"href":"https:\/\/renebote.de\/index.php?rest_route=%2Fwp%2Fv2%2Fmedia&parent=1085"}],"curies":[{"name":"wp","href":"https:\/\/api.w.org\/{rel}","templated":true}]}}