{"id":1012,"date":"2024-03-22T17:49:02","date_gmt":"2024-03-22T16:49:02","guid":{"rendered":"https:\/\/renebote.de\/?page_id=1012"},"modified":"2024-04-07T14:13:12","modified_gmt":"2024-04-07T13:13:12","slug":"freundschaft-aus-der-kueche-serienseite","status":"publish","type":"page","link":"https:\/\/renebote.de\/?page_id=1012","title":{"rendered":"Freundschaft aus der K\u00fcche &#8211; Serienseite"},"content":{"rendered":"\n<style type=\"text\/css\">\n\t\n\t.bookSeriesSeriesContainer {\n\t\twidth: 100%;\n\t\tdisplay: flex;\n\t\tflex-direction: row;\n\t}\n\t\n\t.bookSeriesImgContainer {\n\t\twidth: 33%;\n\t}\n\t\n\t.bookSeriesImg {\n\t\twidth: 95%;\n\t\tcursor: pointer;\n\t\tmargin-right: 5%;\n\t}\n\t\n\t.bookSeriesTextContainer {\n\t\twidth: 66%;\n\t\tdisplay: flex;\n\t\tflex-direction: column;\n\t\tjustify-content: top;\n\t}\n\t\n\t.bookSeriesHeader {\n\t\tmargin-top: -5px;\n\t\tmargin-bottom: -8px;\n\t\tfont-weight: bold;\n\t\tfont-size: 1.2em;\n\t}\n\n<\/style>\n\n<div class=\"bookSeriesSeriesContainer\">\n\t\n\t\t<div class=\"bookSeriesImgContainer\">\n\t\t\t\n\t\t<img decoding=\"async\" src=\"https:\/\/renebote.de\/wp-content\/uploads\/2024\/03\/Serienlogo-Freundschaft-aus-der-Kueche.webp\" class=\"bookSeriesImg\" \/>\n\t\t\t\n\t\t<\/div>\n\t\t\n\t\t<div class=\"bookSeriesTextContainer\">\n\t\t\n\t\t\t<p class=\"bookSeriesHeader\">\n\t\t\t\tFreundschaft aus der K\u00fcche\n\t\t\t<\/p>\n\t\t\t\n\t\t\t<p class=\"justifyText\">\n\t\t\t\t<i>Freundschaft aus der K\u00fcche<\/i> erz\u00e4hlt in drei B\u00e4nden die Geschichte der zw\u00f6lfj\u00e4hrigen Pauline, die aus Hamburg ins Ruhrgebiet zieht. Ihre alleinerziehende Mutter hat nicht viel\n                Geld; Pauline f\u00fchlt sich nicht arm, es fehlt ihr an nichts, aber sie hat das Pech, in der neuen Klasse direkt an die tonangebende M\u00e4dchenclique um Anna zu geraten, in deren Augen\n                jemand, der sich die angesagten Marken nicht leisten kann, sofort durchgefallen ist. Erst als bei ihrem Klassenkameraden Robin der Magen die Oberhand beh\u00e4lt, findet sie den ersten\n                Freund.\n\t\t\t<\/p>\n\t\t\n\t\t<\/div>\n\t\n\t<\/div>\n\n\n\n<h5 class=\"wp-block-heading\">B\u00fccher<\/h5>\n\n\n\n<div style=\"width: 100%; display: flex; flex-direction: row; justify-content: center;\">\n\t<div class=\"imageSide imageSideWidth\">\n\t\t<div style=\"width: 100%; display: flex; flex-direction: row; justify-content: left;\">\n\t\t\t<img decoding=\"async\" src=\"https:\/\/renebote.de\/wp-content\/uploads\/2024\/04\/IconRueckwaerts.png\" style=\"width: 30px; margin-right: 3px; cursor: pointer;\" onclick=\"LoadImage(true);\" \/>\n\t\t<\/div>\n\t<\/div>\n\t<img decoding=\"async\" id=\"image\" class=\"coverImage coverImageCursor\" src=\"\" onclick=\"GoToBook();\">\n\t<div class=\"imageSide imageSideWidth\">\n\t\t<div style=\"width: 100%; display: flex; flex-direction: row; justify-content: right;\">\n\t\t\t<img decoding=\"async\" src=\"http:\/\/renebote.de\/wp-content\/uploads\/2024\/04\/IconVorwaerts.png\" style=\"width: 30px; margin-left: 3px; cursor: pointer;\" onclick=\"LoadImage(false);\" \/>\n\t\t<\/div>\n\t<\/div>\n<\/div>\n\n<div style=\"width: 100%; display: flex; flex-direction: row; justify-content: center;\">\n\t<div style=\"width: 100%\">\n\t\t<p id=\"info\" style=\"text-align: center;\"><\/p>\n\t\t<hr \/>\n\t\t<p id=\"klappentext\" style=\"text-align: justify;\"><\/p>\n\t<\/div>\n<\/div>\n\t\n<script type=\"text\/javascript\">\n\n\tvar imgIndex = 0;\n\tvar imgSrc = [\n\t\t\"https:\/\/renebote.de\/wp-content\/uploads\/2024\/02\/Cover-Freundschaft-aus-der-Kueche.webp\",\n\t\t\"https:\/\/renebote.de\/wp-content\/uploads\/2024\/02\/Cover-Freundschaft-aus-der-Kueche-Eine-neue-Dimension.webp\",\n\t\t\"https:\/\/renebote.de\/wp-content\/uploads\/2024\/02\/Cover-Freundschaft-aus-der-Kueche-Grillfehde.webp\"\n\t];\n\t\n\tvar link = [\n\t\t\"https:\/\/renebote.de\/?page_id=694\",\n\t\t\"https:\/\/renebote.de\/?page_id=759\",\n\t\t\"https:\/\/renebote.de\/?page_id=439\"\n\t];\n\t\n\tvar bookInfo = [\n\t\t\"Freundschaft aus der K\u00fcche<br \/>E-Book, 21 Seiten<br \/>ISBN 978-3734798306\",\n\t\t\"Freundschaft aus der K\u00fcche &ndash; eine neue Dimension<br \/>E-Book, 34 Seiten<br \/>ISBN 978-3744848824\",\n\t\t\"Freundschaft aus der K\u00fcche &ndash; Grillfehde<br \/>E-Book, 41 Seiten<br \/>ISBN 978-3755733751\"\n\t];\n\t\n\tvar blurb = [\n\t\t\"Es ist nicht leicht, in einer neuen Klasse in einer neuen Stadt Fu&szlig; zu fassen, aber besonders schwer wird es, wenn die Wortf&uuml;hrer in der Klasse sofort einen Stempel setzen. Pauline bekommt gleich am ersten Tag das Etikett &quot;arm&quot; angeheftet und ist damit untendurch, obwohl sie niemandem etwas getan hat. Doch Freundschaft geht bekannterma&szlig;en durch den Magen, und in der K&uuml;che macht Pauline so schnell niemand was vor ...\",\n\t\t\"Pauline ist endlich in der neuen Stadt heimisch geworden und hat Freunde gefunden. Der beste Freund von allen aber bleibt Robin, und die Freundschaft beschr&auml;nkt sich l&auml;ngst nicht mehr auf gemeinsames Kochen und Backen. Doch wie sehr sich diese K&uuml;chengemeinschaft wirklich schon verselbst&auml;ndigt hat, merkt Pauline erst, als eine Bitte von Robins Eltern eine v&ouml;llig neue Dimension er&ouml;ffnet.\",\n\t\t\"Kurz nach den Sommerferien trifft die Siebte sich zum gemeinsamen Grillabend. Der Platz ist perfekt, und jeder tr&auml;gt etwas zu einem richtig bunten Buffet bei. Doch Anna hat l&auml;ngst noch nicht verwunden, dass ihr Urteil, wer dazugeh&ouml;ren darf, nicht mehr befolgt wird, seit Pauline da ist. Ihr Neid droht allen die Laune zu verderben &ndash; nur gut, dass Pauline immer noch ein Rezept in der Hinterhand hat!\"\n\t];\n\t\n\tvar prev_handler = window.onload;\n\twindow.onload = function () {\n\t\tif(prev_handler) {\n\t\t\tprev_handler();\n\t\t}\n\t\tdocument.getElementById('image').src = imgSrc[imgIndex];\n\t\tdocument.getElementById('info').innerHTML = bookInfo[imgIndex];\n\t\tdocument.getElementById('klappentext').innerHTML = blurb[imgIndex];\n                document.getElementById('xImage').src = xImgSrc[xImgIndex];\n\t\tdocument.getElementById('xInfo').innerHTML = xInfo[xImgIndex];\n\t};\n\t\n\tfunction LoadImage(backwards = false) {\n\t\tif(backwards) {\n\t\t\timgIndex = imgIndex > 0 ? imgIndex - 1 : imgSrc.length - 1;\n\t\t} else {\n\t\t\timgIndex = imgIndex < (imgSrc.length - 1) ? imgIndex + 1 : 0;\n\t\t}\n\t\tdocument.getElementById('image').src = imgSrc[imgIndex];\n\t\tdocument.getElementById('info').innerHTML = bookInfo[imgIndex];\n\t\tdocument.getElementById('klappentext').innerHTML = blurb[imgIndex];\n\t}\n\t\n\tfunction GoToBook() {\n\t\twindow.location.href = link[imgIndex];\n\t}\n\n<\/script>\n\t\n<style type=\"text\/css\">\n\n\t.coverImage {\n\t\twidth: 40%;\n\t}\n\t\n\t.coverImageCursor {\n\t\tcursor: pointer;\n\t}\n\t\n\t.imageSide {\n\t\tdisplay: flex;\n\t\tflex-direction: column;\n\t\tjustify-content: center;\n\t}\n\t\n\t.imageSideWidth {\n\t\twidth: 30%;\n\t}\n\t\n\t@media only screen and (max-width: 600px) {\n\t\t.coverImage {\n\t\t\twidth: calc(100% - 70px);\n\t\t}\n\t\t\n\t\t.imageSideWidth {\n\t\t\twidth: 35px;\n\t\t}\n\t}\n\n<\/style>\n\n\n\n<h5 class=\"wp-block-heading\">Kurzgeschichten<\/h5>\n\n\n\n<div style=\"width: 100%; display: flex; flex-direction: row; justify-content: center;\">\n\t<div class=\"imageSide imageSideWidth\">\n\t\t<div style=\"width: 100%; display: flex; flex-direction: row; justify-content: left;\">\n\t\t\t<img decoding=\"async\" src=\"https:\/\/renebote.de\/wp-content\/uploads\/2024\/04\/IconRueckwaerts.png\" style=\"width: 30px; margin-right: 3px; cursor: pointer;\" onclick=\"XLoadImage(true);\" \/>\n\t\t<\/div>\n\t<\/div>\n\t<img decoding=\"async\" id=\"xImage\" class=\"coverImage coverImageCursor\" src=\"\" onclick=\"XGoToBook();\">\n\t<div class=\"imageSide imageSideWidth\">\n\t\t<div style=\"width: 100%; display: flex; flex-direction: row; justify-content: right;\">\n\t\t\t<img decoding=\"async\" src=\"http:\/\/renebote.de\/wp-content\/uploads\/2024\/04\/IconVorwaerts.png\" style=\"width: 30px; margin-left: 3px; cursor: pointer;\" onclick=\"XLoadImage(false);\" \/>\n\t\t<\/div>\n\t<\/div>\n<\/div>\n\t\t\n<div style=\"width: 100%; display: flex; flex-direction: row; justify-content: center;\">\n\t<div style=\"width: 100%\">\n\t\t<p id=\"xInfo\" style=\"text-align: center;\"><\/p>\n\t<\/div>\t\t\t\n<\/div>\n\t\t\n<script type=\"text\/javascript\">\n\n\tvar xImgIndex = 0;\n\tvar xImgSrc = [\n\t\t\"https:\/\/renebote.de\/wp-content\/uploads\/2024\/01\/Cover-Freundschaft-aus-der-Kueche-Weihnachtsmarkt-daheim.webp\",\n\t\t\"https:\/\/renebote.de\/wp-content\/uploads\/2024\/01\/Cover-Freundschaft-aus-der-Kueche-Saft-weg.webp\"\n\t];\n\t\n\tvar xLink = [\n\t\t\"https:\/\/renebote.de\/?page_id=287\",\n\t\t\"https:\/\/renebote.de\/?page_id=223\"\n\t];\n\t\n\tvar xInfo = [\n\t\t\"Freundschaft aus der K\u00fcche - Weihnachtsmarkt daheim\",\n\t\t\"Freundschaft aus der K\u00fcche - Saft weg!\"\n\t];\n\t\n\tfunction XLoadImage(backwards = false) {\n\t\tif(backwards) {\n\t\t\txImgIndex = xImgIndex > 0 ? xImgIndex - 1 : xImgSrc.length - 1;\n\t\t} else {\n\t\t\txImgIndex = xImgIndex < (xImgSrc.length - 1) ? xImgIndex + 1 : 0;\n\t\t}\n\t\tdocument.getElementById('xImage').src = xImgSrc[xImgIndex];\n\t\tdocument.getElementById('xInfo').innerHTML = xInfo[xImgIndex];\n\t}\n\t\n\tfunction XGoToBook() {\n\t\tif(link[xImgIndex] != \"\") {\n\t\t\twindow.location.href = xLink[xImgIndex];\n\t\t}\n\t}\n\n<\/script>\n\n\n\n<h5 class=\"wp-block-heading\">Spiel<\/h5>\n\n\n\n<p style=\"text-align: center;\">\nZu dieser Serien gibt es ein kleines Spiel nach dem Prinzip des \"Galgenm\u00e4nnchens\".<br \/>\n                <a href=\"https:\/\/renebote.de\/?page_id=1195\">Zum Spiel<\/a>\n<\/p>\n","protected":false},"excerpt":{"rendered":"<p>Freundschaft aus der K\u00fcche Freundschaft aus der K\u00fcche erz\u00e4hlt in drei B\u00e4nden die Geschichte der zw\u00f6lfj\u00e4hrigen Pauline, die aus Hamburg ins Ruhrgebiet zieht. Ihre alleinerziehende Mutter hat nicht viel Geld; Pauline f\u00fchlt sich nicht arm, es fehlt ihr an nichts, aber sie hat das Pech, in der neuen Klasse direkt an die tonangebende M\u00e4dchenclique um [&hellip;]<\/p>\n","protected":false},"author":1,"featured_media":0,"parent":0,"menu_order":0,"comment_status":"closed","ping_status":"closed","template":"","meta":{"footnotes":""},"class_list":["post-1012","page","type-page","status-publish","hentry"],"_links":{"self":[{"href":"https:\/\/renebote.de\/index.php?rest_route=\/wp\/v2\/pages\/1012","targetHints":{"allow":["GET"]}}],"collection":[{"href":"https:\/\/renebote.de\/index.php?rest_route=\/wp\/v2\/pages"}],"about":[{"href":"https:\/\/renebote.de\/index.php?rest_route=\/wp\/v2\/types\/page"}],"author":[{"embeddable":true,"href":"https:\/\/renebote.de\/index.php?rest_route=\/wp\/v2\/users\/1"}],"replies":[{"embeddable":true,"href":"https:\/\/renebote.de\/index.php?rest_route=%2Fwp%2Fv2%2Fcomments&post=1012"}],"version-history":[{"count":3,"href":"https:\/\/renebote.de\/index.php?rest_route=\/wp\/v2\/pages\/1012\/revisions"}],"predecessor-version":[{"id":1197,"href":"https:\/\/renebote.de\/index.php?rest_route=\/wp\/v2\/pages\/1012\/revisions\/1197"}],"wp:attachment":[{"href":"https:\/\/renebote.de\/index.php?rest_route=%2Fwp%2Fv2%2Fmedia&parent=1012"}],"curies":[{"name":"wp","href":"https:\/\/api.w.org\/{rel}","templated":true}]}}